
{"id":10077,"date":"2016-08-19T23:23:30","date_gmt":"2016-08-20T02:23:30","guid":{"rendered":"http:\/\/qa.ocupacao.itau.nuova2.com\/ocupacao\/chico-science\/dr-charles-zambohead\/"},"modified":"2020-11-06T14:40:11","modified_gmt":"2020-11-06T17:40:11","slug":"dr-charles-zambohead","status":"publish","type":"page","link":"https:\/\/ocupacao.icnetworks.org\/ocupacao\/chico-science\/dr-charles-zambohead\/","title":{"rendered":"Dr. Charles Zambohead"},"content":{"rendered":"","protected":false},"excerpt":{"rendered":"","protected":false},"author":1,"featured_media":10097,"parent":10064,"menu_order":1,"comment_status":"closed","ping_status":"closed","template":"","meta":{"footnotes":""},"class_list":["post-10077","page","type-page","status-publish","has-post-thumbnail","hentry","temas-cultura-popular","temas-infancia","areas-musica"],"yoast_head":"<!-- This site is optimized with the Yoast SEO plugin v27.3 - https:\/\/yoast.com\/product\/yoast-seo-wordpress\/ -->\n<title>Dr. Charles Zambohead - Ocupa\u00e7\u00e3o<\/title>\n<meta name=\"robots\" content=\"index, follow, max-snippet:-1, max-image-preview:large, max-video-preview:-1\" \/>\n<link rel=\"canonical\" href=\"https:\/\/ocupacao.icnetworks.org\/ocupacao\/chico-science\/dr-charles-zambohead\/\" \/>\n<meta property=\"og:locale\" content=\"pt_BR\" \/>\n<meta property=\"og:type\" content=\"article\" \/>\n<meta property=\"og:title\" content=\"Dr. Charles Zambohead - Ocupa\u00e7\u00e3o\" \/>\n<meta property=\"og:url\" content=\"https:\/\/ocupacao.icnetworks.org\/ocupacao\/chico-science\/dr-charles-zambohead\/\" \/>\n<meta property=\"og:site_name\" content=\"Ocupa\u00e7\u00e3o\" \/>\n<meta property=\"article:modified_time\" content=\"2020-11-06T17:40:11+00:00\" \/>\n<meta property=\"og:image\" content=\"https:\/\/ocupacao.icnetworks.org\/ocupacao\/wp-content\/uploads\/2012\/10\/zambohead_chicopaulosonalydupeixe_B.jpg\" \/>\n\t<meta property=\"og:image:width\" content=\"829\" \/>\n\t<meta property=\"og:image:height\" content=\"559\" \/>\n\t<meta property=\"og:image:type\" content=\"image\/jpeg\" \/>\n<meta name=\"twitter:card\" content=\"summary_large_image\" \/>\n<script type=\"application\/ld+json\" class=\"yoast-schema-graph\">{\"@context\":\"https:\\\/\\\/schema.org\",\"@graph\":[{\"@type\":\"WebPage\",\"@id\":\"https:\\\/\\\/ocupacao.icnetworks.org\\\/ocupacao\\\/chico-science\\\/dr-charles-zambohead\\\/\",\"url\":\"https:\\\/\\\/ocupacao.icnetworks.org\\\/ocupacao\\\/chico-science\\\/dr-charles-zambohead\\\/\",\"name\":\"Dr. Charles Zambohead - Ocupa\u00e7\u00e3o\",\"isPartOf\":{\"@id\":\"https:\\\/\\\/www.itaucultural.org.br\\\/ocupacao\\\/en\\\/#website\"},\"primaryImageOfPage\":{\"@id\":\"https:\\\/\\\/ocupacao.icnetworks.org\\\/ocupacao\\\/chico-science\\\/dr-charles-zambohead\\\/#primaryimage\"},\"image\":{\"@id\":\"https:\\\/\\\/ocupacao.icnetworks.org\\\/ocupacao\\\/chico-science\\\/dr-charles-zambohead\\\/#primaryimage\"},\"thumbnailUrl\":\"https:\\\/\\\/ocupacao.icnetworks.org\\\/ocupacao\\\/wp-content\\\/uploads\\\/2012\\\/10\\\/zambohead_chicopaulosonalydupeixe_B.jpg\",\"datePublished\":\"2016-08-20T02:23:30+00:00\",\"dateModified\":\"2020-11-06T17:40:11+00:00\",\"breadcrumb\":{\"@id\":\"https:\\\/\\\/ocupacao.icnetworks.org\\\/ocupacao\\\/chico-science\\\/dr-charles-zambohead\\\/#breadcrumb\"},\"inLanguage\":\"pt-BR\",\"potentialAction\":[{\"@type\":\"ReadAction\",\"target\":[\"https:\\\/\\\/ocupacao.icnetworks.org\\\/ocupacao\\\/chico-science\\\/dr-charles-zambohead\\\/\"]}]},{\"@type\":\"ImageObject\",\"inLanguage\":\"pt-BR\",\"@id\":\"https:\\\/\\\/ocupacao.icnetworks.org\\\/ocupacao\\\/chico-science\\\/dr-charles-zambohead\\\/#primaryimage\",\"url\":\"https:\\\/\\\/ocupacao.icnetworks.org\\\/ocupacao\\\/wp-content\\\/uploads\\\/2012\\\/10\\\/zambohead_chicopaulosonalydupeixe_B.jpg\",\"contentUrl\":\"https:\\\/\\\/ocupacao.icnetworks.org\\\/ocupacao\\\/wp-content\\\/uploads\\\/2012\\\/10\\\/zambohead_chicopaulosonalydupeixe_B.jpg\",\"width\":829,\"height\":559},{\"@type\":\"BreadcrumbList\",\"@id\":\"https:\\\/\\\/ocupacao.icnetworks.org\\\/ocupacao\\\/chico-science\\\/dr-charles-zambohead\\\/#breadcrumb\",\"itemListElement\":[{\"@type\":\"ListItem\",\"position\":1,\"name\":\"In\u00edcio\",\"item\":\"https:\\\/\\\/www.itaucultural.org.br\\\/ocupacao\\\/en\\\/\"},{\"@type\":\"ListItem\",\"position\":2,\"name\":\"Chico Science\",\"item\":\"https:\\\/\\\/ocupacao.icnetworks.org\\\/ocupacao\\\/chico-science\\\/\"},{\"@type\":\"ListItem\",\"position\":3,\"name\":\"Dr. Charles Zambohead\"}]},{\"@type\":\"WebSite\",\"@id\":\"https:\\\/\\\/www.itaucultural.org.br\\\/ocupacao\\\/en\\\/#website\",\"url\":\"https:\\\/\\\/www.itaucultural.org.br\\\/ocupacao\\\/en\\\/\",\"name\":\"Ocupa\u00e7\u00e3o\",\"description\":\"S\u00f3 mais um site WordPress\",\"potentialAction\":[{\"@type\":\"SearchAction\",\"target\":{\"@type\":\"EntryPoint\",\"urlTemplate\":\"https:\\\/\\\/www.itaucultural.org.br\\\/ocupacao\\\/en\\\/?s={search_term_string}\"},\"query-input\":{\"@type\":\"PropertyValueSpecification\",\"valueRequired\":true,\"valueName\":\"search_term_string\"}}],\"inLanguage\":\"pt-BR\"}]}<\/script>\n<!-- \/ Yoast SEO plugin. -->","yoast_head_json":{"title":"Dr. Charles Zambohead - Ocupa\u00e7\u00e3o","robots":{"index":"index","follow":"follow","max-snippet":"max-snippet:-1","max-image-preview":"max-image-preview:large","max-video-preview":"max-video-preview:-1"},"canonical":"https:\/\/ocupacao.icnetworks.org\/ocupacao\/chico-science\/dr-charles-zambohead\/","og_locale":"pt_BR","og_type":"article","og_title":"Dr. Charles Zambohead - Ocupa\u00e7\u00e3o","og_url":"https:\/\/ocupacao.icnetworks.org\/ocupacao\/chico-science\/dr-charles-zambohead\/","og_site_name":"Ocupa\u00e7\u00e3o","article_modified_time":"2020-11-06T17:40:11+00:00","og_image":[{"width":829,"height":559,"url":"https:\/\/ocupacao.icnetworks.org\/ocupacao\/wp-content\/uploads\/2012\/10\/zambohead_chicopaulosonalydupeixe_B.jpg","type":"image\/jpeg"}],"twitter_card":"summary_large_image","schema":{"@context":"https:\/\/schema.org","@graph":[{"@type":"WebPage","@id":"https:\/\/ocupacao.icnetworks.org\/ocupacao\/chico-science\/dr-charles-zambohead\/","url":"https:\/\/ocupacao.icnetworks.org\/ocupacao\/chico-science\/dr-charles-zambohead\/","name":"Dr. Charles Zambohead - Ocupa\u00e7\u00e3o","isPartOf":{"@id":"https:\/\/www.itaucultural.org.br\/ocupacao\/en\/#website"},"primaryImageOfPage":{"@id":"https:\/\/ocupacao.icnetworks.org\/ocupacao\/chico-science\/dr-charles-zambohead\/#primaryimage"},"image":{"@id":"https:\/\/ocupacao.icnetworks.org\/ocupacao\/chico-science\/dr-charles-zambohead\/#primaryimage"},"thumbnailUrl":"https:\/\/ocupacao.icnetworks.org\/ocupacao\/wp-content\/uploads\/2012\/10\/zambohead_chicopaulosonalydupeixe_B.jpg","datePublished":"2016-08-20T02:23:30+00:00","dateModified":"2020-11-06T17:40:11+00:00","breadcrumb":{"@id":"https:\/\/ocupacao.icnetworks.org\/ocupacao\/chico-science\/dr-charles-zambohead\/#breadcrumb"},"inLanguage":"pt-BR","potentialAction":[{"@type":"ReadAction","target":["https:\/\/ocupacao.icnetworks.org\/ocupacao\/chico-science\/dr-charles-zambohead\/"]}]},{"@type":"ImageObject","inLanguage":"pt-BR","@id":"https:\/\/ocupacao.icnetworks.org\/ocupacao\/chico-science\/dr-charles-zambohead\/#primaryimage","url":"https:\/\/ocupacao.icnetworks.org\/ocupacao\/wp-content\/uploads\/2012\/10\/zambohead_chicopaulosonalydupeixe_B.jpg","contentUrl":"https:\/\/ocupacao.icnetworks.org\/ocupacao\/wp-content\/uploads\/2012\/10\/zambohead_chicopaulosonalydupeixe_B.jpg","width":829,"height":559},{"@type":"BreadcrumbList","@id":"https:\/\/ocupacao.icnetworks.org\/ocupacao\/chico-science\/dr-charles-zambohead\/#breadcrumb","itemListElement":[{"@type":"ListItem","position":1,"name":"In\u00edcio","item":"https:\/\/www.itaucultural.org.br\/ocupacao\/en\/"},{"@type":"ListItem","position":2,"name":"Chico Science","item":"https:\/\/ocupacao.icnetworks.org\/ocupacao\/chico-science\/"},{"@type":"ListItem","position":3,"name":"Dr. Charles Zambohead"}]},{"@type":"WebSite","@id":"https:\/\/www.itaucultural.org.br\/ocupacao\/en\/#website","url":"https:\/\/www.itaucultural.org.br\/ocupacao\/en\/","name":"Ocupa\u00e7\u00e3o","description":"S\u00f3 mais um site WordPress","potentialAction":[{"@type":"SearchAction","target":{"@type":"EntryPoint","urlTemplate":"https:\/\/www.itaucultural.org.br\/ocupacao\/en\/?s={search_term_string}"},"query-input":{"@type":"PropertyValueSpecification","valueRequired":true,"valueName":"search_term_string"}}],"inLanguage":"pt-BR"}]}},"_links":{"self":[{"href":"https:\/\/ocupacao.icnetworks.org\/ocupacao\/wp-json\/wp\/v2\/pages\/10077","targetHints":{"allow":["GET"]}}],"collection":[{"href":"https:\/\/ocupacao.icnetworks.org\/ocupacao\/wp-json\/wp\/v2\/pages"}],"about":[{"href":"https:\/\/ocupacao.icnetworks.org\/ocupacao\/wp-json\/wp\/v2\/types\/page"}],"author":[{"embeddable":true,"href":"https:\/\/ocupacao.icnetworks.org\/ocupacao\/wp-json\/wp\/v2\/users\/1"}],"replies":[{"embeddable":true,"href":"https:\/\/ocupacao.icnetworks.org\/ocupacao\/wp-json\/wp\/v2\/comments?post=10077"}],"version-history":[{"count":2,"href":"https:\/\/ocupacao.icnetworks.org\/ocupacao\/wp-json\/wp\/v2\/pages\/10077\/revisions"}],"predecessor-version":[{"id":16002,"href":"https:\/\/ocupacao.icnetworks.org\/ocupacao\/wp-json\/wp\/v2\/pages\/10077\/revisions\/16002"}],"up":[{"embeddable":true,"href":"https:\/\/ocupacao.icnetworks.org\/ocupacao\/wp-json\/wp\/v2\/pages\/10064"}],"wp:featuredmedia":[{"embeddable":true,"href":"https:\/\/ocupacao.icnetworks.org\/ocupacao\/wp-json\/wp\/v2\/media\/10097"}],"wp:attachment":[{"href":"https:\/\/ocupacao.icnetworks.org\/ocupacao\/wp-json\/wp\/v2\/media?parent=10077"}],"curies":[{"name":"wp","href":"https:\/\/api.w.org\/{rel}","templated":true}]}}