
{"id":11459,"date":"2016-10-31T13:21:54","date_gmt":"2016-10-31T15:21:54","guid":{"rendered":"http:\/\/www.itaucultural.org.br\/ocupacao\/?page_id=11459"},"modified":"2021-12-09T23:12:19","modified_gmt":"2021-12-10T02:12:19","slug":"o-griot","status":"publish","type":"page","link":"https:\/\/ocupacao.icnetworks.org\/ocupacao\/abdias-nascimento\/o-griot\/","title":{"rendered":"O griot"},"content":{"rendered":"","protected":false},"excerpt":{"rendered":"","protected":false},"author":1,"featured_media":0,"parent":11434,"menu_order":1,"comment_status":"closed","ping_status":"closed","template":"","meta":{"footnotes":""},"class_list":["post-11459","page","type-page","status-publish","hentry","temas-infancia","temas-poesia","temas-questoes-raciais","areas-artes-visuais","areas-literatura","areas-pesquisa","areas-teatro"],"yoast_head":"<!-- This site is optimized with the Yoast SEO plugin v27.4 - https:\/\/yoast.com\/product\/yoast-seo-wordpress\/ -->\n<title>O griot - Ocupa\u00e7\u00e3o Abdias Nascimento<\/title>\n<meta name=\"description\" content=\"Abdias Nascimento \u00e9 um dos maiores griots que j\u00e1 tivemos no contexto das quest\u00f5es raciais. Seu legado \u00e9 vivo, mas sua luta ainda \u00e9 latente!\" \/>\n<meta name=\"robots\" content=\"index, follow, max-snippet:-1, max-image-preview:large, max-video-preview:-1\" \/>\n<link rel=\"canonical\" href=\"https:\/\/ocupacao.icnetworks.org\/ocupacao\/abdias-nascimento\/o-griot\/\" \/>\n<meta property=\"og:locale\" content=\"pt_BR\" \/>\n<meta property=\"og:type\" content=\"article\" \/>\n<meta property=\"og:title\" content=\"O griot - Ocupa\u00e7\u00e3o Abdias Nascimento\" \/>\n<meta property=\"og:description\" content=\"Abdias Nascimento \u00e9 um dos maiores griots que j\u00e1 tivemos no contexto das quest\u00f5es raciais. Seu legado \u00e9 vivo, mas sua luta ainda \u00e9 latente!\" \/>\n<meta property=\"og:url\" content=\"https:\/\/ocupacao.icnetworks.org\/ocupacao\/abdias-nascimento\/o-griot\/\" \/>\n<meta property=\"og:site_name\" content=\"Ocupa\u00e7\u00e3o\" \/>\n<meta property=\"article:modified_time\" content=\"2021-12-10T02:12:19+00:00\" \/>\n<meta name=\"twitter:card\" content=\"summary_large_image\" \/>\n<script type=\"application\/ld+json\" class=\"yoast-schema-graph\">{\"@context\":\"https:\\\/\\\/schema.org\",\"@graph\":[{\"@type\":\"WebPage\",\"@id\":\"https:\\\/\\\/ocupacao.icnetworks.org\\\/ocupacao\\\/abdias-nascimento\\\/o-griot\\\/\",\"url\":\"https:\\\/\\\/ocupacao.icnetworks.org\\\/ocupacao\\\/abdias-nascimento\\\/o-griot\\\/\",\"name\":\"O griot - Ocupa\u00e7\u00e3o Abdias Nascimento\",\"isPartOf\":{\"@id\":\"https:\\\/\\\/www.itaucultural.org.br\\\/ocupacao\\\/en\\\/#website\"},\"datePublished\":\"2016-10-31T15:21:54+00:00\",\"dateModified\":\"2021-12-10T02:12:19+00:00\",\"description\":\"Abdias Nascimento \u00e9 um dos maiores griots que j\u00e1 tivemos no contexto das quest\u00f5es raciais. Seu legado \u00e9 vivo, mas sua luta ainda \u00e9 latente!\",\"breadcrumb\":{\"@id\":\"https:\\\/\\\/ocupacao.icnetworks.org\\\/ocupacao\\\/abdias-nascimento\\\/o-griot\\\/#breadcrumb\"},\"inLanguage\":\"pt-BR\",\"potentialAction\":[{\"@type\":\"ReadAction\",\"target\":[\"https:\\\/\\\/ocupacao.icnetworks.org\\\/ocupacao\\\/abdias-nascimento\\\/o-griot\\\/\"]}]},{\"@type\":\"BreadcrumbList\",\"@id\":\"https:\\\/\\\/ocupacao.icnetworks.org\\\/ocupacao\\\/abdias-nascimento\\\/o-griot\\\/#breadcrumb\",\"itemListElement\":[{\"@type\":\"ListItem\",\"position\":1,\"name\":\"In\u00edcio\",\"item\":\"https:\\\/\\\/www.itaucultural.org.br\\\/ocupacao\\\/en\\\/\"},{\"@type\":\"ListItem\",\"position\":2,\"name\":\"Abdias Nascimento\",\"item\":\"https:\\\/\\\/ocupacao.icnetworks.org\\\/ocupacao\\\/abdias-nascimento\\\/\"},{\"@type\":\"ListItem\",\"position\":3,\"name\":\"O griot\"}]},{\"@type\":\"WebSite\",\"@id\":\"https:\\\/\\\/www.itaucultural.org.br\\\/ocupacao\\\/en\\\/#website\",\"url\":\"https:\\\/\\\/www.itaucultural.org.br\\\/ocupacao\\\/en\\\/\",\"name\":\"Ocupa\u00e7\u00e3o\",\"description\":\"S\u00f3 mais um site WordPress\",\"potentialAction\":[{\"@type\":\"SearchAction\",\"target\":{\"@type\":\"EntryPoint\",\"urlTemplate\":\"https:\\\/\\\/www.itaucultural.org.br\\\/ocupacao\\\/en\\\/?s={search_term_string}\"},\"query-input\":{\"@type\":\"PropertyValueSpecification\",\"valueRequired\":true,\"valueName\":\"search_term_string\"}}],\"inLanguage\":\"pt-BR\"}]}<\/script>\n<!-- \/ Yoast SEO plugin. -->","yoast_head_json":{"title":"O griot - Ocupa\u00e7\u00e3o Abdias Nascimento","description":"Abdias Nascimento \u00e9 um dos maiores griots que j\u00e1 tivemos no contexto das quest\u00f5es raciais. Seu legado \u00e9 vivo, mas sua luta ainda \u00e9 latente!","robots":{"index":"index","follow":"follow","max-snippet":"max-snippet:-1","max-image-preview":"max-image-preview:large","max-video-preview":"max-video-preview:-1"},"canonical":"https:\/\/ocupacao.icnetworks.org\/ocupacao\/abdias-nascimento\/o-griot\/","og_locale":"pt_BR","og_type":"article","og_title":"O griot - Ocupa\u00e7\u00e3o Abdias Nascimento","og_description":"Abdias Nascimento \u00e9 um dos maiores griots que j\u00e1 tivemos no contexto das quest\u00f5es raciais. Seu legado \u00e9 vivo, mas sua luta ainda \u00e9 latente!","og_url":"https:\/\/ocupacao.icnetworks.org\/ocupacao\/abdias-nascimento\/o-griot\/","og_site_name":"Ocupa\u00e7\u00e3o","article_modified_time":"2021-12-10T02:12:19+00:00","twitter_card":"summary_large_image","schema":{"@context":"https:\/\/schema.org","@graph":[{"@type":"WebPage","@id":"https:\/\/ocupacao.icnetworks.org\/ocupacao\/abdias-nascimento\/o-griot\/","url":"https:\/\/ocupacao.icnetworks.org\/ocupacao\/abdias-nascimento\/o-griot\/","name":"O griot - Ocupa\u00e7\u00e3o Abdias Nascimento","isPartOf":{"@id":"https:\/\/www.itaucultural.org.br\/ocupacao\/en\/#website"},"datePublished":"2016-10-31T15:21:54+00:00","dateModified":"2021-12-10T02:12:19+00:00","description":"Abdias Nascimento \u00e9 um dos maiores griots que j\u00e1 tivemos no contexto das quest\u00f5es raciais. Seu legado \u00e9 vivo, mas sua luta ainda \u00e9 latente!","breadcrumb":{"@id":"https:\/\/ocupacao.icnetworks.org\/ocupacao\/abdias-nascimento\/o-griot\/#breadcrumb"},"inLanguage":"pt-BR","potentialAction":[{"@type":"ReadAction","target":["https:\/\/ocupacao.icnetworks.org\/ocupacao\/abdias-nascimento\/o-griot\/"]}]},{"@type":"BreadcrumbList","@id":"https:\/\/ocupacao.icnetworks.org\/ocupacao\/abdias-nascimento\/o-griot\/#breadcrumb","itemListElement":[{"@type":"ListItem","position":1,"name":"In\u00edcio","item":"https:\/\/www.itaucultural.org.br\/ocupacao\/en\/"},{"@type":"ListItem","position":2,"name":"Abdias Nascimento","item":"https:\/\/ocupacao.icnetworks.org\/ocupacao\/abdias-nascimento\/"},{"@type":"ListItem","position":3,"name":"O griot"}]},{"@type":"WebSite","@id":"https:\/\/www.itaucultural.org.br\/ocupacao\/en\/#website","url":"https:\/\/www.itaucultural.org.br\/ocupacao\/en\/","name":"Ocupa\u00e7\u00e3o","description":"S\u00f3 mais um site WordPress","potentialAction":[{"@type":"SearchAction","target":{"@type":"EntryPoint","urlTemplate":"https:\/\/www.itaucultural.org.br\/ocupacao\/en\/?s={search_term_string}"},"query-input":{"@type":"PropertyValueSpecification","valueRequired":true,"valueName":"search_term_string"}}],"inLanguage":"pt-BR"}]}},"_links":{"self":[{"href":"https:\/\/ocupacao.icnetworks.org\/ocupacao\/wp-json\/wp\/v2\/pages\/11459","targetHints":{"allow":["GET"]}}],"collection":[{"href":"https:\/\/ocupacao.icnetworks.org\/ocupacao\/wp-json\/wp\/v2\/pages"}],"about":[{"href":"https:\/\/ocupacao.icnetworks.org\/ocupacao\/wp-json\/wp\/v2\/types\/page"}],"author":[{"embeddable":true,"href":"https:\/\/ocupacao.icnetworks.org\/ocupacao\/wp-json\/wp\/v2\/users\/1"}],"replies":[{"embeddable":true,"href":"https:\/\/ocupacao.icnetworks.org\/ocupacao\/wp-json\/wp\/v2\/comments?post=11459"}],"version-history":[{"count":40,"href":"https:\/\/ocupacao.icnetworks.org\/ocupacao\/wp-json\/wp\/v2\/pages\/11459\/revisions"}],"predecessor-version":[{"id":18684,"href":"https:\/\/ocupacao.icnetworks.org\/ocupacao\/wp-json\/wp\/v2\/pages\/11459\/revisions\/18684"}],"up":[{"embeddable":true,"href":"https:\/\/ocupacao.icnetworks.org\/ocupacao\/wp-json\/wp\/v2\/pages\/11434"}],"wp:attachment":[{"href":"https:\/\/ocupacao.icnetworks.org\/ocupacao\/wp-json\/wp\/v2\/media?parent=11459"}],"curies":[{"name":"wp","href":"https:\/\/api.w.org\/{rel}","templated":true}]}}