
{"id":11484,"date":"2016-11-01T19:11:25","date_gmt":"2016-11-01T21:11:25","guid":{"rendered":"http:\/\/www.itaucultural.org.br\/ocupacao\/?page_id=11484"},"modified":"2021-12-17T10:40:15","modified_gmt":"2021-12-17T13:40:15","slug":"exilio","status":"publish","type":"page","link":"https:\/\/ocupacao.icnetworks.org\/ocupacao\/abdias-nascimento\/exilio\/","title":{"rendered":"Ex\u00edlio"},"content":{"rendered":"","protected":false},"excerpt":{"rendered":"","protected":false},"author":2,"featured_media":0,"parent":11434,"menu_order":4,"comment_status":"closed","ping_status":"closed","template":"","meta":{"footnotes":""},"class_list":["post-11484","page","type-page","status-publish","hentry","temas-ditadura-militar","temas-questoes-raciais","areas-artes-visuais","areas-curadoria","areas-pesquisa","areas-teatro"],"yoast_head":"<!-- This site is optimized with the Yoast SEO plugin v27.3 - https:\/\/yoast.com\/product\/yoast-seo-wordpress\/ -->\n<title>Ex\u00edlio - Ocupa\u00e7\u00e3o Abdias Nascimento<\/title>\n<meta name=\"description\" content=\"Abdias Nascimento viveu 13 anos exilado, de 1968 a 1981. Passou esse per\u00edodo nos Estados Unidos, com uma temporada de um ano na Nig\u00e9ria.\" \/>\n<meta name=\"robots\" content=\"index, follow, max-snippet:-1, max-image-preview:large, max-video-preview:-1\" \/>\n<link rel=\"canonical\" href=\"https:\/\/www.itaucultural.org.br\/ocupacao\/abdias-nascimento\/exilio\/\" \/>\n<meta property=\"og:locale\" content=\"pt_BR\" \/>\n<meta property=\"og:type\" content=\"article\" \/>\n<meta property=\"og:title\" content=\"Ex\u00edlio - Ocupa\u00e7\u00e3o Abdias Nascimento\" \/>\n<meta property=\"og:description\" content=\"Abdias Nascimento viveu 13 anos exilado, de 1968 a 1981. Passou esse per\u00edodo nos Estados Unidos, com uma temporada de um ano na Nig\u00e9ria.\" \/>\n<meta property=\"og:url\" content=\"https:\/\/www.itaucultural.org.br\/ocupacao\/abdias-nascimento\/exilio\/\" \/>\n<meta property=\"og:site_name\" content=\"Ocupa\u00e7\u00e3o\" \/>\n<meta property=\"article:modified_time\" content=\"2021-12-17T13:40:15+00:00\" \/>\n<meta name=\"twitter:card\" content=\"summary_large_image\" \/>\n<script type=\"application\/ld+json\" class=\"yoast-schema-graph\">{\"@context\":\"https:\\\/\\\/schema.org\",\"@graph\":[{\"@type\":\"WebPage\",\"@id\":\"https:\\\/\\\/www.itaucultural.org.br\\\/ocupacao\\\/abdias-nascimento\\\/exilio\\\/\",\"url\":\"https:\\\/\\\/www.itaucultural.org.br\\\/ocupacao\\\/abdias-nascimento\\\/exilio\\\/\",\"name\":\"Ex\u00edlio - Ocupa\u00e7\u00e3o Abdias Nascimento\",\"isPartOf\":{\"@id\":\"https:\\\/\\\/www.itaucultural.org.br\\\/ocupacao\\\/en\\\/#website\"},\"datePublished\":\"2016-11-01T21:11:25+00:00\",\"dateModified\":\"2021-12-17T13:40:15+00:00\",\"description\":\"Abdias Nascimento viveu 13 anos exilado, de 1968 a 1981. Passou esse per\u00edodo nos Estados Unidos, com uma temporada de um ano na Nig\u00e9ria.\",\"breadcrumb\":{\"@id\":\"https:\\\/\\\/www.itaucultural.org.br\\\/ocupacao\\\/abdias-nascimento\\\/exilio\\\/#breadcrumb\"},\"inLanguage\":\"pt-BR\",\"potentialAction\":[{\"@type\":\"ReadAction\",\"target\":[\"https:\\\/\\\/www.itaucultural.org.br\\\/ocupacao\\\/abdias-nascimento\\\/exilio\\\/\"]}]},{\"@type\":\"BreadcrumbList\",\"@id\":\"https:\\\/\\\/www.itaucultural.org.br\\\/ocupacao\\\/abdias-nascimento\\\/exilio\\\/#breadcrumb\",\"itemListElement\":[{\"@type\":\"ListItem\",\"position\":1,\"name\":\"In\u00edcio\",\"item\":\"https:\\\/\\\/www.itaucultural.org.br\\\/ocupacao\\\/en\\\/\"},{\"@type\":\"ListItem\",\"position\":2,\"name\":\"Abdias Nascimento\",\"item\":\"https:\\\/\\\/ocupacao.icnetworks.org\\\/ocupacao\\\/abdias-nascimento\\\/\"},{\"@type\":\"ListItem\",\"position\":3,\"name\":\"Ex\u00edlio\"}]},{\"@type\":\"WebSite\",\"@id\":\"https:\\\/\\\/www.itaucultural.org.br\\\/ocupacao\\\/en\\\/#website\",\"url\":\"https:\\\/\\\/www.itaucultural.org.br\\\/ocupacao\\\/en\\\/\",\"name\":\"Ocupa\u00e7\u00e3o\",\"description\":\"S\u00f3 mais um site WordPress\",\"potentialAction\":[{\"@type\":\"SearchAction\",\"target\":{\"@type\":\"EntryPoint\",\"urlTemplate\":\"https:\\\/\\\/www.itaucultural.org.br\\\/ocupacao\\\/en\\\/?s={search_term_string}\"},\"query-input\":{\"@type\":\"PropertyValueSpecification\",\"valueRequired\":true,\"valueName\":\"search_term_string\"}}],\"inLanguage\":\"pt-BR\"}]}<\/script>\n<!-- \/ Yoast SEO plugin. -->","yoast_head_json":{"title":"Ex\u00edlio - Ocupa\u00e7\u00e3o Abdias Nascimento","description":"Abdias Nascimento viveu 13 anos exilado, de 1968 a 1981. Passou esse per\u00edodo nos Estados Unidos, com uma temporada de um ano na Nig\u00e9ria.","robots":{"index":"index","follow":"follow","max-snippet":"max-snippet:-1","max-image-preview":"max-image-preview:large","max-video-preview":"max-video-preview:-1"},"canonical":"https:\/\/www.itaucultural.org.br\/ocupacao\/abdias-nascimento\/exilio\/","og_locale":"pt_BR","og_type":"article","og_title":"Ex\u00edlio - Ocupa\u00e7\u00e3o Abdias Nascimento","og_description":"Abdias Nascimento viveu 13 anos exilado, de 1968 a 1981. Passou esse per\u00edodo nos Estados Unidos, com uma temporada de um ano na Nig\u00e9ria.","og_url":"https:\/\/www.itaucultural.org.br\/ocupacao\/abdias-nascimento\/exilio\/","og_site_name":"Ocupa\u00e7\u00e3o","article_modified_time":"2021-12-17T13:40:15+00:00","twitter_card":"summary_large_image","schema":{"@context":"https:\/\/schema.org","@graph":[{"@type":"WebPage","@id":"https:\/\/www.itaucultural.org.br\/ocupacao\/abdias-nascimento\/exilio\/","url":"https:\/\/www.itaucultural.org.br\/ocupacao\/abdias-nascimento\/exilio\/","name":"Ex\u00edlio - Ocupa\u00e7\u00e3o Abdias Nascimento","isPartOf":{"@id":"https:\/\/www.itaucultural.org.br\/ocupacao\/en\/#website"},"datePublished":"2016-11-01T21:11:25+00:00","dateModified":"2021-12-17T13:40:15+00:00","description":"Abdias Nascimento viveu 13 anos exilado, de 1968 a 1981. Passou esse per\u00edodo nos Estados Unidos, com uma temporada de um ano na Nig\u00e9ria.","breadcrumb":{"@id":"https:\/\/www.itaucultural.org.br\/ocupacao\/abdias-nascimento\/exilio\/#breadcrumb"},"inLanguage":"pt-BR","potentialAction":[{"@type":"ReadAction","target":["https:\/\/www.itaucultural.org.br\/ocupacao\/abdias-nascimento\/exilio\/"]}]},{"@type":"BreadcrumbList","@id":"https:\/\/www.itaucultural.org.br\/ocupacao\/abdias-nascimento\/exilio\/#breadcrumb","itemListElement":[{"@type":"ListItem","position":1,"name":"In\u00edcio","item":"https:\/\/www.itaucultural.org.br\/ocupacao\/en\/"},{"@type":"ListItem","position":2,"name":"Abdias Nascimento","item":"https:\/\/ocupacao.icnetworks.org\/ocupacao\/abdias-nascimento\/"},{"@type":"ListItem","position":3,"name":"Ex\u00edlio"}]},{"@type":"WebSite","@id":"https:\/\/www.itaucultural.org.br\/ocupacao\/en\/#website","url":"https:\/\/www.itaucultural.org.br\/ocupacao\/en\/","name":"Ocupa\u00e7\u00e3o","description":"S\u00f3 mais um site WordPress","potentialAction":[{"@type":"SearchAction","target":{"@type":"EntryPoint","urlTemplate":"https:\/\/www.itaucultural.org.br\/ocupacao\/en\/?s={search_term_string}"},"query-input":{"@type":"PropertyValueSpecification","valueRequired":true,"valueName":"search_term_string"}}],"inLanguage":"pt-BR"}]}},"_links":{"self":[{"href":"https:\/\/ocupacao.icnetworks.org\/ocupacao\/wp-json\/wp\/v2\/pages\/11484","targetHints":{"allow":["GET"]}}],"collection":[{"href":"https:\/\/ocupacao.icnetworks.org\/ocupacao\/wp-json\/wp\/v2\/pages"}],"about":[{"href":"https:\/\/ocupacao.icnetworks.org\/ocupacao\/wp-json\/wp\/v2\/types\/page"}],"author":[{"embeddable":true,"href":"https:\/\/ocupacao.icnetworks.org\/ocupacao\/wp-json\/wp\/v2\/users\/2"}],"replies":[{"embeddable":true,"href":"https:\/\/ocupacao.icnetworks.org\/ocupacao\/wp-json\/wp\/v2\/comments?post=11484"}],"version-history":[{"count":20,"href":"https:\/\/ocupacao.icnetworks.org\/ocupacao\/wp-json\/wp\/v2\/pages\/11484\/revisions"}],"predecessor-version":[{"id":18678,"href":"https:\/\/ocupacao.icnetworks.org\/ocupacao\/wp-json\/wp\/v2\/pages\/11484\/revisions\/18678"}],"up":[{"embeddable":true,"href":"https:\/\/ocupacao.icnetworks.org\/ocupacao\/wp-json\/wp\/v2\/pages\/11434"}],"wp:attachment":[{"href":"https:\/\/ocupacao.icnetworks.org\/ocupacao\/wp-json\/wp\/v2\/media?parent=11484"}],"curies":[{"name":"wp","href":"https:\/\/api.w.org\/{rel}","templated":true}]}}