
{"id":11492,"date":"2016-11-01T19:24:10","date_gmt":"2016-11-01T21:24:10","guid":{"rendered":"http:\/\/www.itaucultural.org.br\/ocupacao\/?page_id=11492"},"modified":"2021-12-17T09:59:27","modified_gmt":"2021-12-17T12:59:27","slug":"cartografia","status":"publish","type":"page","link":"https:\/\/ocupacao.icnetworks.org\/ocupacao\/abdias-nascimento\/cartografia\/","title":{"rendered":"Cartografia"},"content":{"rendered":"","protected":false},"excerpt":{"rendered":"","protected":false},"author":2,"featured_media":0,"parent":11434,"menu_order":8,"comment_status":"closed","ping_status":"closed","template":"","meta":{"footnotes":""},"class_list":["post-11492","page","type-page","status-publish","hentry","temas-questoes-raciais"],"yoast_head":"<!-- This site is optimized with the Yoast SEO plugin v27.4 - https:\/\/yoast.com\/product\/yoast-seo-wordpress\/ -->\n<title>Cartografia - Ocupa\u00e7\u00e3o Abdias Nascimento<\/title>\n<meta name=\"description\" content=\"A cartografia sobre o pensamento de Abdias Nascimento cresce, expandindo-se em temas: como feminismo negro e genoc\u00eddio do negro no Brasil\" \/>\n<meta name=\"robots\" content=\"index, follow, max-snippet:-1, max-image-preview:large, max-video-preview:-1\" \/>\n<link rel=\"canonical\" href=\"https:\/\/ocupacao.icnetworks.org\/ocupacao\/abdias-nascimento\/cartografia\/\" \/>\n<meta property=\"og:locale\" content=\"pt_BR\" \/>\n<meta property=\"og:type\" content=\"article\" \/>\n<meta property=\"og:title\" content=\"Cartografia - Ocupa\u00e7\u00e3o Abdias Nascimento\" \/>\n<meta property=\"og:description\" content=\"A cartografia sobre o pensamento de Abdias Nascimento cresce, expandindo-se em temas: como feminismo negro e genoc\u00eddio do negro no Brasil\" \/>\n<meta property=\"og:url\" content=\"https:\/\/ocupacao.icnetworks.org\/ocupacao\/abdias-nascimento\/cartografia\/\" \/>\n<meta property=\"og:site_name\" content=\"Ocupa\u00e7\u00e3o\" \/>\n<meta property=\"article:modified_time\" content=\"2021-12-17T12:59:27+00:00\" \/>\n<meta name=\"twitter:card\" content=\"summary_large_image\" \/>\n<script type=\"application\/ld+json\" class=\"yoast-schema-graph\">{\"@context\":\"https:\\\/\\\/schema.org\",\"@graph\":[{\"@type\":\"WebPage\",\"@id\":\"https:\\\/\\\/ocupacao.icnetworks.org\\\/ocupacao\\\/abdias-nascimento\\\/cartografia\\\/\",\"url\":\"https:\\\/\\\/ocupacao.icnetworks.org\\\/ocupacao\\\/abdias-nascimento\\\/cartografia\\\/\",\"name\":\"Cartografia - Ocupa\u00e7\u00e3o Abdias Nascimento\",\"isPartOf\":{\"@id\":\"https:\\\/\\\/www.itaucultural.org.br\\\/ocupacao\\\/en\\\/#website\"},\"datePublished\":\"2016-11-01T21:24:10+00:00\",\"dateModified\":\"2021-12-17T12:59:27+00:00\",\"description\":\"A cartografia sobre o pensamento de Abdias Nascimento cresce, expandindo-se em temas: como feminismo negro e genoc\u00eddio do negro no Brasil\",\"breadcrumb\":{\"@id\":\"https:\\\/\\\/ocupacao.icnetworks.org\\\/ocupacao\\\/abdias-nascimento\\\/cartografia\\\/#breadcrumb\"},\"inLanguage\":\"pt-BR\",\"potentialAction\":[{\"@type\":\"ReadAction\",\"target\":[\"https:\\\/\\\/ocupacao.icnetworks.org\\\/ocupacao\\\/abdias-nascimento\\\/cartografia\\\/\"]}]},{\"@type\":\"BreadcrumbList\",\"@id\":\"https:\\\/\\\/ocupacao.icnetworks.org\\\/ocupacao\\\/abdias-nascimento\\\/cartografia\\\/#breadcrumb\",\"itemListElement\":[{\"@type\":\"ListItem\",\"position\":1,\"name\":\"In\u00edcio\",\"item\":\"https:\\\/\\\/www.itaucultural.org.br\\\/ocupacao\\\/en\\\/\"},{\"@type\":\"ListItem\",\"position\":2,\"name\":\"Abdias Nascimento\",\"item\":\"https:\\\/\\\/ocupacao.icnetworks.org\\\/ocupacao\\\/abdias-nascimento\\\/\"},{\"@type\":\"ListItem\",\"position\":3,\"name\":\"Cartografia\"}]},{\"@type\":\"WebSite\",\"@id\":\"https:\\\/\\\/www.itaucultural.org.br\\\/ocupacao\\\/en\\\/#website\",\"url\":\"https:\\\/\\\/www.itaucultural.org.br\\\/ocupacao\\\/en\\\/\",\"name\":\"Ocupa\u00e7\u00e3o\",\"description\":\"S\u00f3 mais um site WordPress\",\"potentialAction\":[{\"@type\":\"SearchAction\",\"target\":{\"@type\":\"EntryPoint\",\"urlTemplate\":\"https:\\\/\\\/www.itaucultural.org.br\\\/ocupacao\\\/en\\\/?s={search_term_string}\"},\"query-input\":{\"@type\":\"PropertyValueSpecification\",\"valueRequired\":true,\"valueName\":\"search_term_string\"}}],\"inLanguage\":\"pt-BR\"}]}<\/script>\n<!-- \/ Yoast SEO plugin. -->","yoast_head_json":{"title":"Cartografia - Ocupa\u00e7\u00e3o Abdias Nascimento","description":"A cartografia sobre o pensamento de Abdias Nascimento cresce, expandindo-se em temas: como feminismo negro e genoc\u00eddio do negro no Brasil","robots":{"index":"index","follow":"follow","max-snippet":"max-snippet:-1","max-image-preview":"max-image-preview:large","max-video-preview":"max-video-preview:-1"},"canonical":"https:\/\/ocupacao.icnetworks.org\/ocupacao\/abdias-nascimento\/cartografia\/","og_locale":"pt_BR","og_type":"article","og_title":"Cartografia - Ocupa\u00e7\u00e3o Abdias Nascimento","og_description":"A cartografia sobre o pensamento de Abdias Nascimento cresce, expandindo-se em temas: como feminismo negro e genoc\u00eddio do negro no Brasil","og_url":"https:\/\/ocupacao.icnetworks.org\/ocupacao\/abdias-nascimento\/cartografia\/","og_site_name":"Ocupa\u00e7\u00e3o","article_modified_time":"2021-12-17T12:59:27+00:00","twitter_card":"summary_large_image","schema":{"@context":"https:\/\/schema.org","@graph":[{"@type":"WebPage","@id":"https:\/\/ocupacao.icnetworks.org\/ocupacao\/abdias-nascimento\/cartografia\/","url":"https:\/\/ocupacao.icnetworks.org\/ocupacao\/abdias-nascimento\/cartografia\/","name":"Cartografia - Ocupa\u00e7\u00e3o Abdias Nascimento","isPartOf":{"@id":"https:\/\/www.itaucultural.org.br\/ocupacao\/en\/#website"},"datePublished":"2016-11-01T21:24:10+00:00","dateModified":"2021-12-17T12:59:27+00:00","description":"A cartografia sobre o pensamento de Abdias Nascimento cresce, expandindo-se em temas: como feminismo negro e genoc\u00eddio do negro no Brasil","breadcrumb":{"@id":"https:\/\/ocupacao.icnetworks.org\/ocupacao\/abdias-nascimento\/cartografia\/#breadcrumb"},"inLanguage":"pt-BR","potentialAction":[{"@type":"ReadAction","target":["https:\/\/ocupacao.icnetworks.org\/ocupacao\/abdias-nascimento\/cartografia\/"]}]},{"@type":"BreadcrumbList","@id":"https:\/\/ocupacao.icnetworks.org\/ocupacao\/abdias-nascimento\/cartografia\/#breadcrumb","itemListElement":[{"@type":"ListItem","position":1,"name":"In\u00edcio","item":"https:\/\/www.itaucultural.org.br\/ocupacao\/en\/"},{"@type":"ListItem","position":2,"name":"Abdias Nascimento","item":"https:\/\/ocupacao.icnetworks.org\/ocupacao\/abdias-nascimento\/"},{"@type":"ListItem","position":3,"name":"Cartografia"}]},{"@type":"WebSite","@id":"https:\/\/www.itaucultural.org.br\/ocupacao\/en\/#website","url":"https:\/\/www.itaucultural.org.br\/ocupacao\/en\/","name":"Ocupa\u00e7\u00e3o","description":"S\u00f3 mais um site WordPress","potentialAction":[{"@type":"SearchAction","target":{"@type":"EntryPoint","urlTemplate":"https:\/\/www.itaucultural.org.br\/ocupacao\/en\/?s={search_term_string}"},"query-input":{"@type":"PropertyValueSpecification","valueRequired":true,"valueName":"search_term_string"}}],"inLanguage":"pt-BR"}]}},"_links":{"self":[{"href":"https:\/\/ocupacao.icnetworks.org\/ocupacao\/wp-json\/wp\/v2\/pages\/11492","targetHints":{"allow":["GET"]}}],"collection":[{"href":"https:\/\/ocupacao.icnetworks.org\/ocupacao\/wp-json\/wp\/v2\/pages"}],"about":[{"href":"https:\/\/ocupacao.icnetworks.org\/ocupacao\/wp-json\/wp\/v2\/types\/page"}],"author":[{"embeddable":true,"href":"https:\/\/ocupacao.icnetworks.org\/ocupacao\/wp-json\/wp\/v2\/users\/2"}],"replies":[{"embeddable":true,"href":"https:\/\/ocupacao.icnetworks.org\/ocupacao\/wp-json\/wp\/v2\/comments?post=11492"}],"version-history":[{"count":28,"href":"https:\/\/ocupacao.icnetworks.org\/ocupacao\/wp-json\/wp\/v2\/pages\/11492\/revisions"}],"predecessor-version":[{"id":16398,"href":"https:\/\/ocupacao.icnetworks.org\/ocupacao\/wp-json\/wp\/v2\/pages\/11492\/revisions\/16398"}],"up":[{"embeddable":true,"href":"https:\/\/ocupacao.icnetworks.org\/ocupacao\/wp-json\/wp\/v2\/pages\/11434"}],"wp:attachment":[{"href":"https:\/\/ocupacao.icnetworks.org\/ocupacao\/wp-json\/wp\/v2\/media?parent=11492"}],"curies":[{"name":"wp","href":"https:\/\/api.w.org\/{rel}","templated":true}]}}