
{"id":12428,"date":"2017-05-03T17:27:13","date_gmt":"2017-05-03T20:27:13","guid":{"rendered":"http:\/\/www.itaucultural.org.br\/ocupacao\/?page_id=12428"},"modified":"2021-12-09T14:36:46","modified_gmt":"2021-12-09T17:36:46","slug":"becos-da-memoria","status":"publish","type":"page","link":"https:\/\/ocupacao.icnetworks.org\/ocupacao\/conceicao-evaristo\/becos-da-memoria\/","title":{"rendered":"Becos da Mem\u00f3ria"},"content":{"rendered":"","protected":false},"excerpt":{"rendered":"","protected":false},"author":7,"featured_media":0,"parent":12410,"menu_order":3,"comment_status":"closed","ping_status":"closed","template":"","meta":{"footnotes":""},"class_list":["post-12428","page","type-page","status-publish","hentry","temas-questoes-raciais","areas-literatura"],"yoast_head":"<!-- This site is optimized with the Yoast SEO plugin v27.3 - https:\/\/yoast.com\/product\/yoast-seo-wordpress\/ -->\n<title>Becos da Mem\u00f3ria - Ocupa\u00e7\u00e3o Concei\u00e7\u00e3o Evaristo<\/title>\n<meta name=\"description\" content=\"Com base nas lembran\u00e7as da inf\u00e2ncia e juventude na extinta favela do Pindura Saia, Concei\u00e7\u00e3o Evaristo criou o romance Becos da Mem\u00f3ria.\" \/>\n<meta name=\"robots\" content=\"index, follow, max-snippet:-1, max-image-preview:large, max-video-preview:-1\" \/>\n<link rel=\"canonical\" href=\"https:\/\/www.itaucultural.org.br\/ocupacao\/conceicao-evaristo\/becos-da-memoria\/\" \/>\n<meta property=\"og:locale\" content=\"pt_BR\" \/>\n<meta property=\"og:type\" content=\"article\" \/>\n<meta property=\"og:title\" content=\"Becos da Mem\u00f3ria - Ocupa\u00e7\u00e3o Concei\u00e7\u00e3o Evaristo\" \/>\n<meta property=\"og:description\" content=\"Com base nas lembran\u00e7as da inf\u00e2ncia e juventude na extinta favela do Pindura Saia, Concei\u00e7\u00e3o Evaristo criou o romance Becos da Mem\u00f3ria.\" \/>\n<meta property=\"og:url\" content=\"https:\/\/www.itaucultural.org.br\/ocupacao\/conceicao-evaristo\/becos-da-memoria\/\" \/>\n<meta property=\"og:site_name\" content=\"Ocupa\u00e7\u00e3o\" \/>\n<meta property=\"article:modified_time\" content=\"2021-12-09T17:36:46+00:00\" \/>\n<meta name=\"twitter:card\" content=\"summary_large_image\" \/>\n<script type=\"application\/ld+json\" class=\"yoast-schema-graph\">{\"@context\":\"https:\\\/\\\/schema.org\",\"@graph\":[{\"@type\":\"WebPage\",\"@id\":\"https:\\\/\\\/www.itaucultural.org.br\\\/ocupacao\\\/conceicao-evaristo\\\/becos-da-memoria\\\/\",\"url\":\"https:\\\/\\\/www.itaucultural.org.br\\\/ocupacao\\\/conceicao-evaristo\\\/becos-da-memoria\\\/\",\"name\":\"Becos da Mem\u00f3ria - Ocupa\u00e7\u00e3o Concei\u00e7\u00e3o Evaristo\",\"isPartOf\":{\"@id\":\"https:\\\/\\\/www.itaucultural.org.br\\\/ocupacao\\\/en\\\/#website\"},\"datePublished\":\"2017-05-03T20:27:13+00:00\",\"dateModified\":\"2021-12-09T17:36:46+00:00\",\"description\":\"Com base nas lembran\u00e7as da inf\u00e2ncia e juventude na extinta favela do Pindura Saia, Concei\u00e7\u00e3o Evaristo criou o romance Becos da Mem\u00f3ria.\",\"breadcrumb\":{\"@id\":\"https:\\\/\\\/www.itaucultural.org.br\\\/ocupacao\\\/conceicao-evaristo\\\/becos-da-memoria\\\/#breadcrumb\"},\"inLanguage\":\"pt-BR\",\"potentialAction\":[{\"@type\":\"ReadAction\",\"target\":[\"https:\\\/\\\/www.itaucultural.org.br\\\/ocupacao\\\/conceicao-evaristo\\\/becos-da-memoria\\\/\"]}]},{\"@type\":\"BreadcrumbList\",\"@id\":\"https:\\\/\\\/www.itaucultural.org.br\\\/ocupacao\\\/conceicao-evaristo\\\/becos-da-memoria\\\/#breadcrumb\",\"itemListElement\":[{\"@type\":\"ListItem\",\"position\":1,\"name\":\"In\u00edcio\",\"item\":\"https:\\\/\\\/www.itaucultural.org.br\\\/ocupacao\\\/en\\\/\"},{\"@type\":\"ListItem\",\"position\":2,\"name\":\"Concei\u00e7\u00e3o Evaristo\",\"item\":\"https:\\\/\\\/ocupacao.icnetworks.org\\\/ocupacao\\\/conceicao-evaristo\\\/\"},{\"@type\":\"ListItem\",\"position\":3,\"name\":\"Becos da Mem\u00f3ria\"}]},{\"@type\":\"WebSite\",\"@id\":\"https:\\\/\\\/www.itaucultural.org.br\\\/ocupacao\\\/en\\\/#website\",\"url\":\"https:\\\/\\\/www.itaucultural.org.br\\\/ocupacao\\\/en\\\/\",\"name\":\"Ocupa\u00e7\u00e3o\",\"description\":\"S\u00f3 mais um site WordPress\",\"potentialAction\":[{\"@type\":\"SearchAction\",\"target\":{\"@type\":\"EntryPoint\",\"urlTemplate\":\"https:\\\/\\\/www.itaucultural.org.br\\\/ocupacao\\\/en\\\/?s={search_term_string}\"},\"query-input\":{\"@type\":\"PropertyValueSpecification\",\"valueRequired\":true,\"valueName\":\"search_term_string\"}}],\"inLanguage\":\"pt-BR\"}]}<\/script>\n<!-- \/ Yoast SEO plugin. -->","yoast_head_json":{"title":"Becos da Mem\u00f3ria - Ocupa\u00e7\u00e3o Concei\u00e7\u00e3o Evaristo","description":"Com base nas lembran\u00e7as da inf\u00e2ncia e juventude na extinta favela do Pindura Saia, Concei\u00e7\u00e3o Evaristo criou o romance Becos da Mem\u00f3ria.","robots":{"index":"index","follow":"follow","max-snippet":"max-snippet:-1","max-image-preview":"max-image-preview:large","max-video-preview":"max-video-preview:-1"},"canonical":"https:\/\/www.itaucultural.org.br\/ocupacao\/conceicao-evaristo\/becos-da-memoria\/","og_locale":"pt_BR","og_type":"article","og_title":"Becos da Mem\u00f3ria - Ocupa\u00e7\u00e3o Concei\u00e7\u00e3o Evaristo","og_description":"Com base nas lembran\u00e7as da inf\u00e2ncia e juventude na extinta favela do Pindura Saia, Concei\u00e7\u00e3o Evaristo criou o romance Becos da Mem\u00f3ria.","og_url":"https:\/\/www.itaucultural.org.br\/ocupacao\/conceicao-evaristo\/becos-da-memoria\/","og_site_name":"Ocupa\u00e7\u00e3o","article_modified_time":"2021-12-09T17:36:46+00:00","twitter_card":"summary_large_image","schema":{"@context":"https:\/\/schema.org","@graph":[{"@type":"WebPage","@id":"https:\/\/www.itaucultural.org.br\/ocupacao\/conceicao-evaristo\/becos-da-memoria\/","url":"https:\/\/www.itaucultural.org.br\/ocupacao\/conceicao-evaristo\/becos-da-memoria\/","name":"Becos da Mem\u00f3ria - Ocupa\u00e7\u00e3o Concei\u00e7\u00e3o Evaristo","isPartOf":{"@id":"https:\/\/www.itaucultural.org.br\/ocupacao\/en\/#website"},"datePublished":"2017-05-03T20:27:13+00:00","dateModified":"2021-12-09T17:36:46+00:00","description":"Com base nas lembran\u00e7as da inf\u00e2ncia e juventude na extinta favela do Pindura Saia, Concei\u00e7\u00e3o Evaristo criou o romance Becos da Mem\u00f3ria.","breadcrumb":{"@id":"https:\/\/www.itaucultural.org.br\/ocupacao\/conceicao-evaristo\/becos-da-memoria\/#breadcrumb"},"inLanguage":"pt-BR","potentialAction":[{"@type":"ReadAction","target":["https:\/\/www.itaucultural.org.br\/ocupacao\/conceicao-evaristo\/becos-da-memoria\/"]}]},{"@type":"BreadcrumbList","@id":"https:\/\/www.itaucultural.org.br\/ocupacao\/conceicao-evaristo\/becos-da-memoria\/#breadcrumb","itemListElement":[{"@type":"ListItem","position":1,"name":"In\u00edcio","item":"https:\/\/www.itaucultural.org.br\/ocupacao\/en\/"},{"@type":"ListItem","position":2,"name":"Concei\u00e7\u00e3o Evaristo","item":"https:\/\/ocupacao.icnetworks.org\/ocupacao\/conceicao-evaristo\/"},{"@type":"ListItem","position":3,"name":"Becos da Mem\u00f3ria"}]},{"@type":"WebSite","@id":"https:\/\/www.itaucultural.org.br\/ocupacao\/en\/#website","url":"https:\/\/www.itaucultural.org.br\/ocupacao\/en\/","name":"Ocupa\u00e7\u00e3o","description":"S\u00f3 mais um site WordPress","potentialAction":[{"@type":"SearchAction","target":{"@type":"EntryPoint","urlTemplate":"https:\/\/www.itaucultural.org.br\/ocupacao\/en\/?s={search_term_string}"},"query-input":{"@type":"PropertyValueSpecification","valueRequired":true,"valueName":"search_term_string"}}],"inLanguage":"pt-BR"}]}},"_links":{"self":[{"href":"https:\/\/ocupacao.icnetworks.org\/ocupacao\/wp-json\/wp\/v2\/pages\/12428","targetHints":{"allow":["GET"]}}],"collection":[{"href":"https:\/\/ocupacao.icnetworks.org\/ocupacao\/wp-json\/wp\/v2\/pages"}],"about":[{"href":"https:\/\/ocupacao.icnetworks.org\/ocupacao\/wp-json\/wp\/v2\/types\/page"}],"author":[{"embeddable":true,"href":"https:\/\/ocupacao.icnetworks.org\/ocupacao\/wp-json\/wp\/v2\/users\/7"}],"replies":[{"embeddable":true,"href":"https:\/\/ocupacao.icnetworks.org\/ocupacao\/wp-json\/wp\/v2\/comments?post=12428"}],"version-history":[{"count":10,"href":"https:\/\/ocupacao.icnetworks.org\/ocupacao\/wp-json\/wp\/v2\/pages\/12428\/revisions"}],"predecessor-version":[{"id":18624,"href":"https:\/\/ocupacao.icnetworks.org\/ocupacao\/wp-json\/wp\/v2\/pages\/12428\/revisions\/18624"}],"up":[{"embeddable":true,"href":"https:\/\/ocupacao.icnetworks.org\/ocupacao\/wp-json\/wp\/v2\/pages\/12410"}],"wp:attachment":[{"href":"https:\/\/ocupacao.icnetworks.org\/ocupacao\/wp-json\/wp\/v2\/media?parent=12428"}],"curies":[{"name":"wp","href":"https:\/\/api.w.org\/{rel}","templated":true}]}}