
{"id":12442,"date":"2017-05-03T17:30:42","date_gmt":"2017-05-03T20:30:42","guid":{"rendered":"http:\/\/www.itaucultural.org.br\/ocupacao\/?page_id=12442"},"modified":"2021-12-09T14:42:36","modified_gmt":"2021-12-09T17:42:36","slug":"diasporas","status":"publish","type":"page","link":"https:\/\/ocupacao.icnetworks.org\/ocupacao\/conceicao-evaristo\/diasporas\/","title":{"rendered":"Di\u00e1sporas"},"content":{"rendered":"","protected":false},"excerpt":{"rendered":"","protected":false},"author":7,"featured_media":0,"parent":12410,"menu_order":4,"comment_status":"closed","ping_status":"closed","template":"","meta":{"footnotes":""},"class_list":["post-12442","page","type-page","status-publish","hentry","temas-questoes-raciais","areas-literatura"],"yoast_head":"<!-- This site is optimized with the Yoast SEO plugin v27.3 - https:\/\/yoast.com\/product\/yoast-seo-wordpress\/ -->\n<title>Di\u00e1sporas - Ocupa\u00e7\u00e3o Concei\u00e7\u00e3o Evaristo<\/title>\n<meta name=\"description\" content=\"A trajet\u00f3ria de Concei\u00e7\u00e3o Evaristo \u00e9 marcada por mudan\u00e7as, movimentos. Eco contundente de um deslocamento coletivo \u2013 a di\u00e1spora africana.\" \/>\n<meta name=\"robots\" content=\"index, follow, max-snippet:-1, max-image-preview:large, max-video-preview:-1\" \/>\n<link rel=\"canonical\" href=\"https:\/\/www.itaucultural.org.br\/ocupacao\/conceicao-evaristo\/diasporas\/\" \/>\n<meta property=\"og:locale\" content=\"pt_BR\" \/>\n<meta property=\"og:type\" content=\"article\" \/>\n<meta property=\"og:title\" content=\"Di\u00e1sporas - Ocupa\u00e7\u00e3o Concei\u00e7\u00e3o Evaristo\" \/>\n<meta property=\"og:description\" content=\"A trajet\u00f3ria de Concei\u00e7\u00e3o Evaristo \u00e9 marcada por mudan\u00e7as, movimentos. Eco contundente de um deslocamento coletivo \u2013 a di\u00e1spora africana.\" \/>\n<meta property=\"og:url\" content=\"https:\/\/www.itaucultural.org.br\/ocupacao\/conceicao-evaristo\/diasporas\/\" \/>\n<meta property=\"og:site_name\" content=\"Ocupa\u00e7\u00e3o\" \/>\n<meta property=\"article:modified_time\" content=\"2021-12-09T17:42:36+00:00\" \/>\n<meta name=\"twitter:card\" content=\"summary_large_image\" \/>\n<script type=\"application\/ld+json\" class=\"yoast-schema-graph\">{\"@context\":\"https:\\\/\\\/schema.org\",\"@graph\":[{\"@type\":\"WebPage\",\"@id\":\"https:\\\/\\\/www.itaucultural.org.br\\\/ocupacao\\\/conceicao-evaristo\\\/diasporas\\\/\",\"url\":\"https:\\\/\\\/www.itaucultural.org.br\\\/ocupacao\\\/conceicao-evaristo\\\/diasporas\\\/\",\"name\":\"Di\u00e1sporas - Ocupa\u00e7\u00e3o Concei\u00e7\u00e3o Evaristo\",\"isPartOf\":{\"@id\":\"https:\\\/\\\/www.itaucultural.org.br\\\/ocupacao\\\/en\\\/#website\"},\"datePublished\":\"2017-05-03T20:30:42+00:00\",\"dateModified\":\"2021-12-09T17:42:36+00:00\",\"description\":\"A trajet\u00f3ria de Concei\u00e7\u00e3o Evaristo \u00e9 marcada por mudan\u00e7as, movimentos. Eco contundente de um deslocamento coletivo \u2013 a di\u00e1spora africana.\",\"breadcrumb\":{\"@id\":\"https:\\\/\\\/www.itaucultural.org.br\\\/ocupacao\\\/conceicao-evaristo\\\/diasporas\\\/#breadcrumb\"},\"inLanguage\":\"pt-BR\",\"potentialAction\":[{\"@type\":\"ReadAction\",\"target\":[\"https:\\\/\\\/www.itaucultural.org.br\\\/ocupacao\\\/conceicao-evaristo\\\/diasporas\\\/\"]}]},{\"@type\":\"BreadcrumbList\",\"@id\":\"https:\\\/\\\/www.itaucultural.org.br\\\/ocupacao\\\/conceicao-evaristo\\\/diasporas\\\/#breadcrumb\",\"itemListElement\":[{\"@type\":\"ListItem\",\"position\":1,\"name\":\"In\u00edcio\",\"item\":\"https:\\\/\\\/www.itaucultural.org.br\\\/ocupacao\\\/en\\\/\"},{\"@type\":\"ListItem\",\"position\":2,\"name\":\"Concei\u00e7\u00e3o Evaristo\",\"item\":\"https:\\\/\\\/ocupacao.icnetworks.org\\\/ocupacao\\\/conceicao-evaristo\\\/\"},{\"@type\":\"ListItem\",\"position\":3,\"name\":\"Di\u00e1sporas\"}]},{\"@type\":\"WebSite\",\"@id\":\"https:\\\/\\\/www.itaucultural.org.br\\\/ocupacao\\\/en\\\/#website\",\"url\":\"https:\\\/\\\/www.itaucultural.org.br\\\/ocupacao\\\/en\\\/\",\"name\":\"Ocupa\u00e7\u00e3o\",\"description\":\"S\u00f3 mais um site WordPress\",\"potentialAction\":[{\"@type\":\"SearchAction\",\"target\":{\"@type\":\"EntryPoint\",\"urlTemplate\":\"https:\\\/\\\/www.itaucultural.org.br\\\/ocupacao\\\/en\\\/?s={search_term_string}\"},\"query-input\":{\"@type\":\"PropertyValueSpecification\",\"valueRequired\":true,\"valueName\":\"search_term_string\"}}],\"inLanguage\":\"pt-BR\"}]}<\/script>\n<!-- \/ Yoast SEO plugin. -->","yoast_head_json":{"title":"Di\u00e1sporas - Ocupa\u00e7\u00e3o Concei\u00e7\u00e3o Evaristo","description":"A trajet\u00f3ria de Concei\u00e7\u00e3o Evaristo \u00e9 marcada por mudan\u00e7as, movimentos. Eco contundente de um deslocamento coletivo \u2013 a di\u00e1spora africana.","robots":{"index":"index","follow":"follow","max-snippet":"max-snippet:-1","max-image-preview":"max-image-preview:large","max-video-preview":"max-video-preview:-1"},"canonical":"https:\/\/www.itaucultural.org.br\/ocupacao\/conceicao-evaristo\/diasporas\/","og_locale":"pt_BR","og_type":"article","og_title":"Di\u00e1sporas - Ocupa\u00e7\u00e3o Concei\u00e7\u00e3o Evaristo","og_description":"A trajet\u00f3ria de Concei\u00e7\u00e3o Evaristo \u00e9 marcada por mudan\u00e7as, movimentos. Eco contundente de um deslocamento coletivo \u2013 a di\u00e1spora africana.","og_url":"https:\/\/www.itaucultural.org.br\/ocupacao\/conceicao-evaristo\/diasporas\/","og_site_name":"Ocupa\u00e7\u00e3o","article_modified_time":"2021-12-09T17:42:36+00:00","twitter_card":"summary_large_image","schema":{"@context":"https:\/\/schema.org","@graph":[{"@type":"WebPage","@id":"https:\/\/www.itaucultural.org.br\/ocupacao\/conceicao-evaristo\/diasporas\/","url":"https:\/\/www.itaucultural.org.br\/ocupacao\/conceicao-evaristo\/diasporas\/","name":"Di\u00e1sporas - Ocupa\u00e7\u00e3o Concei\u00e7\u00e3o Evaristo","isPartOf":{"@id":"https:\/\/www.itaucultural.org.br\/ocupacao\/en\/#website"},"datePublished":"2017-05-03T20:30:42+00:00","dateModified":"2021-12-09T17:42:36+00:00","description":"A trajet\u00f3ria de Concei\u00e7\u00e3o Evaristo \u00e9 marcada por mudan\u00e7as, movimentos. Eco contundente de um deslocamento coletivo \u2013 a di\u00e1spora africana.","breadcrumb":{"@id":"https:\/\/www.itaucultural.org.br\/ocupacao\/conceicao-evaristo\/diasporas\/#breadcrumb"},"inLanguage":"pt-BR","potentialAction":[{"@type":"ReadAction","target":["https:\/\/www.itaucultural.org.br\/ocupacao\/conceicao-evaristo\/diasporas\/"]}]},{"@type":"BreadcrumbList","@id":"https:\/\/www.itaucultural.org.br\/ocupacao\/conceicao-evaristo\/diasporas\/#breadcrumb","itemListElement":[{"@type":"ListItem","position":1,"name":"In\u00edcio","item":"https:\/\/www.itaucultural.org.br\/ocupacao\/en\/"},{"@type":"ListItem","position":2,"name":"Concei\u00e7\u00e3o Evaristo","item":"https:\/\/ocupacao.icnetworks.org\/ocupacao\/conceicao-evaristo\/"},{"@type":"ListItem","position":3,"name":"Di\u00e1sporas"}]},{"@type":"WebSite","@id":"https:\/\/www.itaucultural.org.br\/ocupacao\/en\/#website","url":"https:\/\/www.itaucultural.org.br\/ocupacao\/en\/","name":"Ocupa\u00e7\u00e3o","description":"S\u00f3 mais um site WordPress","potentialAction":[{"@type":"SearchAction","target":{"@type":"EntryPoint","urlTemplate":"https:\/\/www.itaucultural.org.br\/ocupacao\/en\/?s={search_term_string}"},"query-input":{"@type":"PropertyValueSpecification","valueRequired":true,"valueName":"search_term_string"}}],"inLanguage":"pt-BR"}]}},"_links":{"self":[{"href":"https:\/\/ocupacao.icnetworks.org\/ocupacao\/wp-json\/wp\/v2\/pages\/12442","targetHints":{"allow":["GET"]}}],"collection":[{"href":"https:\/\/ocupacao.icnetworks.org\/ocupacao\/wp-json\/wp\/v2\/pages"}],"about":[{"href":"https:\/\/ocupacao.icnetworks.org\/ocupacao\/wp-json\/wp\/v2\/types\/page"}],"author":[{"embeddable":true,"href":"https:\/\/ocupacao.icnetworks.org\/ocupacao\/wp-json\/wp\/v2\/users\/7"}],"replies":[{"embeddable":true,"href":"https:\/\/ocupacao.icnetworks.org\/ocupacao\/wp-json\/wp\/v2\/comments?post=12442"}],"version-history":[{"count":8,"href":"https:\/\/ocupacao.icnetworks.org\/ocupacao\/wp-json\/wp\/v2\/pages\/12442\/revisions"}],"predecessor-version":[{"id":18627,"href":"https:\/\/ocupacao.icnetworks.org\/ocupacao\/wp-json\/wp\/v2\/pages\/12442\/revisions\/18627"}],"up":[{"embeddable":true,"href":"https:\/\/ocupacao.icnetworks.org\/ocupacao\/wp-json\/wp\/v2\/pages\/12410"}],"wp:attachment":[{"href":"https:\/\/ocupacao.icnetworks.org\/ocupacao\/wp-json\/wp\/v2\/media?parent=12442"}],"curies":[{"name":"wp","href":"https:\/\/api.w.org\/{rel}","templated":true}]}}