
{"id":13381,"date":"2017-11-21T14:53:35","date_gmt":"2017-11-21T16:53:35","guid":{"rendered":"http:\/\/www7.icnetworks.org\/ocupacao\/?page_id=13381"},"modified":"2021-12-09T18:33:24","modified_gmt":"2021-12-09T21:33:24","slug":"oasis-nise-da-silveira","status":"publish","type":"page","link":"https:\/\/ocupacao.icnetworks.org\/ocupacao\/nise-da-silveira\/oasis-nise-da-silveira\/","title":{"rendered":"Clientes"},"content":{"rendered":"","protected":false},"excerpt":{"rendered":"","protected":false},"author":4,"featured_media":0,"parent":12975,"menu_order":3,"comment_status":"closed","ping_status":"closed","template":"","meta":{"footnotes":""},"class_list":["post-13381","page","type-page","status-publish","hentry","temas-ditadura-militar","areas-artes-visuais"],"yoast_head":"<!-- This site is optimized with the Yoast SEO plugin v27.3 - https:\/\/yoast.com\/product\/yoast-seo-wordpress\/ -->\n<title>Clientes - Ocupa\u00e7\u00e3o Nise da Silveira<\/title>\n<meta name=\"description\" content=\"Nise da Silveira rejeitava a palavra paciente em rela\u00e7\u00e3o aos internos dos hospitais psiqui\u00e1tricos. Ela determinava o uso do termo clientes.\" \/>\n<meta name=\"robots\" content=\"index, follow, max-snippet:-1, max-image-preview:large, max-video-preview:-1\" \/>\n<link rel=\"canonical\" href=\"https:\/\/ocupacao.icnetworks.org\/ocupacao\/nise-da-silveira\/oasis-nise-da-silveira\/\" \/>\n<meta property=\"og:locale\" content=\"pt_BR\" \/>\n<meta property=\"og:type\" content=\"article\" \/>\n<meta property=\"og:title\" content=\"Clientes - Ocupa\u00e7\u00e3o Nise da Silveira\" \/>\n<meta property=\"og:description\" content=\"Nise da Silveira rejeitava a palavra paciente em rela\u00e7\u00e3o aos internos dos hospitais psiqui\u00e1tricos. Ela determinava o uso do termo clientes.\" \/>\n<meta property=\"og:url\" content=\"https:\/\/ocupacao.icnetworks.org\/ocupacao\/nise-da-silveira\/oasis-nise-da-silveira\/\" \/>\n<meta property=\"og:site_name\" content=\"Ocupa\u00e7\u00e3o\" \/>\n<meta property=\"article:modified_time\" content=\"2021-12-09T21:33:24+00:00\" \/>\n<meta name=\"twitter:card\" content=\"summary_large_image\" \/>\n<script type=\"application\/ld+json\" class=\"yoast-schema-graph\">{\"@context\":\"https:\\\/\\\/schema.org\",\"@graph\":[{\"@type\":\"WebPage\",\"@id\":\"https:\\\/\\\/ocupacao.icnetworks.org\\\/ocupacao\\\/nise-da-silveira\\\/oasis-nise-da-silveira\\\/\",\"url\":\"https:\\\/\\\/ocupacao.icnetworks.org\\\/ocupacao\\\/nise-da-silveira\\\/oasis-nise-da-silveira\\\/\",\"name\":\"Clientes - Ocupa\u00e7\u00e3o Nise da Silveira\",\"isPartOf\":{\"@id\":\"https:\\\/\\\/www.itaucultural.org.br\\\/ocupacao\\\/en\\\/#website\"},\"datePublished\":\"2017-11-21T16:53:35+00:00\",\"dateModified\":\"2021-12-09T21:33:24+00:00\",\"description\":\"Nise da Silveira rejeitava a palavra paciente em rela\u00e7\u00e3o aos internos dos hospitais psiqui\u00e1tricos. Ela determinava o uso do termo clientes.\",\"breadcrumb\":{\"@id\":\"https:\\\/\\\/ocupacao.icnetworks.org\\\/ocupacao\\\/nise-da-silveira\\\/oasis-nise-da-silveira\\\/#breadcrumb\"},\"inLanguage\":\"pt-BR\",\"potentialAction\":[{\"@type\":\"ReadAction\",\"target\":[\"https:\\\/\\\/ocupacao.icnetworks.org\\\/ocupacao\\\/nise-da-silveira\\\/oasis-nise-da-silveira\\\/\"]}]},{\"@type\":\"BreadcrumbList\",\"@id\":\"https:\\\/\\\/ocupacao.icnetworks.org\\\/ocupacao\\\/nise-da-silveira\\\/oasis-nise-da-silveira\\\/#breadcrumb\",\"itemListElement\":[{\"@type\":\"ListItem\",\"position\":1,\"name\":\"In\u00edcio\",\"item\":\"https:\\\/\\\/www.itaucultural.org.br\\\/ocupacao\\\/en\\\/\"},{\"@type\":\"ListItem\",\"position\":2,\"name\":\"Nise da Silveira\",\"item\":\"https:\\\/\\\/ocupacao.icnetworks.org\\\/ocupacao\\\/nise-da-silveira\\\/\"},{\"@type\":\"ListItem\",\"position\":3,\"name\":\"Clientes\"}]},{\"@type\":\"WebSite\",\"@id\":\"https:\\\/\\\/www.itaucultural.org.br\\\/ocupacao\\\/en\\\/#website\",\"url\":\"https:\\\/\\\/www.itaucultural.org.br\\\/ocupacao\\\/en\\\/\",\"name\":\"Ocupa\u00e7\u00e3o\",\"description\":\"S\u00f3 mais um site WordPress\",\"potentialAction\":[{\"@type\":\"SearchAction\",\"target\":{\"@type\":\"EntryPoint\",\"urlTemplate\":\"https:\\\/\\\/www.itaucultural.org.br\\\/ocupacao\\\/en\\\/?s={search_term_string}\"},\"query-input\":{\"@type\":\"PropertyValueSpecification\",\"valueRequired\":true,\"valueName\":\"search_term_string\"}}],\"inLanguage\":\"pt-BR\"}]}<\/script>\n<!-- \/ Yoast SEO plugin. -->","yoast_head_json":{"title":"Clientes - Ocupa\u00e7\u00e3o Nise da Silveira","description":"Nise da Silveira rejeitava a palavra paciente em rela\u00e7\u00e3o aos internos dos hospitais psiqui\u00e1tricos. Ela determinava o uso do termo clientes.","robots":{"index":"index","follow":"follow","max-snippet":"max-snippet:-1","max-image-preview":"max-image-preview:large","max-video-preview":"max-video-preview:-1"},"canonical":"https:\/\/ocupacao.icnetworks.org\/ocupacao\/nise-da-silveira\/oasis-nise-da-silveira\/","og_locale":"pt_BR","og_type":"article","og_title":"Clientes - Ocupa\u00e7\u00e3o Nise da Silveira","og_description":"Nise da Silveira rejeitava a palavra paciente em rela\u00e7\u00e3o aos internos dos hospitais psiqui\u00e1tricos. Ela determinava o uso do termo clientes.","og_url":"https:\/\/ocupacao.icnetworks.org\/ocupacao\/nise-da-silveira\/oasis-nise-da-silveira\/","og_site_name":"Ocupa\u00e7\u00e3o","article_modified_time":"2021-12-09T21:33:24+00:00","twitter_card":"summary_large_image","schema":{"@context":"https:\/\/schema.org","@graph":[{"@type":"WebPage","@id":"https:\/\/ocupacao.icnetworks.org\/ocupacao\/nise-da-silveira\/oasis-nise-da-silveira\/","url":"https:\/\/ocupacao.icnetworks.org\/ocupacao\/nise-da-silveira\/oasis-nise-da-silveira\/","name":"Clientes - Ocupa\u00e7\u00e3o Nise da Silveira","isPartOf":{"@id":"https:\/\/www.itaucultural.org.br\/ocupacao\/en\/#website"},"datePublished":"2017-11-21T16:53:35+00:00","dateModified":"2021-12-09T21:33:24+00:00","description":"Nise da Silveira rejeitava a palavra paciente em rela\u00e7\u00e3o aos internos dos hospitais psiqui\u00e1tricos. Ela determinava o uso do termo clientes.","breadcrumb":{"@id":"https:\/\/ocupacao.icnetworks.org\/ocupacao\/nise-da-silveira\/oasis-nise-da-silveira\/#breadcrumb"},"inLanguage":"pt-BR","potentialAction":[{"@type":"ReadAction","target":["https:\/\/ocupacao.icnetworks.org\/ocupacao\/nise-da-silveira\/oasis-nise-da-silveira\/"]}]},{"@type":"BreadcrumbList","@id":"https:\/\/ocupacao.icnetworks.org\/ocupacao\/nise-da-silveira\/oasis-nise-da-silveira\/#breadcrumb","itemListElement":[{"@type":"ListItem","position":1,"name":"In\u00edcio","item":"https:\/\/www.itaucultural.org.br\/ocupacao\/en\/"},{"@type":"ListItem","position":2,"name":"Nise da Silveira","item":"https:\/\/ocupacao.icnetworks.org\/ocupacao\/nise-da-silveira\/"},{"@type":"ListItem","position":3,"name":"Clientes"}]},{"@type":"WebSite","@id":"https:\/\/www.itaucultural.org.br\/ocupacao\/en\/#website","url":"https:\/\/www.itaucultural.org.br\/ocupacao\/en\/","name":"Ocupa\u00e7\u00e3o","description":"S\u00f3 mais um site WordPress","potentialAction":[{"@type":"SearchAction","target":{"@type":"EntryPoint","urlTemplate":"https:\/\/www.itaucultural.org.br\/ocupacao\/en\/?s={search_term_string}"},"query-input":{"@type":"PropertyValueSpecification","valueRequired":true,"valueName":"search_term_string"}}],"inLanguage":"pt-BR"}]}},"_links":{"self":[{"href":"https:\/\/ocupacao.icnetworks.org\/ocupacao\/wp-json\/wp\/v2\/pages\/13381","targetHints":{"allow":["GET"]}}],"collection":[{"href":"https:\/\/ocupacao.icnetworks.org\/ocupacao\/wp-json\/wp\/v2\/pages"}],"about":[{"href":"https:\/\/ocupacao.icnetworks.org\/ocupacao\/wp-json\/wp\/v2\/types\/page"}],"author":[{"embeddable":true,"href":"https:\/\/ocupacao.icnetworks.org\/ocupacao\/wp-json\/wp\/v2\/users\/4"}],"replies":[{"embeddable":true,"href":"https:\/\/ocupacao.icnetworks.org\/ocupacao\/wp-json\/wp\/v2\/comments?post=13381"}],"version-history":[{"count":36,"href":"https:\/\/ocupacao.icnetworks.org\/ocupacao\/wp-json\/wp\/v2\/pages\/13381\/revisions"}],"predecessor-version":[{"id":18635,"href":"https:\/\/ocupacao.icnetworks.org\/ocupacao\/wp-json\/wp\/v2\/pages\/13381\/revisions\/18635"}],"up":[{"embeddable":true,"href":"https:\/\/ocupacao.icnetworks.org\/ocupacao\/wp-json\/wp\/v2\/pages\/12975"}],"wp:attachment":[{"href":"https:\/\/ocupacao.icnetworks.org\/ocupacao\/wp-json\/wp\/v2\/media?parent=13381"}],"curies":[{"name":"wp","href":"https:\/\/api.w.org\/{rel}","templated":true}]}}