
{"id":13570,"date":"2017-11-24T18:16:22","date_gmt":"2017-11-24T20:16:22","guid":{"rendered":"http:\/\/www7.icnetworks.org\/ocupacao\/?page_id=13570"},"modified":"2021-12-09T18:52:35","modified_gmt":"2021-12-09T21:52:35","slug":"o-legado","status":"publish","type":"page","link":"https:\/\/ocupacao.icnetworks.org\/ocupacao\/nise-da-silveira\/o-legado\/","title":{"rendered":"O legado"},"content":{"rendered":"","protected":false},"excerpt":{"rendered":"","protected":false},"author":8,"featured_media":0,"parent":12975,"menu_order":6,"comment_status":"closed","ping_status":"closed","template":"","meta":{"footnotes":""},"class_list":["post-13570","page","type-page","status-publish","hentry","temas-ditadura-militar","areas-artes-visuais","areas-psiquiatria"],"yoast_head":"<!-- This site is optimized with the Yoast SEO plugin v27.3 - https:\/\/yoast.com\/product\/yoast-seo-wordpress\/ -->\n<title>O legado - Ocupa\u00e7\u00e3o Nise da Silveira<\/title>\n<meta name=\"description\" content=\"O legado brilhante de Nise da Silveira se materializa tamb\u00e9m em todos os espa\u00e7os f\u00edsicos incr\u00edveis que ela fundou.\" \/>\n<meta name=\"robots\" content=\"index, follow, max-snippet:-1, max-image-preview:large, max-video-preview:-1\" \/>\n<link rel=\"canonical\" href=\"https:\/\/www.itaucultural.org.br\/ocupacao\/nise-da-silveira\/o-legado\/\" \/>\n<meta property=\"og:locale\" content=\"pt_BR\" \/>\n<meta property=\"og:type\" content=\"article\" \/>\n<meta property=\"og:title\" content=\"O legado - Ocupa\u00e7\u00e3o Nise da Silveira\" \/>\n<meta property=\"og:description\" content=\"O legado brilhante de Nise da Silveira se materializa tamb\u00e9m em todos os espa\u00e7os f\u00edsicos incr\u00edveis que ela fundou.\" \/>\n<meta property=\"og:url\" content=\"https:\/\/www.itaucultural.org.br\/ocupacao\/nise-da-silveira\/o-legado\/\" \/>\n<meta property=\"og:site_name\" content=\"Ocupa\u00e7\u00e3o\" \/>\n<meta property=\"article:modified_time\" content=\"2021-12-09T21:52:35+00:00\" \/>\n<meta name=\"twitter:card\" content=\"summary_large_image\" \/>\n<script type=\"application\/ld+json\" class=\"yoast-schema-graph\">{\"@context\":\"https:\\\/\\\/schema.org\",\"@graph\":[{\"@type\":\"WebPage\",\"@id\":\"https:\\\/\\\/www.itaucultural.org.br\\\/ocupacao\\\/nise-da-silveira\\\/o-legado\\\/\",\"url\":\"https:\\\/\\\/www.itaucultural.org.br\\\/ocupacao\\\/nise-da-silveira\\\/o-legado\\\/\",\"name\":\"O legado - Ocupa\u00e7\u00e3o Nise da Silveira\",\"isPartOf\":{\"@id\":\"https:\\\/\\\/www.itaucultural.org.br\\\/ocupacao\\\/en\\\/#website\"},\"datePublished\":\"2017-11-24T20:16:22+00:00\",\"dateModified\":\"2021-12-09T21:52:35+00:00\",\"description\":\"O legado brilhante de Nise da Silveira se materializa tamb\u00e9m em todos os espa\u00e7os f\u00edsicos incr\u00edveis que ela fundou.\",\"breadcrumb\":{\"@id\":\"https:\\\/\\\/www.itaucultural.org.br\\\/ocupacao\\\/nise-da-silveira\\\/o-legado\\\/#breadcrumb\"},\"inLanguage\":\"pt-BR\",\"potentialAction\":[{\"@type\":\"ReadAction\",\"target\":[\"https:\\\/\\\/www.itaucultural.org.br\\\/ocupacao\\\/nise-da-silveira\\\/o-legado\\\/\"]}]},{\"@type\":\"BreadcrumbList\",\"@id\":\"https:\\\/\\\/www.itaucultural.org.br\\\/ocupacao\\\/nise-da-silveira\\\/o-legado\\\/#breadcrumb\",\"itemListElement\":[{\"@type\":\"ListItem\",\"position\":1,\"name\":\"In\u00edcio\",\"item\":\"https:\\\/\\\/www.itaucultural.org.br\\\/ocupacao\\\/en\\\/\"},{\"@type\":\"ListItem\",\"position\":2,\"name\":\"Nise da Silveira\",\"item\":\"https:\\\/\\\/ocupacao.icnetworks.org\\\/ocupacao\\\/nise-da-silveira\\\/\"},{\"@type\":\"ListItem\",\"position\":3,\"name\":\"O legado\"}]},{\"@type\":\"WebSite\",\"@id\":\"https:\\\/\\\/www.itaucultural.org.br\\\/ocupacao\\\/en\\\/#website\",\"url\":\"https:\\\/\\\/www.itaucultural.org.br\\\/ocupacao\\\/en\\\/\",\"name\":\"Ocupa\u00e7\u00e3o\",\"description\":\"S\u00f3 mais um site WordPress\",\"potentialAction\":[{\"@type\":\"SearchAction\",\"target\":{\"@type\":\"EntryPoint\",\"urlTemplate\":\"https:\\\/\\\/www.itaucultural.org.br\\\/ocupacao\\\/en\\\/?s={search_term_string}\"},\"query-input\":{\"@type\":\"PropertyValueSpecification\",\"valueRequired\":true,\"valueName\":\"search_term_string\"}}],\"inLanguage\":\"pt-BR\"}]}<\/script>\n<!-- \/ Yoast SEO plugin. -->","yoast_head_json":{"title":"O legado - Ocupa\u00e7\u00e3o Nise da Silveira","description":"O legado brilhante de Nise da Silveira se materializa tamb\u00e9m em todos os espa\u00e7os f\u00edsicos incr\u00edveis que ela fundou.","robots":{"index":"index","follow":"follow","max-snippet":"max-snippet:-1","max-image-preview":"max-image-preview:large","max-video-preview":"max-video-preview:-1"},"canonical":"https:\/\/www.itaucultural.org.br\/ocupacao\/nise-da-silveira\/o-legado\/","og_locale":"pt_BR","og_type":"article","og_title":"O legado - Ocupa\u00e7\u00e3o Nise da Silveira","og_description":"O legado brilhante de Nise da Silveira se materializa tamb\u00e9m em todos os espa\u00e7os f\u00edsicos incr\u00edveis que ela fundou.","og_url":"https:\/\/www.itaucultural.org.br\/ocupacao\/nise-da-silveira\/o-legado\/","og_site_name":"Ocupa\u00e7\u00e3o","article_modified_time":"2021-12-09T21:52:35+00:00","twitter_card":"summary_large_image","schema":{"@context":"https:\/\/schema.org","@graph":[{"@type":"WebPage","@id":"https:\/\/www.itaucultural.org.br\/ocupacao\/nise-da-silveira\/o-legado\/","url":"https:\/\/www.itaucultural.org.br\/ocupacao\/nise-da-silveira\/o-legado\/","name":"O legado - Ocupa\u00e7\u00e3o Nise da Silveira","isPartOf":{"@id":"https:\/\/www.itaucultural.org.br\/ocupacao\/en\/#website"},"datePublished":"2017-11-24T20:16:22+00:00","dateModified":"2021-12-09T21:52:35+00:00","description":"O legado brilhante de Nise da Silveira se materializa tamb\u00e9m em todos os espa\u00e7os f\u00edsicos incr\u00edveis que ela fundou.","breadcrumb":{"@id":"https:\/\/www.itaucultural.org.br\/ocupacao\/nise-da-silveira\/o-legado\/#breadcrumb"},"inLanguage":"pt-BR","potentialAction":[{"@type":"ReadAction","target":["https:\/\/www.itaucultural.org.br\/ocupacao\/nise-da-silveira\/o-legado\/"]}]},{"@type":"BreadcrumbList","@id":"https:\/\/www.itaucultural.org.br\/ocupacao\/nise-da-silveira\/o-legado\/#breadcrumb","itemListElement":[{"@type":"ListItem","position":1,"name":"In\u00edcio","item":"https:\/\/www.itaucultural.org.br\/ocupacao\/en\/"},{"@type":"ListItem","position":2,"name":"Nise da Silveira","item":"https:\/\/ocupacao.icnetworks.org\/ocupacao\/nise-da-silveira\/"},{"@type":"ListItem","position":3,"name":"O legado"}]},{"@type":"WebSite","@id":"https:\/\/www.itaucultural.org.br\/ocupacao\/en\/#website","url":"https:\/\/www.itaucultural.org.br\/ocupacao\/en\/","name":"Ocupa\u00e7\u00e3o","description":"S\u00f3 mais um site WordPress","potentialAction":[{"@type":"SearchAction","target":{"@type":"EntryPoint","urlTemplate":"https:\/\/www.itaucultural.org.br\/ocupacao\/en\/?s={search_term_string}"},"query-input":{"@type":"PropertyValueSpecification","valueRequired":true,"valueName":"search_term_string"}}],"inLanguage":"pt-BR"}]}},"_links":{"self":[{"href":"https:\/\/ocupacao.icnetworks.org\/ocupacao\/wp-json\/wp\/v2\/pages\/13570","targetHints":{"allow":["GET"]}}],"collection":[{"href":"https:\/\/ocupacao.icnetworks.org\/ocupacao\/wp-json\/wp\/v2\/pages"}],"about":[{"href":"https:\/\/ocupacao.icnetworks.org\/ocupacao\/wp-json\/wp\/v2\/types\/page"}],"author":[{"embeddable":true,"href":"https:\/\/ocupacao.icnetworks.org\/ocupacao\/wp-json\/wp\/v2\/users\/8"}],"replies":[{"embeddable":true,"href":"https:\/\/ocupacao.icnetworks.org\/ocupacao\/wp-json\/wp\/v2\/comments?post=13570"}],"version-history":[{"count":7,"href":"https:\/\/ocupacao.icnetworks.org\/ocupacao\/wp-json\/wp\/v2\/pages\/13570\/revisions"}],"predecessor-version":[{"id":18637,"href":"https:\/\/ocupacao.icnetworks.org\/ocupacao\/wp-json\/wp\/v2\/pages\/13570\/revisions\/18637"}],"up":[{"embeddable":true,"href":"https:\/\/ocupacao.icnetworks.org\/ocupacao\/wp-json\/wp\/v2\/pages\/12975"}],"wp:attachment":[{"href":"https:\/\/ocupacao.icnetworks.org\/ocupacao\/wp-json\/wp\/v2\/media?parent=13570"}],"curies":[{"name":"wp","href":"https:\/\/api.w.org\/{rel}","templated":true}]}}