
{"id":17163,"date":"2021-08-20T16:14:17","date_gmt":"2021-08-20T19:14:17","guid":{"rendered":"https:\/\/www7.icnetworks.org\/ocupacao\/?page_id=17163"},"modified":"2023-03-13T14:44:49","modified_gmt":"2023-03-13T17:44:49","slug":"sueli-carneiro","status":"publish","type":"page","link":"https:\/\/ocupacao.icnetworks.org\/ocupacao\/sueli-carneiro\/","title":{"rendered":"Sueli Carneiro"},"content":{"rendered":"","protected":false},"excerpt":{"rendered":"","protected":false},"author":16,"featured_media":17211,"parent":0,"menu_order":68,"comment_status":"closed","ping_status":"closed","template":"","meta":{"footnotes":""},"class_list":["post-17163","page","type-page","status-publish","has-post-thumbnail","hentry","temas-feminismo","temas-questoes-raciais","areas-ativismo","areas-eu"],"yoast_head":"<!-- This site is optimized with the Yoast SEO plugin v27.4 - https:\/\/yoast.com\/product\/yoast-seo-wordpress\/ -->\n<title>Sueli Carneiro - Ocupa\u00e7\u00e3o<\/title>\n<meta name=\"description\" content=\"A hist\u00f3ria e o legado da fil\u00f3sofa paulista Sueli Carneiro, um dos principais nomes do feminismo negro no Brasil.\" \/>\n<meta name=\"robots\" content=\"index, follow, max-snippet:-1, max-image-preview:large, max-video-preview:-1\" \/>\n<link rel=\"canonical\" href=\"https:\/\/ocupacao.icnetworks.org\/ocupacao\/sueli-carneiro\/\" \/>\n<meta property=\"og:locale\" content=\"pt_BR\" \/>\n<meta property=\"og:type\" content=\"article\" \/>\n<meta property=\"og:title\" content=\"Sueli Carneiro\" \/>\n<meta property=\"og:description\" content=\"A hist\u00f3ria e o legado da fil\u00f3sofa paulista Sueli Carneiro, um dos principais nomes do feminismo negro no Brasil.\" \/>\n<meta property=\"og:url\" content=\"https:\/\/ocupacao.icnetworks.org\/ocupacao\/sueli-carneiro\/\" \/>\n<meta property=\"og:site_name\" content=\"Ocupa\u00e7\u00e3o\" \/>\n<meta property=\"article:modified_time\" content=\"2023-03-13T17:44:49+00:00\" \/>\n<meta property=\"og:image\" content=\"https:\/\/ocupacao.icnetworks.org\/ocupacao\/wp-content\/uploads\/2021\/08\/sueli_500x270.jpg\" \/>\n\t<meta property=\"og:image:width\" content=\"500\" \/>\n\t<meta property=\"og:image:height\" content=\"270\" \/>\n\t<meta property=\"og:image:type\" content=\"image\/jpeg\" \/>\n<meta name=\"twitter:card\" content=\"summary_large_image\" \/>\n<meta name=\"twitter:title\" content=\"Sueli Carneiro\" \/>\n<meta name=\"twitter:description\" content=\"A hist\u00f3ria e o legado da fil\u00f3sofa paulista Sueli Carneiro, um dos principais nomes do feminismo negro no Brasil.\" \/>\n<script type=\"application\/ld+json\" class=\"yoast-schema-graph\">{\"@context\":\"https:\\\/\\\/schema.org\",\"@graph\":[{\"@type\":\"WebPage\",\"@id\":\"https:\\\/\\\/ocupacao.icnetworks.org\\\/ocupacao\\\/sueli-carneiro\\\/\",\"url\":\"https:\\\/\\\/ocupacao.icnetworks.org\\\/ocupacao\\\/sueli-carneiro\\\/\",\"name\":\"Sueli Carneiro - Ocupa\u00e7\u00e3o\",\"isPartOf\":{\"@id\":\"https:\\\/\\\/www.itaucultural.org.br\\\/ocupacao\\\/en\\\/#website\"},\"primaryImageOfPage\":{\"@id\":\"https:\\\/\\\/ocupacao.icnetworks.org\\\/ocupacao\\\/sueli-carneiro\\\/#primaryimage\"},\"image\":{\"@id\":\"https:\\\/\\\/ocupacao.icnetworks.org\\\/ocupacao\\\/sueli-carneiro\\\/#primaryimage\"},\"thumbnailUrl\":\"https:\\\/\\\/ocupacao.icnetworks.org\\\/ocupacao\\\/wp-content\\\/uploads\\\/2021\\\/08\\\/sueli_500x270.jpg\",\"datePublished\":\"2021-08-20T19:14:17+00:00\",\"dateModified\":\"2023-03-13T17:44:49+00:00\",\"description\":\"A hist\u00f3ria e o legado da fil\u00f3sofa paulista Sueli Carneiro, um dos principais nomes do feminismo negro no Brasil.\",\"breadcrumb\":{\"@id\":\"https:\\\/\\\/ocupacao.icnetworks.org\\\/ocupacao\\\/sueli-carneiro\\\/#breadcrumb\"},\"inLanguage\":\"pt-BR\",\"potentialAction\":[{\"@type\":\"ReadAction\",\"target\":[\"https:\\\/\\\/ocupacao.icnetworks.org\\\/ocupacao\\\/sueli-carneiro\\\/\"]}]},{\"@type\":\"ImageObject\",\"inLanguage\":\"pt-BR\",\"@id\":\"https:\\\/\\\/ocupacao.icnetworks.org\\\/ocupacao\\\/sueli-carneiro\\\/#primaryimage\",\"url\":\"https:\\\/\\\/ocupacao.icnetworks.org\\\/ocupacao\\\/wp-content\\\/uploads\\\/2021\\\/08\\\/sueli_500x270.jpg\",\"contentUrl\":\"https:\\\/\\\/ocupacao.icnetworks.org\\\/ocupacao\\\/wp-content\\\/uploads\\\/2021\\\/08\\\/sueli_500x270.jpg\",\"width\":500,\"height\":270,\"caption\":\"Sueli Carneiro\"},{\"@type\":\"BreadcrumbList\",\"@id\":\"https:\\\/\\\/ocupacao.icnetworks.org\\\/ocupacao\\\/sueli-carneiro\\\/#breadcrumb\",\"itemListElement\":[{\"@type\":\"ListItem\",\"position\":1,\"name\":\"In\u00edcio\",\"item\":\"https:\\\/\\\/www.itaucultural.org.br\\\/ocupacao\\\/en\\\/\"},{\"@type\":\"ListItem\",\"position\":2,\"name\":\"Sueli Carneiro\"}]},{\"@type\":\"WebSite\",\"@id\":\"https:\\\/\\\/www.itaucultural.org.br\\\/ocupacao\\\/en\\\/#website\",\"url\":\"https:\\\/\\\/www.itaucultural.org.br\\\/ocupacao\\\/en\\\/\",\"name\":\"Ocupa\u00e7\u00e3o\",\"description\":\"S\u00f3 mais um site WordPress\",\"potentialAction\":[{\"@type\":\"SearchAction\",\"target\":{\"@type\":\"EntryPoint\",\"urlTemplate\":\"https:\\\/\\\/www.itaucultural.org.br\\\/ocupacao\\\/en\\\/?s={search_term_string}\"},\"query-input\":{\"@type\":\"PropertyValueSpecification\",\"valueRequired\":true,\"valueName\":\"search_term_string\"}}],\"inLanguage\":\"pt-BR\"}]}<\/script>\n<!-- \/ Yoast SEO plugin. -->","yoast_head_json":{"title":"Sueli Carneiro - Ocupa\u00e7\u00e3o","description":"A hist\u00f3ria e o legado da fil\u00f3sofa paulista Sueli Carneiro, um dos principais nomes do feminismo negro no Brasil.","robots":{"index":"index","follow":"follow","max-snippet":"max-snippet:-1","max-image-preview":"max-image-preview:large","max-video-preview":"max-video-preview:-1"},"canonical":"https:\/\/ocupacao.icnetworks.org\/ocupacao\/sueli-carneiro\/","og_locale":"pt_BR","og_type":"article","og_title":"Sueli Carneiro","og_description":"A hist\u00f3ria e o legado da fil\u00f3sofa paulista Sueli Carneiro, um dos principais nomes do feminismo negro no Brasil.","og_url":"https:\/\/ocupacao.icnetworks.org\/ocupacao\/sueli-carneiro\/","og_site_name":"Ocupa\u00e7\u00e3o","article_modified_time":"2023-03-13T17:44:49+00:00","og_image":[{"width":500,"height":270,"url":"https:\/\/ocupacao.icnetworks.org\/ocupacao\/wp-content\/uploads\/2021\/08\/sueli_500x270.jpg","type":"image\/jpeg"}],"twitter_card":"summary_large_image","twitter_title":"Sueli Carneiro","twitter_description":"A hist\u00f3ria e o legado da fil\u00f3sofa paulista Sueli Carneiro, um dos principais nomes do feminismo negro no Brasil.","schema":{"@context":"https:\/\/schema.org","@graph":[{"@type":"WebPage","@id":"https:\/\/ocupacao.icnetworks.org\/ocupacao\/sueli-carneiro\/","url":"https:\/\/ocupacao.icnetworks.org\/ocupacao\/sueli-carneiro\/","name":"Sueli Carneiro - Ocupa\u00e7\u00e3o","isPartOf":{"@id":"https:\/\/www.itaucultural.org.br\/ocupacao\/en\/#website"},"primaryImageOfPage":{"@id":"https:\/\/ocupacao.icnetworks.org\/ocupacao\/sueli-carneiro\/#primaryimage"},"image":{"@id":"https:\/\/ocupacao.icnetworks.org\/ocupacao\/sueli-carneiro\/#primaryimage"},"thumbnailUrl":"https:\/\/ocupacao.icnetworks.org\/ocupacao\/wp-content\/uploads\/2021\/08\/sueli_500x270.jpg","datePublished":"2021-08-20T19:14:17+00:00","dateModified":"2023-03-13T17:44:49+00:00","description":"A hist\u00f3ria e o legado da fil\u00f3sofa paulista Sueli Carneiro, um dos principais nomes do feminismo negro no Brasil.","breadcrumb":{"@id":"https:\/\/ocupacao.icnetworks.org\/ocupacao\/sueli-carneiro\/#breadcrumb"},"inLanguage":"pt-BR","potentialAction":[{"@type":"ReadAction","target":["https:\/\/ocupacao.icnetworks.org\/ocupacao\/sueli-carneiro\/"]}]},{"@type":"ImageObject","inLanguage":"pt-BR","@id":"https:\/\/ocupacao.icnetworks.org\/ocupacao\/sueli-carneiro\/#primaryimage","url":"https:\/\/ocupacao.icnetworks.org\/ocupacao\/wp-content\/uploads\/2021\/08\/sueli_500x270.jpg","contentUrl":"https:\/\/ocupacao.icnetworks.org\/ocupacao\/wp-content\/uploads\/2021\/08\/sueli_500x270.jpg","width":500,"height":270,"caption":"Sueli Carneiro"},{"@type":"BreadcrumbList","@id":"https:\/\/ocupacao.icnetworks.org\/ocupacao\/sueli-carneiro\/#breadcrumb","itemListElement":[{"@type":"ListItem","position":1,"name":"In\u00edcio","item":"https:\/\/www.itaucultural.org.br\/ocupacao\/en\/"},{"@type":"ListItem","position":2,"name":"Sueli Carneiro"}]},{"@type":"WebSite","@id":"https:\/\/www.itaucultural.org.br\/ocupacao\/en\/#website","url":"https:\/\/www.itaucultural.org.br\/ocupacao\/en\/","name":"Ocupa\u00e7\u00e3o","description":"S\u00f3 mais um site WordPress","potentialAction":[{"@type":"SearchAction","target":{"@type":"EntryPoint","urlTemplate":"https:\/\/www.itaucultural.org.br\/ocupacao\/en\/?s={search_term_string}"},"query-input":{"@type":"PropertyValueSpecification","valueRequired":true,"valueName":"search_term_string"}}],"inLanguage":"pt-BR"}]}},"_links":{"self":[{"href":"https:\/\/ocupacao.icnetworks.org\/ocupacao\/wp-json\/wp\/v2\/pages\/17163","targetHints":{"allow":["GET"]}}],"collection":[{"href":"https:\/\/ocupacao.icnetworks.org\/ocupacao\/wp-json\/wp\/v2\/pages"}],"about":[{"href":"https:\/\/ocupacao.icnetworks.org\/ocupacao\/wp-json\/wp\/v2\/types\/page"}],"author":[{"embeddable":true,"href":"https:\/\/ocupacao.icnetworks.org\/ocupacao\/wp-json\/wp\/v2\/users\/16"}],"replies":[{"embeddable":true,"href":"https:\/\/ocupacao.icnetworks.org\/ocupacao\/wp-json\/wp\/v2\/comments?post=17163"}],"version-history":[{"count":47,"href":"https:\/\/ocupacao.icnetworks.org\/ocupacao\/wp-json\/wp\/v2\/pages\/17163\/revisions"}],"predecessor-version":[{"id":18901,"href":"https:\/\/ocupacao.icnetworks.org\/ocupacao\/wp-json\/wp\/v2\/pages\/17163\/revisions\/18901"}],"wp:featuredmedia":[{"embeddable":true,"href":"https:\/\/ocupacao.icnetworks.org\/ocupacao\/wp-json\/wp\/v2\/media\/17211"}],"wp:attachment":[{"href":"https:\/\/ocupacao.icnetworks.org\/ocupacao\/wp-json\/wp\/v2\/media?parent=17163"}],"curies":[{"name":"wp","href":"https:\/\/api.w.org\/{rel}","templated":true}]}}