
{"id":17231,"date":"2021-08-24T18:19:17","date_gmt":"2021-08-24T21:19:17","guid":{"rendered":"https:\/\/www7.icnetworks.org\/ocupacao\/?page_id=17231"},"modified":"2021-12-17T17:15:39","modified_gmt":"2021-12-17T20:15:39","slug":"memorias-sueli-carneiro","status":"publish","type":"page","link":"https:\/\/ocupacao.icnetworks.org\/ocupacao\/sueli-carneiro\/memorias-sueli-carneiro\/","title":{"rendered":"A guardadora da mem\u00f3ria"},"content":{"rendered":"","protected":false},"excerpt":{"rendered":"","protected":false},"author":16,"featured_media":0,"parent":17163,"menu_order":6,"comment_status":"closed","ping_status":"closed","template":"","meta":{"footnotes":""},"class_list":["post-17231","page","type-page","status-publish","hentry","temas-feminismo","temas-poesia","temas-questoes-raciais","areas-ativismo","areas-gestao-cultural"],"yoast_head":"<!-- This site is optimized with the Yoast SEO plugin v27.3 - https:\/\/yoast.com\/product\/yoast-seo-wordpress\/ -->\n<title>A guardadora da mem\u00f3ria - Ocupa\u00e7\u00e3o Sueli Carneiro<\/title>\n<meta name=\"description\" content=\"Djamila Ribeiro retoma algumas de suas mem\u00f3rias com Sueli Carneiro, enquanto jovens poetas fazem versos sobre sua admira\u00e7\u00e3o pela fil\u00f3sofa.\" \/>\n<meta name=\"robots\" content=\"index, follow, max-snippet:-1, max-image-preview:large, max-video-preview:-1\" \/>\n<link rel=\"canonical\" href=\"https:\/\/www.itaucultural.org.br\/ocupacao\/sueli-carneiro\/memorias-sueli-carneiro\/\" \/>\n<meta property=\"og:locale\" content=\"pt_BR\" \/>\n<meta property=\"og:type\" content=\"article\" \/>\n<meta property=\"og:title\" content=\"A guardadora da mem\u00f3ria - Ocupa\u00e7\u00e3o Sueli Carneiro\" \/>\n<meta property=\"og:description\" content=\"Djamila Ribeiro retoma algumas de suas mem\u00f3rias com Sueli Carneiro, enquanto jovens poetas fazem versos sobre sua admira\u00e7\u00e3o pela fil\u00f3sofa.\" \/>\n<meta property=\"og:url\" content=\"https:\/\/www.itaucultural.org.br\/ocupacao\/sueli-carneiro\/memorias-sueli-carneiro\/\" \/>\n<meta property=\"og:site_name\" content=\"Ocupa\u00e7\u00e3o\" \/>\n<meta property=\"article:modified_time\" content=\"2021-12-17T20:15:39+00:00\" \/>\n<meta name=\"twitter:card\" content=\"summary_large_image\" \/>\n<script type=\"application\/ld+json\" class=\"yoast-schema-graph\">{\"@context\":\"https:\\\/\\\/schema.org\",\"@graph\":[{\"@type\":\"WebPage\",\"@id\":\"https:\\\/\\\/www.itaucultural.org.br\\\/ocupacao\\\/sueli-carneiro\\\/memorias-sueli-carneiro\\\/\",\"url\":\"https:\\\/\\\/www.itaucultural.org.br\\\/ocupacao\\\/sueli-carneiro\\\/memorias-sueli-carneiro\\\/\",\"name\":\"A guardadora da mem\u00f3ria - Ocupa\u00e7\u00e3o Sueli Carneiro\",\"isPartOf\":{\"@id\":\"https:\\\/\\\/www.itaucultural.org.br\\\/ocupacao\\\/en\\\/#website\"},\"datePublished\":\"2021-08-24T21:19:17+00:00\",\"dateModified\":\"2021-12-17T20:15:39+00:00\",\"description\":\"Djamila Ribeiro retoma algumas de suas mem\u00f3rias com Sueli Carneiro, enquanto jovens poetas fazem versos sobre sua admira\u00e7\u00e3o pela fil\u00f3sofa.\",\"breadcrumb\":{\"@id\":\"https:\\\/\\\/www.itaucultural.org.br\\\/ocupacao\\\/sueli-carneiro\\\/memorias-sueli-carneiro\\\/#breadcrumb\"},\"inLanguage\":\"pt-BR\",\"potentialAction\":[{\"@type\":\"ReadAction\",\"target\":[\"https:\\\/\\\/www.itaucultural.org.br\\\/ocupacao\\\/sueli-carneiro\\\/memorias-sueli-carneiro\\\/\"]}]},{\"@type\":\"BreadcrumbList\",\"@id\":\"https:\\\/\\\/www.itaucultural.org.br\\\/ocupacao\\\/sueli-carneiro\\\/memorias-sueli-carneiro\\\/#breadcrumb\",\"itemListElement\":[{\"@type\":\"ListItem\",\"position\":1,\"name\":\"In\u00edcio\",\"item\":\"https:\\\/\\\/www.itaucultural.org.br\\\/ocupacao\\\/en\\\/\"},{\"@type\":\"ListItem\",\"position\":2,\"name\":\"Sueli Carneiro\",\"item\":\"https:\\\/\\\/ocupacao.icnetworks.org\\\/ocupacao\\\/sueli-carneiro\\\/\"},{\"@type\":\"ListItem\",\"position\":3,\"name\":\"A guardadora da mem\u00f3ria\"}]},{\"@type\":\"WebSite\",\"@id\":\"https:\\\/\\\/www.itaucultural.org.br\\\/ocupacao\\\/en\\\/#website\",\"url\":\"https:\\\/\\\/www.itaucultural.org.br\\\/ocupacao\\\/en\\\/\",\"name\":\"Ocupa\u00e7\u00e3o\",\"description\":\"S\u00f3 mais um site WordPress\",\"potentialAction\":[{\"@type\":\"SearchAction\",\"target\":{\"@type\":\"EntryPoint\",\"urlTemplate\":\"https:\\\/\\\/www.itaucultural.org.br\\\/ocupacao\\\/en\\\/?s={search_term_string}\"},\"query-input\":{\"@type\":\"PropertyValueSpecification\",\"valueRequired\":true,\"valueName\":\"search_term_string\"}}],\"inLanguage\":\"pt-BR\"}]}<\/script>\n<!-- \/ Yoast SEO plugin. -->","yoast_head_json":{"title":"A guardadora da mem\u00f3ria - Ocupa\u00e7\u00e3o Sueli Carneiro","description":"Djamila Ribeiro retoma algumas de suas mem\u00f3rias com Sueli Carneiro, enquanto jovens poetas fazem versos sobre sua admira\u00e7\u00e3o pela fil\u00f3sofa.","robots":{"index":"index","follow":"follow","max-snippet":"max-snippet:-1","max-image-preview":"max-image-preview:large","max-video-preview":"max-video-preview:-1"},"canonical":"https:\/\/www.itaucultural.org.br\/ocupacao\/sueli-carneiro\/memorias-sueli-carneiro\/","og_locale":"pt_BR","og_type":"article","og_title":"A guardadora da mem\u00f3ria - Ocupa\u00e7\u00e3o Sueli Carneiro","og_description":"Djamila Ribeiro retoma algumas de suas mem\u00f3rias com Sueli Carneiro, enquanto jovens poetas fazem versos sobre sua admira\u00e7\u00e3o pela fil\u00f3sofa.","og_url":"https:\/\/www.itaucultural.org.br\/ocupacao\/sueli-carneiro\/memorias-sueli-carneiro\/","og_site_name":"Ocupa\u00e7\u00e3o","article_modified_time":"2021-12-17T20:15:39+00:00","twitter_card":"summary_large_image","schema":{"@context":"https:\/\/schema.org","@graph":[{"@type":"WebPage","@id":"https:\/\/www.itaucultural.org.br\/ocupacao\/sueli-carneiro\/memorias-sueli-carneiro\/","url":"https:\/\/www.itaucultural.org.br\/ocupacao\/sueli-carneiro\/memorias-sueli-carneiro\/","name":"A guardadora da mem\u00f3ria - Ocupa\u00e7\u00e3o Sueli Carneiro","isPartOf":{"@id":"https:\/\/www.itaucultural.org.br\/ocupacao\/en\/#website"},"datePublished":"2021-08-24T21:19:17+00:00","dateModified":"2021-12-17T20:15:39+00:00","description":"Djamila Ribeiro retoma algumas de suas mem\u00f3rias com Sueli Carneiro, enquanto jovens poetas fazem versos sobre sua admira\u00e7\u00e3o pela fil\u00f3sofa.","breadcrumb":{"@id":"https:\/\/www.itaucultural.org.br\/ocupacao\/sueli-carneiro\/memorias-sueli-carneiro\/#breadcrumb"},"inLanguage":"pt-BR","potentialAction":[{"@type":"ReadAction","target":["https:\/\/www.itaucultural.org.br\/ocupacao\/sueli-carneiro\/memorias-sueli-carneiro\/"]}]},{"@type":"BreadcrumbList","@id":"https:\/\/www.itaucultural.org.br\/ocupacao\/sueli-carneiro\/memorias-sueli-carneiro\/#breadcrumb","itemListElement":[{"@type":"ListItem","position":1,"name":"In\u00edcio","item":"https:\/\/www.itaucultural.org.br\/ocupacao\/en\/"},{"@type":"ListItem","position":2,"name":"Sueli Carneiro","item":"https:\/\/ocupacao.icnetworks.org\/ocupacao\/sueli-carneiro\/"},{"@type":"ListItem","position":3,"name":"A guardadora da mem\u00f3ria"}]},{"@type":"WebSite","@id":"https:\/\/www.itaucultural.org.br\/ocupacao\/en\/#website","url":"https:\/\/www.itaucultural.org.br\/ocupacao\/en\/","name":"Ocupa\u00e7\u00e3o","description":"S\u00f3 mais um site WordPress","potentialAction":[{"@type":"SearchAction","target":{"@type":"EntryPoint","urlTemplate":"https:\/\/www.itaucultural.org.br\/ocupacao\/en\/?s={search_term_string}"},"query-input":{"@type":"PropertyValueSpecification","valueRequired":true,"valueName":"search_term_string"}}],"inLanguage":"pt-BR"}]}},"_links":{"self":[{"href":"https:\/\/ocupacao.icnetworks.org\/ocupacao\/wp-json\/wp\/v2\/pages\/17231","targetHints":{"allow":["GET"]}}],"collection":[{"href":"https:\/\/ocupacao.icnetworks.org\/ocupacao\/wp-json\/wp\/v2\/pages"}],"about":[{"href":"https:\/\/ocupacao.icnetworks.org\/ocupacao\/wp-json\/wp\/v2\/types\/page"}],"author":[{"embeddable":true,"href":"https:\/\/ocupacao.icnetworks.org\/ocupacao\/wp-json\/wp\/v2\/users\/16"}],"replies":[{"embeddable":true,"href":"https:\/\/ocupacao.icnetworks.org\/ocupacao\/wp-json\/wp\/v2\/comments?post=17231"}],"version-history":[{"count":36,"href":"https:\/\/ocupacao.icnetworks.org\/ocupacao\/wp-json\/wp\/v2\/pages\/17231\/revisions"}],"predecessor-version":[{"id":17584,"href":"https:\/\/ocupacao.icnetworks.org\/ocupacao\/wp-json\/wp\/v2\/pages\/17231\/revisions\/17584"}],"up":[{"embeddable":true,"href":"https:\/\/ocupacao.icnetworks.org\/ocupacao\/wp-json\/wp\/v2\/pages\/17163"}],"wp:attachment":[{"href":"https:\/\/ocupacao.icnetworks.org\/ocupacao\/wp-json\/wp\/v2\/media?parent=17231"}],"curies":[{"name":"wp","href":"https:\/\/api.w.org\/{rel}","templated":true}]}}