
{"id":17597,"date":"2021-09-10T16:12:28","date_gmt":"2021-09-10T19:12:28","guid":{"rendered":"https:\/\/www7.icnetworks.org\/ocupacao\/?page_id=17597"},"modified":"2021-12-17T11:27:24","modified_gmt":"2021-12-17T14:27:24","slug":"paulo-freire-1-2-3-4-e-5","status":"publish","type":"page","link":"https:\/\/ocupacao.icnetworks.org\/ocupacao\/paulo-freire\/paulo-freire-1-2-3-4-e-5\/","title":{"rendered":"1, 2, 3, 4 e 5"},"content":{"rendered":"","protected":false},"excerpt":{"rendered":"","protected":false},"author":2,"featured_media":0,"parent":17591,"menu_order":1,"comment_status":"closed","ping_status":"closed","template":"","meta":{"footnotes":""},"class_list":["post-17597","page","type-page","status-publish","hentry","temas-educacao","temas-literatura","temas-pesquisa","areas-alfabetizacao","areas-ensino"],"yoast_head":"<!-- This site is optimized with the Yoast SEO plugin v27.4 - https:\/\/yoast.com\/product\/yoast-seo-wordpress\/ -->\n<title>A inf\u00e2ncia de Paulo Freire - Ocupa\u00e7\u00e3o Paulo Freire<\/title>\n<meta name=\"description\" content=\"1, 2, 3, 4, 5 anos. A inf\u00e2ncia de Paulo Freire \u00e9 contada e relembrada, assim como \u00e9 mostrada a sua rela\u00e7\u00e3o com essa etapa da vida.\" \/>\n<meta name=\"robots\" content=\"index, follow, max-snippet:-1, max-image-preview:large, max-video-preview:-1\" \/>\n<link rel=\"canonical\" href=\"https:\/\/www.itaucultural.org.br\/ocupacao\/paulo-freire\/paulo-freire-1-2-3-4-e-5\/\" \/>\n<meta property=\"og:locale\" content=\"pt_BR\" \/>\n<meta property=\"og:type\" content=\"article\" \/>\n<meta property=\"og:title\" content=\"A inf\u00e2ncia de Paulo Freire - Ocupa\u00e7\u00e3o Paulo Freire\" \/>\n<meta property=\"og:description\" content=\"1, 2, 3, 4, 5 anos. A inf\u00e2ncia de Paulo Freire \u00e9 contada e relembrada, assim como \u00e9 mostrada a sua rela\u00e7\u00e3o com essa etapa da vida.\" \/>\n<meta property=\"og:url\" content=\"https:\/\/www.itaucultural.org.br\/ocupacao\/paulo-freire\/paulo-freire-1-2-3-4-e-5\/\" \/>\n<meta property=\"og:site_name\" content=\"Ocupa\u00e7\u00e3o\" \/>\n<meta property=\"article:modified_time\" content=\"2021-12-17T14:27:24+00:00\" \/>\n<meta name=\"twitter:card\" content=\"summary_large_image\" \/>\n<script type=\"application\/ld+json\" class=\"yoast-schema-graph\">{\"@context\":\"https:\\\/\\\/schema.org\",\"@graph\":[{\"@type\":\"WebPage\",\"@id\":\"https:\\\/\\\/www.itaucultural.org.br\\\/ocupacao\\\/paulo-freire\\\/paulo-freire-1-2-3-4-e-5\\\/\",\"url\":\"https:\\\/\\\/www.itaucultural.org.br\\\/ocupacao\\\/paulo-freire\\\/paulo-freire-1-2-3-4-e-5\\\/\",\"name\":\"A inf\u00e2ncia de Paulo Freire - Ocupa\u00e7\u00e3o Paulo Freire\",\"isPartOf\":{\"@id\":\"https:\\\/\\\/www.itaucultural.org.br\\\/ocupacao\\\/en\\\/#website\"},\"datePublished\":\"2021-09-10T19:12:28+00:00\",\"dateModified\":\"2021-12-17T14:27:24+00:00\",\"description\":\"1, 2, 3, 4, 5 anos. A inf\u00e2ncia de Paulo Freire \u00e9 contada e relembrada, assim como \u00e9 mostrada a sua rela\u00e7\u00e3o com essa etapa da vida.\",\"breadcrumb\":{\"@id\":\"https:\\\/\\\/www.itaucultural.org.br\\\/ocupacao\\\/paulo-freire\\\/paulo-freire-1-2-3-4-e-5\\\/#breadcrumb\"},\"inLanguage\":\"pt-BR\",\"potentialAction\":[{\"@type\":\"ReadAction\",\"target\":[\"https:\\\/\\\/www.itaucultural.org.br\\\/ocupacao\\\/paulo-freire\\\/paulo-freire-1-2-3-4-e-5\\\/\"]}]},{\"@type\":\"BreadcrumbList\",\"@id\":\"https:\\\/\\\/www.itaucultural.org.br\\\/ocupacao\\\/paulo-freire\\\/paulo-freire-1-2-3-4-e-5\\\/#breadcrumb\",\"itemListElement\":[{\"@type\":\"ListItem\",\"position\":1,\"name\":\"In\u00edcio\",\"item\":\"https:\\\/\\\/www.itaucultural.org.br\\\/ocupacao\\\/en\\\/\"},{\"@type\":\"ListItem\",\"position\":2,\"name\":\"Paulo Freire\",\"item\":\"https:\\\/\\\/www.itaucultural.org.br\\\/ocupacao\\\/paulo-freire\\\/\"},{\"@type\":\"ListItem\",\"position\":3,\"name\":\"1, 2, 3, 4 e 5\"}]},{\"@type\":\"WebSite\",\"@id\":\"https:\\\/\\\/www.itaucultural.org.br\\\/ocupacao\\\/en\\\/#website\",\"url\":\"https:\\\/\\\/www.itaucultural.org.br\\\/ocupacao\\\/en\\\/\",\"name\":\"Ocupa\u00e7\u00e3o\",\"description\":\"S\u00f3 mais um site WordPress\",\"potentialAction\":[{\"@type\":\"SearchAction\",\"target\":{\"@type\":\"EntryPoint\",\"urlTemplate\":\"https:\\\/\\\/www.itaucultural.org.br\\\/ocupacao\\\/en\\\/?s={search_term_string}\"},\"query-input\":{\"@type\":\"PropertyValueSpecification\",\"valueRequired\":true,\"valueName\":\"search_term_string\"}}],\"inLanguage\":\"pt-BR\"}]}<\/script>\n<!-- \/ Yoast SEO plugin. -->","yoast_head_json":{"title":"A inf\u00e2ncia de Paulo Freire - Ocupa\u00e7\u00e3o Paulo Freire","description":"1, 2, 3, 4, 5 anos. A inf\u00e2ncia de Paulo Freire \u00e9 contada e relembrada, assim como \u00e9 mostrada a sua rela\u00e7\u00e3o com essa etapa da vida.","robots":{"index":"index","follow":"follow","max-snippet":"max-snippet:-1","max-image-preview":"max-image-preview:large","max-video-preview":"max-video-preview:-1"},"canonical":"https:\/\/www.itaucultural.org.br\/ocupacao\/paulo-freire\/paulo-freire-1-2-3-4-e-5\/","og_locale":"pt_BR","og_type":"article","og_title":"A inf\u00e2ncia de Paulo Freire - Ocupa\u00e7\u00e3o Paulo Freire","og_description":"1, 2, 3, 4, 5 anos. A inf\u00e2ncia de Paulo Freire \u00e9 contada e relembrada, assim como \u00e9 mostrada a sua rela\u00e7\u00e3o com essa etapa da vida.","og_url":"https:\/\/www.itaucultural.org.br\/ocupacao\/paulo-freire\/paulo-freire-1-2-3-4-e-5\/","og_site_name":"Ocupa\u00e7\u00e3o","article_modified_time":"2021-12-17T14:27:24+00:00","twitter_card":"summary_large_image","schema":{"@context":"https:\/\/schema.org","@graph":[{"@type":"WebPage","@id":"https:\/\/www.itaucultural.org.br\/ocupacao\/paulo-freire\/paulo-freire-1-2-3-4-e-5\/","url":"https:\/\/www.itaucultural.org.br\/ocupacao\/paulo-freire\/paulo-freire-1-2-3-4-e-5\/","name":"A inf\u00e2ncia de Paulo Freire - Ocupa\u00e7\u00e3o Paulo Freire","isPartOf":{"@id":"https:\/\/www.itaucultural.org.br\/ocupacao\/en\/#website"},"datePublished":"2021-09-10T19:12:28+00:00","dateModified":"2021-12-17T14:27:24+00:00","description":"1, 2, 3, 4, 5 anos. A inf\u00e2ncia de Paulo Freire \u00e9 contada e relembrada, assim como \u00e9 mostrada a sua rela\u00e7\u00e3o com essa etapa da vida.","breadcrumb":{"@id":"https:\/\/www.itaucultural.org.br\/ocupacao\/paulo-freire\/paulo-freire-1-2-3-4-e-5\/#breadcrumb"},"inLanguage":"pt-BR","potentialAction":[{"@type":"ReadAction","target":["https:\/\/www.itaucultural.org.br\/ocupacao\/paulo-freire\/paulo-freire-1-2-3-4-e-5\/"]}]},{"@type":"BreadcrumbList","@id":"https:\/\/www.itaucultural.org.br\/ocupacao\/paulo-freire\/paulo-freire-1-2-3-4-e-5\/#breadcrumb","itemListElement":[{"@type":"ListItem","position":1,"name":"In\u00edcio","item":"https:\/\/www.itaucultural.org.br\/ocupacao\/en\/"},{"@type":"ListItem","position":2,"name":"Paulo Freire","item":"https:\/\/www.itaucultural.org.br\/ocupacao\/paulo-freire\/"},{"@type":"ListItem","position":3,"name":"1, 2, 3, 4 e 5"}]},{"@type":"WebSite","@id":"https:\/\/www.itaucultural.org.br\/ocupacao\/en\/#website","url":"https:\/\/www.itaucultural.org.br\/ocupacao\/en\/","name":"Ocupa\u00e7\u00e3o","description":"S\u00f3 mais um site WordPress","potentialAction":[{"@type":"SearchAction","target":{"@type":"EntryPoint","urlTemplate":"https:\/\/www.itaucultural.org.br\/ocupacao\/en\/?s={search_term_string}"},"query-input":{"@type":"PropertyValueSpecification","valueRequired":true,"valueName":"search_term_string"}}],"inLanguage":"pt-BR"}]}},"_links":{"self":[{"href":"https:\/\/ocupacao.icnetworks.org\/ocupacao\/wp-json\/wp\/v2\/pages\/17597","targetHints":{"allow":["GET"]}}],"collection":[{"href":"https:\/\/ocupacao.icnetworks.org\/ocupacao\/wp-json\/wp\/v2\/pages"}],"about":[{"href":"https:\/\/ocupacao.icnetworks.org\/ocupacao\/wp-json\/wp\/v2\/types\/page"}],"author":[{"embeddable":true,"href":"https:\/\/ocupacao.icnetworks.org\/ocupacao\/wp-json\/wp\/v2\/users\/2"}],"replies":[{"embeddable":true,"href":"https:\/\/ocupacao.icnetworks.org\/ocupacao\/wp-json\/wp\/v2\/comments?post=17597"}],"version-history":[{"count":27,"href":"https:\/\/ocupacao.icnetworks.org\/ocupacao\/wp-json\/wp\/v2\/pages\/17597\/revisions"}],"predecessor-version":[{"id":18685,"href":"https:\/\/ocupacao.icnetworks.org\/ocupacao\/wp-json\/wp\/v2\/pages\/17597\/revisions\/18685"}],"up":[{"embeddable":true,"href":"https:\/\/ocupacao.icnetworks.org\/ocupacao\/wp-json\/wp\/v2\/pages\/17591"}],"wp:attachment":[{"href":"https:\/\/ocupacao.icnetworks.org\/ocupacao\/wp-json\/wp\/v2\/media?parent=17597"}],"curies":[{"name":"wp","href":"https:\/\/api.w.org\/{rel}","templated":true}]}}