
{"id":17615,"date":"2021-09-13T14:32:55","date_gmt":"2021-09-13T17:32:55","guid":{"rendered":"https:\/\/www7.icnetworks.org\/ocupacao\/?page_id=17615"},"modified":"2021-12-02T18:58:33","modified_gmt":"2021-12-02T21:58:33","slug":"paulo-freire-secaomais","status":"publish","type":"page","link":"https:\/\/ocupacao.icnetworks.org\/ocupacao\/paulo-freire\/paulo-freire-secaomais\/","title":{"rendered":"+"},"content":{"rendered":"","protected":false},"excerpt":{"rendered":"","protected":false},"author":17,"featured_media":0,"parent":17591,"menu_order":5,"comment_status":"closed","ping_status":"closed","template":"","meta":{"footnotes":""},"class_list":["post-17615","page","type-page","status-publish","hentry"],"yoast_head":"<!-- This site is optimized with the Yoast SEO plugin v27.4 - https:\/\/yoast.com\/product\/yoast-seo-wordpress\/ -->\n<title>+ - Ocupa\u00e7\u00e3o Paulo Freire<\/title>\n<meta name=\"description\" content=\"Material em homenagem a Paulo Freire: palavras geradoras na atualidade, publica\u00e7\u00e3o em Libras e outros di\u00e1logos com o educador.\" \/>\n<meta name=\"robots\" content=\"index, follow, max-snippet:-1, max-image-preview:large, max-video-preview:-1\" \/>\n<link rel=\"canonical\" href=\"https:\/\/www.itaucultural.org.br\/ocupacao\/paulo-freire\/paulo-freire-secaomais\/\" \/>\n<meta property=\"og:locale\" content=\"pt_BR\" \/>\n<meta property=\"og:type\" content=\"article\" \/>\n<meta property=\"og:title\" content=\"+ - Ocupa\u00e7\u00e3o Paulo Freire\" \/>\n<meta property=\"og:description\" content=\"Material em homenagem a Paulo Freire: palavras geradoras na atualidade, publica\u00e7\u00e3o em Libras e outros di\u00e1logos com o educador.\" \/>\n<meta property=\"og:url\" content=\"https:\/\/www.itaucultural.org.br\/ocupacao\/paulo-freire\/paulo-freire-secaomais\/\" \/>\n<meta property=\"og:site_name\" content=\"Ocupa\u00e7\u00e3o\" \/>\n<meta property=\"article:modified_time\" content=\"2021-12-02T21:58:33+00:00\" \/>\n<meta name=\"twitter:card\" content=\"summary_large_image\" \/>\n<script type=\"application\/ld+json\" class=\"yoast-schema-graph\">{\"@context\":\"https:\\\/\\\/schema.org\",\"@graph\":[{\"@type\":\"WebPage\",\"@id\":\"https:\\\/\\\/www.itaucultural.org.br\\\/ocupacao\\\/paulo-freire\\\/paulo-freire-secaomais\\\/\",\"url\":\"https:\\\/\\\/www.itaucultural.org.br\\\/ocupacao\\\/paulo-freire\\\/paulo-freire-secaomais\\\/\",\"name\":\"+ - Ocupa\u00e7\u00e3o Paulo Freire\",\"isPartOf\":{\"@id\":\"https:\\\/\\\/www.itaucultural.org.br\\\/ocupacao\\\/en\\\/#website\"},\"datePublished\":\"2021-09-13T17:32:55+00:00\",\"dateModified\":\"2021-12-02T21:58:33+00:00\",\"description\":\"Material em homenagem a Paulo Freire: palavras geradoras na atualidade, publica\u00e7\u00e3o em Libras e outros di\u00e1logos com o educador.\",\"breadcrumb\":{\"@id\":\"https:\\\/\\\/www.itaucultural.org.br\\\/ocupacao\\\/paulo-freire\\\/paulo-freire-secaomais\\\/#breadcrumb\"},\"inLanguage\":\"pt-BR\",\"potentialAction\":[{\"@type\":\"ReadAction\",\"target\":[\"https:\\\/\\\/www.itaucultural.org.br\\\/ocupacao\\\/paulo-freire\\\/paulo-freire-secaomais\\\/\"]}]},{\"@type\":\"BreadcrumbList\",\"@id\":\"https:\\\/\\\/www.itaucultural.org.br\\\/ocupacao\\\/paulo-freire\\\/paulo-freire-secaomais\\\/#breadcrumb\",\"itemListElement\":[{\"@type\":\"ListItem\",\"position\":1,\"name\":\"In\u00edcio\",\"item\":\"https:\\\/\\\/www.itaucultural.org.br\\\/ocupacao\\\/en\\\/\"},{\"@type\":\"ListItem\",\"position\":2,\"name\":\"Paulo Freire\",\"item\":\"https:\\\/\\\/www.itaucultural.org.br\\\/ocupacao\\\/paulo-freire\\\/\"},{\"@type\":\"ListItem\",\"position\":3,\"name\":\"+\"}]},{\"@type\":\"WebSite\",\"@id\":\"https:\\\/\\\/www.itaucultural.org.br\\\/ocupacao\\\/en\\\/#website\",\"url\":\"https:\\\/\\\/www.itaucultural.org.br\\\/ocupacao\\\/en\\\/\",\"name\":\"Ocupa\u00e7\u00e3o\",\"description\":\"S\u00f3 mais um site WordPress\",\"potentialAction\":[{\"@type\":\"SearchAction\",\"target\":{\"@type\":\"EntryPoint\",\"urlTemplate\":\"https:\\\/\\\/www.itaucultural.org.br\\\/ocupacao\\\/en\\\/?s={search_term_string}\"},\"query-input\":{\"@type\":\"PropertyValueSpecification\",\"valueRequired\":true,\"valueName\":\"search_term_string\"}}],\"inLanguage\":\"pt-BR\"}]}<\/script>\n<!-- \/ Yoast SEO plugin. -->","yoast_head_json":{"title":"+ - Ocupa\u00e7\u00e3o Paulo Freire","description":"Material em homenagem a Paulo Freire: palavras geradoras na atualidade, publica\u00e7\u00e3o em Libras e outros di\u00e1logos com o educador.","robots":{"index":"index","follow":"follow","max-snippet":"max-snippet:-1","max-image-preview":"max-image-preview:large","max-video-preview":"max-video-preview:-1"},"canonical":"https:\/\/www.itaucultural.org.br\/ocupacao\/paulo-freire\/paulo-freire-secaomais\/","og_locale":"pt_BR","og_type":"article","og_title":"+ - Ocupa\u00e7\u00e3o Paulo Freire","og_description":"Material em homenagem a Paulo Freire: palavras geradoras na atualidade, publica\u00e7\u00e3o em Libras e outros di\u00e1logos com o educador.","og_url":"https:\/\/www.itaucultural.org.br\/ocupacao\/paulo-freire\/paulo-freire-secaomais\/","og_site_name":"Ocupa\u00e7\u00e3o","article_modified_time":"2021-12-02T21:58:33+00:00","twitter_card":"summary_large_image","schema":{"@context":"https:\/\/schema.org","@graph":[{"@type":"WebPage","@id":"https:\/\/www.itaucultural.org.br\/ocupacao\/paulo-freire\/paulo-freire-secaomais\/","url":"https:\/\/www.itaucultural.org.br\/ocupacao\/paulo-freire\/paulo-freire-secaomais\/","name":"+ - Ocupa\u00e7\u00e3o Paulo Freire","isPartOf":{"@id":"https:\/\/www.itaucultural.org.br\/ocupacao\/en\/#website"},"datePublished":"2021-09-13T17:32:55+00:00","dateModified":"2021-12-02T21:58:33+00:00","description":"Material em homenagem a Paulo Freire: palavras geradoras na atualidade, publica\u00e7\u00e3o em Libras e outros di\u00e1logos com o educador.","breadcrumb":{"@id":"https:\/\/www.itaucultural.org.br\/ocupacao\/paulo-freire\/paulo-freire-secaomais\/#breadcrumb"},"inLanguage":"pt-BR","potentialAction":[{"@type":"ReadAction","target":["https:\/\/www.itaucultural.org.br\/ocupacao\/paulo-freire\/paulo-freire-secaomais\/"]}]},{"@type":"BreadcrumbList","@id":"https:\/\/www.itaucultural.org.br\/ocupacao\/paulo-freire\/paulo-freire-secaomais\/#breadcrumb","itemListElement":[{"@type":"ListItem","position":1,"name":"In\u00edcio","item":"https:\/\/www.itaucultural.org.br\/ocupacao\/en\/"},{"@type":"ListItem","position":2,"name":"Paulo Freire","item":"https:\/\/www.itaucultural.org.br\/ocupacao\/paulo-freire\/"},{"@type":"ListItem","position":3,"name":"+"}]},{"@type":"WebSite","@id":"https:\/\/www.itaucultural.org.br\/ocupacao\/en\/#website","url":"https:\/\/www.itaucultural.org.br\/ocupacao\/en\/","name":"Ocupa\u00e7\u00e3o","description":"S\u00f3 mais um site WordPress","potentialAction":[{"@type":"SearchAction","target":{"@type":"EntryPoint","urlTemplate":"https:\/\/www.itaucultural.org.br\/ocupacao\/en\/?s={search_term_string}"},"query-input":{"@type":"PropertyValueSpecification","valueRequired":true,"valueName":"search_term_string"}}],"inLanguage":"pt-BR"}]}},"_links":{"self":[{"href":"https:\/\/ocupacao.icnetworks.org\/ocupacao\/wp-json\/wp\/v2\/pages\/17615","targetHints":{"allow":["GET"]}}],"collection":[{"href":"https:\/\/ocupacao.icnetworks.org\/ocupacao\/wp-json\/wp\/v2\/pages"}],"about":[{"href":"https:\/\/ocupacao.icnetworks.org\/ocupacao\/wp-json\/wp\/v2\/types\/page"}],"author":[{"embeddable":true,"href":"https:\/\/ocupacao.icnetworks.org\/ocupacao\/wp-json\/wp\/v2\/users\/17"}],"replies":[{"embeddable":true,"href":"https:\/\/ocupacao.icnetworks.org\/ocupacao\/wp-json\/wp\/v2\/comments?post=17615"}],"version-history":[{"count":28,"href":"https:\/\/ocupacao.icnetworks.org\/ocupacao\/wp-json\/wp\/v2\/pages\/17615\/revisions"}],"predecessor-version":[{"id":18128,"href":"https:\/\/ocupacao.icnetworks.org\/ocupacao\/wp-json\/wp\/v2\/pages\/17615\/revisions\/18128"}],"up":[{"embeddable":true,"href":"https:\/\/ocupacao.icnetworks.org\/ocupacao\/wp-json\/wp\/v2\/pages\/17591"}],"wp:attachment":[{"href":"https:\/\/ocupacao.icnetworks.org\/ocupacao\/wp-json\/wp\/v2\/media?parent=17615"}],"curies":[{"name":"wp","href":"https:\/\/api.w.org\/{rel}","templated":true}]}}