
{"id":18224,"date":"2021-11-19T09:25:48","date_gmt":"2021-11-19T12:25:48","guid":{"rendered":"https:\/\/ocupacao.icnetworks.org\/ocupacao\/?page_id=18224"},"modified":"2021-12-01T17:41:10","modified_gmt":"2021-12-01T20:41:10","slug":"teatralidade-circense","status":"publish","type":"page","link":"https:\/\/ocupacao.icnetworks.org\/ocupacao\/benjamim-oliveira\/teatralidade-circense\/","title":{"rendered":"Teatralidade circense"},"content":{"rendered":"","protected":false},"excerpt":{"rendered":"","protected":false},"author":20,"featured_media":0,"parent":18047,"menu_order":3,"comment_status":"closed","ping_status":"closed","template":"","meta":{"footnotes":""},"class_list":["post-18224","page","type-page","status-publish","hentry","temas-cultura-popular","temas-questoes-raciais","areas-circo","areas-teatro"],"yoast_head":"<!-- This site is optimized with the Yoast SEO plugin v27.3 - https:\/\/yoast.com\/product\/yoast-seo-wordpress\/ -->\n<title>Teatralidade circense - Ocupa\u00e7\u00e3o Benjamim de Oliveira<\/title>\n<meta name=\"description\" content=\"Benjamim de Oliveira \u00e9 reconhecido como um dos importantes artistas e empreendedores a consolidar a teatralidade circense nacional.\" \/>\n<meta name=\"robots\" content=\"index, follow, max-snippet:-1, max-image-preview:large, max-video-preview:-1\" \/>\n<link rel=\"canonical\" href=\"https:\/\/ocupacao.icnetworks.org\/ocupacao\/benjamim-oliveira\/teatralidade-circense\/\" \/>\n<meta property=\"og:locale\" content=\"pt_BR\" \/>\n<meta property=\"og:type\" content=\"article\" \/>\n<meta property=\"og:title\" content=\"Teatralidade circense - Ocupa\u00e7\u00e3o Benjamim de Oliveira\" \/>\n<meta property=\"og:description\" content=\"Benjamim de Oliveira \u00e9 reconhecido como um dos importantes artistas e empreendedores a consolidar a teatralidade circense nacional.\" \/>\n<meta property=\"og:url\" content=\"https:\/\/ocupacao.icnetworks.org\/ocupacao\/benjamim-oliveira\/teatralidade-circense\/\" \/>\n<meta property=\"og:site_name\" content=\"Ocupa\u00e7\u00e3o\" \/>\n<meta property=\"article:modified_time\" content=\"2021-12-01T20:41:10+00:00\" \/>\n<meta name=\"twitter:card\" content=\"summary_large_image\" \/>\n<script type=\"application\/ld+json\" class=\"yoast-schema-graph\">{\"@context\":\"https:\\\/\\\/schema.org\",\"@graph\":[{\"@type\":\"WebPage\",\"@id\":\"https:\\\/\\\/ocupacao.icnetworks.org\\\/ocupacao\\\/benjamim-oliveira\\\/teatralidade-circense\\\/\",\"url\":\"https:\\\/\\\/ocupacao.icnetworks.org\\\/ocupacao\\\/benjamim-oliveira\\\/teatralidade-circense\\\/\",\"name\":\"Teatralidade circense - Ocupa\u00e7\u00e3o Benjamim de Oliveira\",\"isPartOf\":{\"@id\":\"https:\\\/\\\/www.itaucultural.org.br\\\/ocupacao\\\/en\\\/#website\"},\"datePublished\":\"2021-11-19T12:25:48+00:00\",\"dateModified\":\"2021-12-01T20:41:10+00:00\",\"description\":\"Benjamim de Oliveira \u00e9 reconhecido como um dos importantes artistas e empreendedores a consolidar a teatralidade circense nacional.\",\"breadcrumb\":{\"@id\":\"https:\\\/\\\/ocupacao.icnetworks.org\\\/ocupacao\\\/benjamim-oliveira\\\/teatralidade-circense\\\/#breadcrumb\"},\"inLanguage\":\"pt-BR\",\"potentialAction\":[{\"@type\":\"ReadAction\",\"target\":[\"https:\\\/\\\/ocupacao.icnetworks.org\\\/ocupacao\\\/benjamim-oliveira\\\/teatralidade-circense\\\/\"]}]},{\"@type\":\"BreadcrumbList\",\"@id\":\"https:\\\/\\\/ocupacao.icnetworks.org\\\/ocupacao\\\/benjamim-oliveira\\\/teatralidade-circense\\\/#breadcrumb\",\"itemListElement\":[{\"@type\":\"ListItem\",\"position\":1,\"name\":\"In\u00edcio\",\"item\":\"https:\\\/\\\/www.itaucultural.org.br\\\/ocupacao\\\/en\\\/\"},{\"@type\":\"ListItem\",\"position\":2,\"name\":\"Benjamim de Oliveira\",\"item\":\"https:\\\/\\\/www.itaucultural.org.br\\\/ocupacao\\\/benjamim-oliveira\\\/\"},{\"@type\":\"ListItem\",\"position\":3,\"name\":\"Teatralidade circense\"}]},{\"@type\":\"WebSite\",\"@id\":\"https:\\\/\\\/www.itaucultural.org.br\\\/ocupacao\\\/en\\\/#website\",\"url\":\"https:\\\/\\\/www.itaucultural.org.br\\\/ocupacao\\\/en\\\/\",\"name\":\"Ocupa\u00e7\u00e3o\",\"description\":\"S\u00f3 mais um site WordPress\",\"potentialAction\":[{\"@type\":\"SearchAction\",\"target\":{\"@type\":\"EntryPoint\",\"urlTemplate\":\"https:\\\/\\\/www.itaucultural.org.br\\\/ocupacao\\\/en\\\/?s={search_term_string}\"},\"query-input\":{\"@type\":\"PropertyValueSpecification\",\"valueRequired\":true,\"valueName\":\"search_term_string\"}}],\"inLanguage\":\"pt-BR\"}]}<\/script>\n<!-- \/ Yoast SEO plugin. -->","yoast_head_json":{"title":"Teatralidade circense - Ocupa\u00e7\u00e3o Benjamim de Oliveira","description":"Benjamim de Oliveira \u00e9 reconhecido como um dos importantes artistas e empreendedores a consolidar a teatralidade circense nacional.","robots":{"index":"index","follow":"follow","max-snippet":"max-snippet:-1","max-image-preview":"max-image-preview:large","max-video-preview":"max-video-preview:-1"},"canonical":"https:\/\/ocupacao.icnetworks.org\/ocupacao\/benjamim-oliveira\/teatralidade-circense\/","og_locale":"pt_BR","og_type":"article","og_title":"Teatralidade circense - Ocupa\u00e7\u00e3o Benjamim de Oliveira","og_description":"Benjamim de Oliveira \u00e9 reconhecido como um dos importantes artistas e empreendedores a consolidar a teatralidade circense nacional.","og_url":"https:\/\/ocupacao.icnetworks.org\/ocupacao\/benjamim-oliveira\/teatralidade-circense\/","og_site_name":"Ocupa\u00e7\u00e3o","article_modified_time":"2021-12-01T20:41:10+00:00","twitter_card":"summary_large_image","schema":{"@context":"https:\/\/schema.org","@graph":[{"@type":"WebPage","@id":"https:\/\/ocupacao.icnetworks.org\/ocupacao\/benjamim-oliveira\/teatralidade-circense\/","url":"https:\/\/ocupacao.icnetworks.org\/ocupacao\/benjamim-oliveira\/teatralidade-circense\/","name":"Teatralidade circense - Ocupa\u00e7\u00e3o Benjamim de Oliveira","isPartOf":{"@id":"https:\/\/www.itaucultural.org.br\/ocupacao\/en\/#website"},"datePublished":"2021-11-19T12:25:48+00:00","dateModified":"2021-12-01T20:41:10+00:00","description":"Benjamim de Oliveira \u00e9 reconhecido como um dos importantes artistas e empreendedores a consolidar a teatralidade circense nacional.","breadcrumb":{"@id":"https:\/\/ocupacao.icnetworks.org\/ocupacao\/benjamim-oliveira\/teatralidade-circense\/#breadcrumb"},"inLanguage":"pt-BR","potentialAction":[{"@type":"ReadAction","target":["https:\/\/ocupacao.icnetworks.org\/ocupacao\/benjamim-oliveira\/teatralidade-circense\/"]}]},{"@type":"BreadcrumbList","@id":"https:\/\/ocupacao.icnetworks.org\/ocupacao\/benjamim-oliveira\/teatralidade-circense\/#breadcrumb","itemListElement":[{"@type":"ListItem","position":1,"name":"In\u00edcio","item":"https:\/\/www.itaucultural.org.br\/ocupacao\/en\/"},{"@type":"ListItem","position":2,"name":"Benjamim de Oliveira","item":"https:\/\/www.itaucultural.org.br\/ocupacao\/benjamim-oliveira\/"},{"@type":"ListItem","position":3,"name":"Teatralidade circense"}]},{"@type":"WebSite","@id":"https:\/\/www.itaucultural.org.br\/ocupacao\/en\/#website","url":"https:\/\/www.itaucultural.org.br\/ocupacao\/en\/","name":"Ocupa\u00e7\u00e3o","description":"S\u00f3 mais um site WordPress","potentialAction":[{"@type":"SearchAction","target":{"@type":"EntryPoint","urlTemplate":"https:\/\/www.itaucultural.org.br\/ocupacao\/en\/?s={search_term_string}"},"query-input":{"@type":"PropertyValueSpecification","valueRequired":true,"valueName":"search_term_string"}}],"inLanguage":"pt-BR"}]}},"_links":{"self":[{"href":"https:\/\/ocupacao.icnetworks.org\/ocupacao\/wp-json\/wp\/v2\/pages\/18224","targetHints":{"allow":["GET"]}}],"collection":[{"href":"https:\/\/ocupacao.icnetworks.org\/ocupacao\/wp-json\/wp\/v2\/pages"}],"about":[{"href":"https:\/\/ocupacao.icnetworks.org\/ocupacao\/wp-json\/wp\/v2\/types\/page"}],"author":[{"embeddable":true,"href":"https:\/\/ocupacao.icnetworks.org\/ocupacao\/wp-json\/wp\/v2\/users\/20"}],"replies":[{"embeddable":true,"href":"https:\/\/ocupacao.icnetworks.org\/ocupacao\/wp-json\/wp\/v2\/comments?post=18224"}],"version-history":[{"count":16,"href":"https:\/\/ocupacao.icnetworks.org\/ocupacao\/wp-json\/wp\/v2\/pages\/18224\/revisions"}],"predecessor-version":[{"id":18583,"href":"https:\/\/ocupacao.icnetworks.org\/ocupacao\/wp-json\/wp\/v2\/pages\/18224\/revisions\/18583"}],"up":[{"embeddable":true,"href":"https:\/\/ocupacao.icnetworks.org\/ocupacao\/wp-json\/wp\/v2\/pages\/18047"}],"wp:attachment":[{"href":"https:\/\/ocupacao.icnetworks.org\/ocupacao\/wp-json\/wp\/v2\/media?parent=18224"}],"curies":[{"name":"wp","href":"https:\/\/api.w.org\/{rel}","templated":true}]}}