
{"id":18725,"date":"2022-04-12T16:08:00","date_gmt":"2022-04-12T19:08:00","guid":{"rendered":"https:\/\/ocupacao.icnetworks.org\/ocupacao\/?page_id=18725"},"modified":"2023-03-13T14:44:48","modified_gmt":"2023-03-13T17:44:48","slug":"lia-de-itamaraca","status":"publish","type":"page","link":"https:\/\/ocupacao.icnetworks.org\/ocupacao\/lia-de-itamaraca\/","title":{"rendered":"Lia de Itamarac\u00e1"},"content":{"rendered":"","protected":false},"excerpt":{"rendered":"","protected":false},"author":16,"featured_media":18730,"parent":0,"menu_order":59,"comment_status":"closed","ping_status":"closed","template":"","meta":{"footnotes":""},"class_list":["post-18725","page","type-page","status-publish","has-post-thumbnail","hentry","areas-cultura-popular","areas-musica"],"yoast_head":"<!-- This site is optimized with the Yoast SEO plugin v27.4 - https:\/\/yoast.com\/product\/yoast-seo-wordpress\/ -->\n<title>Lia de Itamarac\u00e1 - Ocupa\u00e7\u00e3o<\/title>\n<meta name=\"description\" content=\"A Ocupa\u00e7\u00e3o Lia de Itamarac\u00e1, mostra realizada pelo Ita\u00fa Cultural, celebra a hist\u00f3ria e a obra da Rainha da Ciranda.\" \/>\n<meta name=\"robots\" content=\"index, follow, max-snippet:-1, max-image-preview:large, max-video-preview:-1\" \/>\n<link rel=\"canonical\" href=\"https:\/\/www.itaucultural.org.br\/ocupacao\/lia-de-itamaraca\/\" \/>\n<meta property=\"og:locale\" content=\"pt_BR\" \/>\n<meta property=\"og:type\" content=\"article\" \/>\n<meta property=\"og:title\" content=\"Lia de Itamarac\u00e1 - Ocupa\u00e7\u00e3o\" \/>\n<meta property=\"og:description\" content=\"A Ocupa\u00e7\u00e3o Lia de Itamarac\u00e1, mostra realizada pelo Ita\u00fa Cultural, celebra a hist\u00f3ria e a obra da Rainha da Ciranda.\" \/>\n<meta property=\"og:url\" content=\"https:\/\/www.itaucultural.org.br\/ocupacao\/lia-de-itamaraca\/\" \/>\n<meta property=\"og:site_name\" content=\"Ocupa\u00e7\u00e3o\" \/>\n<meta property=\"article:modified_time\" content=\"2023-03-13T17:44:48+00:00\" \/>\n<meta property=\"og:image\" content=\"https:\/\/www.itaucultural.org.br\/ocupacao\/wp-content\/uploads\/2022\/04\/Lia-de-Itamaraca-Foto-Andre-Seiti-1-scaled.jpg\" \/>\n\t<meta property=\"og:image:width\" content=\"2560\" \/>\n\t<meta property=\"og:image:height\" content=\"1740\" \/>\n\t<meta property=\"og:image:type\" content=\"image\/jpeg\" \/>\n<meta name=\"twitter:card\" content=\"summary_large_image\" \/>\n<meta name=\"twitter:title\" content=\"Lia de Itamarac\u00e1 - Ocupa\u00e7\u00e3o\" \/>\n<meta name=\"twitter:description\" content=\"A Ocupa\u00e7\u00e3o Lia de Itamarac\u00e1, mostra realizada pelo Ita\u00fa Cultural, celebra a hist\u00f3ria e a obra da Rainha da Ciranda.\" \/>\n<meta name=\"twitter:image\" content=\"https:\/\/ocupacao.icnetworks.org\/ocupacao\/wp-content\/uploads\/2022\/04\/Lia-de-Itamaraca-Foto-Andre-Seiti-1-scaled.jpg\" \/>\n<script type=\"application\/ld+json\" class=\"yoast-schema-graph\">{\"@context\":\"https:\\\/\\\/schema.org\",\"@graph\":[{\"@type\":\"WebPage\",\"@id\":\"https:\\\/\\\/www.itaucultural.org.br\\\/ocupacao\\\/lia-de-itamaraca\\\/\",\"url\":\"https:\\\/\\\/www.itaucultural.org.br\\\/ocupacao\\\/lia-de-itamaraca\\\/\",\"name\":\"Lia de Itamarac\u00e1 - Ocupa\u00e7\u00e3o\",\"isPartOf\":{\"@id\":\"https:\\\/\\\/www.itaucultural.org.br\\\/ocupacao\\\/en\\\/#website\"},\"primaryImageOfPage\":{\"@id\":\"https:\\\/\\\/www.itaucultural.org.br\\\/ocupacao\\\/lia-de-itamaraca\\\/#primaryimage\"},\"image\":{\"@id\":\"https:\\\/\\\/www.itaucultural.org.br\\\/ocupacao\\\/lia-de-itamaraca\\\/#primaryimage\"},\"thumbnailUrl\":\"https:\\\/\\\/ocupacao.icnetworks.org\\\/ocupacao\\\/wp-content\\\/uploads\\\/2022\\\/04\\\/Lia-de-Itamaraca-Foto-Andre-Seiti-1-scaled.jpg\",\"datePublished\":\"2022-04-12T19:08:00+00:00\",\"dateModified\":\"2023-03-13T17:44:48+00:00\",\"description\":\"A Ocupa\u00e7\u00e3o Lia de Itamarac\u00e1, mostra realizada pelo Ita\u00fa Cultural, celebra a hist\u00f3ria e a obra da Rainha da Ciranda.\",\"breadcrumb\":{\"@id\":\"https:\\\/\\\/www.itaucultural.org.br\\\/ocupacao\\\/lia-de-itamaraca\\\/#breadcrumb\"},\"inLanguage\":\"pt-BR\",\"potentialAction\":[{\"@type\":\"ReadAction\",\"target\":[\"https:\\\/\\\/www.itaucultural.org.br\\\/ocupacao\\\/lia-de-itamaraca\\\/\"]}]},{\"@type\":\"ImageObject\",\"inLanguage\":\"pt-BR\",\"@id\":\"https:\\\/\\\/www.itaucultural.org.br\\\/ocupacao\\\/lia-de-itamaraca\\\/#primaryimage\",\"url\":\"https:\\\/\\\/ocupacao.icnetworks.org\\\/ocupacao\\\/wp-content\\\/uploads\\\/2022\\\/04\\\/Lia-de-Itamaraca-Foto-Andre-Seiti-1-scaled.jpg\",\"contentUrl\":\"https:\\\/\\\/ocupacao.icnetworks.org\\\/ocupacao\\\/wp-content\\\/uploads\\\/2022\\\/04\\\/Lia-de-Itamaraca-Foto-Andre-Seiti-1-scaled.jpg\",\"width\":2560,\"height\":1740,\"caption\":\"Lia de Itamarac\u00e1\"},{\"@type\":\"BreadcrumbList\",\"@id\":\"https:\\\/\\\/www.itaucultural.org.br\\\/ocupacao\\\/lia-de-itamaraca\\\/#breadcrumb\",\"itemListElement\":[{\"@type\":\"ListItem\",\"position\":1,\"name\":\"In\u00edcio\",\"item\":\"https:\\\/\\\/www.itaucultural.org.br\\\/ocupacao\\\/en\\\/\"},{\"@type\":\"ListItem\",\"position\":2,\"name\":\"Lia de Itamarac\u00e1\"}]},{\"@type\":\"WebSite\",\"@id\":\"https:\\\/\\\/www.itaucultural.org.br\\\/ocupacao\\\/en\\\/#website\",\"url\":\"https:\\\/\\\/www.itaucultural.org.br\\\/ocupacao\\\/en\\\/\",\"name\":\"Ocupa\u00e7\u00e3o\",\"description\":\"S\u00f3 mais um site WordPress\",\"potentialAction\":[{\"@type\":\"SearchAction\",\"target\":{\"@type\":\"EntryPoint\",\"urlTemplate\":\"https:\\\/\\\/www.itaucultural.org.br\\\/ocupacao\\\/en\\\/?s={search_term_string}\"},\"query-input\":{\"@type\":\"PropertyValueSpecification\",\"valueRequired\":true,\"valueName\":\"search_term_string\"}}],\"inLanguage\":\"pt-BR\"}]}<\/script>\n<!-- \/ Yoast SEO plugin. -->","yoast_head_json":{"title":"Lia de Itamarac\u00e1 - Ocupa\u00e7\u00e3o","description":"A Ocupa\u00e7\u00e3o Lia de Itamarac\u00e1, mostra realizada pelo Ita\u00fa Cultural, celebra a hist\u00f3ria e a obra da Rainha da Ciranda.","robots":{"index":"index","follow":"follow","max-snippet":"max-snippet:-1","max-image-preview":"max-image-preview:large","max-video-preview":"max-video-preview:-1"},"canonical":"https:\/\/www.itaucultural.org.br\/ocupacao\/lia-de-itamaraca\/","og_locale":"pt_BR","og_type":"article","og_title":"Lia de Itamarac\u00e1 - Ocupa\u00e7\u00e3o","og_description":"A Ocupa\u00e7\u00e3o Lia de Itamarac\u00e1, mostra realizada pelo Ita\u00fa Cultural, celebra a hist\u00f3ria e a obra da Rainha da Ciranda.","og_url":"https:\/\/www.itaucultural.org.br\/ocupacao\/lia-de-itamaraca\/","og_site_name":"Ocupa\u00e7\u00e3o","article_modified_time":"2023-03-13T17:44:48+00:00","og_image":[{"width":2560,"height":1740,"url":"https:\/\/www.itaucultural.org.br\/ocupacao\/wp-content\/uploads\/2022\/04\/Lia-de-Itamaraca-Foto-Andre-Seiti-1-scaled.jpg","type":"image\/jpeg"}],"twitter_card":"summary_large_image","twitter_title":"Lia de Itamarac\u00e1 - Ocupa\u00e7\u00e3o","twitter_description":"A Ocupa\u00e7\u00e3o Lia de Itamarac\u00e1, mostra realizada pelo Ita\u00fa Cultural, celebra a hist\u00f3ria e a obra da Rainha da Ciranda.","twitter_image":"https:\/\/ocupacao.icnetworks.org\/ocupacao\/wp-content\/uploads\/2022\/04\/Lia-de-Itamaraca-Foto-Andre-Seiti-1-scaled.jpg","schema":{"@context":"https:\/\/schema.org","@graph":[{"@type":"WebPage","@id":"https:\/\/www.itaucultural.org.br\/ocupacao\/lia-de-itamaraca\/","url":"https:\/\/www.itaucultural.org.br\/ocupacao\/lia-de-itamaraca\/","name":"Lia de Itamarac\u00e1 - Ocupa\u00e7\u00e3o","isPartOf":{"@id":"https:\/\/www.itaucultural.org.br\/ocupacao\/en\/#website"},"primaryImageOfPage":{"@id":"https:\/\/www.itaucultural.org.br\/ocupacao\/lia-de-itamaraca\/#primaryimage"},"image":{"@id":"https:\/\/www.itaucultural.org.br\/ocupacao\/lia-de-itamaraca\/#primaryimage"},"thumbnailUrl":"https:\/\/ocupacao.icnetworks.org\/ocupacao\/wp-content\/uploads\/2022\/04\/Lia-de-Itamaraca-Foto-Andre-Seiti-1-scaled.jpg","datePublished":"2022-04-12T19:08:00+00:00","dateModified":"2023-03-13T17:44:48+00:00","description":"A Ocupa\u00e7\u00e3o Lia de Itamarac\u00e1, mostra realizada pelo Ita\u00fa Cultural, celebra a hist\u00f3ria e a obra da Rainha da Ciranda.","breadcrumb":{"@id":"https:\/\/www.itaucultural.org.br\/ocupacao\/lia-de-itamaraca\/#breadcrumb"},"inLanguage":"pt-BR","potentialAction":[{"@type":"ReadAction","target":["https:\/\/www.itaucultural.org.br\/ocupacao\/lia-de-itamaraca\/"]}]},{"@type":"ImageObject","inLanguage":"pt-BR","@id":"https:\/\/www.itaucultural.org.br\/ocupacao\/lia-de-itamaraca\/#primaryimage","url":"https:\/\/ocupacao.icnetworks.org\/ocupacao\/wp-content\/uploads\/2022\/04\/Lia-de-Itamaraca-Foto-Andre-Seiti-1-scaled.jpg","contentUrl":"https:\/\/ocupacao.icnetworks.org\/ocupacao\/wp-content\/uploads\/2022\/04\/Lia-de-Itamaraca-Foto-Andre-Seiti-1-scaled.jpg","width":2560,"height":1740,"caption":"Lia de Itamarac\u00e1"},{"@type":"BreadcrumbList","@id":"https:\/\/www.itaucultural.org.br\/ocupacao\/lia-de-itamaraca\/#breadcrumb","itemListElement":[{"@type":"ListItem","position":1,"name":"In\u00edcio","item":"https:\/\/www.itaucultural.org.br\/ocupacao\/en\/"},{"@type":"ListItem","position":2,"name":"Lia de Itamarac\u00e1"}]},{"@type":"WebSite","@id":"https:\/\/www.itaucultural.org.br\/ocupacao\/en\/#website","url":"https:\/\/www.itaucultural.org.br\/ocupacao\/en\/","name":"Ocupa\u00e7\u00e3o","description":"S\u00f3 mais um site WordPress","potentialAction":[{"@type":"SearchAction","target":{"@type":"EntryPoint","urlTemplate":"https:\/\/www.itaucultural.org.br\/ocupacao\/en\/?s={search_term_string}"},"query-input":{"@type":"PropertyValueSpecification","valueRequired":true,"valueName":"search_term_string"}}],"inLanguage":"pt-BR"}]}},"_links":{"self":[{"href":"https:\/\/ocupacao.icnetworks.org\/ocupacao\/wp-json\/wp\/v2\/pages\/18725","targetHints":{"allow":["GET"]}}],"collection":[{"href":"https:\/\/ocupacao.icnetworks.org\/ocupacao\/wp-json\/wp\/v2\/pages"}],"about":[{"href":"https:\/\/ocupacao.icnetworks.org\/ocupacao\/wp-json\/wp\/v2\/types\/page"}],"author":[{"embeddable":true,"href":"https:\/\/ocupacao.icnetworks.org\/ocupacao\/wp-json\/wp\/v2\/users\/16"}],"replies":[{"embeddable":true,"href":"https:\/\/ocupacao.icnetworks.org\/ocupacao\/wp-json\/wp\/v2\/comments?post=18725"}],"version-history":[{"count":36,"href":"https:\/\/ocupacao.icnetworks.org\/ocupacao\/wp-json\/wp\/v2\/pages\/18725\/revisions"}],"predecessor-version":[{"id":19015,"href":"https:\/\/ocupacao.icnetworks.org\/ocupacao\/wp-json\/wp\/v2\/pages\/18725\/revisions\/19015"}],"wp:featuredmedia":[{"embeddable":true,"href":"https:\/\/ocupacao.icnetworks.org\/ocupacao\/wp-json\/wp\/v2\/media\/18730"}],"wp:attachment":[{"href":"https:\/\/ocupacao.icnetworks.org\/ocupacao\/wp-json\/wp\/v2\/media?parent=18725"}],"curies":[{"name":"wp","href":"https:\/\/api.w.org\/{rel}","templated":true}]}}