
{"id":18767,"date":"2022-04-14T18:03:43","date_gmt":"2022-04-14T21:03:43","guid":{"rendered":"https:\/\/ocupacao.icnetworks.org\/ocupacao\/?page_id=18767"},"modified":"2022-04-27T17:48:44","modified_gmt":"2022-04-27T20:48:44","slug":"pertencer-a-ciranda","status":"publish","type":"page","link":"https:\/\/ocupacao.icnetworks.org\/ocupacao\/lia-de-itamaraca\/pertencer-a-ciranda\/","title":{"rendered":"Pertencer \u00e0 ciranda"},"content":{"rendered":"","protected":false},"excerpt":{"rendered":"","protected":false},"author":16,"featured_media":0,"parent":18725,"menu_order":4,"comment_status":"closed","ping_status":"closed","template":"","meta":{"footnotes":""},"class_list":["post-18767","page","type-page","status-publish","hentry"],"yoast_head":"<!-- This site is optimized with the Yoast SEO plugin v27.4 - https:\/\/yoast.com\/product\/yoast-seo-wordpress\/ -->\n<title>Pertencer \u00e0 ciranda - Ocupa\u00e7\u00e3o<\/title>\n<meta name=\"description\" content=\"Eis uma reuni\u00e3o de conte\u00fados que detalham os saberes da ciranda: uma playlist, v\u00eddeos e um gloss\u00e1rio sobre o g\u00eanero musical em quest\u00e3o.\" \/>\n<meta name=\"robots\" content=\"index, follow, max-snippet:-1, max-image-preview:large, max-video-preview:-1\" \/>\n<link rel=\"canonical\" href=\"https:\/\/www.itaucultural.org.br\/ocupacao\/lia-de-itamaraca\/pertencer-a-ciranda\/\" \/>\n<meta property=\"og:locale\" content=\"pt_BR\" \/>\n<meta property=\"og:type\" content=\"article\" \/>\n<meta property=\"og:title\" content=\"Pertencer \u00e0 ciranda - Ocupa\u00e7\u00e3o\" \/>\n<meta property=\"og:description\" content=\"Eis uma reuni\u00e3o de conte\u00fados que detalham os saberes da ciranda: uma playlist, v\u00eddeos e um gloss\u00e1rio sobre o g\u00eanero musical em quest\u00e3o.\" \/>\n<meta property=\"og:url\" content=\"https:\/\/www.itaucultural.org.br\/ocupacao\/lia-de-itamaraca\/pertencer-a-ciranda\/\" \/>\n<meta property=\"og:site_name\" content=\"Ocupa\u00e7\u00e3o\" \/>\n<meta property=\"article:modified_time\" content=\"2022-04-27T20:48:44+00:00\" \/>\n<meta name=\"twitter:card\" content=\"summary_large_image\" \/>\n<script type=\"application\/ld+json\" class=\"yoast-schema-graph\">{\"@context\":\"https:\\\/\\\/schema.org\",\"@graph\":[{\"@type\":\"WebPage\",\"@id\":\"https:\\\/\\\/www.itaucultural.org.br\\\/ocupacao\\\/lia-de-itamaraca\\\/pertencer-a-ciranda\\\/\",\"url\":\"https:\\\/\\\/www.itaucultural.org.br\\\/ocupacao\\\/lia-de-itamaraca\\\/pertencer-a-ciranda\\\/\",\"name\":\"Pertencer \u00e0 ciranda - Ocupa\u00e7\u00e3o\",\"isPartOf\":{\"@id\":\"https:\\\/\\\/www.itaucultural.org.br\\\/ocupacao\\\/en\\\/#website\"},\"datePublished\":\"2022-04-14T21:03:43+00:00\",\"dateModified\":\"2022-04-27T20:48:44+00:00\",\"description\":\"Eis uma reuni\u00e3o de conte\u00fados que detalham os saberes da ciranda: uma playlist, v\u00eddeos e um gloss\u00e1rio sobre o g\u00eanero musical em quest\u00e3o.\",\"breadcrumb\":{\"@id\":\"https:\\\/\\\/www.itaucultural.org.br\\\/ocupacao\\\/lia-de-itamaraca\\\/pertencer-a-ciranda\\\/#breadcrumb\"},\"inLanguage\":\"pt-BR\",\"potentialAction\":[{\"@type\":\"ReadAction\",\"target\":[\"https:\\\/\\\/www.itaucultural.org.br\\\/ocupacao\\\/lia-de-itamaraca\\\/pertencer-a-ciranda\\\/\"]}]},{\"@type\":\"BreadcrumbList\",\"@id\":\"https:\\\/\\\/www.itaucultural.org.br\\\/ocupacao\\\/lia-de-itamaraca\\\/pertencer-a-ciranda\\\/#breadcrumb\",\"itemListElement\":[{\"@type\":\"ListItem\",\"position\":1,\"name\":\"In\u00edcio\",\"item\":\"https:\\\/\\\/www.itaucultural.org.br\\\/ocupacao\\\/en\\\/\"},{\"@type\":\"ListItem\",\"position\":2,\"name\":\"Lia de Itamarac\u00e1\",\"item\":\"https:\\\/\\\/www.itaucultural.org.br\\\/ocupacao\\\/lia-de-itamaraca\\\/\"},{\"@type\":\"ListItem\",\"position\":3,\"name\":\"Pertencer \u00e0 ciranda\"}]},{\"@type\":\"WebSite\",\"@id\":\"https:\\\/\\\/www.itaucultural.org.br\\\/ocupacao\\\/en\\\/#website\",\"url\":\"https:\\\/\\\/www.itaucultural.org.br\\\/ocupacao\\\/en\\\/\",\"name\":\"Ocupa\u00e7\u00e3o\",\"description\":\"S\u00f3 mais um site WordPress\",\"potentialAction\":[{\"@type\":\"SearchAction\",\"target\":{\"@type\":\"EntryPoint\",\"urlTemplate\":\"https:\\\/\\\/www.itaucultural.org.br\\\/ocupacao\\\/en\\\/?s={search_term_string}\"},\"query-input\":{\"@type\":\"PropertyValueSpecification\",\"valueRequired\":true,\"valueName\":\"search_term_string\"}}],\"inLanguage\":\"pt-BR\"}]}<\/script>\n<!-- \/ Yoast SEO plugin. -->","yoast_head_json":{"title":"Pertencer \u00e0 ciranda - Ocupa\u00e7\u00e3o","description":"Eis uma reuni\u00e3o de conte\u00fados que detalham os saberes da ciranda: uma playlist, v\u00eddeos e um gloss\u00e1rio sobre o g\u00eanero musical em quest\u00e3o.","robots":{"index":"index","follow":"follow","max-snippet":"max-snippet:-1","max-image-preview":"max-image-preview:large","max-video-preview":"max-video-preview:-1"},"canonical":"https:\/\/www.itaucultural.org.br\/ocupacao\/lia-de-itamaraca\/pertencer-a-ciranda\/","og_locale":"pt_BR","og_type":"article","og_title":"Pertencer \u00e0 ciranda - Ocupa\u00e7\u00e3o","og_description":"Eis uma reuni\u00e3o de conte\u00fados que detalham os saberes da ciranda: uma playlist, v\u00eddeos e um gloss\u00e1rio sobre o g\u00eanero musical em quest\u00e3o.","og_url":"https:\/\/www.itaucultural.org.br\/ocupacao\/lia-de-itamaraca\/pertencer-a-ciranda\/","og_site_name":"Ocupa\u00e7\u00e3o","article_modified_time":"2022-04-27T20:48:44+00:00","twitter_card":"summary_large_image","schema":{"@context":"https:\/\/schema.org","@graph":[{"@type":"WebPage","@id":"https:\/\/www.itaucultural.org.br\/ocupacao\/lia-de-itamaraca\/pertencer-a-ciranda\/","url":"https:\/\/www.itaucultural.org.br\/ocupacao\/lia-de-itamaraca\/pertencer-a-ciranda\/","name":"Pertencer \u00e0 ciranda - Ocupa\u00e7\u00e3o","isPartOf":{"@id":"https:\/\/www.itaucultural.org.br\/ocupacao\/en\/#website"},"datePublished":"2022-04-14T21:03:43+00:00","dateModified":"2022-04-27T20:48:44+00:00","description":"Eis uma reuni\u00e3o de conte\u00fados que detalham os saberes da ciranda: uma playlist, v\u00eddeos e um gloss\u00e1rio sobre o g\u00eanero musical em quest\u00e3o.","breadcrumb":{"@id":"https:\/\/www.itaucultural.org.br\/ocupacao\/lia-de-itamaraca\/pertencer-a-ciranda\/#breadcrumb"},"inLanguage":"pt-BR","potentialAction":[{"@type":"ReadAction","target":["https:\/\/www.itaucultural.org.br\/ocupacao\/lia-de-itamaraca\/pertencer-a-ciranda\/"]}]},{"@type":"BreadcrumbList","@id":"https:\/\/www.itaucultural.org.br\/ocupacao\/lia-de-itamaraca\/pertencer-a-ciranda\/#breadcrumb","itemListElement":[{"@type":"ListItem","position":1,"name":"In\u00edcio","item":"https:\/\/www.itaucultural.org.br\/ocupacao\/en\/"},{"@type":"ListItem","position":2,"name":"Lia de Itamarac\u00e1","item":"https:\/\/www.itaucultural.org.br\/ocupacao\/lia-de-itamaraca\/"},{"@type":"ListItem","position":3,"name":"Pertencer \u00e0 ciranda"}]},{"@type":"WebSite","@id":"https:\/\/www.itaucultural.org.br\/ocupacao\/en\/#website","url":"https:\/\/www.itaucultural.org.br\/ocupacao\/en\/","name":"Ocupa\u00e7\u00e3o","description":"S\u00f3 mais um site WordPress","potentialAction":[{"@type":"SearchAction","target":{"@type":"EntryPoint","urlTemplate":"https:\/\/www.itaucultural.org.br\/ocupacao\/en\/?s={search_term_string}"},"query-input":{"@type":"PropertyValueSpecification","valueRequired":true,"valueName":"search_term_string"}}],"inLanguage":"pt-BR"}]}},"_links":{"self":[{"href":"https:\/\/ocupacao.icnetworks.org\/ocupacao\/wp-json\/wp\/v2\/pages\/18767","targetHints":{"allow":["GET"]}}],"collection":[{"href":"https:\/\/ocupacao.icnetworks.org\/ocupacao\/wp-json\/wp\/v2\/pages"}],"about":[{"href":"https:\/\/ocupacao.icnetworks.org\/ocupacao\/wp-json\/wp\/v2\/types\/page"}],"author":[{"embeddable":true,"href":"https:\/\/ocupacao.icnetworks.org\/ocupacao\/wp-json\/wp\/v2\/users\/16"}],"replies":[{"embeddable":true,"href":"https:\/\/ocupacao.icnetworks.org\/ocupacao\/wp-json\/wp\/v2\/comments?post=18767"}],"version-history":[{"count":30,"href":"https:\/\/ocupacao.icnetworks.org\/ocupacao\/wp-json\/wp\/v2\/pages\/18767\/revisions"}],"predecessor-version":[{"id":19005,"href":"https:\/\/ocupacao.icnetworks.org\/ocupacao\/wp-json\/wp\/v2\/pages\/18767\/revisions\/19005"}],"up":[{"embeddable":true,"href":"https:\/\/ocupacao.icnetworks.org\/ocupacao\/wp-json\/wp\/v2\/pages\/18725"}],"wp:attachment":[{"href":"https:\/\/ocupacao.icnetworks.org\/ocupacao\/wp-json\/wp\/v2\/media?parent=18767"}],"curies":[{"name":"wp","href":"https:\/\/api.w.org\/{rel}","templated":true}]}}