
{"id":18771,"date":"2022-04-14T18:05:01","date_gmt":"2022-04-14T21:05:01","guid":{"rendered":"https:\/\/ocupacao.icnetworks.org\/ocupacao\/?page_id=18771"},"modified":"2022-04-27T16:17:56","modified_gmt":"2022-04-27T19:17:56","slug":"para-o-brasil-e-os-brasis","status":"publish","type":"page","link":"https:\/\/ocupacao.icnetworks.org\/ocupacao\/lia-de-itamaraca\/para-o-brasil-e-os-brasis\/","title":{"rendered":"Para o Brasil e os Brasis"},"content":{"rendered":"","protected":false},"excerpt":{"rendered":"","protected":false},"author":16,"featured_media":0,"parent":18725,"menu_order":6,"comment_status":"closed","ping_status":"closed","template":"","meta":{"footnotes":""},"class_list":["post-18771","page","type-page","status-publish","hentry"],"yoast_head":"<!-- This site is optimized with the Yoast SEO plugin v27.4 - https:\/\/yoast.com\/product\/yoast-seo-wordpress\/ -->\n<title>Para o Brasil e os Brasis - Ocupa\u00e7\u00e3o<\/title>\n<meta name=\"description\" content=\"Seja no cinema, seja em festivais, como os trabalhos e a arte de Lia de Itamarac\u00e1 chegam para mais pessoas pelo Brasil.\" \/>\n<meta name=\"robots\" content=\"index, follow, max-snippet:-1, max-image-preview:large, max-video-preview:-1\" \/>\n<link rel=\"canonical\" href=\"https:\/\/ocupacao.icnetworks.org\/ocupacao\/lia-de-itamaraca\/para-o-brasil-e-os-brasis\/\" \/>\n<meta property=\"og:locale\" content=\"pt_BR\" \/>\n<meta property=\"og:type\" content=\"article\" \/>\n<meta property=\"og:title\" content=\"Para o Brasil e os Brasis - Ocupa\u00e7\u00e3o\" \/>\n<meta property=\"og:description\" content=\"Seja no cinema, seja em festivais, como os trabalhos e a arte de Lia de Itamarac\u00e1 chegam para mais pessoas pelo Brasil.\" \/>\n<meta property=\"og:url\" content=\"https:\/\/ocupacao.icnetworks.org\/ocupacao\/lia-de-itamaraca\/para-o-brasil-e-os-brasis\/\" \/>\n<meta property=\"og:site_name\" content=\"Ocupa\u00e7\u00e3o\" \/>\n<meta property=\"article:modified_time\" content=\"2022-04-27T19:17:56+00:00\" \/>\n<meta name=\"twitter:card\" content=\"summary_large_image\" \/>\n<script type=\"application\/ld+json\" class=\"yoast-schema-graph\">{\"@context\":\"https:\\\/\\\/schema.org\",\"@graph\":[{\"@type\":\"WebPage\",\"@id\":\"https:\\\/\\\/ocupacao.icnetworks.org\\\/ocupacao\\\/lia-de-itamaraca\\\/para-o-brasil-e-os-brasis\\\/\",\"url\":\"https:\\\/\\\/ocupacao.icnetworks.org\\\/ocupacao\\\/lia-de-itamaraca\\\/para-o-brasil-e-os-brasis\\\/\",\"name\":\"Para o Brasil e os Brasis - Ocupa\u00e7\u00e3o\",\"isPartOf\":{\"@id\":\"https:\\\/\\\/www.itaucultural.org.br\\\/ocupacao\\\/en\\\/#website\"},\"datePublished\":\"2022-04-14T21:05:01+00:00\",\"dateModified\":\"2022-04-27T19:17:56+00:00\",\"description\":\"Seja no cinema, seja em festivais, como os trabalhos e a arte de Lia de Itamarac\u00e1 chegam para mais pessoas pelo Brasil.\",\"breadcrumb\":{\"@id\":\"https:\\\/\\\/ocupacao.icnetworks.org\\\/ocupacao\\\/lia-de-itamaraca\\\/para-o-brasil-e-os-brasis\\\/#breadcrumb\"},\"inLanguage\":\"pt-BR\",\"potentialAction\":[{\"@type\":\"ReadAction\",\"target\":[\"https:\\\/\\\/ocupacao.icnetworks.org\\\/ocupacao\\\/lia-de-itamaraca\\\/para-o-brasil-e-os-brasis\\\/\"]}]},{\"@type\":\"BreadcrumbList\",\"@id\":\"https:\\\/\\\/ocupacao.icnetworks.org\\\/ocupacao\\\/lia-de-itamaraca\\\/para-o-brasil-e-os-brasis\\\/#breadcrumb\",\"itemListElement\":[{\"@type\":\"ListItem\",\"position\":1,\"name\":\"In\u00edcio\",\"item\":\"https:\\\/\\\/www.itaucultural.org.br\\\/ocupacao\\\/en\\\/\"},{\"@type\":\"ListItem\",\"position\":2,\"name\":\"Lia de Itamarac\u00e1\",\"item\":\"https:\\\/\\\/www.itaucultural.org.br\\\/ocupacao\\\/lia-de-itamaraca\\\/\"},{\"@type\":\"ListItem\",\"position\":3,\"name\":\"Para o Brasil e os Brasis\"}]},{\"@type\":\"WebSite\",\"@id\":\"https:\\\/\\\/www.itaucultural.org.br\\\/ocupacao\\\/en\\\/#website\",\"url\":\"https:\\\/\\\/www.itaucultural.org.br\\\/ocupacao\\\/en\\\/\",\"name\":\"Ocupa\u00e7\u00e3o\",\"description\":\"S\u00f3 mais um site WordPress\",\"potentialAction\":[{\"@type\":\"SearchAction\",\"target\":{\"@type\":\"EntryPoint\",\"urlTemplate\":\"https:\\\/\\\/www.itaucultural.org.br\\\/ocupacao\\\/en\\\/?s={search_term_string}\"},\"query-input\":{\"@type\":\"PropertyValueSpecification\",\"valueRequired\":true,\"valueName\":\"search_term_string\"}}],\"inLanguage\":\"pt-BR\"}]}<\/script>\n<!-- \/ Yoast SEO plugin. -->","yoast_head_json":{"title":"Para o Brasil e os Brasis - Ocupa\u00e7\u00e3o","description":"Seja no cinema, seja em festivais, como os trabalhos e a arte de Lia de Itamarac\u00e1 chegam para mais pessoas pelo Brasil.","robots":{"index":"index","follow":"follow","max-snippet":"max-snippet:-1","max-image-preview":"max-image-preview:large","max-video-preview":"max-video-preview:-1"},"canonical":"https:\/\/ocupacao.icnetworks.org\/ocupacao\/lia-de-itamaraca\/para-o-brasil-e-os-brasis\/","og_locale":"pt_BR","og_type":"article","og_title":"Para o Brasil e os Brasis - Ocupa\u00e7\u00e3o","og_description":"Seja no cinema, seja em festivais, como os trabalhos e a arte de Lia de Itamarac\u00e1 chegam para mais pessoas pelo Brasil.","og_url":"https:\/\/ocupacao.icnetworks.org\/ocupacao\/lia-de-itamaraca\/para-o-brasil-e-os-brasis\/","og_site_name":"Ocupa\u00e7\u00e3o","article_modified_time":"2022-04-27T19:17:56+00:00","twitter_card":"summary_large_image","schema":{"@context":"https:\/\/schema.org","@graph":[{"@type":"WebPage","@id":"https:\/\/ocupacao.icnetworks.org\/ocupacao\/lia-de-itamaraca\/para-o-brasil-e-os-brasis\/","url":"https:\/\/ocupacao.icnetworks.org\/ocupacao\/lia-de-itamaraca\/para-o-brasil-e-os-brasis\/","name":"Para o Brasil e os Brasis - Ocupa\u00e7\u00e3o","isPartOf":{"@id":"https:\/\/www.itaucultural.org.br\/ocupacao\/en\/#website"},"datePublished":"2022-04-14T21:05:01+00:00","dateModified":"2022-04-27T19:17:56+00:00","description":"Seja no cinema, seja em festivais, como os trabalhos e a arte de Lia de Itamarac\u00e1 chegam para mais pessoas pelo Brasil.","breadcrumb":{"@id":"https:\/\/ocupacao.icnetworks.org\/ocupacao\/lia-de-itamaraca\/para-o-brasil-e-os-brasis\/#breadcrumb"},"inLanguage":"pt-BR","potentialAction":[{"@type":"ReadAction","target":["https:\/\/ocupacao.icnetworks.org\/ocupacao\/lia-de-itamaraca\/para-o-brasil-e-os-brasis\/"]}]},{"@type":"BreadcrumbList","@id":"https:\/\/ocupacao.icnetworks.org\/ocupacao\/lia-de-itamaraca\/para-o-brasil-e-os-brasis\/#breadcrumb","itemListElement":[{"@type":"ListItem","position":1,"name":"In\u00edcio","item":"https:\/\/www.itaucultural.org.br\/ocupacao\/en\/"},{"@type":"ListItem","position":2,"name":"Lia de Itamarac\u00e1","item":"https:\/\/www.itaucultural.org.br\/ocupacao\/lia-de-itamaraca\/"},{"@type":"ListItem","position":3,"name":"Para o Brasil e os Brasis"}]},{"@type":"WebSite","@id":"https:\/\/www.itaucultural.org.br\/ocupacao\/en\/#website","url":"https:\/\/www.itaucultural.org.br\/ocupacao\/en\/","name":"Ocupa\u00e7\u00e3o","description":"S\u00f3 mais um site WordPress","potentialAction":[{"@type":"SearchAction","target":{"@type":"EntryPoint","urlTemplate":"https:\/\/www.itaucultural.org.br\/ocupacao\/en\/?s={search_term_string}"},"query-input":{"@type":"PropertyValueSpecification","valueRequired":true,"valueName":"search_term_string"}}],"inLanguage":"pt-BR"}]}},"_links":{"self":[{"href":"https:\/\/ocupacao.icnetworks.org\/ocupacao\/wp-json\/wp\/v2\/pages\/18771","targetHints":{"allow":["GET"]}}],"collection":[{"href":"https:\/\/ocupacao.icnetworks.org\/ocupacao\/wp-json\/wp\/v2\/pages"}],"about":[{"href":"https:\/\/ocupacao.icnetworks.org\/ocupacao\/wp-json\/wp\/v2\/types\/page"}],"author":[{"embeddable":true,"href":"https:\/\/ocupacao.icnetworks.org\/ocupacao\/wp-json\/wp\/v2\/users\/16"}],"replies":[{"embeddable":true,"href":"https:\/\/ocupacao.icnetworks.org\/ocupacao\/wp-json\/wp\/v2\/comments?post=18771"}],"version-history":[{"count":23,"href":"https:\/\/ocupacao.icnetworks.org\/ocupacao\/wp-json\/wp\/v2\/pages\/18771\/revisions"}],"predecessor-version":[{"id":18987,"href":"https:\/\/ocupacao.icnetworks.org\/ocupacao\/wp-json\/wp\/v2\/pages\/18771\/revisions\/18987"}],"up":[{"embeddable":true,"href":"https:\/\/ocupacao.icnetworks.org\/ocupacao\/wp-json\/wp\/v2\/pages\/18725"}],"wp:attachment":[{"href":"https:\/\/ocupacao.icnetworks.org\/ocupacao\/wp-json\/wp\/v2\/media?parent=18771"}],"curies":[{"name":"wp","href":"https:\/\/api.w.org\/{rel}","templated":true}]}}