
{"id":19407,"date":"2022-10-14T15:39:24","date_gmt":"2022-10-14T18:39:24","guid":{"rendered":"https:\/\/ocupacao.icnetworks.org\/ocupacao\/?page_id=19407"},"modified":"2023-03-22T12:03:03","modified_gmt":"2023-03-22T15:03:03","slug":"incomodo-e-subversivo","status":"publish","type":"page","link":"https:\/\/ocupacao.icnetworks.org\/ocupacao\/dias-gomes\/incomodo-e-subversivo\/","title":{"rendered":"Inc\u00f4modo e Subversivo"},"content":{"rendered":"","protected":false},"excerpt":{"rendered":"","protected":false},"author":4,"featured_media":0,"parent":19348,"menu_order":1,"comment_status":"closed","ping_status":"closed","template":"","meta":{"footnotes":""},"class_list":["post-19407","page","type-page","status-publish","hentry","areas-literatura","areas-teatro","areas-televisao"],"yoast_head":"<!-- This site is optimized with the Yoast SEO plugin v27.4 - https:\/\/yoast.com\/product\/yoast-seo-wordpress\/ -->\n<title>Inc\u00f4modo e Subversivo - Ocupa\u00e7\u00e3o Dias Gomes<\/title>\n<meta name=\"description\" content=\"Subversivo: \u00e9 assim que muitas vezes os cr\u00edticos se referiram ao autor Dias Gomes. Nesta p\u00e1gina, conhe\u00e7a mais sobre sua trajet\u00f3ria e obra.\" \/>\n<meta name=\"robots\" content=\"index, follow, max-snippet:-1, max-image-preview:large, max-video-preview:-1\" \/>\n<link rel=\"canonical\" href=\"https:\/\/ocupacao.icnetworks.org\/ocupacao\/dias-gomes\/incomodo-e-subversivo\/\" \/>\n<meta property=\"og:locale\" content=\"pt_BR\" \/>\n<meta property=\"og:type\" content=\"article\" \/>\n<meta property=\"og:title\" content=\"Inc\u00f4modo e Subversivo - Ocupa\u00e7\u00e3o Dias Gomes\" \/>\n<meta property=\"og:description\" content=\"Subversivo: \u00e9 assim que muitas vezes os cr\u00edticos se referiram ao autor Dias Gomes. Nesta p\u00e1gina, conhe\u00e7a mais sobre sua trajet\u00f3ria e obra.\" \/>\n<meta property=\"og:url\" content=\"https:\/\/ocupacao.icnetworks.org\/ocupacao\/dias-gomes\/incomodo-e-subversivo\/\" \/>\n<meta property=\"og:site_name\" content=\"Ocupa\u00e7\u00e3o\" \/>\n<meta property=\"article:modified_time\" content=\"2023-03-22T15:03:03+00:00\" \/>\n<meta name=\"twitter:card\" content=\"summary_large_image\" \/>\n<script type=\"application\/ld+json\" class=\"yoast-schema-graph\">{\"@context\":\"https:\\\/\\\/schema.org\",\"@graph\":[{\"@type\":\"WebPage\",\"@id\":\"https:\\\/\\\/ocupacao.icnetworks.org\\\/ocupacao\\\/dias-gomes\\\/incomodo-e-subversivo\\\/\",\"url\":\"https:\\\/\\\/ocupacao.icnetworks.org\\\/ocupacao\\\/dias-gomes\\\/incomodo-e-subversivo\\\/\",\"name\":\"Inc\u00f4modo e Subversivo - Ocupa\u00e7\u00e3o Dias Gomes\",\"isPartOf\":{\"@id\":\"https:\\\/\\\/www.itaucultural.org.br\\\/ocupacao\\\/en\\\/#website\"},\"datePublished\":\"2022-10-14T18:39:24+00:00\",\"dateModified\":\"2023-03-22T15:03:03+00:00\",\"description\":\"Subversivo: \u00e9 assim que muitas vezes os cr\u00edticos se referiram ao autor Dias Gomes. Nesta p\u00e1gina, conhe\u00e7a mais sobre sua trajet\u00f3ria e obra.\",\"breadcrumb\":{\"@id\":\"https:\\\/\\\/ocupacao.icnetworks.org\\\/ocupacao\\\/dias-gomes\\\/incomodo-e-subversivo\\\/#breadcrumb\"},\"inLanguage\":\"pt-BR\",\"potentialAction\":[{\"@type\":\"ReadAction\",\"target\":[\"https:\\\/\\\/ocupacao.icnetworks.org\\\/ocupacao\\\/dias-gomes\\\/incomodo-e-subversivo\\\/\"]}]},{\"@type\":\"BreadcrumbList\",\"@id\":\"https:\\\/\\\/ocupacao.icnetworks.org\\\/ocupacao\\\/dias-gomes\\\/incomodo-e-subversivo\\\/#breadcrumb\",\"itemListElement\":[{\"@type\":\"ListItem\",\"position\":1,\"name\":\"In\u00edcio\",\"item\":\"https:\\\/\\\/www.itaucultural.org.br\\\/ocupacao\\\/en\\\/\"},{\"@type\":\"ListItem\",\"position\":2,\"name\":\"Dias Gomes\",\"item\":\"https:\\\/\\\/www.itaucultural.org.br\\\/ocupacao\\\/dias-gomes\\\/\"},{\"@type\":\"ListItem\",\"position\":3,\"name\":\"Inc\u00f4modo e Subversivo\"}]},{\"@type\":\"WebSite\",\"@id\":\"https:\\\/\\\/www.itaucultural.org.br\\\/ocupacao\\\/en\\\/#website\",\"url\":\"https:\\\/\\\/www.itaucultural.org.br\\\/ocupacao\\\/en\\\/\",\"name\":\"Ocupa\u00e7\u00e3o\",\"description\":\"S\u00f3 mais um site WordPress\",\"potentialAction\":[{\"@type\":\"SearchAction\",\"target\":{\"@type\":\"EntryPoint\",\"urlTemplate\":\"https:\\\/\\\/www.itaucultural.org.br\\\/ocupacao\\\/en\\\/?s={search_term_string}\"},\"query-input\":{\"@type\":\"PropertyValueSpecification\",\"valueRequired\":true,\"valueName\":\"search_term_string\"}}],\"inLanguage\":\"pt-BR\"}]}<\/script>\n<!-- \/ Yoast SEO plugin. -->","yoast_head_json":{"title":"Inc\u00f4modo e Subversivo - Ocupa\u00e7\u00e3o Dias Gomes","description":"Subversivo: \u00e9 assim que muitas vezes os cr\u00edticos se referiram ao autor Dias Gomes. Nesta p\u00e1gina, conhe\u00e7a mais sobre sua trajet\u00f3ria e obra.","robots":{"index":"index","follow":"follow","max-snippet":"max-snippet:-1","max-image-preview":"max-image-preview:large","max-video-preview":"max-video-preview:-1"},"canonical":"https:\/\/ocupacao.icnetworks.org\/ocupacao\/dias-gomes\/incomodo-e-subversivo\/","og_locale":"pt_BR","og_type":"article","og_title":"Inc\u00f4modo e Subversivo - Ocupa\u00e7\u00e3o Dias Gomes","og_description":"Subversivo: \u00e9 assim que muitas vezes os cr\u00edticos se referiram ao autor Dias Gomes. Nesta p\u00e1gina, conhe\u00e7a mais sobre sua trajet\u00f3ria e obra.","og_url":"https:\/\/ocupacao.icnetworks.org\/ocupacao\/dias-gomes\/incomodo-e-subversivo\/","og_site_name":"Ocupa\u00e7\u00e3o","article_modified_time":"2023-03-22T15:03:03+00:00","twitter_card":"summary_large_image","schema":{"@context":"https:\/\/schema.org","@graph":[{"@type":"WebPage","@id":"https:\/\/ocupacao.icnetworks.org\/ocupacao\/dias-gomes\/incomodo-e-subversivo\/","url":"https:\/\/ocupacao.icnetworks.org\/ocupacao\/dias-gomes\/incomodo-e-subversivo\/","name":"Inc\u00f4modo e Subversivo - Ocupa\u00e7\u00e3o Dias Gomes","isPartOf":{"@id":"https:\/\/www.itaucultural.org.br\/ocupacao\/en\/#website"},"datePublished":"2022-10-14T18:39:24+00:00","dateModified":"2023-03-22T15:03:03+00:00","description":"Subversivo: \u00e9 assim que muitas vezes os cr\u00edticos se referiram ao autor Dias Gomes. Nesta p\u00e1gina, conhe\u00e7a mais sobre sua trajet\u00f3ria e obra.","breadcrumb":{"@id":"https:\/\/ocupacao.icnetworks.org\/ocupacao\/dias-gomes\/incomodo-e-subversivo\/#breadcrumb"},"inLanguage":"pt-BR","potentialAction":[{"@type":"ReadAction","target":["https:\/\/ocupacao.icnetworks.org\/ocupacao\/dias-gomes\/incomodo-e-subversivo\/"]}]},{"@type":"BreadcrumbList","@id":"https:\/\/ocupacao.icnetworks.org\/ocupacao\/dias-gomes\/incomodo-e-subversivo\/#breadcrumb","itemListElement":[{"@type":"ListItem","position":1,"name":"In\u00edcio","item":"https:\/\/www.itaucultural.org.br\/ocupacao\/en\/"},{"@type":"ListItem","position":2,"name":"Dias Gomes","item":"https:\/\/www.itaucultural.org.br\/ocupacao\/dias-gomes\/"},{"@type":"ListItem","position":3,"name":"Inc\u00f4modo e Subversivo"}]},{"@type":"WebSite","@id":"https:\/\/www.itaucultural.org.br\/ocupacao\/en\/#website","url":"https:\/\/www.itaucultural.org.br\/ocupacao\/en\/","name":"Ocupa\u00e7\u00e3o","description":"S\u00f3 mais um site WordPress","potentialAction":[{"@type":"SearchAction","target":{"@type":"EntryPoint","urlTemplate":"https:\/\/www.itaucultural.org.br\/ocupacao\/en\/?s={search_term_string}"},"query-input":{"@type":"PropertyValueSpecification","valueRequired":true,"valueName":"search_term_string"}}],"inLanguage":"pt-BR"}]}},"_links":{"self":[{"href":"https:\/\/ocupacao.icnetworks.org\/ocupacao\/wp-json\/wp\/v2\/pages\/19407","targetHints":{"allow":["GET"]}}],"collection":[{"href":"https:\/\/ocupacao.icnetworks.org\/ocupacao\/wp-json\/wp\/v2\/pages"}],"about":[{"href":"https:\/\/ocupacao.icnetworks.org\/ocupacao\/wp-json\/wp\/v2\/types\/page"}],"author":[{"embeddable":true,"href":"https:\/\/ocupacao.icnetworks.org\/ocupacao\/wp-json\/wp\/v2\/users\/4"}],"replies":[{"embeddable":true,"href":"https:\/\/ocupacao.icnetworks.org\/ocupacao\/wp-json\/wp\/v2\/comments?post=19407"}],"version-history":[{"count":28,"href":"https:\/\/ocupacao.icnetworks.org\/ocupacao\/wp-json\/wp\/v2\/pages\/19407\/revisions"}],"predecessor-version":[{"id":19923,"href":"https:\/\/ocupacao.icnetworks.org\/ocupacao\/wp-json\/wp\/v2\/pages\/19407\/revisions\/19923"}],"up":[{"embeddable":true,"href":"https:\/\/ocupacao.icnetworks.org\/ocupacao\/wp-json\/wp\/v2\/pages\/19348"}],"wp:attachment":[{"href":"https:\/\/ocupacao.icnetworks.org\/ocupacao\/wp-json\/wp\/v2\/media?parent=19407"}],"curies":[{"name":"wp","href":"https:\/\/api.w.org\/{rel}","templated":true}]}}