
{"id":19671,"date":"2023-03-13T14:57:37","date_gmt":"2023-03-13T17:57:37","guid":{"rendered":"https:\/\/ocupacao.icnetworks.org\/ocupacao\/?page_id=19671"},"modified":"2023-03-22T11:27:44","modified_gmt":"2023-03-22T14:27:44","slug":"territorios-triangulo-de-vida","status":"publish","type":"page","link":"https:\/\/ocupacao.icnetworks.org\/ocupacao\/dona-onete\/territorios-triangulo-de-vida\/","title":{"rendered":"Territ\u00f3rios: tri\u00e2ngulo de vida"},"content":{"rendered":"<p>N\u00e3o \u00e9 qualquer luar que canta Dona Onete: \u00e9 o luar paraurara, o que banha a Amaz\u00f4nia, citado em \u201cFaceira\u201d. N\u00e3o corre qualquer rio nas suas letras: os exemplos s\u00e3o <em>paraenses<\/em>, como o Maiauat\u00e1 (\u201cBoto namorador\u201d) e o Guam\u00e1 (\u201cLua Jaci\u201d). A poesia dela tem casa.<\/p>\n<p>Nascida em Cachoeira do Arari, munic\u00edpio na Ilha de Maraj\u00f3, no Par\u00e1, Dona Onete se muda para a capital Bel\u00e9m na inf\u00e2ncia, por vezes voltando \u00e0 cidade natal. No per\u00edodo, conhece Igarap\u00e9-Miri, onde estabeleceria fam\u00edlia. Desses lugares absorve cultura e natureza.<\/p>\n<p>Cantando nas festas de Cachoeira, morando no bairro belenense da Pedreira \u2013 chamado <em>bairro do samba e do amor<\/em> \u2013, vivendo o carimb\u00f3 em Miri, Dona Onete fez a sua arte, marcada de territ\u00f3rio e viagem. Se perguntamos, mais ou menos como ela em \u201cCarimb\u00f3 chamegado\u201d, qual \u00e9 o seu carimb\u00f3, de onde ele vem, ela pode sempre responder:<\/p>\n<p><em>\u201cdas cabeceiras dos rios,<\/em><br \/>\n<em>dos lagos e dos igarap\u00e9s,<\/em><br \/>\n<em>onde a canarana \u00e9 vi\u00e7osa<\/em><br \/>\n<em>e o tapete \u00e9 murur\u00e9\u201d.<\/em><\/p>\n<p>Nesta p\u00e1gina, abordamos aspectos da cultura desses locais \u2013 Ilha do Maraj\u00f3, Igarap\u00e9-Miri e Bel\u00e9m \u2013 que formam o \u201ctri\u00e2ngulo de vida\u201d, como a pr\u00f3pria Dona Onete chamou.<\/p>\n","protected":false},"excerpt":{"rendered":"<p>N\u00e3o \u00e9 qualquer luar que canta Dona Onete: \u00e9 o luar paraurara, o que banha a Amaz\u00f4nia, citado em \u201cFaceira\u201d. N\u00e3o corre qualquer rio nas suas letras: os exemplos s\u00e3o paraenses, como o Maiauat\u00e1 (\u201cBoto namorador\u201d) e o Guam\u00e1 (\u201cLua Jaci\u201d). A poesia dela tem casa. Nascida em Cachoeira do Arari, munic\u00edpio na Ilha de [&hellip;]<\/p>\n","protected":false},"author":20,"featured_media":0,"parent":19658,"menu_order":4,"comment_status":"closed","ping_status":"closed","template":"","meta":{"footnotes":""},"class_list":["post-19671","page","type-page","status-publish","hentry","temas-cidades","temas-culinaria","temas-cultura-popular","temas-musica","temas-para","temas-territorio","areas-cultura-popular","areas-musica"],"yoast_head":"<!-- This site is optimized with the Yoast SEO plugin v27.4 - https:\/\/yoast.com\/product\/yoast-seo-wordpress\/ -->\n<title>Territ\u00f3rios: tri\u00e2ngulo de vida - Ocupa\u00e7\u00e3o Dona Onete<\/title>\n<meta name=\"description\" content=\"Nesta p\u00e1gina, abordamos tr\u00eas territ\u00f3rios paraenses fundamentais para a trajet\u00f3ria de Dona Onete: Bel\u00e9m, Cachoeira do Arari e Igarap\u00e9-Miri.\" \/>\n<meta name=\"robots\" content=\"index, follow, max-snippet:-1, max-image-preview:large, max-video-preview:-1\" \/>\n<link rel=\"canonical\" href=\"https:\/\/ocupacao.icnetworks.org\/ocupacao\/dona-onete\/territorios-triangulo-de-vida\/\" \/>\n<meta property=\"og:locale\" content=\"pt_BR\" \/>\n<meta property=\"og:type\" content=\"article\" \/>\n<meta property=\"og:title\" content=\"Territ\u00f3rios: tri\u00e2ngulo de vida - Ocupa\u00e7\u00e3o Dona Onete\" \/>\n<meta property=\"og:description\" content=\"Nesta p\u00e1gina, abordamos tr\u00eas territ\u00f3rios paraenses fundamentais para a trajet\u00f3ria de Dona Onete: Bel\u00e9m, Cachoeira do Arari e Igarap\u00e9-Miri.\" \/>\n<meta property=\"og:url\" content=\"https:\/\/ocupacao.icnetworks.org\/ocupacao\/dona-onete\/territorios-triangulo-de-vida\/\" \/>\n<meta property=\"og:site_name\" content=\"Ocupa\u00e7\u00e3o\" \/>\n<meta property=\"article:modified_time\" content=\"2023-03-22T14:27:44+00:00\" \/>\n<meta name=\"twitter:card\" content=\"summary_large_image\" \/>\n<meta name=\"twitter:label1\" content=\"Est. tempo de leitura\" \/>\n\t<meta name=\"twitter:data1\" content=\"2 minutos\" \/>\n<script type=\"application\/ld+json\" class=\"yoast-schema-graph\">{\"@context\":\"https:\\\/\\\/schema.org\",\"@graph\":[{\"@type\":\"WebPage\",\"@id\":\"https:\\\/\\\/ocupacao.icnetworks.org\\\/ocupacao\\\/dona-onete\\\/territorios-triangulo-de-vida\\\/\",\"url\":\"https:\\\/\\\/ocupacao.icnetworks.org\\\/ocupacao\\\/dona-onete\\\/territorios-triangulo-de-vida\\\/\",\"name\":\"Territ\u00f3rios: tri\u00e2ngulo de vida - Ocupa\u00e7\u00e3o Dona Onete\",\"isPartOf\":{\"@id\":\"https:\\\/\\\/www.itaucultural.org.br\\\/ocupacao\\\/en\\\/#website\"},\"datePublished\":\"2023-03-13T17:57:37+00:00\",\"dateModified\":\"2023-03-22T14:27:44+00:00\",\"description\":\"Nesta p\u00e1gina, abordamos tr\u00eas territ\u00f3rios paraenses fundamentais para a trajet\u00f3ria de Dona Onete: Bel\u00e9m, Cachoeira do Arari e Igarap\u00e9-Miri.\",\"breadcrumb\":{\"@id\":\"https:\\\/\\\/ocupacao.icnetworks.org\\\/ocupacao\\\/dona-onete\\\/territorios-triangulo-de-vida\\\/#breadcrumb\"},\"inLanguage\":\"pt-BR\",\"potentialAction\":[{\"@type\":\"ReadAction\",\"target\":[\"https:\\\/\\\/ocupacao.icnetworks.org\\\/ocupacao\\\/dona-onete\\\/territorios-triangulo-de-vida\\\/\"]}]},{\"@type\":\"BreadcrumbList\",\"@id\":\"https:\\\/\\\/ocupacao.icnetworks.org\\\/ocupacao\\\/dona-onete\\\/territorios-triangulo-de-vida\\\/#breadcrumb\",\"itemListElement\":[{\"@type\":\"ListItem\",\"position\":1,\"name\":\"In\u00edcio\",\"item\":\"https:\\\/\\\/www.itaucultural.org.br\\\/ocupacao\\\/en\\\/\"},{\"@type\":\"ListItem\",\"position\":2,\"name\":\"Dona Onete\",\"item\":\"https:\\\/\\\/ocupacao.icnetworks.org\\\/ocupacao\\\/dona-onete\\\/\"},{\"@type\":\"ListItem\",\"position\":3,\"name\":\"Territ\u00f3rios: tri\u00e2ngulo de vida\"}]},{\"@type\":\"WebSite\",\"@id\":\"https:\\\/\\\/www.itaucultural.org.br\\\/ocupacao\\\/en\\\/#website\",\"url\":\"https:\\\/\\\/www.itaucultural.org.br\\\/ocupacao\\\/en\\\/\",\"name\":\"Ocupa\u00e7\u00e3o\",\"description\":\"S\u00f3 mais um site WordPress\",\"potentialAction\":[{\"@type\":\"SearchAction\",\"target\":{\"@type\":\"EntryPoint\",\"urlTemplate\":\"https:\\\/\\\/www.itaucultural.org.br\\\/ocupacao\\\/en\\\/?s={search_term_string}\"},\"query-input\":{\"@type\":\"PropertyValueSpecification\",\"valueRequired\":true,\"valueName\":\"search_term_string\"}}],\"inLanguage\":\"pt-BR\"}]}<\/script>\n<!-- \/ Yoast SEO plugin. -->","yoast_head_json":{"title":"Territ\u00f3rios: tri\u00e2ngulo de vida - Ocupa\u00e7\u00e3o Dona Onete","description":"Nesta p\u00e1gina, abordamos tr\u00eas territ\u00f3rios paraenses fundamentais para a trajet\u00f3ria de Dona Onete: Bel\u00e9m, Cachoeira do Arari e Igarap\u00e9-Miri.","robots":{"index":"index","follow":"follow","max-snippet":"max-snippet:-1","max-image-preview":"max-image-preview:large","max-video-preview":"max-video-preview:-1"},"canonical":"https:\/\/ocupacao.icnetworks.org\/ocupacao\/dona-onete\/territorios-triangulo-de-vida\/","og_locale":"pt_BR","og_type":"article","og_title":"Territ\u00f3rios: tri\u00e2ngulo de vida - Ocupa\u00e7\u00e3o Dona Onete","og_description":"Nesta p\u00e1gina, abordamos tr\u00eas territ\u00f3rios paraenses fundamentais para a trajet\u00f3ria de Dona Onete: Bel\u00e9m, Cachoeira do Arari e Igarap\u00e9-Miri.","og_url":"https:\/\/ocupacao.icnetworks.org\/ocupacao\/dona-onete\/territorios-triangulo-de-vida\/","og_site_name":"Ocupa\u00e7\u00e3o","article_modified_time":"2023-03-22T14:27:44+00:00","twitter_card":"summary_large_image","twitter_misc":{"Est. tempo de leitura":"2 minutos"},"schema":{"@context":"https:\/\/schema.org","@graph":[{"@type":"WebPage","@id":"https:\/\/ocupacao.icnetworks.org\/ocupacao\/dona-onete\/territorios-triangulo-de-vida\/","url":"https:\/\/ocupacao.icnetworks.org\/ocupacao\/dona-onete\/territorios-triangulo-de-vida\/","name":"Territ\u00f3rios: tri\u00e2ngulo de vida - Ocupa\u00e7\u00e3o Dona Onete","isPartOf":{"@id":"https:\/\/www.itaucultural.org.br\/ocupacao\/en\/#website"},"datePublished":"2023-03-13T17:57:37+00:00","dateModified":"2023-03-22T14:27:44+00:00","description":"Nesta p\u00e1gina, abordamos tr\u00eas territ\u00f3rios paraenses fundamentais para a trajet\u00f3ria de Dona Onete: Bel\u00e9m, Cachoeira do Arari e Igarap\u00e9-Miri.","breadcrumb":{"@id":"https:\/\/ocupacao.icnetworks.org\/ocupacao\/dona-onete\/territorios-triangulo-de-vida\/#breadcrumb"},"inLanguage":"pt-BR","potentialAction":[{"@type":"ReadAction","target":["https:\/\/ocupacao.icnetworks.org\/ocupacao\/dona-onete\/territorios-triangulo-de-vida\/"]}]},{"@type":"BreadcrumbList","@id":"https:\/\/ocupacao.icnetworks.org\/ocupacao\/dona-onete\/territorios-triangulo-de-vida\/#breadcrumb","itemListElement":[{"@type":"ListItem","position":1,"name":"In\u00edcio","item":"https:\/\/www.itaucultural.org.br\/ocupacao\/en\/"},{"@type":"ListItem","position":2,"name":"Dona Onete","item":"https:\/\/ocupacao.icnetworks.org\/ocupacao\/dona-onete\/"},{"@type":"ListItem","position":3,"name":"Territ\u00f3rios: tri\u00e2ngulo de vida"}]},{"@type":"WebSite","@id":"https:\/\/www.itaucultural.org.br\/ocupacao\/en\/#website","url":"https:\/\/www.itaucultural.org.br\/ocupacao\/en\/","name":"Ocupa\u00e7\u00e3o","description":"S\u00f3 mais um site WordPress","potentialAction":[{"@type":"SearchAction","target":{"@type":"EntryPoint","urlTemplate":"https:\/\/www.itaucultural.org.br\/ocupacao\/en\/?s={search_term_string}"},"query-input":{"@type":"PropertyValueSpecification","valueRequired":true,"valueName":"search_term_string"}}],"inLanguage":"pt-BR"}]}},"_links":{"self":[{"href":"https:\/\/ocupacao.icnetworks.org\/ocupacao\/wp-json\/wp\/v2\/pages\/19671","targetHints":{"allow":["GET"]}}],"collection":[{"href":"https:\/\/ocupacao.icnetworks.org\/ocupacao\/wp-json\/wp\/v2\/pages"}],"about":[{"href":"https:\/\/ocupacao.icnetworks.org\/ocupacao\/wp-json\/wp\/v2\/types\/page"}],"author":[{"embeddable":true,"href":"https:\/\/ocupacao.icnetworks.org\/ocupacao\/wp-json\/wp\/v2\/users\/20"}],"replies":[{"embeddable":true,"href":"https:\/\/ocupacao.icnetworks.org\/ocupacao\/wp-json\/wp\/v2\/comments?post=19671"}],"version-history":[{"count":38,"href":"https:\/\/ocupacao.icnetworks.org\/ocupacao\/wp-json\/wp\/v2\/pages\/19671\/revisions"}],"predecessor-version":[{"id":19919,"href":"https:\/\/ocupacao.icnetworks.org\/ocupacao\/wp-json\/wp\/v2\/pages\/19671\/revisions\/19919"}],"up":[{"embeddable":true,"href":"https:\/\/ocupacao.icnetworks.org\/ocupacao\/wp-json\/wp\/v2\/pages\/19658"}],"wp:attachment":[{"href":"https:\/\/ocupacao.icnetworks.org\/ocupacao\/wp-json\/wp\/v2\/media?parent=19671"}],"curies":[{"name":"wp","href":"https:\/\/api.w.org\/{rel}","templated":true}]}}