
{"id":19720,"date":"2023-03-14T15:52:55","date_gmt":"2023-03-14T18:52:55","guid":{"rendered":"https:\/\/ocupacao.icnetworks.org\/ocupacao\/?page_id=19720"},"modified":"2023-03-22T11:08:59","modified_gmt":"2023-03-22T14:08:59","slug":"rainha-do-carimbo-chamegado","status":"publish","type":"page","link":"https:\/\/ocupacao.icnetworks.org\/ocupacao\/dona-onete\/rainha-do-carimbo-chamegado\/","title":{"rendered":"Rainha do Carimb\u00f3 Chamegado"},"content":{"rendered":"","protected":false},"excerpt":{"rendered":"","protected":false},"author":20,"featured_media":19782,"parent":19658,"menu_order":2,"comment_status":"closed","ping_status":"closed","template":"","meta":{"footnotes":""},"class_list":["post-19720","page","type-page","status-publish","has-post-thumbnail","hentry","temas-cultura-popular","temas-musica","areas-cultura-popular","areas-musica"],"yoast_head":"<!-- This site is optimized with the Yoast SEO plugin v27.3 - https:\/\/yoast.com\/product\/yoast-seo-wordpress\/ -->\n<title>Rainha do Carimb\u00f3 Chamegado - Ocupa\u00e7\u00e3o Dona Onete<\/title>\n<meta name=\"description\" content=\"Dona Onete, a Rainha do Carimb\u00f3 Chamegado, \u00e9 a cantora \u00e9 uma das grandes vozes do Par\u00e1. Saiba mais sobre a sua carreira.\" \/>\n<meta name=\"robots\" content=\"index, follow, max-snippet:-1, max-image-preview:large, max-video-preview:-1\" \/>\n<link rel=\"canonical\" href=\"https:\/\/ocupacao.icnetworks.org\/ocupacao\/dona-onete\/rainha-do-carimbo-chamegado\/\" \/>\n<meta property=\"og:locale\" content=\"pt_BR\" \/>\n<meta property=\"og:type\" content=\"article\" \/>\n<meta property=\"og:title\" content=\"Rainha do Carimb\u00f3 Chamegado - Ocupa\u00e7\u00e3o Dona Onete\" \/>\n<meta property=\"og:description\" content=\"Dona Onete, a Rainha do Carimb\u00f3 Chamegado, \u00e9 a cantora \u00e9 uma das grandes vozes do Par\u00e1. Saiba mais sobre a sua carreira.\" \/>\n<meta property=\"og:url\" content=\"https:\/\/ocupacao.icnetworks.org\/ocupacao\/dona-onete\/rainha-do-carimbo-chamegado\/\" \/>\n<meta property=\"og:site_name\" content=\"Ocupa\u00e7\u00e3o\" \/>\n<meta property=\"article:modified_time\" content=\"2023-03-22T14:08:59+00:00\" \/>\n<meta property=\"og:image\" content=\"https:\/\/ocupacao.icnetworks.org\/ocupacao\/wp-content\/uploads\/2023\/03\/107-scaled.jpg\" \/>\n\t<meta property=\"og:image:width\" content=\"2560\" \/>\n\t<meta property=\"og:image:height\" content=\"1707\" \/>\n\t<meta property=\"og:image:type\" content=\"image\/jpeg\" \/>\n<meta name=\"twitter:card\" content=\"summary_large_image\" \/>\n<script type=\"application\/ld+json\" class=\"yoast-schema-graph\">{\"@context\":\"https:\\\/\\\/schema.org\",\"@graph\":[{\"@type\":\"WebPage\",\"@id\":\"https:\\\/\\\/ocupacao.icnetworks.org\\\/ocupacao\\\/dona-onete\\\/rainha-do-carimbo-chamegado\\\/\",\"url\":\"https:\\\/\\\/ocupacao.icnetworks.org\\\/ocupacao\\\/dona-onete\\\/rainha-do-carimbo-chamegado\\\/\",\"name\":\"Rainha do Carimb\u00f3 Chamegado - Ocupa\u00e7\u00e3o Dona Onete\",\"isPartOf\":{\"@id\":\"https:\\\/\\\/www.itaucultural.org.br\\\/ocupacao\\\/en\\\/#website\"},\"primaryImageOfPage\":{\"@id\":\"https:\\\/\\\/ocupacao.icnetworks.org\\\/ocupacao\\\/dona-onete\\\/rainha-do-carimbo-chamegado\\\/#primaryimage\"},\"image\":{\"@id\":\"https:\\\/\\\/ocupacao.icnetworks.org\\\/ocupacao\\\/dona-onete\\\/rainha-do-carimbo-chamegado\\\/#primaryimage\"},\"thumbnailUrl\":\"https:\\\/\\\/ocupacao.icnetworks.org\\\/ocupacao\\\/wp-content\\\/uploads\\\/2023\\\/03\\\/107-scaled.jpg\",\"datePublished\":\"2023-03-14T18:52:55+00:00\",\"dateModified\":\"2023-03-22T14:08:59+00:00\",\"description\":\"Dona Onete, a Rainha do Carimb\u00f3 Chamegado, \u00e9 a cantora \u00e9 uma das grandes vozes do Par\u00e1. Saiba mais sobre a sua carreira.\",\"breadcrumb\":{\"@id\":\"https:\\\/\\\/ocupacao.icnetworks.org\\\/ocupacao\\\/dona-onete\\\/rainha-do-carimbo-chamegado\\\/#breadcrumb\"},\"inLanguage\":\"pt-BR\",\"potentialAction\":[{\"@type\":\"ReadAction\",\"target\":[\"https:\\\/\\\/ocupacao.icnetworks.org\\\/ocupacao\\\/dona-onete\\\/rainha-do-carimbo-chamegado\\\/\"]}]},{\"@type\":\"ImageObject\",\"inLanguage\":\"pt-BR\",\"@id\":\"https:\\\/\\\/ocupacao.icnetworks.org\\\/ocupacao\\\/dona-onete\\\/rainha-do-carimbo-chamegado\\\/#primaryimage\",\"url\":\"https:\\\/\\\/ocupacao.icnetworks.org\\\/ocupacao\\\/wp-content\\\/uploads\\\/2023\\\/03\\\/107-scaled.jpg\",\"contentUrl\":\"https:\\\/\\\/ocupacao.icnetworks.org\\\/ocupacao\\\/wp-content\\\/uploads\\\/2023\\\/03\\\/107-scaled.jpg\",\"width\":2560,\"height\":1707,\"caption\":\"Show de pr\u00e9-Carnaval em Recife (PE). Na foto Dona Onete e Marcos Sarrazin no Saxofone. 2019 | imagem: S\u00e9rgio Bernardo\\\/PCR\"},{\"@type\":\"BreadcrumbList\",\"@id\":\"https:\\\/\\\/ocupacao.icnetworks.org\\\/ocupacao\\\/dona-onete\\\/rainha-do-carimbo-chamegado\\\/#breadcrumb\",\"itemListElement\":[{\"@type\":\"ListItem\",\"position\":1,\"name\":\"In\u00edcio\",\"item\":\"https:\\\/\\\/www.itaucultural.org.br\\\/ocupacao\\\/en\\\/\"},{\"@type\":\"ListItem\",\"position\":2,\"name\":\"Dona Onete\",\"item\":\"https:\\\/\\\/ocupacao.icnetworks.org\\\/ocupacao\\\/dona-onete\\\/\"},{\"@type\":\"ListItem\",\"position\":3,\"name\":\"Rainha do Carimb\u00f3 Chamegado\"}]},{\"@type\":\"WebSite\",\"@id\":\"https:\\\/\\\/www.itaucultural.org.br\\\/ocupacao\\\/en\\\/#website\",\"url\":\"https:\\\/\\\/www.itaucultural.org.br\\\/ocupacao\\\/en\\\/\",\"name\":\"Ocupa\u00e7\u00e3o\",\"description\":\"S\u00f3 mais um site WordPress\",\"potentialAction\":[{\"@type\":\"SearchAction\",\"target\":{\"@type\":\"EntryPoint\",\"urlTemplate\":\"https:\\\/\\\/www.itaucultural.org.br\\\/ocupacao\\\/en\\\/?s={search_term_string}\"},\"query-input\":{\"@type\":\"PropertyValueSpecification\",\"valueRequired\":true,\"valueName\":\"search_term_string\"}}],\"inLanguage\":\"pt-BR\"}]}<\/script>\n<!-- \/ Yoast SEO plugin. -->","yoast_head_json":{"title":"Rainha do Carimb\u00f3 Chamegado - Ocupa\u00e7\u00e3o Dona Onete","description":"Dona Onete, a Rainha do Carimb\u00f3 Chamegado, \u00e9 a cantora \u00e9 uma das grandes vozes do Par\u00e1. Saiba mais sobre a sua carreira.","robots":{"index":"index","follow":"follow","max-snippet":"max-snippet:-1","max-image-preview":"max-image-preview:large","max-video-preview":"max-video-preview:-1"},"canonical":"https:\/\/ocupacao.icnetworks.org\/ocupacao\/dona-onete\/rainha-do-carimbo-chamegado\/","og_locale":"pt_BR","og_type":"article","og_title":"Rainha do Carimb\u00f3 Chamegado - Ocupa\u00e7\u00e3o Dona Onete","og_description":"Dona Onete, a Rainha do Carimb\u00f3 Chamegado, \u00e9 a cantora \u00e9 uma das grandes vozes do Par\u00e1. Saiba mais sobre a sua carreira.","og_url":"https:\/\/ocupacao.icnetworks.org\/ocupacao\/dona-onete\/rainha-do-carimbo-chamegado\/","og_site_name":"Ocupa\u00e7\u00e3o","article_modified_time":"2023-03-22T14:08:59+00:00","og_image":[{"width":2560,"height":1707,"url":"https:\/\/ocupacao.icnetworks.org\/ocupacao\/wp-content\/uploads\/2023\/03\/107-scaled.jpg","type":"image\/jpeg"}],"twitter_card":"summary_large_image","schema":{"@context":"https:\/\/schema.org","@graph":[{"@type":"WebPage","@id":"https:\/\/ocupacao.icnetworks.org\/ocupacao\/dona-onete\/rainha-do-carimbo-chamegado\/","url":"https:\/\/ocupacao.icnetworks.org\/ocupacao\/dona-onete\/rainha-do-carimbo-chamegado\/","name":"Rainha do Carimb\u00f3 Chamegado - Ocupa\u00e7\u00e3o Dona Onete","isPartOf":{"@id":"https:\/\/www.itaucultural.org.br\/ocupacao\/en\/#website"},"primaryImageOfPage":{"@id":"https:\/\/ocupacao.icnetworks.org\/ocupacao\/dona-onete\/rainha-do-carimbo-chamegado\/#primaryimage"},"image":{"@id":"https:\/\/ocupacao.icnetworks.org\/ocupacao\/dona-onete\/rainha-do-carimbo-chamegado\/#primaryimage"},"thumbnailUrl":"https:\/\/ocupacao.icnetworks.org\/ocupacao\/wp-content\/uploads\/2023\/03\/107-scaled.jpg","datePublished":"2023-03-14T18:52:55+00:00","dateModified":"2023-03-22T14:08:59+00:00","description":"Dona Onete, a Rainha do Carimb\u00f3 Chamegado, \u00e9 a cantora \u00e9 uma das grandes vozes do Par\u00e1. Saiba mais sobre a sua carreira.","breadcrumb":{"@id":"https:\/\/ocupacao.icnetworks.org\/ocupacao\/dona-onete\/rainha-do-carimbo-chamegado\/#breadcrumb"},"inLanguage":"pt-BR","potentialAction":[{"@type":"ReadAction","target":["https:\/\/ocupacao.icnetworks.org\/ocupacao\/dona-onete\/rainha-do-carimbo-chamegado\/"]}]},{"@type":"ImageObject","inLanguage":"pt-BR","@id":"https:\/\/ocupacao.icnetworks.org\/ocupacao\/dona-onete\/rainha-do-carimbo-chamegado\/#primaryimage","url":"https:\/\/ocupacao.icnetworks.org\/ocupacao\/wp-content\/uploads\/2023\/03\/107-scaled.jpg","contentUrl":"https:\/\/ocupacao.icnetworks.org\/ocupacao\/wp-content\/uploads\/2023\/03\/107-scaled.jpg","width":2560,"height":1707,"caption":"Show de pr\u00e9-Carnaval em Recife (PE). Na foto Dona Onete e Marcos Sarrazin no Saxofone. 2019 | imagem: S\u00e9rgio Bernardo\/PCR"},{"@type":"BreadcrumbList","@id":"https:\/\/ocupacao.icnetworks.org\/ocupacao\/dona-onete\/rainha-do-carimbo-chamegado\/#breadcrumb","itemListElement":[{"@type":"ListItem","position":1,"name":"In\u00edcio","item":"https:\/\/www.itaucultural.org.br\/ocupacao\/en\/"},{"@type":"ListItem","position":2,"name":"Dona Onete","item":"https:\/\/ocupacao.icnetworks.org\/ocupacao\/dona-onete\/"},{"@type":"ListItem","position":3,"name":"Rainha do Carimb\u00f3 Chamegado"}]},{"@type":"WebSite","@id":"https:\/\/www.itaucultural.org.br\/ocupacao\/en\/#website","url":"https:\/\/www.itaucultural.org.br\/ocupacao\/en\/","name":"Ocupa\u00e7\u00e3o","description":"S\u00f3 mais um site WordPress","potentialAction":[{"@type":"SearchAction","target":{"@type":"EntryPoint","urlTemplate":"https:\/\/www.itaucultural.org.br\/ocupacao\/en\/?s={search_term_string}"},"query-input":{"@type":"PropertyValueSpecification","valueRequired":true,"valueName":"search_term_string"}}],"inLanguage":"pt-BR"}]}},"_links":{"self":[{"href":"https:\/\/ocupacao.icnetworks.org\/ocupacao\/wp-json\/wp\/v2\/pages\/19720","targetHints":{"allow":["GET"]}}],"collection":[{"href":"https:\/\/ocupacao.icnetworks.org\/ocupacao\/wp-json\/wp\/v2\/pages"}],"about":[{"href":"https:\/\/ocupacao.icnetworks.org\/ocupacao\/wp-json\/wp\/v2\/types\/page"}],"author":[{"embeddable":true,"href":"https:\/\/ocupacao.icnetworks.org\/ocupacao\/wp-json\/wp\/v2\/users\/20"}],"replies":[{"embeddable":true,"href":"https:\/\/ocupacao.icnetworks.org\/ocupacao\/wp-json\/wp\/v2\/comments?post=19720"}],"version-history":[{"count":29,"href":"https:\/\/ocupacao.icnetworks.org\/ocupacao\/wp-json\/wp\/v2\/pages\/19720\/revisions"}],"predecessor-version":[{"id":19917,"href":"https:\/\/ocupacao.icnetworks.org\/ocupacao\/wp-json\/wp\/v2\/pages\/19720\/revisions\/19917"}],"up":[{"embeddable":true,"href":"https:\/\/ocupacao.icnetworks.org\/ocupacao\/wp-json\/wp\/v2\/pages\/19658"}],"wp:featuredmedia":[{"embeddable":true,"href":"https:\/\/ocupacao.icnetworks.org\/ocupacao\/wp-json\/wp\/v2\/media\/19782"}],"wp:attachment":[{"href":"https:\/\/ocupacao.icnetworks.org\/ocupacao\/wp-json\/wp\/v2\/media?parent=19720"}],"curies":[{"name":"wp","href":"https:\/\/api.w.org\/{rel}","templated":true}]}}