
{"id":20056,"date":"2023-10-09T16:13:35","date_gmt":"2023-10-09T19:13:35","guid":{"rendered":"https:\/\/ocupacao.icnetworks.org\/ocupacao\/?page_id=20056"},"modified":"2025-08-29T17:51:48","modified_gmt":"2025-08-29T20:51:48","slug":"mario-pedrosa","status":"publish","type":"page","link":"https:\/\/ocupacao.icnetworks.org\/ocupacao\/mario-pedrosa\/","title":{"rendered":"Mario Pedrosa"},"content":{"rendered":"","protected":false},"excerpt":{"rendered":"","protected":false},"author":20,"featured_media":20166,"parent":0,"menu_order":26,"comment_status":"closed","ping_status":"closed","template":"","meta":{"footnotes":""},"class_list":["post-20056","page","type-page","status-publish","has-post-thumbnail","hentry","temas-artes-visuais","temas-critica-de-arte","temas-politica","areas-arquitetura","areas-arte-contemporanea","areas-arte-indigena","areas-artes-visuais","areas-modernismo","areas-museologia"],"yoast_head":"<!-- This site is optimized with the Yoast SEO plugin v27.3 - https:\/\/yoast.com\/product\/yoast-seo-wordpress\/ -->\n<title>Ocupa\u00e7\u00e3o Mario Pedrosa<\/title>\n<meta name=\"description\" content=\"Ocupa\u00e7\u00e3o Mario Pedrosa se aprofunda na trajet\u00f3ria do cr\u00edtico de arte brasileiro e sua vis\u00e3o multidisciplinar.\" \/>\n<meta name=\"robots\" content=\"index, follow, max-snippet:-1, max-image-preview:large, max-video-preview:-1\" \/>\n<link rel=\"canonical\" href=\"https:\/\/ocupacao.icnetworks.org\/ocupacao\/mario-pedrosa\/\" \/>\n<meta property=\"og:locale\" content=\"pt_BR\" \/>\n<meta property=\"og:type\" content=\"article\" \/>\n<meta property=\"og:title\" content=\"Ocupa\u00e7\u00e3o Mario Pedrosa\" \/>\n<meta property=\"og:description\" content=\"Ocupa\u00e7\u00e3o Mario Pedrosa se aprofunda na trajet\u00f3ria do cr\u00edtico de arte brasileiro e sua vis\u00e3o multidisciplinar.\" \/>\n<meta property=\"og:url\" content=\"https:\/\/ocupacao.icnetworks.org\/ocupacao\/mario-pedrosa\/\" \/>\n<meta property=\"og:site_name\" content=\"Ocupa\u00e7\u00e3o\" \/>\n<meta property=\"article:modified_time\" content=\"2025-08-29T20:51:48+00:00\" \/>\n<meta property=\"og:image\" content=\"https:\/\/ocupacao.icnetworks.org\/ocupacao\/wp-content\/uploads\/2023\/10\/LO-0286-Copia-2.jpg\" \/>\n\t<meta property=\"og:image:width\" content=\"1156\" \/>\n\t<meta property=\"og:image:height\" content=\"668\" \/>\n\t<meta property=\"og:image:type\" content=\"image\/jpeg\" \/>\n<meta name=\"twitter:card\" content=\"summary_large_image\" \/>\n<meta name=\"twitter:label1\" content=\"Est. tempo de leitura\" \/>\n\t<meta name=\"twitter:data1\" content=\"1 minuto\" \/>\n<script type=\"application\/ld+json\" class=\"yoast-schema-graph\">{\"@context\":\"https:\\\/\\\/schema.org\",\"@graph\":[{\"@type\":\"WebPage\",\"@id\":\"https:\\\/\\\/ocupacao.icnetworks.org\\\/ocupacao\\\/mario-pedrosa\\\/\",\"url\":\"https:\\\/\\\/ocupacao.icnetworks.org\\\/ocupacao\\\/mario-pedrosa\\\/\",\"name\":\"Ocupa\u00e7\u00e3o Mario Pedrosa\",\"isPartOf\":{\"@id\":\"https:\\\/\\\/www.itaucultural.org.br\\\/ocupacao\\\/en\\\/#website\"},\"primaryImageOfPage\":{\"@id\":\"https:\\\/\\\/ocupacao.icnetworks.org\\\/ocupacao\\\/mario-pedrosa\\\/#primaryimage\"},\"image\":{\"@id\":\"https:\\\/\\\/ocupacao.icnetworks.org\\\/ocupacao\\\/mario-pedrosa\\\/#primaryimage\"},\"thumbnailUrl\":\"https:\\\/\\\/ocupacao.icnetworks.org\\\/ocupacao\\\/wp-content\\\/uploads\\\/2023\\\/10\\\/LO-0286-Copia-2.jpg\",\"datePublished\":\"2023-10-09T19:13:35+00:00\",\"dateModified\":\"2025-08-29T20:51:48+00:00\",\"description\":\"Ocupa\u00e7\u00e3o Mario Pedrosa se aprofunda na trajet\u00f3ria do cr\u00edtico de arte brasileiro e sua vis\u00e3o multidisciplinar.\",\"breadcrumb\":{\"@id\":\"https:\\\/\\\/ocupacao.icnetworks.org\\\/ocupacao\\\/mario-pedrosa\\\/#breadcrumb\"},\"inLanguage\":\"pt-BR\",\"potentialAction\":[{\"@type\":\"ReadAction\",\"target\":[\"https:\\\/\\\/ocupacao.icnetworks.org\\\/ocupacao\\\/mario-pedrosa\\\/\"]}]},{\"@type\":\"ImageObject\",\"inLanguage\":\"pt-BR\",\"@id\":\"https:\\\/\\\/ocupacao.icnetworks.org\\\/ocupacao\\\/mario-pedrosa\\\/#primaryimage\",\"url\":\"https:\\\/\\\/ocupacao.icnetworks.org\\\/ocupacao\\\/wp-content\\\/uploads\\\/2023\\\/10\\\/LO-0286-Copia-2.jpg\",\"contentUrl\":\"https:\\\/\\\/ocupacao.icnetworks.org\\\/ocupacao\\\/wp-content\\\/uploads\\\/2023\\\/10\\\/LO-0286-Copia-2.jpg\",\"width\":1156,\"height\":668,\"caption\":\"Mario Pedrosa, 1959 imagem: autoria desconhecida Centro de Estudos do Movimento Oper\u00e1rio Mario Pedrosa (Cemap) \u2013 Acervo Centro de Documenta\u00e7\u00e3o e Mem\u00f3ria da Universidade Estadual Paulista (Cedem\\\/Unesp)\"},{\"@type\":\"BreadcrumbList\",\"@id\":\"https:\\\/\\\/ocupacao.icnetworks.org\\\/ocupacao\\\/mario-pedrosa\\\/#breadcrumb\",\"itemListElement\":[{\"@type\":\"ListItem\",\"position\":1,\"name\":\"In\u00edcio\",\"item\":\"https:\\\/\\\/www.itaucultural.org.br\\\/ocupacao\\\/en\\\/\"},{\"@type\":\"ListItem\",\"position\":2,\"name\":\"Mario Pedrosa\"}]},{\"@type\":\"WebSite\",\"@id\":\"https:\\\/\\\/www.itaucultural.org.br\\\/ocupacao\\\/en\\\/#website\",\"url\":\"https:\\\/\\\/www.itaucultural.org.br\\\/ocupacao\\\/en\\\/\",\"name\":\"Ocupa\u00e7\u00e3o\",\"description\":\"S\u00f3 mais um site WordPress\",\"potentialAction\":[{\"@type\":\"SearchAction\",\"target\":{\"@type\":\"EntryPoint\",\"urlTemplate\":\"https:\\\/\\\/www.itaucultural.org.br\\\/ocupacao\\\/en\\\/?s={search_term_string}\"},\"query-input\":{\"@type\":\"PropertyValueSpecification\",\"valueRequired\":true,\"valueName\":\"search_term_string\"}}],\"inLanguage\":\"pt-BR\"}]}<\/script>\n<!-- \/ Yoast SEO plugin. -->","yoast_head_json":{"title":"Ocupa\u00e7\u00e3o Mario Pedrosa","description":"Ocupa\u00e7\u00e3o Mario Pedrosa se aprofunda na trajet\u00f3ria do cr\u00edtico de arte brasileiro e sua vis\u00e3o multidisciplinar.","robots":{"index":"index","follow":"follow","max-snippet":"max-snippet:-1","max-image-preview":"max-image-preview:large","max-video-preview":"max-video-preview:-1"},"canonical":"https:\/\/ocupacao.icnetworks.org\/ocupacao\/mario-pedrosa\/","og_locale":"pt_BR","og_type":"article","og_title":"Ocupa\u00e7\u00e3o Mario Pedrosa","og_description":"Ocupa\u00e7\u00e3o Mario Pedrosa se aprofunda na trajet\u00f3ria do cr\u00edtico de arte brasileiro e sua vis\u00e3o multidisciplinar.","og_url":"https:\/\/ocupacao.icnetworks.org\/ocupacao\/mario-pedrosa\/","og_site_name":"Ocupa\u00e7\u00e3o","article_modified_time":"2025-08-29T20:51:48+00:00","og_image":[{"width":1156,"height":668,"url":"https:\/\/ocupacao.icnetworks.org\/ocupacao\/wp-content\/uploads\/2023\/10\/LO-0286-Copia-2.jpg","type":"image\/jpeg"}],"twitter_card":"summary_large_image","twitter_misc":{"Est. tempo de leitura":"1 minuto"},"schema":{"@context":"https:\/\/schema.org","@graph":[{"@type":"WebPage","@id":"https:\/\/ocupacao.icnetworks.org\/ocupacao\/mario-pedrosa\/","url":"https:\/\/ocupacao.icnetworks.org\/ocupacao\/mario-pedrosa\/","name":"Ocupa\u00e7\u00e3o Mario Pedrosa","isPartOf":{"@id":"https:\/\/www.itaucultural.org.br\/ocupacao\/en\/#website"},"primaryImageOfPage":{"@id":"https:\/\/ocupacao.icnetworks.org\/ocupacao\/mario-pedrosa\/#primaryimage"},"image":{"@id":"https:\/\/ocupacao.icnetworks.org\/ocupacao\/mario-pedrosa\/#primaryimage"},"thumbnailUrl":"https:\/\/ocupacao.icnetworks.org\/ocupacao\/wp-content\/uploads\/2023\/10\/LO-0286-Copia-2.jpg","datePublished":"2023-10-09T19:13:35+00:00","dateModified":"2025-08-29T20:51:48+00:00","description":"Ocupa\u00e7\u00e3o Mario Pedrosa se aprofunda na trajet\u00f3ria do cr\u00edtico de arte brasileiro e sua vis\u00e3o multidisciplinar.","breadcrumb":{"@id":"https:\/\/ocupacao.icnetworks.org\/ocupacao\/mario-pedrosa\/#breadcrumb"},"inLanguage":"pt-BR","potentialAction":[{"@type":"ReadAction","target":["https:\/\/ocupacao.icnetworks.org\/ocupacao\/mario-pedrosa\/"]}]},{"@type":"ImageObject","inLanguage":"pt-BR","@id":"https:\/\/ocupacao.icnetworks.org\/ocupacao\/mario-pedrosa\/#primaryimage","url":"https:\/\/ocupacao.icnetworks.org\/ocupacao\/wp-content\/uploads\/2023\/10\/LO-0286-Copia-2.jpg","contentUrl":"https:\/\/ocupacao.icnetworks.org\/ocupacao\/wp-content\/uploads\/2023\/10\/LO-0286-Copia-2.jpg","width":1156,"height":668,"caption":"Mario Pedrosa, 1959 imagem: autoria desconhecida Centro de Estudos do Movimento Oper\u00e1rio Mario Pedrosa (Cemap) \u2013 Acervo Centro de Documenta\u00e7\u00e3o e Mem\u00f3ria da Universidade Estadual Paulista (Cedem\/Unesp)"},{"@type":"BreadcrumbList","@id":"https:\/\/ocupacao.icnetworks.org\/ocupacao\/mario-pedrosa\/#breadcrumb","itemListElement":[{"@type":"ListItem","position":1,"name":"In\u00edcio","item":"https:\/\/www.itaucultural.org.br\/ocupacao\/en\/"},{"@type":"ListItem","position":2,"name":"Mario Pedrosa"}]},{"@type":"WebSite","@id":"https:\/\/www.itaucultural.org.br\/ocupacao\/en\/#website","url":"https:\/\/www.itaucultural.org.br\/ocupacao\/en\/","name":"Ocupa\u00e7\u00e3o","description":"S\u00f3 mais um site WordPress","potentialAction":[{"@type":"SearchAction","target":{"@type":"EntryPoint","urlTemplate":"https:\/\/www.itaucultural.org.br\/ocupacao\/en\/?s={search_term_string}"},"query-input":{"@type":"PropertyValueSpecification","valueRequired":true,"valueName":"search_term_string"}}],"inLanguage":"pt-BR"}]}},"_links":{"self":[{"href":"https:\/\/ocupacao.icnetworks.org\/ocupacao\/wp-json\/wp\/v2\/pages\/20056","targetHints":{"allow":["GET"]}}],"collection":[{"href":"https:\/\/ocupacao.icnetworks.org\/ocupacao\/wp-json\/wp\/v2\/pages"}],"about":[{"href":"https:\/\/ocupacao.icnetworks.org\/ocupacao\/wp-json\/wp\/v2\/types\/page"}],"author":[{"embeddable":true,"href":"https:\/\/ocupacao.icnetworks.org\/ocupacao\/wp-json\/wp\/v2\/users\/20"}],"replies":[{"embeddable":true,"href":"https:\/\/ocupacao.icnetworks.org\/ocupacao\/wp-json\/wp\/v2\/comments?post=20056"}],"version-history":[{"count":16,"href":"https:\/\/ocupacao.icnetworks.org\/ocupacao\/wp-json\/wp\/v2\/pages\/20056\/revisions"}],"predecessor-version":[{"id":20536,"href":"https:\/\/ocupacao.icnetworks.org\/ocupacao\/wp-json\/wp\/v2\/pages\/20056\/revisions\/20536"}],"wp:featuredmedia":[{"embeddable":true,"href":"https:\/\/ocupacao.icnetworks.org\/ocupacao\/wp-json\/wp\/v2\/media\/20166"}],"wp:attachment":[{"href":"https:\/\/ocupacao.icnetworks.org\/ocupacao\/wp-json\/wp\/v2\/media?parent=20056"}],"curies":[{"name":"wp","href":"https:\/\/api.w.org\/{rel}","templated":true}]}}