
{"id":20332,"date":"2023-11-16T15:25:18","date_gmt":"2023-11-16T18:25:18","guid":{"rendered":"https:\/\/ocupacao.icnetworks.org\/ocupacao\/?page_id=20332"},"modified":"2025-08-29T17:51:47","modified_gmt":"2025-08-29T20:51:47","slug":"machado-de-assis","status":"publish","type":"page","link":"https:\/\/ocupacao.icnetworks.org\/ocupacao\/machado-de-assis\/","title":{"rendered":"Machado de Assis"},"content":{"rendered":"","protected":false},"excerpt":{"rendered":"","protected":false},"author":2,"featured_media":20454,"parent":0,"menu_order":23,"comment_status":"closed","ping_status":"closed","template":"","meta":{"footnotes":""},"class_list":["post-20332","page","type-page","status-publish","has-post-thumbnail","hentry","areas-literatura"],"yoast_head":"<!-- This site is optimized with the Yoast SEO plugin v27.4 - https:\/\/yoast.com\/product\/yoast-seo-wordpress\/ -->\n<title>Machado de Assis - Ocupa\u00e7\u00e3o<\/title>\n<meta name=\"description\" content=\"O grande escritor de todos n\u00f3s, mestre da literatura brasileira, ganha homenagem na 61\u00aa Ocupa\u00e7\u00e3o Ita\u00fa Cultural\" \/>\n<meta name=\"robots\" content=\"index, follow, max-snippet:-1, max-image-preview:large, max-video-preview:-1\" \/>\n<link rel=\"canonical\" href=\"https:\/\/ocupacao.icnetworks.org\/ocupacao\/machado-de-assis\/\" \/>\n<meta property=\"og:locale\" content=\"pt_BR\" \/>\n<meta property=\"og:type\" content=\"article\" \/>\n<meta property=\"og:title\" content=\"Machado de Assis - Ocupa\u00e7\u00e3o\" \/>\n<meta property=\"og:description\" content=\"O grande escritor de todos n\u00f3s, mestre da literatura brasileira, ganha homenagem na 61\u00aa Ocupa\u00e7\u00e3o Ita\u00fa Cultural\" \/>\n<meta property=\"og:url\" content=\"https:\/\/ocupacao.icnetworks.org\/ocupacao\/machado-de-assis\/\" \/>\n<meta property=\"og:site_name\" content=\"Ocupa\u00e7\u00e3o\" \/>\n<meta property=\"article:modified_time\" content=\"2025-08-29T20:51:47+00:00\" \/>\n<meta property=\"og:image\" content=\"https:\/\/ocupacao.icnetworks.org\/ocupacao\/wp-content\/uploads\/2023\/11\/machado_Marc-Ferrez_AcervoInstitutoMoreiraSalles.jpg\" \/>\n\t<meta property=\"og:image:width\" content=\"1419\" \/>\n\t<meta property=\"og:image:height\" content=\"847\" \/>\n\t<meta property=\"og:image:type\" content=\"image\/jpeg\" \/>\n<meta name=\"twitter:card\" content=\"summary_large_image\" \/>\n<meta name=\"twitter:label1\" content=\"Est. tempo de leitura\" \/>\n\t<meta name=\"twitter:data1\" content=\"1 minuto\" \/>\n<script type=\"application\/ld+json\" class=\"yoast-schema-graph\">{\"@context\":\"https:\\\/\\\/schema.org\",\"@graph\":[{\"@type\":\"WebPage\",\"@id\":\"https:\\\/\\\/ocupacao.icnetworks.org\\\/ocupacao\\\/machado-de-assis\\\/\",\"url\":\"https:\\\/\\\/ocupacao.icnetworks.org\\\/ocupacao\\\/machado-de-assis\\\/\",\"name\":\"Machado de Assis - Ocupa\u00e7\u00e3o\",\"isPartOf\":{\"@id\":\"https:\\\/\\\/www.itaucultural.org.br\\\/ocupacao\\\/en\\\/#website\"},\"primaryImageOfPage\":{\"@id\":\"https:\\\/\\\/ocupacao.icnetworks.org\\\/ocupacao\\\/machado-de-assis\\\/#primaryimage\"},\"image\":{\"@id\":\"https:\\\/\\\/ocupacao.icnetworks.org\\\/ocupacao\\\/machado-de-assis\\\/#primaryimage\"},\"thumbnailUrl\":\"https:\\\/\\\/ocupacao.icnetworks.org\\\/ocupacao\\\/wp-content\\\/uploads\\\/2023\\\/11\\\/machado_Marc-Ferrez_AcervoInstitutoMoreiraSalles.jpg\",\"datePublished\":\"2023-11-16T18:25:18+00:00\",\"dateModified\":\"2025-08-29T20:51:47+00:00\",\"description\":\"O grande escritor de todos n\u00f3s, mestre da literatura brasileira, ganha homenagem na 61\u00aa Ocupa\u00e7\u00e3o Ita\u00fa Cultural\",\"breadcrumb\":{\"@id\":\"https:\\\/\\\/ocupacao.icnetworks.org\\\/ocupacao\\\/machado-de-assis\\\/#breadcrumb\"},\"inLanguage\":\"pt-BR\",\"potentialAction\":[{\"@type\":\"ReadAction\",\"target\":[\"https:\\\/\\\/ocupacao.icnetworks.org\\\/ocupacao\\\/machado-de-assis\\\/\"]}]},{\"@type\":\"ImageObject\",\"inLanguage\":\"pt-BR\",\"@id\":\"https:\\\/\\\/ocupacao.icnetworks.org\\\/ocupacao\\\/machado-de-assis\\\/#primaryimage\",\"url\":\"https:\\\/\\\/ocupacao.icnetworks.org\\\/ocupacao\\\/wp-content\\\/uploads\\\/2023\\\/11\\\/machado_Marc-Ferrez_AcervoInstitutoMoreiraSalles.jpg\",\"contentUrl\":\"https:\\\/\\\/ocupacao.icnetworks.org\\\/ocupacao\\\/wp-content\\\/uploads\\\/2023\\\/11\\\/machado_Marc-Ferrez_AcervoInstitutoMoreiraSalles.jpg\",\"width\":1419,\"height\":847,\"caption\":\"Machado de Assis | imagem: Marc Ferrez \\\/ Acervo Instituto Moreira Salles (IMS)\"},{\"@type\":\"BreadcrumbList\",\"@id\":\"https:\\\/\\\/ocupacao.icnetworks.org\\\/ocupacao\\\/machado-de-assis\\\/#breadcrumb\",\"itemListElement\":[{\"@type\":\"ListItem\",\"position\":1,\"name\":\"In\u00edcio\",\"item\":\"https:\\\/\\\/www.itaucultural.org.br\\\/ocupacao\\\/en\\\/\"},{\"@type\":\"ListItem\",\"position\":2,\"name\":\"Machado de Assis\"}]},{\"@type\":\"WebSite\",\"@id\":\"https:\\\/\\\/www.itaucultural.org.br\\\/ocupacao\\\/en\\\/#website\",\"url\":\"https:\\\/\\\/www.itaucultural.org.br\\\/ocupacao\\\/en\\\/\",\"name\":\"Ocupa\u00e7\u00e3o\",\"description\":\"S\u00f3 mais um site WordPress\",\"potentialAction\":[{\"@type\":\"SearchAction\",\"target\":{\"@type\":\"EntryPoint\",\"urlTemplate\":\"https:\\\/\\\/www.itaucultural.org.br\\\/ocupacao\\\/en\\\/?s={search_term_string}\"},\"query-input\":{\"@type\":\"PropertyValueSpecification\",\"valueRequired\":true,\"valueName\":\"search_term_string\"}}],\"inLanguage\":\"pt-BR\"}]}<\/script>\n<!-- \/ Yoast SEO plugin. -->","yoast_head_json":{"title":"Machado de Assis - Ocupa\u00e7\u00e3o","description":"O grande escritor de todos n\u00f3s, mestre da literatura brasileira, ganha homenagem na 61\u00aa Ocupa\u00e7\u00e3o Ita\u00fa Cultural","robots":{"index":"index","follow":"follow","max-snippet":"max-snippet:-1","max-image-preview":"max-image-preview:large","max-video-preview":"max-video-preview:-1"},"canonical":"https:\/\/ocupacao.icnetworks.org\/ocupacao\/machado-de-assis\/","og_locale":"pt_BR","og_type":"article","og_title":"Machado de Assis - Ocupa\u00e7\u00e3o","og_description":"O grande escritor de todos n\u00f3s, mestre da literatura brasileira, ganha homenagem na 61\u00aa Ocupa\u00e7\u00e3o Ita\u00fa Cultural","og_url":"https:\/\/ocupacao.icnetworks.org\/ocupacao\/machado-de-assis\/","og_site_name":"Ocupa\u00e7\u00e3o","article_modified_time":"2025-08-29T20:51:47+00:00","og_image":[{"width":1419,"height":847,"url":"https:\/\/ocupacao.icnetworks.org\/ocupacao\/wp-content\/uploads\/2023\/11\/machado_Marc-Ferrez_AcervoInstitutoMoreiraSalles.jpg","type":"image\/jpeg"}],"twitter_card":"summary_large_image","twitter_misc":{"Est. tempo de leitura":"1 minuto"},"schema":{"@context":"https:\/\/schema.org","@graph":[{"@type":"WebPage","@id":"https:\/\/ocupacao.icnetworks.org\/ocupacao\/machado-de-assis\/","url":"https:\/\/ocupacao.icnetworks.org\/ocupacao\/machado-de-assis\/","name":"Machado de Assis - Ocupa\u00e7\u00e3o","isPartOf":{"@id":"https:\/\/www.itaucultural.org.br\/ocupacao\/en\/#website"},"primaryImageOfPage":{"@id":"https:\/\/ocupacao.icnetworks.org\/ocupacao\/machado-de-assis\/#primaryimage"},"image":{"@id":"https:\/\/ocupacao.icnetworks.org\/ocupacao\/machado-de-assis\/#primaryimage"},"thumbnailUrl":"https:\/\/ocupacao.icnetworks.org\/ocupacao\/wp-content\/uploads\/2023\/11\/machado_Marc-Ferrez_AcervoInstitutoMoreiraSalles.jpg","datePublished":"2023-11-16T18:25:18+00:00","dateModified":"2025-08-29T20:51:47+00:00","description":"O grande escritor de todos n\u00f3s, mestre da literatura brasileira, ganha homenagem na 61\u00aa Ocupa\u00e7\u00e3o Ita\u00fa Cultural","breadcrumb":{"@id":"https:\/\/ocupacao.icnetworks.org\/ocupacao\/machado-de-assis\/#breadcrumb"},"inLanguage":"pt-BR","potentialAction":[{"@type":"ReadAction","target":["https:\/\/ocupacao.icnetworks.org\/ocupacao\/machado-de-assis\/"]}]},{"@type":"ImageObject","inLanguage":"pt-BR","@id":"https:\/\/ocupacao.icnetworks.org\/ocupacao\/machado-de-assis\/#primaryimage","url":"https:\/\/ocupacao.icnetworks.org\/ocupacao\/wp-content\/uploads\/2023\/11\/machado_Marc-Ferrez_AcervoInstitutoMoreiraSalles.jpg","contentUrl":"https:\/\/ocupacao.icnetworks.org\/ocupacao\/wp-content\/uploads\/2023\/11\/machado_Marc-Ferrez_AcervoInstitutoMoreiraSalles.jpg","width":1419,"height":847,"caption":"Machado de Assis | imagem: Marc Ferrez \/ Acervo Instituto Moreira Salles (IMS)"},{"@type":"BreadcrumbList","@id":"https:\/\/ocupacao.icnetworks.org\/ocupacao\/machado-de-assis\/#breadcrumb","itemListElement":[{"@type":"ListItem","position":1,"name":"In\u00edcio","item":"https:\/\/www.itaucultural.org.br\/ocupacao\/en\/"},{"@type":"ListItem","position":2,"name":"Machado de Assis"}]},{"@type":"WebSite","@id":"https:\/\/www.itaucultural.org.br\/ocupacao\/en\/#website","url":"https:\/\/www.itaucultural.org.br\/ocupacao\/en\/","name":"Ocupa\u00e7\u00e3o","description":"S\u00f3 mais um site WordPress","potentialAction":[{"@type":"SearchAction","target":{"@type":"EntryPoint","urlTemplate":"https:\/\/www.itaucultural.org.br\/ocupacao\/en\/?s={search_term_string}"},"query-input":{"@type":"PropertyValueSpecification","valueRequired":true,"valueName":"search_term_string"}}],"inLanguage":"pt-BR"}]}},"_links":{"self":[{"href":"https:\/\/ocupacao.icnetworks.org\/ocupacao\/wp-json\/wp\/v2\/pages\/20332","targetHints":{"allow":["GET"]}}],"collection":[{"href":"https:\/\/ocupacao.icnetworks.org\/ocupacao\/wp-json\/wp\/v2\/pages"}],"about":[{"href":"https:\/\/ocupacao.icnetworks.org\/ocupacao\/wp-json\/wp\/v2\/types\/page"}],"author":[{"embeddable":true,"href":"https:\/\/ocupacao.icnetworks.org\/ocupacao\/wp-json\/wp\/v2\/users\/2"}],"replies":[{"embeddable":true,"href":"https:\/\/ocupacao.icnetworks.org\/ocupacao\/wp-json\/wp\/v2\/comments?post=20332"}],"version-history":[{"count":25,"href":"https:\/\/ocupacao.icnetworks.org\/ocupacao\/wp-json\/wp\/v2\/pages\/20332\/revisions"}],"predecessor-version":[{"id":20863,"href":"https:\/\/ocupacao.icnetworks.org\/ocupacao\/wp-json\/wp\/v2\/pages\/20332\/revisions\/20863"}],"wp:featuredmedia":[{"embeddable":true,"href":"https:\/\/ocupacao.icnetworks.org\/ocupacao\/wp-json\/wp\/v2\/media\/20454"}],"wp:attachment":[{"href":"https:\/\/ocupacao.icnetworks.org\/ocupacao\/wp-json\/wp\/v2\/media?parent=20332"}],"curies":[{"name":"wp","href":"https:\/\/api.w.org\/{rel}","templated":true}]}}