
{"id":20494,"date":"2023-11-21T17:26:21","date_gmt":"2023-11-21T20:26:21","guid":{"rendered":"https:\/\/ocupacao.icnetworks.org\/ocupacao\/?page_id=20494"},"modified":"2024-03-19T14:12:53","modified_gmt":"2024-03-19T17:12:53","slug":"o-verbo-lutar","status":"publish","type":"page","link":"https:\/\/ocupacao.icnetworks.org\/ocupacao\/machado-de-assis\/o-verbo-lutar\/","title":{"rendered":"O verbo lutar"},"content":{"rendered":"","protected":false},"excerpt":{"rendered":"","protected":false},"author":16,"featured_media":0,"parent":20332,"menu_order":4,"comment_status":"closed","ping_status":"closed","template":"","meta":{"footnotes":""},"class_list":["post-20494","page","type-page","status-publish","hentry","areas-literatura"],"yoast_head":"<!-- This site is optimized with the Yoast SEO plugin v27.4 - https:\/\/yoast.com\/product\/yoast-seo-wordpress\/ -->\n<title>O verbo lutar - Ocupa\u00e7\u00e3o<\/title>\n<meta name=\"description\" content=\"Com um olhar honesto, Machado de Assis revela hipocrisias e preconceitos e cria personagens que denunciam, por exemplo, o racismo no Brasil\" \/>\n<meta name=\"robots\" content=\"index, follow, max-snippet:-1, max-image-preview:large, max-video-preview:-1\" \/>\n<link rel=\"canonical\" href=\"https:\/\/www.itaucultural.org.br\/ocupacao\/machado-de-assis\/o-verbo-lutar\/\" \/>\n<meta property=\"og:locale\" content=\"pt_BR\" \/>\n<meta property=\"og:type\" content=\"article\" \/>\n<meta property=\"og:title\" content=\"O verbo lutar - Ocupa\u00e7\u00e3o\" \/>\n<meta property=\"og:description\" content=\"Com um olhar honesto, Machado de Assis revela hipocrisias e preconceitos e cria personagens que denunciam, por exemplo, o racismo no Brasil\" \/>\n<meta property=\"og:url\" content=\"https:\/\/www.itaucultural.org.br\/ocupacao\/machado-de-assis\/o-verbo-lutar\/\" \/>\n<meta property=\"og:site_name\" content=\"Ocupa\u00e7\u00e3o\" \/>\n<meta property=\"article:modified_time\" content=\"2024-03-19T17:12:53+00:00\" \/>\n<meta name=\"twitter:card\" content=\"summary_large_image\" \/>\n<script type=\"application\/ld+json\" class=\"yoast-schema-graph\">{\"@context\":\"https:\\\/\\\/schema.org\",\"@graph\":[{\"@type\":\"WebPage\",\"@id\":\"https:\\\/\\\/www.itaucultural.org.br\\\/ocupacao\\\/machado-de-assis\\\/o-verbo-lutar\\\/\",\"url\":\"https:\\\/\\\/www.itaucultural.org.br\\\/ocupacao\\\/machado-de-assis\\\/o-verbo-lutar\\\/\",\"name\":\"O verbo lutar - Ocupa\u00e7\u00e3o\",\"isPartOf\":{\"@id\":\"https:\\\/\\\/www.itaucultural.org.br\\\/ocupacao\\\/en\\\/#website\"},\"datePublished\":\"2023-11-21T20:26:21+00:00\",\"dateModified\":\"2024-03-19T17:12:53+00:00\",\"description\":\"Com um olhar honesto, Machado de Assis revela hipocrisias e preconceitos e cria personagens que denunciam, por exemplo, o racismo no Brasil\",\"breadcrumb\":{\"@id\":\"https:\\\/\\\/www.itaucultural.org.br\\\/ocupacao\\\/machado-de-assis\\\/o-verbo-lutar\\\/#breadcrumb\"},\"inLanguage\":\"pt-BR\",\"potentialAction\":[{\"@type\":\"ReadAction\",\"target\":[\"https:\\\/\\\/www.itaucultural.org.br\\\/ocupacao\\\/machado-de-assis\\\/o-verbo-lutar\\\/\"]}]},{\"@type\":\"BreadcrumbList\",\"@id\":\"https:\\\/\\\/www.itaucultural.org.br\\\/ocupacao\\\/machado-de-assis\\\/o-verbo-lutar\\\/#breadcrumb\",\"itemListElement\":[{\"@type\":\"ListItem\",\"position\":1,\"name\":\"In\u00edcio\",\"item\":\"https:\\\/\\\/www.itaucultural.org.br\\\/ocupacao\\\/en\\\/\"},{\"@type\":\"ListItem\",\"position\":2,\"name\":\"Machado de Assis\",\"item\":\"https:\\\/\\\/ocupacao.icnetworks.org\\\/ocupacao\\\/machado-de-assis\\\/\"},{\"@type\":\"ListItem\",\"position\":3,\"name\":\"O verbo lutar\"}]},{\"@type\":\"WebSite\",\"@id\":\"https:\\\/\\\/www.itaucultural.org.br\\\/ocupacao\\\/en\\\/#website\",\"url\":\"https:\\\/\\\/www.itaucultural.org.br\\\/ocupacao\\\/en\\\/\",\"name\":\"Ocupa\u00e7\u00e3o\",\"description\":\"S\u00f3 mais um site WordPress\",\"potentialAction\":[{\"@type\":\"SearchAction\",\"target\":{\"@type\":\"EntryPoint\",\"urlTemplate\":\"https:\\\/\\\/www.itaucultural.org.br\\\/ocupacao\\\/en\\\/?s={search_term_string}\"},\"query-input\":{\"@type\":\"PropertyValueSpecification\",\"valueRequired\":true,\"valueName\":\"search_term_string\"}}],\"inLanguage\":\"pt-BR\"}]}<\/script>\n<!-- \/ Yoast SEO plugin. -->","yoast_head_json":{"title":"O verbo lutar - Ocupa\u00e7\u00e3o","description":"Com um olhar honesto, Machado de Assis revela hipocrisias e preconceitos e cria personagens que denunciam, por exemplo, o racismo no Brasil","robots":{"index":"index","follow":"follow","max-snippet":"max-snippet:-1","max-image-preview":"max-image-preview:large","max-video-preview":"max-video-preview:-1"},"canonical":"https:\/\/www.itaucultural.org.br\/ocupacao\/machado-de-assis\/o-verbo-lutar\/","og_locale":"pt_BR","og_type":"article","og_title":"O verbo lutar - Ocupa\u00e7\u00e3o","og_description":"Com um olhar honesto, Machado de Assis revela hipocrisias e preconceitos e cria personagens que denunciam, por exemplo, o racismo no Brasil","og_url":"https:\/\/www.itaucultural.org.br\/ocupacao\/machado-de-assis\/o-verbo-lutar\/","og_site_name":"Ocupa\u00e7\u00e3o","article_modified_time":"2024-03-19T17:12:53+00:00","twitter_card":"summary_large_image","schema":{"@context":"https:\/\/schema.org","@graph":[{"@type":"WebPage","@id":"https:\/\/www.itaucultural.org.br\/ocupacao\/machado-de-assis\/o-verbo-lutar\/","url":"https:\/\/www.itaucultural.org.br\/ocupacao\/machado-de-assis\/o-verbo-lutar\/","name":"O verbo lutar - Ocupa\u00e7\u00e3o","isPartOf":{"@id":"https:\/\/www.itaucultural.org.br\/ocupacao\/en\/#website"},"datePublished":"2023-11-21T20:26:21+00:00","dateModified":"2024-03-19T17:12:53+00:00","description":"Com um olhar honesto, Machado de Assis revela hipocrisias e preconceitos e cria personagens que denunciam, por exemplo, o racismo no Brasil","breadcrumb":{"@id":"https:\/\/www.itaucultural.org.br\/ocupacao\/machado-de-assis\/o-verbo-lutar\/#breadcrumb"},"inLanguage":"pt-BR","potentialAction":[{"@type":"ReadAction","target":["https:\/\/www.itaucultural.org.br\/ocupacao\/machado-de-assis\/o-verbo-lutar\/"]}]},{"@type":"BreadcrumbList","@id":"https:\/\/www.itaucultural.org.br\/ocupacao\/machado-de-assis\/o-verbo-lutar\/#breadcrumb","itemListElement":[{"@type":"ListItem","position":1,"name":"In\u00edcio","item":"https:\/\/www.itaucultural.org.br\/ocupacao\/en\/"},{"@type":"ListItem","position":2,"name":"Machado de Assis","item":"https:\/\/ocupacao.icnetworks.org\/ocupacao\/machado-de-assis\/"},{"@type":"ListItem","position":3,"name":"O verbo lutar"}]},{"@type":"WebSite","@id":"https:\/\/www.itaucultural.org.br\/ocupacao\/en\/#website","url":"https:\/\/www.itaucultural.org.br\/ocupacao\/en\/","name":"Ocupa\u00e7\u00e3o","description":"S\u00f3 mais um site WordPress","potentialAction":[{"@type":"SearchAction","target":{"@type":"EntryPoint","urlTemplate":"https:\/\/www.itaucultural.org.br\/ocupacao\/en\/?s={search_term_string}"},"query-input":{"@type":"PropertyValueSpecification","valueRequired":true,"valueName":"search_term_string"}}],"inLanguage":"pt-BR"}]}},"_links":{"self":[{"href":"https:\/\/ocupacao.icnetworks.org\/ocupacao\/wp-json\/wp\/v2\/pages\/20494","targetHints":{"allow":["GET"]}}],"collection":[{"href":"https:\/\/ocupacao.icnetworks.org\/ocupacao\/wp-json\/wp\/v2\/pages"}],"about":[{"href":"https:\/\/ocupacao.icnetworks.org\/ocupacao\/wp-json\/wp\/v2\/types\/page"}],"author":[{"embeddable":true,"href":"https:\/\/ocupacao.icnetworks.org\/ocupacao\/wp-json\/wp\/v2\/users\/16"}],"replies":[{"embeddable":true,"href":"https:\/\/ocupacao.icnetworks.org\/ocupacao\/wp-json\/wp\/v2\/comments?post=20494"}],"version-history":[{"count":8,"href":"https:\/\/ocupacao.icnetworks.org\/ocupacao\/wp-json\/wp\/v2\/pages\/20494\/revisions"}],"predecessor-version":[{"id":20864,"href":"https:\/\/ocupacao.icnetworks.org\/ocupacao\/wp-json\/wp\/v2\/pages\/20494\/revisions\/20864"}],"up":[{"embeddable":true,"href":"https:\/\/ocupacao.icnetworks.org\/ocupacao\/wp-json\/wp\/v2\/pages\/20332"}],"wp:attachment":[{"href":"https:\/\/ocupacao.icnetworks.org\/ocupacao\/wp-json\/wp\/v2\/media?parent=20494"}],"curies":[{"name":"wp","href":"https:\/\/api.w.org\/{rel}","templated":true}]}}