
{"id":20592,"date":"2024-03-08T11:21:14","date_gmt":"2024-03-08T14:21:14","guid":{"rendered":"https:\/\/ocupacao.icnetworks.org\/ocupacao\/?page_id=20592"},"modified":"2025-06-09T22:48:01","modified_gmt":"2025-06-10T01:48:01","slug":"maria-maior-bethania","status":"publish","type":"page","link":"https:\/\/ocupacao.icnetworks.org\/ocupacao\/maria-bethania\/maria-maior-bethania\/","title":{"rendered":"Maria maior Beth\u00e2nia"},"content":{"rendered":"","protected":false},"excerpt":{"rendered":"","protected":false},"author":16,"featured_media":0,"parent":20576,"menu_order":3,"comment_status":"closed","ping_status":"closed","template":"","meta":{"footnotes":""},"class_list":["post-20592","page","type-page","status-publish","hentry","areas-musica"],"yoast_head":"<!-- This site is optimized with the Yoast SEO plugin v27.4 - https:\/\/yoast.com\/product\/yoast-seo-wordpress\/ -->\n<title>Maria maior Beth\u00e2nia - Ocupa\u00e7\u00e3o<\/title>\n<meta name=\"description\" content=\"H\u00e1 seis d\u00e9cadas, Maria Beth\u00e2nia tem se dedicado \u00e0 m\u00fasica popular brasileira. Esta se\u00e7\u00e3o apresenta alguns dos marcos da trajet\u00f3ria da artista\" \/>\n<meta name=\"robots\" content=\"index, follow, max-snippet:-1, max-image-preview:large, max-video-preview:-1\" \/>\n<link rel=\"canonical\" href=\"https:\/\/ocupacao.icnetworks.org\/ocupacao\/maria-bethania\/maria-maior-bethania\/\" \/>\n<meta property=\"og:locale\" content=\"pt_BR\" \/>\n<meta property=\"og:type\" content=\"article\" \/>\n<meta property=\"og:title\" content=\"Maria maior Beth\u00e2nia - Ocupa\u00e7\u00e3o\" \/>\n<meta property=\"og:description\" content=\"H\u00e1 seis d\u00e9cadas, Maria Beth\u00e2nia tem se dedicado \u00e0 m\u00fasica popular brasileira. Esta se\u00e7\u00e3o apresenta alguns dos marcos da trajet\u00f3ria da artista\" \/>\n<meta property=\"og:url\" content=\"https:\/\/ocupacao.icnetworks.org\/ocupacao\/maria-bethania\/maria-maior-bethania\/\" \/>\n<meta property=\"og:site_name\" content=\"Ocupa\u00e7\u00e3o\" \/>\n<meta property=\"article:modified_time\" content=\"2025-06-10T01:48:01+00:00\" \/>\n<meta name=\"twitter:card\" content=\"summary_large_image\" \/>\n<script type=\"application\/ld+json\" class=\"yoast-schema-graph\">{\"@context\":\"https:\\\/\\\/schema.org\",\"@graph\":[{\"@type\":\"WebPage\",\"@id\":\"https:\\\/\\\/ocupacao.icnetworks.org\\\/ocupacao\\\/maria-bethania\\\/maria-maior-bethania\\\/\",\"url\":\"https:\\\/\\\/ocupacao.icnetworks.org\\\/ocupacao\\\/maria-bethania\\\/maria-maior-bethania\\\/\",\"name\":\"Maria maior Beth\u00e2nia - Ocupa\u00e7\u00e3o\",\"isPartOf\":{\"@id\":\"https:\\\/\\\/www.itaucultural.org.br\\\/ocupacao\\\/en\\\/#website\"},\"datePublished\":\"2024-03-08T14:21:14+00:00\",\"dateModified\":\"2025-06-10T01:48:01+00:00\",\"description\":\"H\u00e1 seis d\u00e9cadas, Maria Beth\u00e2nia tem se dedicado \u00e0 m\u00fasica popular brasileira. Esta se\u00e7\u00e3o apresenta alguns dos marcos da trajet\u00f3ria da artista\",\"breadcrumb\":{\"@id\":\"https:\\\/\\\/ocupacao.icnetworks.org\\\/ocupacao\\\/maria-bethania\\\/maria-maior-bethania\\\/#breadcrumb\"},\"inLanguage\":\"pt-BR\",\"potentialAction\":[{\"@type\":\"ReadAction\",\"target\":[\"https:\\\/\\\/ocupacao.icnetworks.org\\\/ocupacao\\\/maria-bethania\\\/maria-maior-bethania\\\/\"]}]},{\"@type\":\"BreadcrumbList\",\"@id\":\"https:\\\/\\\/ocupacao.icnetworks.org\\\/ocupacao\\\/maria-bethania\\\/maria-maior-bethania\\\/#breadcrumb\",\"itemListElement\":[{\"@type\":\"ListItem\",\"position\":1,\"name\":\"In\u00edcio\",\"item\":\"https:\\\/\\\/www.itaucultural.org.br\\\/ocupacao\\\/en\\\/\"},{\"@type\":\"ListItem\",\"position\":2,\"name\":\"Maria Beth\u00e2nia\",\"item\":\"https:\\\/\\\/ocupacao.icnetworks.org\\\/ocupacao\\\/maria-bethania\\\/\"},{\"@type\":\"ListItem\",\"position\":3,\"name\":\"Maria maior Beth\u00e2nia\"}]},{\"@type\":\"WebSite\",\"@id\":\"https:\\\/\\\/www.itaucultural.org.br\\\/ocupacao\\\/en\\\/#website\",\"url\":\"https:\\\/\\\/www.itaucultural.org.br\\\/ocupacao\\\/en\\\/\",\"name\":\"Ocupa\u00e7\u00e3o\",\"description\":\"S\u00f3 mais um site WordPress\",\"potentialAction\":[{\"@type\":\"SearchAction\",\"target\":{\"@type\":\"EntryPoint\",\"urlTemplate\":\"https:\\\/\\\/www.itaucultural.org.br\\\/ocupacao\\\/en\\\/?s={search_term_string}\"},\"query-input\":{\"@type\":\"PropertyValueSpecification\",\"valueRequired\":true,\"valueName\":\"search_term_string\"}}],\"inLanguage\":\"pt-BR\"}]}<\/script>\n<!-- \/ Yoast SEO plugin. -->","yoast_head_json":{"title":"Maria maior Beth\u00e2nia - Ocupa\u00e7\u00e3o","description":"H\u00e1 seis d\u00e9cadas, Maria Beth\u00e2nia tem se dedicado \u00e0 m\u00fasica popular brasileira. Esta se\u00e7\u00e3o apresenta alguns dos marcos da trajet\u00f3ria da artista","robots":{"index":"index","follow":"follow","max-snippet":"max-snippet:-1","max-image-preview":"max-image-preview:large","max-video-preview":"max-video-preview:-1"},"canonical":"https:\/\/ocupacao.icnetworks.org\/ocupacao\/maria-bethania\/maria-maior-bethania\/","og_locale":"pt_BR","og_type":"article","og_title":"Maria maior Beth\u00e2nia - Ocupa\u00e7\u00e3o","og_description":"H\u00e1 seis d\u00e9cadas, Maria Beth\u00e2nia tem se dedicado \u00e0 m\u00fasica popular brasileira. Esta se\u00e7\u00e3o apresenta alguns dos marcos da trajet\u00f3ria da artista","og_url":"https:\/\/ocupacao.icnetworks.org\/ocupacao\/maria-bethania\/maria-maior-bethania\/","og_site_name":"Ocupa\u00e7\u00e3o","article_modified_time":"2025-06-10T01:48:01+00:00","twitter_card":"summary_large_image","schema":{"@context":"https:\/\/schema.org","@graph":[{"@type":"WebPage","@id":"https:\/\/ocupacao.icnetworks.org\/ocupacao\/maria-bethania\/maria-maior-bethania\/","url":"https:\/\/ocupacao.icnetworks.org\/ocupacao\/maria-bethania\/maria-maior-bethania\/","name":"Maria maior Beth\u00e2nia - Ocupa\u00e7\u00e3o","isPartOf":{"@id":"https:\/\/www.itaucultural.org.br\/ocupacao\/en\/#website"},"datePublished":"2024-03-08T14:21:14+00:00","dateModified":"2025-06-10T01:48:01+00:00","description":"H\u00e1 seis d\u00e9cadas, Maria Beth\u00e2nia tem se dedicado \u00e0 m\u00fasica popular brasileira. Esta se\u00e7\u00e3o apresenta alguns dos marcos da trajet\u00f3ria da artista","breadcrumb":{"@id":"https:\/\/ocupacao.icnetworks.org\/ocupacao\/maria-bethania\/maria-maior-bethania\/#breadcrumb"},"inLanguage":"pt-BR","potentialAction":[{"@type":"ReadAction","target":["https:\/\/ocupacao.icnetworks.org\/ocupacao\/maria-bethania\/maria-maior-bethania\/"]}]},{"@type":"BreadcrumbList","@id":"https:\/\/ocupacao.icnetworks.org\/ocupacao\/maria-bethania\/maria-maior-bethania\/#breadcrumb","itemListElement":[{"@type":"ListItem","position":1,"name":"In\u00edcio","item":"https:\/\/www.itaucultural.org.br\/ocupacao\/en\/"},{"@type":"ListItem","position":2,"name":"Maria Beth\u00e2nia","item":"https:\/\/ocupacao.icnetworks.org\/ocupacao\/maria-bethania\/"},{"@type":"ListItem","position":3,"name":"Maria maior Beth\u00e2nia"}]},{"@type":"WebSite","@id":"https:\/\/www.itaucultural.org.br\/ocupacao\/en\/#website","url":"https:\/\/www.itaucultural.org.br\/ocupacao\/en\/","name":"Ocupa\u00e7\u00e3o","description":"S\u00f3 mais um site WordPress","potentialAction":[{"@type":"SearchAction","target":{"@type":"EntryPoint","urlTemplate":"https:\/\/www.itaucultural.org.br\/ocupacao\/en\/?s={search_term_string}"},"query-input":{"@type":"PropertyValueSpecification","valueRequired":true,"valueName":"search_term_string"}}],"inLanguage":"pt-BR"}]}},"_links":{"self":[{"href":"https:\/\/ocupacao.icnetworks.org\/ocupacao\/wp-json\/wp\/v2\/pages\/20592","targetHints":{"allow":["GET"]}}],"collection":[{"href":"https:\/\/ocupacao.icnetworks.org\/ocupacao\/wp-json\/wp\/v2\/pages"}],"about":[{"href":"https:\/\/ocupacao.icnetworks.org\/ocupacao\/wp-json\/wp\/v2\/types\/page"}],"author":[{"embeddable":true,"href":"https:\/\/ocupacao.icnetworks.org\/ocupacao\/wp-json\/wp\/v2\/users\/16"}],"replies":[{"embeddable":true,"href":"https:\/\/ocupacao.icnetworks.org\/ocupacao\/wp-json\/wp\/v2\/comments?post=20592"}],"version-history":[{"count":41,"href":"https:\/\/ocupacao.icnetworks.org\/ocupacao\/wp-json\/wp\/v2\/pages\/20592\/revisions"}],"predecessor-version":[{"id":22543,"href":"https:\/\/ocupacao.icnetworks.org\/ocupacao\/wp-json\/wp\/v2\/pages\/20592\/revisions\/22543"}],"up":[{"embeddable":true,"href":"https:\/\/ocupacao.icnetworks.org\/ocupacao\/wp-json\/wp\/v2\/pages\/20576"}],"wp:attachment":[{"href":"https:\/\/ocupacao.icnetworks.org\/ocupacao\/wp-json\/wp\/v2\/media?parent=20592"}],"curies":[{"name":"wp","href":"https:\/\/api.w.org\/{rel}","templated":true}]}}