
{"id":20594,"date":"2024-03-08T16:30:15","date_gmt":"2024-03-08T19:30:15","guid":{"rendered":"https:\/\/ocupacao.icnetworks.org\/ocupacao\/?page_id=20594"},"modified":"2024-03-13T19:21:47","modified_gmt":"2024-03-13T22:21:47","slug":"a-menina-dos-olhos-de-oya","status":"publish","type":"page","link":"https:\/\/ocupacao.icnetworks.org\/ocupacao\/maria-bethania\/a-menina-dos-olhos-de-oya\/","title":{"rendered":"A menina dos olhos de Oy\u00e1"},"content":{"rendered":"","protected":false},"excerpt":{"rendered":"","protected":false},"author":16,"featured_media":0,"parent":20576,"menu_order":4,"comment_status":"closed","ping_status":"closed","template":"","meta":{"footnotes":""},"class_list":["post-20594","page","type-page","status-publish","hentry","areas-musica"],"yoast_head":"<!-- This site is optimized with the Yoast SEO plugin v27.4 - https:\/\/yoast.com\/product\/yoast-seo-wordpress\/ -->\n<title>A menina dos olhos de Oy\u00e1 - Ocupa\u00e7\u00e3o<\/title>\n<meta name=\"description\" content=\"A f\u00e9 de Maria Beth\u00e2nia, sincr\u00e9tica e de for\u00e7a enorme, \u00e9 o tema desta se\u00e7\u00e3o, parte da homenagem para a menina dos olhos de Oy\u00e1\" \/>\n<meta name=\"robots\" content=\"index, follow, max-snippet:-1, max-image-preview:large, max-video-preview:-1\" \/>\n<link rel=\"canonical\" href=\"https:\/\/www.itaucultural.org.br\/ocupacao\/maria-bethania\/a-menina-dos-olhos-de-oya\/\" \/>\n<meta property=\"og:locale\" content=\"pt_BR\" \/>\n<meta property=\"og:type\" content=\"article\" \/>\n<meta property=\"og:title\" content=\"A menina dos olhos de Oy\u00e1 - Ocupa\u00e7\u00e3o\" \/>\n<meta property=\"og:description\" content=\"A f\u00e9 de Maria Beth\u00e2nia, sincr\u00e9tica e de for\u00e7a enorme, \u00e9 o tema desta se\u00e7\u00e3o, parte da homenagem para a menina dos olhos de Oy\u00e1\" \/>\n<meta property=\"og:url\" content=\"https:\/\/www.itaucultural.org.br\/ocupacao\/maria-bethania\/a-menina-dos-olhos-de-oya\/\" \/>\n<meta property=\"og:site_name\" content=\"Ocupa\u00e7\u00e3o\" \/>\n<meta property=\"article:modified_time\" content=\"2024-03-13T22:21:47+00:00\" \/>\n<meta name=\"twitter:card\" content=\"summary_large_image\" \/>\n<script type=\"application\/ld+json\" class=\"yoast-schema-graph\">{\"@context\":\"https:\\\/\\\/schema.org\",\"@graph\":[{\"@type\":\"WebPage\",\"@id\":\"https:\\\/\\\/www.itaucultural.org.br\\\/ocupacao\\\/maria-bethania\\\/a-menina-dos-olhos-de-oya\\\/\",\"url\":\"https:\\\/\\\/www.itaucultural.org.br\\\/ocupacao\\\/maria-bethania\\\/a-menina-dos-olhos-de-oya\\\/\",\"name\":\"A menina dos olhos de Oy\u00e1 - Ocupa\u00e7\u00e3o\",\"isPartOf\":{\"@id\":\"https:\\\/\\\/www.itaucultural.org.br\\\/ocupacao\\\/en\\\/#website\"},\"datePublished\":\"2024-03-08T19:30:15+00:00\",\"dateModified\":\"2024-03-13T22:21:47+00:00\",\"description\":\"A f\u00e9 de Maria Beth\u00e2nia, sincr\u00e9tica e de for\u00e7a enorme, \u00e9 o tema desta se\u00e7\u00e3o, parte da homenagem para a menina dos olhos de Oy\u00e1\",\"breadcrumb\":{\"@id\":\"https:\\\/\\\/www.itaucultural.org.br\\\/ocupacao\\\/maria-bethania\\\/a-menina-dos-olhos-de-oya\\\/#breadcrumb\"},\"inLanguage\":\"pt-BR\",\"potentialAction\":[{\"@type\":\"ReadAction\",\"target\":[\"https:\\\/\\\/www.itaucultural.org.br\\\/ocupacao\\\/maria-bethania\\\/a-menina-dos-olhos-de-oya\\\/\"]}]},{\"@type\":\"BreadcrumbList\",\"@id\":\"https:\\\/\\\/www.itaucultural.org.br\\\/ocupacao\\\/maria-bethania\\\/a-menina-dos-olhos-de-oya\\\/#breadcrumb\",\"itemListElement\":[{\"@type\":\"ListItem\",\"position\":1,\"name\":\"In\u00edcio\",\"item\":\"https:\\\/\\\/www.itaucultural.org.br\\\/ocupacao\\\/en\\\/\"},{\"@type\":\"ListItem\",\"position\":2,\"name\":\"Maria Beth\u00e2nia\",\"item\":\"https:\\\/\\\/ocupacao.icnetworks.org\\\/ocupacao\\\/maria-bethania\\\/\"},{\"@type\":\"ListItem\",\"position\":3,\"name\":\"A menina dos olhos de Oy\u00e1\"}]},{\"@type\":\"WebSite\",\"@id\":\"https:\\\/\\\/www.itaucultural.org.br\\\/ocupacao\\\/en\\\/#website\",\"url\":\"https:\\\/\\\/www.itaucultural.org.br\\\/ocupacao\\\/en\\\/\",\"name\":\"Ocupa\u00e7\u00e3o\",\"description\":\"S\u00f3 mais um site WordPress\",\"potentialAction\":[{\"@type\":\"SearchAction\",\"target\":{\"@type\":\"EntryPoint\",\"urlTemplate\":\"https:\\\/\\\/www.itaucultural.org.br\\\/ocupacao\\\/en\\\/?s={search_term_string}\"},\"query-input\":{\"@type\":\"PropertyValueSpecification\",\"valueRequired\":true,\"valueName\":\"search_term_string\"}}],\"inLanguage\":\"pt-BR\"}]}<\/script>\n<!-- \/ Yoast SEO plugin. -->","yoast_head_json":{"title":"A menina dos olhos de Oy\u00e1 - Ocupa\u00e7\u00e3o","description":"A f\u00e9 de Maria Beth\u00e2nia, sincr\u00e9tica e de for\u00e7a enorme, \u00e9 o tema desta se\u00e7\u00e3o, parte da homenagem para a menina dos olhos de Oy\u00e1","robots":{"index":"index","follow":"follow","max-snippet":"max-snippet:-1","max-image-preview":"max-image-preview:large","max-video-preview":"max-video-preview:-1"},"canonical":"https:\/\/www.itaucultural.org.br\/ocupacao\/maria-bethania\/a-menina-dos-olhos-de-oya\/","og_locale":"pt_BR","og_type":"article","og_title":"A menina dos olhos de Oy\u00e1 - Ocupa\u00e7\u00e3o","og_description":"A f\u00e9 de Maria Beth\u00e2nia, sincr\u00e9tica e de for\u00e7a enorme, \u00e9 o tema desta se\u00e7\u00e3o, parte da homenagem para a menina dos olhos de Oy\u00e1","og_url":"https:\/\/www.itaucultural.org.br\/ocupacao\/maria-bethania\/a-menina-dos-olhos-de-oya\/","og_site_name":"Ocupa\u00e7\u00e3o","article_modified_time":"2024-03-13T22:21:47+00:00","twitter_card":"summary_large_image","schema":{"@context":"https:\/\/schema.org","@graph":[{"@type":"WebPage","@id":"https:\/\/www.itaucultural.org.br\/ocupacao\/maria-bethania\/a-menina-dos-olhos-de-oya\/","url":"https:\/\/www.itaucultural.org.br\/ocupacao\/maria-bethania\/a-menina-dos-olhos-de-oya\/","name":"A menina dos olhos de Oy\u00e1 - Ocupa\u00e7\u00e3o","isPartOf":{"@id":"https:\/\/www.itaucultural.org.br\/ocupacao\/en\/#website"},"datePublished":"2024-03-08T19:30:15+00:00","dateModified":"2024-03-13T22:21:47+00:00","description":"A f\u00e9 de Maria Beth\u00e2nia, sincr\u00e9tica e de for\u00e7a enorme, \u00e9 o tema desta se\u00e7\u00e3o, parte da homenagem para a menina dos olhos de Oy\u00e1","breadcrumb":{"@id":"https:\/\/www.itaucultural.org.br\/ocupacao\/maria-bethania\/a-menina-dos-olhos-de-oya\/#breadcrumb"},"inLanguage":"pt-BR","potentialAction":[{"@type":"ReadAction","target":["https:\/\/www.itaucultural.org.br\/ocupacao\/maria-bethania\/a-menina-dos-olhos-de-oya\/"]}]},{"@type":"BreadcrumbList","@id":"https:\/\/www.itaucultural.org.br\/ocupacao\/maria-bethania\/a-menina-dos-olhos-de-oya\/#breadcrumb","itemListElement":[{"@type":"ListItem","position":1,"name":"In\u00edcio","item":"https:\/\/www.itaucultural.org.br\/ocupacao\/en\/"},{"@type":"ListItem","position":2,"name":"Maria Beth\u00e2nia","item":"https:\/\/ocupacao.icnetworks.org\/ocupacao\/maria-bethania\/"},{"@type":"ListItem","position":3,"name":"A menina dos olhos de Oy\u00e1"}]},{"@type":"WebSite","@id":"https:\/\/www.itaucultural.org.br\/ocupacao\/en\/#website","url":"https:\/\/www.itaucultural.org.br\/ocupacao\/en\/","name":"Ocupa\u00e7\u00e3o","description":"S\u00f3 mais um site WordPress","potentialAction":[{"@type":"SearchAction","target":{"@type":"EntryPoint","urlTemplate":"https:\/\/www.itaucultural.org.br\/ocupacao\/en\/?s={search_term_string}"},"query-input":{"@type":"PropertyValueSpecification","valueRequired":true,"valueName":"search_term_string"}}],"inLanguage":"pt-BR"}]}},"_links":{"self":[{"href":"https:\/\/ocupacao.icnetworks.org\/ocupacao\/wp-json\/wp\/v2\/pages\/20594","targetHints":{"allow":["GET"]}}],"collection":[{"href":"https:\/\/ocupacao.icnetworks.org\/ocupacao\/wp-json\/wp\/v2\/pages"}],"about":[{"href":"https:\/\/ocupacao.icnetworks.org\/ocupacao\/wp-json\/wp\/v2\/types\/page"}],"author":[{"embeddable":true,"href":"https:\/\/ocupacao.icnetworks.org\/ocupacao\/wp-json\/wp\/v2\/users\/16"}],"replies":[{"embeddable":true,"href":"https:\/\/ocupacao.icnetworks.org\/ocupacao\/wp-json\/wp\/v2\/comments?post=20594"}],"version-history":[{"count":16,"href":"https:\/\/ocupacao.icnetworks.org\/ocupacao\/wp-json\/wp\/v2\/pages\/20594\/revisions"}],"predecessor-version":[{"id":20824,"href":"https:\/\/ocupacao.icnetworks.org\/ocupacao\/wp-json\/wp\/v2\/pages\/20594\/revisions\/20824"}],"up":[{"embeddable":true,"href":"https:\/\/ocupacao.icnetworks.org\/ocupacao\/wp-json\/wp\/v2\/pages\/20576"}],"wp:attachment":[{"href":"https:\/\/ocupacao.icnetworks.org\/ocupacao\/wp-json\/wp\/v2\/media?parent=20594"}],"curies":[{"name":"wp","href":"https:\/\/api.w.org\/{rel}","templated":true}]}}