
{"id":20596,"date":"2024-03-11T12:22:26","date_gmt":"2024-03-11T15:22:26","guid":{"rendered":"https:\/\/ocupacao.icnetworks.org\/ocupacao\/?page_id=20596"},"modified":"2024-03-13T19:18:44","modified_gmt":"2024-03-13T22:18:44","slug":"a-palavra-conduz","status":"publish","type":"page","link":"https:\/\/ocupacao.icnetworks.org\/ocupacao\/maria-bethania\/a-palavra-conduz\/","title":{"rendered":"A palavra conduz"},"content":{"rendered":"","protected":false},"excerpt":{"rendered":"","protected":false},"author":16,"featured_media":0,"parent":20576,"menu_order":5,"comment_status":"closed","ping_status":"closed","template":"","meta":{"footnotes":""},"class_list":["post-20596","page","type-page","status-publish","hentry","areas-literatura","areas-musica"],"yoast_head":"<!-- This site is optimized with the Yoast SEO plugin v27.4 - https:\/\/yoast.com\/product\/yoast-seo-wordpress\/ -->\n<title>A palavra conduz - Ocupa\u00e7\u00e3o<\/title>\n<meta name=\"description\" content=\"Maria Beth\u00e2nia e a palavra liter\u00e1ria formam um elo antigo, la\u00e7o que a artista herda do pai, Seu Zezinho, e segue fortalecendo essa paix\u00e3o\" \/>\n<meta name=\"robots\" content=\"index, follow, max-snippet:-1, max-image-preview:large, max-video-preview:-1\" \/>\n<link rel=\"canonical\" href=\"https:\/\/ocupacao.icnetworks.org\/ocupacao\/maria-bethania\/a-palavra-conduz\/\" \/>\n<meta property=\"og:locale\" content=\"pt_BR\" \/>\n<meta property=\"og:type\" content=\"article\" \/>\n<meta property=\"og:title\" content=\"A palavra conduz - Ocupa\u00e7\u00e3o\" \/>\n<meta property=\"og:description\" content=\"Maria Beth\u00e2nia e a palavra liter\u00e1ria formam um elo antigo, la\u00e7o que a artista herda do pai, Seu Zezinho, e segue fortalecendo essa paix\u00e3o\" \/>\n<meta property=\"og:url\" content=\"https:\/\/ocupacao.icnetworks.org\/ocupacao\/maria-bethania\/a-palavra-conduz\/\" \/>\n<meta property=\"og:site_name\" content=\"Ocupa\u00e7\u00e3o\" \/>\n<meta property=\"article:modified_time\" content=\"2024-03-13T22:18:44+00:00\" \/>\n<meta name=\"twitter:card\" content=\"summary_large_image\" \/>\n<script type=\"application\/ld+json\" class=\"yoast-schema-graph\">{\"@context\":\"https:\\\/\\\/schema.org\",\"@graph\":[{\"@type\":\"WebPage\",\"@id\":\"https:\\\/\\\/ocupacao.icnetworks.org\\\/ocupacao\\\/maria-bethania\\\/a-palavra-conduz\\\/\",\"url\":\"https:\\\/\\\/ocupacao.icnetworks.org\\\/ocupacao\\\/maria-bethania\\\/a-palavra-conduz\\\/\",\"name\":\"A palavra conduz - Ocupa\u00e7\u00e3o\",\"isPartOf\":{\"@id\":\"https:\\\/\\\/www.itaucultural.org.br\\\/ocupacao\\\/en\\\/#website\"},\"datePublished\":\"2024-03-11T15:22:26+00:00\",\"dateModified\":\"2024-03-13T22:18:44+00:00\",\"description\":\"Maria Beth\u00e2nia e a palavra liter\u00e1ria formam um elo antigo, la\u00e7o que a artista herda do pai, Seu Zezinho, e segue fortalecendo essa paix\u00e3o\",\"breadcrumb\":{\"@id\":\"https:\\\/\\\/ocupacao.icnetworks.org\\\/ocupacao\\\/maria-bethania\\\/a-palavra-conduz\\\/#breadcrumb\"},\"inLanguage\":\"pt-BR\",\"potentialAction\":[{\"@type\":\"ReadAction\",\"target\":[\"https:\\\/\\\/ocupacao.icnetworks.org\\\/ocupacao\\\/maria-bethania\\\/a-palavra-conduz\\\/\"]}]},{\"@type\":\"BreadcrumbList\",\"@id\":\"https:\\\/\\\/ocupacao.icnetworks.org\\\/ocupacao\\\/maria-bethania\\\/a-palavra-conduz\\\/#breadcrumb\",\"itemListElement\":[{\"@type\":\"ListItem\",\"position\":1,\"name\":\"In\u00edcio\",\"item\":\"https:\\\/\\\/www.itaucultural.org.br\\\/ocupacao\\\/en\\\/\"},{\"@type\":\"ListItem\",\"position\":2,\"name\":\"Maria Beth\u00e2nia\",\"item\":\"https:\\\/\\\/ocupacao.icnetworks.org\\\/ocupacao\\\/maria-bethania\\\/\"},{\"@type\":\"ListItem\",\"position\":3,\"name\":\"A palavra conduz\"}]},{\"@type\":\"WebSite\",\"@id\":\"https:\\\/\\\/www.itaucultural.org.br\\\/ocupacao\\\/en\\\/#website\",\"url\":\"https:\\\/\\\/www.itaucultural.org.br\\\/ocupacao\\\/en\\\/\",\"name\":\"Ocupa\u00e7\u00e3o\",\"description\":\"S\u00f3 mais um site WordPress\",\"potentialAction\":[{\"@type\":\"SearchAction\",\"target\":{\"@type\":\"EntryPoint\",\"urlTemplate\":\"https:\\\/\\\/www.itaucultural.org.br\\\/ocupacao\\\/en\\\/?s={search_term_string}\"},\"query-input\":{\"@type\":\"PropertyValueSpecification\",\"valueRequired\":true,\"valueName\":\"search_term_string\"}}],\"inLanguage\":\"pt-BR\"}]}<\/script>\n<!-- \/ Yoast SEO plugin. -->","yoast_head_json":{"title":"A palavra conduz - Ocupa\u00e7\u00e3o","description":"Maria Beth\u00e2nia e a palavra liter\u00e1ria formam um elo antigo, la\u00e7o que a artista herda do pai, Seu Zezinho, e segue fortalecendo essa paix\u00e3o","robots":{"index":"index","follow":"follow","max-snippet":"max-snippet:-1","max-image-preview":"max-image-preview:large","max-video-preview":"max-video-preview:-1"},"canonical":"https:\/\/ocupacao.icnetworks.org\/ocupacao\/maria-bethania\/a-palavra-conduz\/","og_locale":"pt_BR","og_type":"article","og_title":"A palavra conduz - Ocupa\u00e7\u00e3o","og_description":"Maria Beth\u00e2nia e a palavra liter\u00e1ria formam um elo antigo, la\u00e7o que a artista herda do pai, Seu Zezinho, e segue fortalecendo essa paix\u00e3o","og_url":"https:\/\/ocupacao.icnetworks.org\/ocupacao\/maria-bethania\/a-palavra-conduz\/","og_site_name":"Ocupa\u00e7\u00e3o","article_modified_time":"2024-03-13T22:18:44+00:00","twitter_card":"summary_large_image","schema":{"@context":"https:\/\/schema.org","@graph":[{"@type":"WebPage","@id":"https:\/\/ocupacao.icnetworks.org\/ocupacao\/maria-bethania\/a-palavra-conduz\/","url":"https:\/\/ocupacao.icnetworks.org\/ocupacao\/maria-bethania\/a-palavra-conduz\/","name":"A palavra conduz - Ocupa\u00e7\u00e3o","isPartOf":{"@id":"https:\/\/www.itaucultural.org.br\/ocupacao\/en\/#website"},"datePublished":"2024-03-11T15:22:26+00:00","dateModified":"2024-03-13T22:18:44+00:00","description":"Maria Beth\u00e2nia e a palavra liter\u00e1ria formam um elo antigo, la\u00e7o que a artista herda do pai, Seu Zezinho, e segue fortalecendo essa paix\u00e3o","breadcrumb":{"@id":"https:\/\/ocupacao.icnetworks.org\/ocupacao\/maria-bethania\/a-palavra-conduz\/#breadcrumb"},"inLanguage":"pt-BR","potentialAction":[{"@type":"ReadAction","target":["https:\/\/ocupacao.icnetworks.org\/ocupacao\/maria-bethania\/a-palavra-conduz\/"]}]},{"@type":"BreadcrumbList","@id":"https:\/\/ocupacao.icnetworks.org\/ocupacao\/maria-bethania\/a-palavra-conduz\/#breadcrumb","itemListElement":[{"@type":"ListItem","position":1,"name":"In\u00edcio","item":"https:\/\/www.itaucultural.org.br\/ocupacao\/en\/"},{"@type":"ListItem","position":2,"name":"Maria Beth\u00e2nia","item":"https:\/\/ocupacao.icnetworks.org\/ocupacao\/maria-bethania\/"},{"@type":"ListItem","position":3,"name":"A palavra conduz"}]},{"@type":"WebSite","@id":"https:\/\/www.itaucultural.org.br\/ocupacao\/en\/#website","url":"https:\/\/www.itaucultural.org.br\/ocupacao\/en\/","name":"Ocupa\u00e7\u00e3o","description":"S\u00f3 mais um site WordPress","potentialAction":[{"@type":"SearchAction","target":{"@type":"EntryPoint","urlTemplate":"https:\/\/www.itaucultural.org.br\/ocupacao\/en\/?s={search_term_string}"},"query-input":{"@type":"PropertyValueSpecification","valueRequired":true,"valueName":"search_term_string"}}],"inLanguage":"pt-BR"}]}},"_links":{"self":[{"href":"https:\/\/ocupacao.icnetworks.org\/ocupacao\/wp-json\/wp\/v2\/pages\/20596","targetHints":{"allow":["GET"]}}],"collection":[{"href":"https:\/\/ocupacao.icnetworks.org\/ocupacao\/wp-json\/wp\/v2\/pages"}],"about":[{"href":"https:\/\/ocupacao.icnetworks.org\/ocupacao\/wp-json\/wp\/v2\/types\/page"}],"author":[{"embeddable":true,"href":"https:\/\/ocupacao.icnetworks.org\/ocupacao\/wp-json\/wp\/v2\/users\/16"}],"replies":[{"embeddable":true,"href":"https:\/\/ocupacao.icnetworks.org\/ocupacao\/wp-json\/wp\/v2\/comments?post=20596"}],"version-history":[{"count":21,"href":"https:\/\/ocupacao.icnetworks.org\/ocupacao\/wp-json\/wp\/v2\/pages\/20596\/revisions"}],"predecessor-version":[{"id":20823,"href":"https:\/\/ocupacao.icnetworks.org\/ocupacao\/wp-json\/wp\/v2\/pages\/20596\/revisions\/20823"}],"up":[{"embeddable":true,"href":"https:\/\/ocupacao.icnetworks.org\/ocupacao\/wp-json\/wp\/v2\/pages\/20576"}],"wp:attachment":[{"href":"https:\/\/ocupacao.icnetworks.org\/ocupacao\/wp-json\/wp\/v2\/media?parent=20596"}],"curies":[{"name":"wp","href":"https:\/\/api.w.org\/{rel}","templated":true}]}}