
{"id":21510,"date":"2024-10-21T11:28:10","date_gmt":"2024-10-21T14:28:10","guid":{"rendered":"https:\/\/ocupacao.icnetworks.org\/ocupacao\/?page_id=21510"},"modified":"2024-12-07T16:08:42","modified_gmt":"2024-12-07T19:08:42","slug":"dragao-a-maquina","status":"publish","type":"page","link":"https:\/\/ocupacao.icnetworks.org\/ocupacao\/oswald-de-andrade\/dragao-a-maquina\/","title":{"rendered":"Drag\u00e3o \u00e0 m\u00e1quina"},"content":{"rendered":"","protected":false},"excerpt":{"rendered":"","protected":false},"author":4,"featured_media":0,"parent":21498,"menu_order":4,"comment_status":"closed","ping_status":"closed","template":"","meta":{"footnotes":""},"class_list":["post-21510","page","type-page","status-publish","hentry","areas-literatura"],"yoast_head":"<!-- This site is optimized with the Yoast SEO plugin v27.3 - https:\/\/yoast.com\/product\/yoast-seo-wordpress\/ -->\n<title>Drag\u00e3o \u00e0 m\u00e1quina - Ocupa\u00e7\u00e3o<\/title>\n<meta name=\"description\" content=\"Esta se\u00e7\u00e3o do site da \u201cOcupa\u00e7\u00e3o Oswald de Andrade\u201d traz conte\u00fados sobre a escrita do autor modernista\" \/>\n<meta name=\"robots\" content=\"index, follow, max-snippet:-1, max-image-preview:large, max-video-preview:-1\" \/>\n<link rel=\"canonical\" href=\"https:\/\/ocupacao.icnetworks.org\/ocupacao\/oswald-de-andrade\/dragao-a-maquina\/\" \/>\n<meta property=\"og:locale\" content=\"pt_BR\" \/>\n<meta property=\"og:type\" content=\"article\" \/>\n<meta property=\"og:title\" content=\"Drag\u00e3o \u00e0 m\u00e1quina - Ocupa\u00e7\u00e3o\" \/>\n<meta property=\"og:description\" content=\"Esta se\u00e7\u00e3o do site da \u201cOcupa\u00e7\u00e3o Oswald de Andrade\u201d traz conte\u00fados sobre a escrita do autor modernista\" \/>\n<meta property=\"og:url\" content=\"https:\/\/ocupacao.icnetworks.org\/ocupacao\/oswald-de-andrade\/dragao-a-maquina\/\" \/>\n<meta property=\"og:site_name\" content=\"Ocupa\u00e7\u00e3o\" \/>\n<meta property=\"article:modified_time\" content=\"2024-12-07T19:08:42+00:00\" \/>\n<meta name=\"twitter:card\" content=\"summary_large_image\" \/>\n<script type=\"application\/ld+json\" class=\"yoast-schema-graph\">{\"@context\":\"https:\\\/\\\/schema.org\",\"@graph\":[{\"@type\":\"WebPage\",\"@id\":\"https:\\\/\\\/ocupacao.icnetworks.org\\\/ocupacao\\\/oswald-de-andrade\\\/dragao-a-maquina\\\/\",\"url\":\"https:\\\/\\\/ocupacao.icnetworks.org\\\/ocupacao\\\/oswald-de-andrade\\\/dragao-a-maquina\\\/\",\"name\":\"Drag\u00e3o \u00e0 m\u00e1quina - Ocupa\u00e7\u00e3o\",\"isPartOf\":{\"@id\":\"https:\\\/\\\/www.itaucultural.org.br\\\/ocupacao\\\/en\\\/#website\"},\"datePublished\":\"2024-10-21T14:28:10+00:00\",\"dateModified\":\"2024-12-07T19:08:42+00:00\",\"description\":\"Esta se\u00e7\u00e3o do site da \u201cOcupa\u00e7\u00e3o Oswald de Andrade\u201d traz conte\u00fados sobre a escrita do autor modernista\",\"breadcrumb\":{\"@id\":\"https:\\\/\\\/ocupacao.icnetworks.org\\\/ocupacao\\\/oswald-de-andrade\\\/dragao-a-maquina\\\/#breadcrumb\"},\"inLanguage\":\"pt-BR\",\"potentialAction\":[{\"@type\":\"ReadAction\",\"target\":[\"https:\\\/\\\/ocupacao.icnetworks.org\\\/ocupacao\\\/oswald-de-andrade\\\/dragao-a-maquina\\\/\"]}]},{\"@type\":\"BreadcrumbList\",\"@id\":\"https:\\\/\\\/ocupacao.icnetworks.org\\\/ocupacao\\\/oswald-de-andrade\\\/dragao-a-maquina\\\/#breadcrumb\",\"itemListElement\":[{\"@type\":\"ListItem\",\"position\":1,\"name\":\"In\u00edcio\",\"item\":\"https:\\\/\\\/www.itaucultural.org.br\\\/ocupacao\\\/en\\\/\"},{\"@type\":\"ListItem\",\"position\":2,\"name\":\"Oswald de Andrade\",\"item\":\"https:\\\/\\\/ocupacao.icnetworks.org\\\/ocupacao\\\/oswald-de-andrade\\\/\"},{\"@type\":\"ListItem\",\"position\":3,\"name\":\"Drag\u00e3o \u00e0 m\u00e1quina\"}]},{\"@type\":\"WebSite\",\"@id\":\"https:\\\/\\\/www.itaucultural.org.br\\\/ocupacao\\\/en\\\/#website\",\"url\":\"https:\\\/\\\/www.itaucultural.org.br\\\/ocupacao\\\/en\\\/\",\"name\":\"Ocupa\u00e7\u00e3o\",\"description\":\"S\u00f3 mais um site WordPress\",\"potentialAction\":[{\"@type\":\"SearchAction\",\"target\":{\"@type\":\"EntryPoint\",\"urlTemplate\":\"https:\\\/\\\/www.itaucultural.org.br\\\/ocupacao\\\/en\\\/?s={search_term_string}\"},\"query-input\":{\"@type\":\"PropertyValueSpecification\",\"valueRequired\":true,\"valueName\":\"search_term_string\"}}],\"inLanguage\":\"pt-BR\"}]}<\/script>\n<!-- \/ Yoast SEO plugin. -->","yoast_head_json":{"title":"Drag\u00e3o \u00e0 m\u00e1quina - Ocupa\u00e7\u00e3o","description":"Esta se\u00e7\u00e3o do site da \u201cOcupa\u00e7\u00e3o Oswald de Andrade\u201d traz conte\u00fados sobre a escrita do autor modernista","robots":{"index":"index","follow":"follow","max-snippet":"max-snippet:-1","max-image-preview":"max-image-preview:large","max-video-preview":"max-video-preview:-1"},"canonical":"https:\/\/ocupacao.icnetworks.org\/ocupacao\/oswald-de-andrade\/dragao-a-maquina\/","og_locale":"pt_BR","og_type":"article","og_title":"Drag\u00e3o \u00e0 m\u00e1quina - Ocupa\u00e7\u00e3o","og_description":"Esta se\u00e7\u00e3o do site da \u201cOcupa\u00e7\u00e3o Oswald de Andrade\u201d traz conte\u00fados sobre a escrita do autor modernista","og_url":"https:\/\/ocupacao.icnetworks.org\/ocupacao\/oswald-de-andrade\/dragao-a-maquina\/","og_site_name":"Ocupa\u00e7\u00e3o","article_modified_time":"2024-12-07T19:08:42+00:00","twitter_card":"summary_large_image","schema":{"@context":"https:\/\/schema.org","@graph":[{"@type":"WebPage","@id":"https:\/\/ocupacao.icnetworks.org\/ocupacao\/oswald-de-andrade\/dragao-a-maquina\/","url":"https:\/\/ocupacao.icnetworks.org\/ocupacao\/oswald-de-andrade\/dragao-a-maquina\/","name":"Drag\u00e3o \u00e0 m\u00e1quina - Ocupa\u00e7\u00e3o","isPartOf":{"@id":"https:\/\/www.itaucultural.org.br\/ocupacao\/en\/#website"},"datePublished":"2024-10-21T14:28:10+00:00","dateModified":"2024-12-07T19:08:42+00:00","description":"Esta se\u00e7\u00e3o do site da \u201cOcupa\u00e7\u00e3o Oswald de Andrade\u201d traz conte\u00fados sobre a escrita do autor modernista","breadcrumb":{"@id":"https:\/\/ocupacao.icnetworks.org\/ocupacao\/oswald-de-andrade\/dragao-a-maquina\/#breadcrumb"},"inLanguage":"pt-BR","potentialAction":[{"@type":"ReadAction","target":["https:\/\/ocupacao.icnetworks.org\/ocupacao\/oswald-de-andrade\/dragao-a-maquina\/"]}]},{"@type":"BreadcrumbList","@id":"https:\/\/ocupacao.icnetworks.org\/ocupacao\/oswald-de-andrade\/dragao-a-maquina\/#breadcrumb","itemListElement":[{"@type":"ListItem","position":1,"name":"In\u00edcio","item":"https:\/\/www.itaucultural.org.br\/ocupacao\/en\/"},{"@type":"ListItem","position":2,"name":"Oswald de Andrade","item":"https:\/\/ocupacao.icnetworks.org\/ocupacao\/oswald-de-andrade\/"},{"@type":"ListItem","position":3,"name":"Drag\u00e3o \u00e0 m\u00e1quina"}]},{"@type":"WebSite","@id":"https:\/\/www.itaucultural.org.br\/ocupacao\/en\/#website","url":"https:\/\/www.itaucultural.org.br\/ocupacao\/en\/","name":"Ocupa\u00e7\u00e3o","description":"S\u00f3 mais um site WordPress","potentialAction":[{"@type":"SearchAction","target":{"@type":"EntryPoint","urlTemplate":"https:\/\/www.itaucultural.org.br\/ocupacao\/en\/?s={search_term_string}"},"query-input":{"@type":"PropertyValueSpecification","valueRequired":true,"valueName":"search_term_string"}}],"inLanguage":"pt-BR"}]}},"_links":{"self":[{"href":"https:\/\/ocupacao.icnetworks.org\/ocupacao\/wp-json\/wp\/v2\/pages\/21510","targetHints":{"allow":["GET"]}}],"collection":[{"href":"https:\/\/ocupacao.icnetworks.org\/ocupacao\/wp-json\/wp\/v2\/pages"}],"about":[{"href":"https:\/\/ocupacao.icnetworks.org\/ocupacao\/wp-json\/wp\/v2\/types\/page"}],"author":[{"embeddable":true,"href":"https:\/\/ocupacao.icnetworks.org\/ocupacao\/wp-json\/wp\/v2\/users\/4"}],"replies":[{"embeddable":true,"href":"https:\/\/ocupacao.icnetworks.org\/ocupacao\/wp-json\/wp\/v2\/comments?post=21510"}],"version-history":[{"count":18,"href":"https:\/\/ocupacao.icnetworks.org\/ocupacao\/wp-json\/wp\/v2\/pages\/21510\/revisions"}],"predecessor-version":[{"id":22024,"href":"https:\/\/ocupacao.icnetworks.org\/ocupacao\/wp-json\/wp\/v2\/pages\/21510\/revisions\/22024"}],"up":[{"embeddable":true,"href":"https:\/\/ocupacao.icnetworks.org\/ocupacao\/wp-json\/wp\/v2\/pages\/21498"}],"wp:attachment":[{"href":"https:\/\/ocupacao.icnetworks.org\/ocupacao\/wp-json\/wp\/v2\/media?parent=21510"}],"curies":[{"name":"wp","href":"https:\/\/api.w.org\/{rel}","templated":true}]}}