
{"id":22530,"date":"2025-06-09T14:04:52","date_gmt":"2025-06-09T17:04:52","guid":{"rendered":"https:\/\/ocupacao.icnetworks.org\/ocupacao\/?page_id=22530"},"modified":"2025-06-09T14:13:47","modified_gmt":"2025-06-09T17:13:47","slug":"publicacao-interativa-palavra-cantada","status":"publish","type":"page","link":"https:\/\/ocupacao.icnetworks.org\/ocupacao\/palavra-cantada\/publicacao-interativa-palavra-cantada\/","title":{"rendered":"Pode dar sopa"},"content":{"rendered":"<p>Em complemento \u00e0 <em><a href=\"https:\/\/www.itaucultural.org.br\/ocupacao\/palavra-cantada\/\">Ocupa\u00e7\u00e3o Palavra Cantada<\/a>,\u00a0<\/em>agora \u00e9 poss\u00edvel acessar a publica\u00e7\u00e3o interativa <em>Pode dar sopa:\u00a0<\/em>um ambiente digital l\u00fadico, repleto de informa\u00e7\u00f5es sobre a dupla musical. S\u00e3o permitidos at\u00e9 quatro participantes por vez.<\/p>\n<p>Antes de jogar, confira as regras da publica\u00e7\u00e3o interativa em homenagem \u00e0 Palavra Cantada:<\/p>\n<p>1. Ao parar em um espa\u00e7o com pergunta, responda. Se acertar, avance uma casa.<br \/>\n2. Se errar, cante uma m\u00fasica da Palavra Cantada, imite um instrumento ou fa\u00e7a uma m\u00edmica.<br \/>\n3. Se cair em uma casa sinalizada com um -1, volte uma posi\u00e7\u00e3o.<br \/>\n4. Para alcan\u00e7ar o caldeir\u00e3o e vencer a brincadeira, \u00e9 preciso tirar no dado o n\u00famero exato.<\/p>\n<p>Para acessar, <a href=\"https:\/\/www.itaucultural.org.br\/exp\/palavracantada\/\">clique aqui<\/a> ou na imagem abaixo.<\/p>\n<p><a href=\"https:\/\/www.itaucultural.org.br\/exp\/palavracantada\/\"><img loading=\"lazy\" decoding=\"async\" class=\"alignnone size-medium wp-image-22528\" src=\"https:\/\/ocupacao.icnetworks.org\/ocupacao\/wp-content\/uploads\/2025\/06\/1920x1080px-thumb-site-IC_oc-palavra-cantada-300x169.png\" alt=\"\" width=\"300\" height=\"169\" srcset=\"https:\/\/ocupacao.icnetworks.org\/ocupacao\/wp-content\/uploads\/2025\/06\/1920x1080px-thumb-site-IC_oc-palavra-cantada-300x169.png 300w, https:\/\/ocupacao.icnetworks.org\/ocupacao\/wp-content\/uploads\/2025\/06\/1920x1080px-thumb-site-IC_oc-palavra-cantada-1024x576.png 1024w, https:\/\/ocupacao.icnetworks.org\/ocupacao\/wp-content\/uploads\/2025\/06\/1920x1080px-thumb-site-IC_oc-palavra-cantada-768x432.png 768w, https:\/\/ocupacao.icnetworks.org\/ocupacao\/wp-content\/uploads\/2025\/06\/1920x1080px-thumb-site-IC_oc-palavra-cantada-1536x864.png 1536w, https:\/\/ocupacao.icnetworks.org\/ocupacao\/wp-content\/uploads\/2025\/06\/1920x1080px-thumb-site-IC_oc-palavra-cantada-2048x1152.png 2048w\" sizes=\"auto, (max-width: 300px) 100vw, 300px\" \/><\/a><\/p>\n<p>A <em>Ocupa\u00e7\u00e3o Palavra Cantada<\/em> acontece de <strong>3 de maio a 3 de agosto de 2025<\/strong>, no Ita\u00fa Cultural (IC).<\/p>\n<p style=\"font-weight: 400;\"><b><strong>Ocupa\u00e7\u00e3o Palavra Cantada<\/strong><\/b><br \/>\nde\u00a0<b><strong>3 de maio<\/strong><\/b>, \u00e0s 11h, a\u00a0<b><strong>3 de agosto de 2025<\/strong><\/b><br \/>\n<b><strong>ter\u00e7a a s\u00e1bado<\/strong><\/b>\u00a011h \u00e0s 20h<br \/>\n<b><strong>domingos e feriados<\/strong><\/b>\u00a011h \u00e0s 19h<\/p>\n<p style=\"font-weight: 400;\"><b><strong>Entrada gratuita<\/strong><\/b><\/p>\n<p style=\"font-weight: 400;\"><b><strong>Reserve o seu ingresso<a style=\"font-weight: 700 !important;\" href=\"https:\/\/itaucultural.byinti.com\/?&amp;_ga=2.12119028.1187100049.1746190852-805864121.1719518670#\/ticket\/\">\u00a0aqui<\/a><\/strong><\/b><\/p>\n<p style=\"font-weight: 400;\"><b><strong>Como visitar?<br \/>\n<\/strong><\/b>Pensando em acomodar da melhor maneira todos que queiram visitar a\u00a0<b><strong><em>Ocupa\u00e7\u00e3o Palavra Cantada<\/em><\/strong><\/b>, o p\u00fablico poder\u00e1 acessar gratuitamente o espa\u00e7o expositivo de duas maneiras:<\/p>\n<p style=\"font-weight: 400;\"><b><strong>1. Reserva antecipada de ingresso<br \/>\n<\/strong><\/b>Ser\u00e3o disponibilizados 15 ingressos por sess\u00e3o (de 50 minutos) via plataforma Inti, liberados semanalmente \u00e0s 12h das ter\u00e7as-feiras, a partir de 29 de abril. Crian\u00e7as de colo, at\u00e9 dois anos, n\u00e3o precisam de ingresso.<\/p>\n<p style=\"font-weight: 400;\">Cada pessoa, por meio do seu CPF, poder\u00e1 reservar quatro ingressos por sess\u00e3o; o visitante poder\u00e1 reservar duas sess\u00f5es por dia.<\/p>\n<p><b><strong>2. Visita espont\u00e2nea<br \/>\n<\/strong><\/b>Ser\u00e3o oferecidas 25 vagas para o p\u00fablico espont\u00e2neo (sem agendamento pr\u00e9vio), de acordo com a capacidade m\u00e1xima do local.<\/p>\n<p style=\"font-weight: 400;\">Caso o espa\u00e7o esteja com lota\u00e7\u00e3o m\u00e1xima, o visitante receber\u00e1 uma senha para aguardar o pr\u00f3ximo hor\u00e1rio livre. Enquanto espera, poder\u00e1 circular pelas demais exposi\u00e7\u00f5es do Ita\u00fa Cultural.<\/p>\n<p><b><strong>Hor\u00e1rios de visita:<\/strong><\/b>\u00a0cada sess\u00e3o durar\u00e1 50 minutos, e a primeira se inicia \u00e0s 11h10.<br \/>\n<b><\/b><\/p>\n<p style=\"font-weight: 400;\"><b><strong>Capacidade m\u00e1xima de p\u00fablico:<\/strong><\/b>\u00a040 pessoas simultaneamente.<\/p>\n","protected":false},"excerpt":{"rendered":"<p>Em complemento \u00e0 Ocupa\u00e7\u00e3o Palavra Cantada,\u00a0agora \u00e9 poss\u00edvel acessar a publica\u00e7\u00e3o interativa Pode dar sopa:\u00a0um ambiente digital l\u00fadico, repleto de informa\u00e7\u00f5es sobre a dupla musical. S\u00e3o permitidos at\u00e9 quatro participantes por vez. Antes de jogar, confira as regras da publica\u00e7\u00e3o interativa em homenagem \u00e0 Palavra Cantada: 1. Ao parar em um espa\u00e7o com pergunta, responda. [&hellip;]<\/p>\n","protected":false},"author":28,"featured_media":0,"parent":22308,"menu_order":5,"comment_status":"closed","ping_status":"closed","template":"","meta":{"footnotes":""},"class_list":["post-22530","page","type-page","status-publish","hentry"],"yoast_head":"<!-- This site is optimized with the Yoast SEO plugin v27.3 - https:\/\/yoast.com\/product\/yoast-seo-wordpress\/ -->\n<title>Pode dar sopa - Ocupa\u00e7\u00e3o<\/title>\n<meta name=\"description\" content=\"A &quot;Ocupa\u00e7\u00e3o Palavra Cantada&quot; ganha uma publica\u00e7\u00e3o interativa, com a qual \u00e9 poss\u00edvel brincar digitalmente com at\u00e9 quatro participantes.\" \/>\n<meta name=\"robots\" content=\"index, follow, max-snippet:-1, max-image-preview:large, max-video-preview:-1\" \/>\n<link rel=\"canonical\" href=\"https:\/\/ocupacao.icnetworks.org\/ocupacao\/palavra-cantada\/publicacao-interativa-palavra-cantada\/\" \/>\n<meta property=\"og:locale\" content=\"pt_BR\" \/>\n<meta property=\"og:type\" content=\"article\" \/>\n<meta property=\"og:title\" content=\"Pode dar sopa - Ocupa\u00e7\u00e3o\" \/>\n<meta property=\"og:description\" content=\"A &quot;Ocupa\u00e7\u00e3o Palavra Cantada&quot; ganha uma publica\u00e7\u00e3o interativa, com a qual \u00e9 poss\u00edvel brincar digitalmente com at\u00e9 quatro participantes.\" \/>\n<meta property=\"og:url\" content=\"https:\/\/ocupacao.icnetworks.org\/ocupacao\/palavra-cantada\/publicacao-interativa-palavra-cantada\/\" \/>\n<meta property=\"og:site_name\" content=\"Ocupa\u00e7\u00e3o\" \/>\n<meta property=\"article:modified_time\" content=\"2025-06-09T17:13:47+00:00\" \/>\n<meta property=\"og:image\" content=\"https:\/\/ocupacao.icnetworks.org\/ocupacao\/wp-content\/uploads\/2025\/06\/1920x1080px-thumb-site-IC_oc-palavra-cantada-scaled.png\" \/>\n\t<meta property=\"og:image:width\" content=\"2560\" \/>\n\t<meta property=\"og:image:height\" content=\"1440\" \/>\n\t<meta property=\"og:image:type\" content=\"image\/png\" \/>\n<meta name=\"twitter:card\" content=\"summary_large_image\" \/>\n<meta name=\"twitter:label1\" content=\"Est. tempo de leitura\" \/>\n\t<meta name=\"twitter:data1\" content=\"3 minutos\" \/>\n<script type=\"application\/ld+json\" class=\"yoast-schema-graph\">{\"@context\":\"https:\\\/\\\/schema.org\",\"@graph\":[{\"@type\":\"WebPage\",\"@id\":\"https:\\\/\\\/ocupacao.icnetworks.org\\\/ocupacao\\\/palavra-cantada\\\/publicacao-interativa-palavra-cantada\\\/\",\"url\":\"https:\\\/\\\/ocupacao.icnetworks.org\\\/ocupacao\\\/palavra-cantada\\\/publicacao-interativa-palavra-cantada\\\/\",\"name\":\"Pode dar sopa - Ocupa\u00e7\u00e3o\",\"isPartOf\":{\"@id\":\"https:\\\/\\\/www.itaucultural.org.br\\\/ocupacao\\\/en\\\/#website\"},\"primaryImageOfPage\":{\"@id\":\"https:\\\/\\\/ocupacao.icnetworks.org\\\/ocupacao\\\/palavra-cantada\\\/publicacao-interativa-palavra-cantada\\\/#primaryimage\"},\"image\":{\"@id\":\"https:\\\/\\\/ocupacao.icnetworks.org\\\/ocupacao\\\/palavra-cantada\\\/publicacao-interativa-palavra-cantada\\\/#primaryimage\"},\"thumbnailUrl\":\"https:\\\/\\\/ocupacao.icnetworks.org\\\/ocupacao\\\/wp-content\\\/uploads\\\/2025\\\/06\\\/1920x1080px-thumb-site-IC_oc-palavra-cantada-300x169.png\",\"datePublished\":\"2025-06-09T17:04:52+00:00\",\"dateModified\":\"2025-06-09T17:13:47+00:00\",\"description\":\"A \\\"Ocupa\u00e7\u00e3o Palavra Cantada\\\" ganha uma publica\u00e7\u00e3o interativa, com a qual \u00e9 poss\u00edvel brincar digitalmente com at\u00e9 quatro participantes.\",\"breadcrumb\":{\"@id\":\"https:\\\/\\\/ocupacao.icnetworks.org\\\/ocupacao\\\/palavra-cantada\\\/publicacao-interativa-palavra-cantada\\\/#breadcrumb\"},\"inLanguage\":\"pt-BR\",\"potentialAction\":[{\"@type\":\"ReadAction\",\"target\":[\"https:\\\/\\\/ocupacao.icnetworks.org\\\/ocupacao\\\/palavra-cantada\\\/publicacao-interativa-palavra-cantada\\\/\"]}]},{\"@type\":\"ImageObject\",\"inLanguage\":\"pt-BR\",\"@id\":\"https:\\\/\\\/ocupacao.icnetworks.org\\\/ocupacao\\\/palavra-cantada\\\/publicacao-interativa-palavra-cantada\\\/#primaryimage\",\"url\":\"https:\\\/\\\/ocupacao.icnetworks.org\\\/ocupacao\\\/wp-content\\\/uploads\\\/2025\\\/06\\\/1920x1080px-thumb-site-IC_oc-palavra-cantada-scaled.png\",\"contentUrl\":\"https:\\\/\\\/ocupacao.icnetworks.org\\\/ocupacao\\\/wp-content\\\/uploads\\\/2025\\\/06\\\/1920x1080px-thumb-site-IC_oc-palavra-cantada-scaled.png\",\"width\":2560,\"height\":1440},{\"@type\":\"BreadcrumbList\",\"@id\":\"https:\\\/\\\/ocupacao.icnetworks.org\\\/ocupacao\\\/palavra-cantada\\\/publicacao-interativa-palavra-cantada\\\/#breadcrumb\",\"itemListElement\":[{\"@type\":\"ListItem\",\"position\":1,\"name\":\"In\u00edcio\",\"item\":\"https:\\\/\\\/www.itaucultural.org.br\\\/ocupacao\\\/en\\\/\"},{\"@type\":\"ListItem\",\"position\":2,\"name\":\"Palavra Cantada\",\"item\":\"https:\\\/\\\/ocupacao.icnetworks.org\\\/ocupacao\\\/palavra-cantada\\\/\"},{\"@type\":\"ListItem\",\"position\":3,\"name\":\"Pode dar sopa\"}]},{\"@type\":\"WebSite\",\"@id\":\"https:\\\/\\\/www.itaucultural.org.br\\\/ocupacao\\\/en\\\/#website\",\"url\":\"https:\\\/\\\/www.itaucultural.org.br\\\/ocupacao\\\/en\\\/\",\"name\":\"Ocupa\u00e7\u00e3o\",\"description\":\"S\u00f3 mais um site WordPress\",\"potentialAction\":[{\"@type\":\"SearchAction\",\"target\":{\"@type\":\"EntryPoint\",\"urlTemplate\":\"https:\\\/\\\/www.itaucultural.org.br\\\/ocupacao\\\/en\\\/?s={search_term_string}\"},\"query-input\":{\"@type\":\"PropertyValueSpecification\",\"valueRequired\":true,\"valueName\":\"search_term_string\"}}],\"inLanguage\":\"pt-BR\"}]}<\/script>\n<!-- \/ Yoast SEO plugin. -->","yoast_head_json":{"title":"Pode dar sopa - Ocupa\u00e7\u00e3o","description":"A \"Ocupa\u00e7\u00e3o Palavra Cantada\" ganha uma publica\u00e7\u00e3o interativa, com a qual \u00e9 poss\u00edvel brincar digitalmente com at\u00e9 quatro participantes.","robots":{"index":"index","follow":"follow","max-snippet":"max-snippet:-1","max-image-preview":"max-image-preview:large","max-video-preview":"max-video-preview:-1"},"canonical":"https:\/\/ocupacao.icnetworks.org\/ocupacao\/palavra-cantada\/publicacao-interativa-palavra-cantada\/","og_locale":"pt_BR","og_type":"article","og_title":"Pode dar sopa - Ocupa\u00e7\u00e3o","og_description":"A \"Ocupa\u00e7\u00e3o Palavra Cantada\" ganha uma publica\u00e7\u00e3o interativa, com a qual \u00e9 poss\u00edvel brincar digitalmente com at\u00e9 quatro participantes.","og_url":"https:\/\/ocupacao.icnetworks.org\/ocupacao\/palavra-cantada\/publicacao-interativa-palavra-cantada\/","og_site_name":"Ocupa\u00e7\u00e3o","article_modified_time":"2025-06-09T17:13:47+00:00","og_image":[{"width":2560,"height":1440,"url":"https:\/\/ocupacao.icnetworks.org\/ocupacao\/wp-content\/uploads\/2025\/06\/1920x1080px-thumb-site-IC_oc-palavra-cantada-scaled.png","type":"image\/png"}],"twitter_card":"summary_large_image","twitter_misc":{"Est. tempo de leitura":"3 minutos"},"schema":{"@context":"https:\/\/schema.org","@graph":[{"@type":"WebPage","@id":"https:\/\/ocupacao.icnetworks.org\/ocupacao\/palavra-cantada\/publicacao-interativa-palavra-cantada\/","url":"https:\/\/ocupacao.icnetworks.org\/ocupacao\/palavra-cantada\/publicacao-interativa-palavra-cantada\/","name":"Pode dar sopa - Ocupa\u00e7\u00e3o","isPartOf":{"@id":"https:\/\/www.itaucultural.org.br\/ocupacao\/en\/#website"},"primaryImageOfPage":{"@id":"https:\/\/ocupacao.icnetworks.org\/ocupacao\/palavra-cantada\/publicacao-interativa-palavra-cantada\/#primaryimage"},"image":{"@id":"https:\/\/ocupacao.icnetworks.org\/ocupacao\/palavra-cantada\/publicacao-interativa-palavra-cantada\/#primaryimage"},"thumbnailUrl":"https:\/\/ocupacao.icnetworks.org\/ocupacao\/wp-content\/uploads\/2025\/06\/1920x1080px-thumb-site-IC_oc-palavra-cantada-300x169.png","datePublished":"2025-06-09T17:04:52+00:00","dateModified":"2025-06-09T17:13:47+00:00","description":"A \"Ocupa\u00e7\u00e3o Palavra Cantada\" ganha uma publica\u00e7\u00e3o interativa, com a qual \u00e9 poss\u00edvel brincar digitalmente com at\u00e9 quatro participantes.","breadcrumb":{"@id":"https:\/\/ocupacao.icnetworks.org\/ocupacao\/palavra-cantada\/publicacao-interativa-palavra-cantada\/#breadcrumb"},"inLanguage":"pt-BR","potentialAction":[{"@type":"ReadAction","target":["https:\/\/ocupacao.icnetworks.org\/ocupacao\/palavra-cantada\/publicacao-interativa-palavra-cantada\/"]}]},{"@type":"ImageObject","inLanguage":"pt-BR","@id":"https:\/\/ocupacao.icnetworks.org\/ocupacao\/palavra-cantada\/publicacao-interativa-palavra-cantada\/#primaryimage","url":"https:\/\/ocupacao.icnetworks.org\/ocupacao\/wp-content\/uploads\/2025\/06\/1920x1080px-thumb-site-IC_oc-palavra-cantada-scaled.png","contentUrl":"https:\/\/ocupacao.icnetworks.org\/ocupacao\/wp-content\/uploads\/2025\/06\/1920x1080px-thumb-site-IC_oc-palavra-cantada-scaled.png","width":2560,"height":1440},{"@type":"BreadcrumbList","@id":"https:\/\/ocupacao.icnetworks.org\/ocupacao\/palavra-cantada\/publicacao-interativa-palavra-cantada\/#breadcrumb","itemListElement":[{"@type":"ListItem","position":1,"name":"In\u00edcio","item":"https:\/\/www.itaucultural.org.br\/ocupacao\/en\/"},{"@type":"ListItem","position":2,"name":"Palavra Cantada","item":"https:\/\/ocupacao.icnetworks.org\/ocupacao\/palavra-cantada\/"},{"@type":"ListItem","position":3,"name":"Pode dar sopa"}]},{"@type":"WebSite","@id":"https:\/\/www.itaucultural.org.br\/ocupacao\/en\/#website","url":"https:\/\/www.itaucultural.org.br\/ocupacao\/en\/","name":"Ocupa\u00e7\u00e3o","description":"S\u00f3 mais um site WordPress","potentialAction":[{"@type":"SearchAction","target":{"@type":"EntryPoint","urlTemplate":"https:\/\/www.itaucultural.org.br\/ocupacao\/en\/?s={search_term_string}"},"query-input":{"@type":"PropertyValueSpecification","valueRequired":true,"valueName":"search_term_string"}}],"inLanguage":"pt-BR"}]}},"_links":{"self":[{"href":"https:\/\/ocupacao.icnetworks.org\/ocupacao\/wp-json\/wp\/v2\/pages\/22530","targetHints":{"allow":["GET"]}}],"collection":[{"href":"https:\/\/ocupacao.icnetworks.org\/ocupacao\/wp-json\/wp\/v2\/pages"}],"about":[{"href":"https:\/\/ocupacao.icnetworks.org\/ocupacao\/wp-json\/wp\/v2\/types\/page"}],"author":[{"embeddable":true,"href":"https:\/\/ocupacao.icnetworks.org\/ocupacao\/wp-json\/wp\/v2\/users\/28"}],"replies":[{"embeddable":true,"href":"https:\/\/ocupacao.icnetworks.org\/ocupacao\/wp-json\/wp\/v2\/comments?post=22530"}],"version-history":[{"count":9,"href":"https:\/\/ocupacao.icnetworks.org\/ocupacao\/wp-json\/wp\/v2\/pages\/22530\/revisions"}],"predecessor-version":[{"id":22542,"href":"https:\/\/ocupacao.icnetworks.org\/ocupacao\/wp-json\/wp\/v2\/pages\/22530\/revisions\/22542"}],"up":[{"embeddable":true,"href":"https:\/\/ocupacao.icnetworks.org\/ocupacao\/wp-json\/wp\/v2\/pages\/22308"}],"wp:attachment":[{"href":"https:\/\/ocupacao.icnetworks.org\/ocupacao\/wp-json\/wp\/v2\/media?parent=22530"}],"curies":[{"name":"wp","href":"https:\/\/api.w.org\/{rel}","templated":true}]}}