
{"id":8483,"date":"2016-08-19T21:12:32","date_gmt":"2016-08-20T00:12:32","guid":{"rendered":"http:\/\/qa.ocupacao.itau.nuova2.com\/ocupacao\/jards-macale\/nao-sou-politico\/"},"modified":"2020-11-10T17:19:16","modified_gmt":"2020-11-10T20:19:16","slug":"nao-sou-politico","status":"publish","type":"page","link":"https:\/\/ocupacao.icnetworks.org\/ocupacao\/jards-macale\/nao-sou-politico\/","title":{"rendered":"N\u00e3o Sou Pol\u00edtico"},"content":{"rendered":"","protected":false},"excerpt":{"rendered":"","protected":false},"author":1,"featured_media":8497,"parent":8347,"menu_order":9,"comment_status":"closed","ping_status":"closed","template":"","meta":{"footnotes":""},"class_list":["post-8483","page","type-page","status-publish","has-post-thumbnail","hentry","temas-ditadura-militar","areas-musica"],"yoast_head":"<!-- This site is optimized with the Yoast SEO plugin v27.3 - https:\/\/yoast.com\/product\/yoast-seo-wordpress\/ -->\n<title>N\u00e3o Sou Pol\u00edtico - Ocupa\u00e7\u00e3o<\/title>\n<meta name=\"robots\" content=\"index, follow, max-snippet:-1, max-image-preview:large, max-video-preview:-1\" \/>\n<link rel=\"canonical\" href=\"https:\/\/www.itaucultural.org.br\/ocupacao\/jards-macale\/nao-sou-politico\/\" \/>\n<meta property=\"og:locale\" content=\"pt_BR\" \/>\n<meta property=\"og:type\" content=\"article\" \/>\n<meta property=\"og:title\" content=\"N\u00e3o Sou Pol\u00edtico - Ocupa\u00e7\u00e3o\" \/>\n<meta property=\"og:url\" content=\"https:\/\/www.itaucultural.org.br\/ocupacao\/jards-macale\/nao-sou-politico\/\" \/>\n<meta property=\"og:site_name\" content=\"Ocupa\u00e7\u00e3o\" \/>\n<meta property=\"article:modified_time\" content=\"2020-11-10T20:19:16+00:00\" \/>\n<meta property=\"og:image\" content=\"https:\/\/www.itaucultural.org.br\/ocupacao\/wp-content\/uploads\/2014\/05\/engajamento4.jpg\" \/>\n\t<meta property=\"og:image:width\" content=\"1000\" \/>\n\t<meta property=\"og:image:height\" content=\"1490\" \/>\n\t<meta property=\"og:image:type\" content=\"image\/jpeg\" \/>\n<meta name=\"twitter:card\" content=\"summary_large_image\" \/>\n<script type=\"application\/ld+json\" class=\"yoast-schema-graph\">{\"@context\":\"https:\\\/\\\/schema.org\",\"@graph\":[{\"@type\":\"WebPage\",\"@id\":\"https:\\\/\\\/www.itaucultural.org.br\\\/ocupacao\\\/jards-macale\\\/nao-sou-politico\\\/\",\"url\":\"https:\\\/\\\/www.itaucultural.org.br\\\/ocupacao\\\/jards-macale\\\/nao-sou-politico\\\/\",\"name\":\"N\u00e3o Sou Pol\u00edtico - Ocupa\u00e7\u00e3o\",\"isPartOf\":{\"@id\":\"https:\\\/\\\/www.itaucultural.org.br\\\/ocupacao\\\/en\\\/#website\"},\"primaryImageOfPage\":{\"@id\":\"https:\\\/\\\/www.itaucultural.org.br\\\/ocupacao\\\/jards-macale\\\/nao-sou-politico\\\/#primaryimage\"},\"image\":{\"@id\":\"https:\\\/\\\/www.itaucultural.org.br\\\/ocupacao\\\/jards-macale\\\/nao-sou-politico\\\/#primaryimage\"},\"thumbnailUrl\":\"https:\\\/\\\/ocupacao.icnetworks.org\\\/ocupacao\\\/wp-content\\\/uploads\\\/2014\\\/05\\\/engajamento4.jpg\",\"datePublished\":\"2016-08-20T00:12:32+00:00\",\"dateModified\":\"2020-11-10T20:19:16+00:00\",\"breadcrumb\":{\"@id\":\"https:\\\/\\\/www.itaucultural.org.br\\\/ocupacao\\\/jards-macale\\\/nao-sou-politico\\\/#breadcrumb\"},\"inLanguage\":\"pt-BR\",\"potentialAction\":[{\"@type\":\"ReadAction\",\"target\":[\"https:\\\/\\\/www.itaucultural.org.br\\\/ocupacao\\\/jards-macale\\\/nao-sou-politico\\\/\"]}]},{\"@type\":\"ImageObject\",\"inLanguage\":\"pt-BR\",\"@id\":\"https:\\\/\\\/www.itaucultural.org.br\\\/ocupacao\\\/jards-macale\\\/nao-sou-politico\\\/#primaryimage\",\"url\":\"https:\\\/\\\/ocupacao.icnetworks.org\\\/ocupacao\\\/wp-content\\\/uploads\\\/2014\\\/05\\\/engajamento4.jpg\",\"contentUrl\":\"https:\\\/\\\/ocupacao.icnetworks.org\\\/ocupacao\\\/wp-content\\\/uploads\\\/2014\\\/05\\\/engajamento4.jpg\",\"width\":1000,\"height\":1490},{\"@type\":\"BreadcrumbList\",\"@id\":\"https:\\\/\\\/www.itaucultural.org.br\\\/ocupacao\\\/jards-macale\\\/nao-sou-politico\\\/#breadcrumb\",\"itemListElement\":[{\"@type\":\"ListItem\",\"position\":1,\"name\":\"In\u00edcio\",\"item\":\"https:\\\/\\\/www.itaucultural.org.br\\\/ocupacao\\\/en\\\/\"},{\"@type\":\"ListItem\",\"position\":2,\"name\":\"Jards Macal\u00e9\",\"item\":\"https:\\\/\\\/www.itaucultural.org.br\\\/ocupacao\\\/jards-macale\\\/\"},{\"@type\":\"ListItem\",\"position\":3,\"name\":\"N\u00e3o Sou Pol\u00edtico\"}]},{\"@type\":\"WebSite\",\"@id\":\"https:\\\/\\\/www.itaucultural.org.br\\\/ocupacao\\\/en\\\/#website\",\"url\":\"https:\\\/\\\/www.itaucultural.org.br\\\/ocupacao\\\/en\\\/\",\"name\":\"Ocupa\u00e7\u00e3o\",\"description\":\"S\u00f3 mais um site WordPress\",\"potentialAction\":[{\"@type\":\"SearchAction\",\"target\":{\"@type\":\"EntryPoint\",\"urlTemplate\":\"https:\\\/\\\/www.itaucultural.org.br\\\/ocupacao\\\/en\\\/?s={search_term_string}\"},\"query-input\":{\"@type\":\"PropertyValueSpecification\",\"valueRequired\":true,\"valueName\":\"search_term_string\"}}],\"inLanguage\":\"pt-BR\"}]}<\/script>\n<!-- \/ Yoast SEO plugin. -->","yoast_head_json":{"title":"N\u00e3o Sou Pol\u00edtico - Ocupa\u00e7\u00e3o","robots":{"index":"index","follow":"follow","max-snippet":"max-snippet:-1","max-image-preview":"max-image-preview:large","max-video-preview":"max-video-preview:-1"},"canonical":"https:\/\/www.itaucultural.org.br\/ocupacao\/jards-macale\/nao-sou-politico\/","og_locale":"pt_BR","og_type":"article","og_title":"N\u00e3o Sou Pol\u00edtico - Ocupa\u00e7\u00e3o","og_url":"https:\/\/www.itaucultural.org.br\/ocupacao\/jards-macale\/nao-sou-politico\/","og_site_name":"Ocupa\u00e7\u00e3o","article_modified_time":"2020-11-10T20:19:16+00:00","og_image":[{"width":1000,"height":1490,"url":"https:\/\/www.itaucultural.org.br\/ocupacao\/wp-content\/uploads\/2014\/05\/engajamento4.jpg","type":"image\/jpeg"}],"twitter_card":"summary_large_image","schema":{"@context":"https:\/\/schema.org","@graph":[{"@type":"WebPage","@id":"https:\/\/www.itaucultural.org.br\/ocupacao\/jards-macale\/nao-sou-politico\/","url":"https:\/\/www.itaucultural.org.br\/ocupacao\/jards-macale\/nao-sou-politico\/","name":"N\u00e3o Sou Pol\u00edtico - Ocupa\u00e7\u00e3o","isPartOf":{"@id":"https:\/\/www.itaucultural.org.br\/ocupacao\/en\/#website"},"primaryImageOfPage":{"@id":"https:\/\/www.itaucultural.org.br\/ocupacao\/jards-macale\/nao-sou-politico\/#primaryimage"},"image":{"@id":"https:\/\/www.itaucultural.org.br\/ocupacao\/jards-macale\/nao-sou-politico\/#primaryimage"},"thumbnailUrl":"https:\/\/ocupacao.icnetworks.org\/ocupacao\/wp-content\/uploads\/2014\/05\/engajamento4.jpg","datePublished":"2016-08-20T00:12:32+00:00","dateModified":"2020-11-10T20:19:16+00:00","breadcrumb":{"@id":"https:\/\/www.itaucultural.org.br\/ocupacao\/jards-macale\/nao-sou-politico\/#breadcrumb"},"inLanguage":"pt-BR","potentialAction":[{"@type":"ReadAction","target":["https:\/\/www.itaucultural.org.br\/ocupacao\/jards-macale\/nao-sou-politico\/"]}]},{"@type":"ImageObject","inLanguage":"pt-BR","@id":"https:\/\/www.itaucultural.org.br\/ocupacao\/jards-macale\/nao-sou-politico\/#primaryimage","url":"https:\/\/ocupacao.icnetworks.org\/ocupacao\/wp-content\/uploads\/2014\/05\/engajamento4.jpg","contentUrl":"https:\/\/ocupacao.icnetworks.org\/ocupacao\/wp-content\/uploads\/2014\/05\/engajamento4.jpg","width":1000,"height":1490},{"@type":"BreadcrumbList","@id":"https:\/\/www.itaucultural.org.br\/ocupacao\/jards-macale\/nao-sou-politico\/#breadcrumb","itemListElement":[{"@type":"ListItem","position":1,"name":"In\u00edcio","item":"https:\/\/www.itaucultural.org.br\/ocupacao\/en\/"},{"@type":"ListItem","position":2,"name":"Jards Macal\u00e9","item":"https:\/\/www.itaucultural.org.br\/ocupacao\/jards-macale\/"},{"@type":"ListItem","position":3,"name":"N\u00e3o Sou Pol\u00edtico"}]},{"@type":"WebSite","@id":"https:\/\/www.itaucultural.org.br\/ocupacao\/en\/#website","url":"https:\/\/www.itaucultural.org.br\/ocupacao\/en\/","name":"Ocupa\u00e7\u00e3o","description":"S\u00f3 mais um site WordPress","potentialAction":[{"@type":"SearchAction","target":{"@type":"EntryPoint","urlTemplate":"https:\/\/www.itaucultural.org.br\/ocupacao\/en\/?s={search_term_string}"},"query-input":{"@type":"PropertyValueSpecification","valueRequired":true,"valueName":"search_term_string"}}],"inLanguage":"pt-BR"}]}},"_links":{"self":[{"href":"https:\/\/ocupacao.icnetworks.org\/ocupacao\/wp-json\/wp\/v2\/pages\/8483","targetHints":{"allow":["GET"]}}],"collection":[{"href":"https:\/\/ocupacao.icnetworks.org\/ocupacao\/wp-json\/wp\/v2\/pages"}],"about":[{"href":"https:\/\/ocupacao.icnetworks.org\/ocupacao\/wp-json\/wp\/v2\/types\/page"}],"author":[{"embeddable":true,"href":"https:\/\/ocupacao.icnetworks.org\/ocupacao\/wp-json\/wp\/v2\/users\/1"}],"replies":[{"embeddable":true,"href":"https:\/\/ocupacao.icnetworks.org\/ocupacao\/wp-json\/wp\/v2\/comments?post=8483"}],"version-history":[{"count":3,"href":"https:\/\/ocupacao.icnetworks.org\/ocupacao\/wp-json\/wp\/v2\/pages\/8483\/revisions"}],"predecessor-version":[{"id":16466,"href":"https:\/\/ocupacao.icnetworks.org\/ocupacao\/wp-json\/wp\/v2\/pages\/8483\/revisions\/16466"}],"up":[{"embeddable":true,"href":"https:\/\/ocupacao.icnetworks.org\/ocupacao\/wp-json\/wp\/v2\/pages\/8347"}],"wp:featuredmedia":[{"embeddable":true,"href":"https:\/\/ocupacao.icnetworks.org\/ocupacao\/wp-json\/wp\/v2\/media\/8497"}],"wp:attachment":[{"href":"https:\/\/ocupacao.icnetworks.org\/ocupacao\/wp-json\/wp\/v2\/media?parent=8483"}],"curies":[{"name":"wp","href":"https:\/\/api.w.org\/{rel}","templated":true}]}}