
{"id":9288,"date":"2016-08-19T22:13:48","date_gmt":"2016-08-20T01:13:48","guid":{"rendered":"http:\/\/qa.ocupacao.itau.nuova2.com\/ocupacao\/nelson-rodrigues\/nelson-como-ele-e\/"},"modified":"2021-12-14T17:25:45","modified_gmt":"2021-12-14T20:25:45","slug":"nelson-como-ele-e","status":"publish","type":"page","link":"https:\/\/ocupacao.icnetworks.org\/ocupacao\/nelson-rodrigues\/nelson-como-ele-e\/","title":{"rendered":"Nelson como ele \u00e9"},"content":{"rendered":"","protected":false},"excerpt":{"rendered":"","protected":false},"author":1,"featured_media":9291,"parent":9285,"menu_order":0,"comment_status":"closed","ping_status":"closed","template":"","meta":{"footnotes":""},"class_list":["post-9288","page","type-page","status-publish","has-post-thumbnail","hentry","temas-infancia","temas-modernismo","areas-cinema","areas-jornalismo","areas-literatura","areas-teatro"],"yoast_head":"<!-- This site is optimized with the Yoast SEO plugin v27.4 - https:\/\/yoast.com\/product\/yoast-seo-wordpress\/ -->\n<title>Nelson como ele \u00e9 - Ocupa\u00e7\u00e3o Nelson Rodrigues<\/title>\n<meta name=\"description\" content=\"A Ocupa\u00e7\u00e3o Nelson Rodrigues optou por trazer as palavras do pr\u00f3prio Nelson, em suas mem\u00f3rias, buscando que ele desenrole o fio da meada.\" \/>\n<meta name=\"robots\" content=\"index, follow, max-snippet:-1, max-image-preview:large, max-video-preview:-1\" \/>\n<link rel=\"canonical\" href=\"https:\/\/www.itaucultural.org.br\/ocupacao\/nelson-rodrigues\/nelson-como-ele-e\/\" \/>\n<meta property=\"og:locale\" content=\"pt_BR\" \/>\n<meta property=\"og:type\" content=\"article\" \/>\n<meta property=\"og:title\" content=\"Nelson como ele \u00e9 - Ocupa\u00e7\u00e3o Nelson Rodrigues\" \/>\n<meta property=\"og:description\" content=\"A Ocupa\u00e7\u00e3o Nelson Rodrigues optou por trazer as palavras do pr\u00f3prio Nelson, em suas mem\u00f3rias, buscando que ele desenrole o fio da meada.\" \/>\n<meta property=\"og:url\" content=\"https:\/\/www.itaucultural.org.br\/ocupacao\/nelson-rodrigues\/nelson-como-ele-e\/\" \/>\n<meta property=\"og:site_name\" content=\"Ocupa\u00e7\u00e3o\" \/>\n<meta property=\"article:modified_time\" content=\"2021-12-14T20:25:45+00:00\" \/>\n<meta property=\"og:image\" content=\"https:\/\/www.itaucultural.org.br\/ocupacao\/wp-content\/uploads\/2012\/09\/nelson11.jpg\" \/>\n\t<meta property=\"og:image:width\" content=\"829\" \/>\n\t<meta property=\"og:image:height\" content=\"549\" \/>\n\t<meta property=\"og:image:type\" content=\"image\/jpeg\" \/>\n<meta name=\"twitter:card\" content=\"summary_large_image\" \/>\n<script type=\"application\/ld+json\" class=\"yoast-schema-graph\">{\"@context\":\"https:\\\/\\\/schema.org\",\"@graph\":[{\"@type\":\"WebPage\",\"@id\":\"https:\\\/\\\/www.itaucultural.org.br\\\/ocupacao\\\/nelson-rodrigues\\\/nelson-como-ele-e\\\/\",\"url\":\"https:\\\/\\\/www.itaucultural.org.br\\\/ocupacao\\\/nelson-rodrigues\\\/nelson-como-ele-e\\\/\",\"name\":\"Nelson como ele \u00e9 - Ocupa\u00e7\u00e3o Nelson Rodrigues\",\"isPartOf\":{\"@id\":\"https:\\\/\\\/www.itaucultural.org.br\\\/ocupacao\\\/en\\\/#website\"},\"primaryImageOfPage\":{\"@id\":\"https:\\\/\\\/www.itaucultural.org.br\\\/ocupacao\\\/nelson-rodrigues\\\/nelson-como-ele-e\\\/#primaryimage\"},\"image\":{\"@id\":\"https:\\\/\\\/www.itaucultural.org.br\\\/ocupacao\\\/nelson-rodrigues\\\/nelson-como-ele-e\\\/#primaryimage\"},\"thumbnailUrl\":\"https:\\\/\\\/ocupacao.icnetworks.org\\\/ocupacao\\\/wp-content\\\/uploads\\\/2012\\\/09\\\/nelson11.jpg\",\"datePublished\":\"2016-08-20T01:13:48+00:00\",\"dateModified\":\"2021-12-14T20:25:45+00:00\",\"description\":\"A Ocupa\u00e7\u00e3o Nelson Rodrigues optou por trazer as palavras do pr\u00f3prio Nelson, em suas mem\u00f3rias, buscando que ele desenrole o fio da meada.\",\"breadcrumb\":{\"@id\":\"https:\\\/\\\/www.itaucultural.org.br\\\/ocupacao\\\/nelson-rodrigues\\\/nelson-como-ele-e\\\/#breadcrumb\"},\"inLanguage\":\"pt-BR\",\"potentialAction\":[{\"@type\":\"ReadAction\",\"target\":[\"https:\\\/\\\/www.itaucultural.org.br\\\/ocupacao\\\/nelson-rodrigues\\\/nelson-como-ele-e\\\/\"]}]},{\"@type\":\"ImageObject\",\"inLanguage\":\"pt-BR\",\"@id\":\"https:\\\/\\\/www.itaucultural.org.br\\\/ocupacao\\\/nelson-rodrigues\\\/nelson-como-ele-e\\\/#primaryimage\",\"url\":\"https:\\\/\\\/ocupacao.icnetworks.org\\\/ocupacao\\\/wp-content\\\/uploads\\\/2012\\\/09\\\/nelson11.jpg\",\"contentUrl\":\"https:\\\/\\\/ocupacao.icnetworks.org\\\/ocupacao\\\/wp-content\\\/uploads\\\/2012\\\/09\\\/nelson11.jpg\",\"width\":829,\"height\":549,\"caption\":\"Fotografia de Nelson Rodrigues\"},{\"@type\":\"BreadcrumbList\",\"@id\":\"https:\\\/\\\/www.itaucultural.org.br\\\/ocupacao\\\/nelson-rodrigues\\\/nelson-como-ele-e\\\/#breadcrumb\",\"itemListElement\":[{\"@type\":\"ListItem\",\"position\":1,\"name\":\"In\u00edcio\",\"item\":\"https:\\\/\\\/www.itaucultural.org.br\\\/ocupacao\\\/en\\\/\"},{\"@type\":\"ListItem\",\"position\":2,\"name\":\"Nelson Rodrigues\",\"item\":\"https:\\\/\\\/ocupacao.icnetworks.org\\\/ocupacao\\\/nelson-rodrigues\\\/\"},{\"@type\":\"ListItem\",\"position\":3,\"name\":\"Nelson como ele \u00e9\"}]},{\"@type\":\"WebSite\",\"@id\":\"https:\\\/\\\/www.itaucultural.org.br\\\/ocupacao\\\/en\\\/#website\",\"url\":\"https:\\\/\\\/www.itaucultural.org.br\\\/ocupacao\\\/en\\\/\",\"name\":\"Ocupa\u00e7\u00e3o\",\"description\":\"S\u00f3 mais um site WordPress\",\"potentialAction\":[{\"@type\":\"SearchAction\",\"target\":{\"@type\":\"EntryPoint\",\"urlTemplate\":\"https:\\\/\\\/www.itaucultural.org.br\\\/ocupacao\\\/en\\\/?s={search_term_string}\"},\"query-input\":{\"@type\":\"PropertyValueSpecification\",\"valueRequired\":true,\"valueName\":\"search_term_string\"}}],\"inLanguage\":\"pt-BR\"}]}<\/script>\n<!-- \/ Yoast SEO plugin. -->","yoast_head_json":{"title":"Nelson como ele \u00e9 - Ocupa\u00e7\u00e3o Nelson Rodrigues","description":"A Ocupa\u00e7\u00e3o Nelson Rodrigues optou por trazer as palavras do pr\u00f3prio Nelson, em suas mem\u00f3rias, buscando que ele desenrole o fio da meada.","robots":{"index":"index","follow":"follow","max-snippet":"max-snippet:-1","max-image-preview":"max-image-preview:large","max-video-preview":"max-video-preview:-1"},"canonical":"https:\/\/www.itaucultural.org.br\/ocupacao\/nelson-rodrigues\/nelson-como-ele-e\/","og_locale":"pt_BR","og_type":"article","og_title":"Nelson como ele \u00e9 - Ocupa\u00e7\u00e3o Nelson Rodrigues","og_description":"A Ocupa\u00e7\u00e3o Nelson Rodrigues optou por trazer as palavras do pr\u00f3prio Nelson, em suas mem\u00f3rias, buscando que ele desenrole o fio da meada.","og_url":"https:\/\/www.itaucultural.org.br\/ocupacao\/nelson-rodrigues\/nelson-como-ele-e\/","og_site_name":"Ocupa\u00e7\u00e3o","article_modified_time":"2021-12-14T20:25:45+00:00","og_image":[{"width":829,"height":549,"url":"https:\/\/www.itaucultural.org.br\/ocupacao\/wp-content\/uploads\/2012\/09\/nelson11.jpg","type":"image\/jpeg"}],"twitter_card":"summary_large_image","schema":{"@context":"https:\/\/schema.org","@graph":[{"@type":"WebPage","@id":"https:\/\/www.itaucultural.org.br\/ocupacao\/nelson-rodrigues\/nelson-como-ele-e\/","url":"https:\/\/www.itaucultural.org.br\/ocupacao\/nelson-rodrigues\/nelson-como-ele-e\/","name":"Nelson como ele \u00e9 - Ocupa\u00e7\u00e3o Nelson Rodrigues","isPartOf":{"@id":"https:\/\/www.itaucultural.org.br\/ocupacao\/en\/#website"},"primaryImageOfPage":{"@id":"https:\/\/www.itaucultural.org.br\/ocupacao\/nelson-rodrigues\/nelson-como-ele-e\/#primaryimage"},"image":{"@id":"https:\/\/www.itaucultural.org.br\/ocupacao\/nelson-rodrigues\/nelson-como-ele-e\/#primaryimage"},"thumbnailUrl":"https:\/\/ocupacao.icnetworks.org\/ocupacao\/wp-content\/uploads\/2012\/09\/nelson11.jpg","datePublished":"2016-08-20T01:13:48+00:00","dateModified":"2021-12-14T20:25:45+00:00","description":"A Ocupa\u00e7\u00e3o Nelson Rodrigues optou por trazer as palavras do pr\u00f3prio Nelson, em suas mem\u00f3rias, buscando que ele desenrole o fio da meada.","breadcrumb":{"@id":"https:\/\/www.itaucultural.org.br\/ocupacao\/nelson-rodrigues\/nelson-como-ele-e\/#breadcrumb"},"inLanguage":"pt-BR","potentialAction":[{"@type":"ReadAction","target":["https:\/\/www.itaucultural.org.br\/ocupacao\/nelson-rodrigues\/nelson-como-ele-e\/"]}]},{"@type":"ImageObject","inLanguage":"pt-BR","@id":"https:\/\/www.itaucultural.org.br\/ocupacao\/nelson-rodrigues\/nelson-como-ele-e\/#primaryimage","url":"https:\/\/ocupacao.icnetworks.org\/ocupacao\/wp-content\/uploads\/2012\/09\/nelson11.jpg","contentUrl":"https:\/\/ocupacao.icnetworks.org\/ocupacao\/wp-content\/uploads\/2012\/09\/nelson11.jpg","width":829,"height":549,"caption":"Fotografia de Nelson Rodrigues"},{"@type":"BreadcrumbList","@id":"https:\/\/www.itaucultural.org.br\/ocupacao\/nelson-rodrigues\/nelson-como-ele-e\/#breadcrumb","itemListElement":[{"@type":"ListItem","position":1,"name":"In\u00edcio","item":"https:\/\/www.itaucultural.org.br\/ocupacao\/en\/"},{"@type":"ListItem","position":2,"name":"Nelson Rodrigues","item":"https:\/\/ocupacao.icnetworks.org\/ocupacao\/nelson-rodrigues\/"},{"@type":"ListItem","position":3,"name":"Nelson como ele \u00e9"}]},{"@type":"WebSite","@id":"https:\/\/www.itaucultural.org.br\/ocupacao\/en\/#website","url":"https:\/\/www.itaucultural.org.br\/ocupacao\/en\/","name":"Ocupa\u00e7\u00e3o","description":"S\u00f3 mais um site WordPress","potentialAction":[{"@type":"SearchAction","target":{"@type":"EntryPoint","urlTemplate":"https:\/\/www.itaucultural.org.br\/ocupacao\/en\/?s={search_term_string}"},"query-input":{"@type":"PropertyValueSpecification","valueRequired":true,"valueName":"search_term_string"}}],"inLanguage":"pt-BR"}]}},"_links":{"self":[{"href":"https:\/\/ocupacao.icnetworks.org\/ocupacao\/wp-json\/wp\/v2\/pages\/9288","targetHints":{"allow":["GET"]}}],"collection":[{"href":"https:\/\/ocupacao.icnetworks.org\/ocupacao\/wp-json\/wp\/v2\/pages"}],"about":[{"href":"https:\/\/ocupacao.icnetworks.org\/ocupacao\/wp-json\/wp\/v2\/types\/page"}],"author":[{"embeddable":true,"href":"https:\/\/ocupacao.icnetworks.org\/ocupacao\/wp-json\/wp\/v2\/users\/1"}],"replies":[{"embeddable":true,"href":"https:\/\/ocupacao.icnetworks.org\/ocupacao\/wp-json\/wp\/v2\/comments?post=9288"}],"version-history":[{"count":6,"href":"https:\/\/ocupacao.icnetworks.org\/ocupacao\/wp-json\/wp\/v2\/pages\/9288\/revisions"}],"predecessor-version":[{"id":18133,"href":"https:\/\/ocupacao.icnetworks.org\/ocupacao\/wp-json\/wp\/v2\/pages\/9288\/revisions\/18133"}],"up":[{"embeddable":true,"href":"https:\/\/ocupacao.icnetworks.org\/ocupacao\/wp-json\/wp\/v2\/pages\/9285"}],"wp:featuredmedia":[{"embeddable":true,"href":"https:\/\/ocupacao.icnetworks.org\/ocupacao\/wp-json\/wp\/v2\/media\/9291"}],"wp:attachment":[{"href":"https:\/\/ocupacao.icnetworks.org\/ocupacao\/wp-json\/wp\/v2\/media?parent=9288"}],"curies":[{"name":"wp","href":"https:\/\/api.w.org\/{rel}","templated":true}]}}