
{"id":9298,"date":"2016-08-19T22:15:02","date_gmt":"2016-08-20T01:15:02","guid":{"rendered":"http:\/\/qa.ocupacao.itau.nuova2.com\/ocupacao\/nelson-rodrigues\/rodrigadas\/"},"modified":"2021-12-17T09:48:09","modified_gmt":"2021-12-17T12:48:09","slug":"rodrigadas","status":"publish","type":"page","link":"https:\/\/ocupacao.icnetworks.org\/ocupacao\/nelson-rodrigues\/rodrigadas\/","title":{"rendered":"Rodrigadas"},"content":{"rendered":"","protected":false},"excerpt":{"rendered":"","protected":false},"author":1,"featured_media":9316,"parent":9285,"menu_order":3,"comment_status":"closed","ping_status":"closed","template":"","meta":{"footnotes":""},"class_list":["post-9298","page","type-page","status-publish","has-post-thumbnail","hentry","temas-arte-grafica","areas-artes-visuais","areas-cinema","areas-jornalismo","areas-teatro"],"yoast_head":"<!-- This site is optimized with the Yoast SEO plugin v27.4 - https:\/\/yoast.com\/product\/yoast-seo-wordpress\/ -->\n<title>Rodrigadas - Ocupa\u00e7\u00e3o Nelson Rodrigues<\/title>\n<meta name=\"description\" content=\"\u00c9 dif\u00edcil exagerar a influ\u00eancia do ambiente familiar sobre Nelson. Os Rodrigues s\u00e3o uma fam\u00edlia de jornalistas, escritores e artistas.\" \/>\n<meta name=\"robots\" content=\"index, follow, max-snippet:-1, max-image-preview:large, max-video-preview:-1\" \/>\n<link rel=\"canonical\" href=\"https:\/\/www.itaucultural.org.br\/ocupacao\/nelson-rodrigues\/rodrigadas\/\" \/>\n<meta property=\"og:locale\" content=\"pt_BR\" \/>\n<meta property=\"og:type\" content=\"article\" \/>\n<meta property=\"og:title\" content=\"Rodrigadas - Ocupa\u00e7\u00e3o Nelson Rodrigues\" \/>\n<meta property=\"og:description\" content=\"\u00c9 dif\u00edcil exagerar a influ\u00eancia do ambiente familiar sobre Nelson. Os Rodrigues s\u00e3o uma fam\u00edlia de jornalistas, escritores e artistas.\" \/>\n<meta property=\"og:url\" content=\"https:\/\/www.itaucultural.org.br\/ocupacao\/nelson-rodrigues\/rodrigadas\/\" \/>\n<meta property=\"og:site_name\" content=\"Ocupa\u00e7\u00e3o\" \/>\n<meta property=\"article:modified_time\" content=\"2021-12-17T12:48:09+00:00\" \/>\n<meta property=\"og:image\" content=\"https:\/\/www.itaucultural.org.br\/ocupacao\/wp-content\/uploads\/2012\/10\/Familia-Rodrigues-e1349289246896.jpg\" \/>\n\t<meta property=\"og:image:width\" content=\"830\" \/>\n\t<meta property=\"og:image:height\" content=\"578\" \/>\n\t<meta property=\"og:image:type\" content=\"image\/jpeg\" \/>\n<meta name=\"twitter:card\" content=\"summary_large_image\" \/>\n<script type=\"application\/ld+json\" class=\"yoast-schema-graph\">{\"@context\":\"https:\\\/\\\/schema.org\",\"@graph\":[{\"@type\":\"WebPage\",\"@id\":\"https:\\\/\\\/www.itaucultural.org.br\\\/ocupacao\\\/nelson-rodrigues\\\/rodrigadas\\\/\",\"url\":\"https:\\\/\\\/www.itaucultural.org.br\\\/ocupacao\\\/nelson-rodrigues\\\/rodrigadas\\\/\",\"name\":\"Rodrigadas - Ocupa\u00e7\u00e3o Nelson Rodrigues\",\"isPartOf\":{\"@id\":\"https:\\\/\\\/www.itaucultural.org.br\\\/ocupacao\\\/en\\\/#website\"},\"primaryImageOfPage\":{\"@id\":\"https:\\\/\\\/www.itaucultural.org.br\\\/ocupacao\\\/nelson-rodrigues\\\/rodrigadas\\\/#primaryimage\"},\"image\":{\"@id\":\"https:\\\/\\\/www.itaucultural.org.br\\\/ocupacao\\\/nelson-rodrigues\\\/rodrigadas\\\/#primaryimage\"},\"thumbnailUrl\":\"https:\\\/\\\/ocupacao.icnetworks.org\\\/ocupacao\\\/wp-content\\\/uploads\\\/2012\\\/10\\\/Familia-Rodrigues-e1349289246896.jpg\",\"datePublished\":\"2016-08-20T01:15:02+00:00\",\"dateModified\":\"2021-12-17T12:48:09+00:00\",\"description\":\"\u00c9 dif\u00edcil exagerar a influ\u00eancia do ambiente familiar sobre Nelson. Os Rodrigues s\u00e3o uma fam\u00edlia de jornalistas, escritores e artistas.\",\"breadcrumb\":{\"@id\":\"https:\\\/\\\/www.itaucultural.org.br\\\/ocupacao\\\/nelson-rodrigues\\\/rodrigadas\\\/#breadcrumb\"},\"inLanguage\":\"pt-BR\",\"potentialAction\":[{\"@type\":\"ReadAction\",\"target\":[\"https:\\\/\\\/www.itaucultural.org.br\\\/ocupacao\\\/nelson-rodrigues\\\/rodrigadas\\\/\"]}]},{\"@type\":\"ImageObject\",\"inLanguage\":\"pt-BR\",\"@id\":\"https:\\\/\\\/www.itaucultural.org.br\\\/ocupacao\\\/nelson-rodrigues\\\/rodrigadas\\\/#primaryimage\",\"url\":\"https:\\\/\\\/ocupacao.icnetworks.org\\\/ocupacao\\\/wp-content\\\/uploads\\\/2012\\\/10\\\/Familia-Rodrigues-e1349289246896.jpg\",\"contentUrl\":\"https:\\\/\\\/ocupacao.icnetworks.org\\\/ocupacao\\\/wp-content\\\/uploads\\\/2012\\\/10\\\/Familia-Rodrigues-e1349289246896.jpg\",\"width\":830,\"height\":578,\"caption\":\"Fotografia da Fam\u00edlia Rodrigues\"},{\"@type\":\"BreadcrumbList\",\"@id\":\"https:\\\/\\\/www.itaucultural.org.br\\\/ocupacao\\\/nelson-rodrigues\\\/rodrigadas\\\/#breadcrumb\",\"itemListElement\":[{\"@type\":\"ListItem\",\"position\":1,\"name\":\"In\u00edcio\",\"item\":\"https:\\\/\\\/www.itaucultural.org.br\\\/ocupacao\\\/en\\\/\"},{\"@type\":\"ListItem\",\"position\":2,\"name\":\"Nelson Rodrigues\",\"item\":\"https:\\\/\\\/ocupacao.icnetworks.org\\\/ocupacao\\\/nelson-rodrigues\\\/\"},{\"@type\":\"ListItem\",\"position\":3,\"name\":\"Rodrigadas\"}]},{\"@type\":\"WebSite\",\"@id\":\"https:\\\/\\\/www.itaucultural.org.br\\\/ocupacao\\\/en\\\/#website\",\"url\":\"https:\\\/\\\/www.itaucultural.org.br\\\/ocupacao\\\/en\\\/\",\"name\":\"Ocupa\u00e7\u00e3o\",\"description\":\"S\u00f3 mais um site WordPress\",\"potentialAction\":[{\"@type\":\"SearchAction\",\"target\":{\"@type\":\"EntryPoint\",\"urlTemplate\":\"https:\\\/\\\/www.itaucultural.org.br\\\/ocupacao\\\/en\\\/?s={search_term_string}\"},\"query-input\":{\"@type\":\"PropertyValueSpecification\",\"valueRequired\":true,\"valueName\":\"search_term_string\"}}],\"inLanguage\":\"pt-BR\"}]}<\/script>\n<!-- \/ Yoast SEO plugin. -->","yoast_head_json":{"title":"Rodrigadas - Ocupa\u00e7\u00e3o Nelson Rodrigues","description":"\u00c9 dif\u00edcil exagerar a influ\u00eancia do ambiente familiar sobre Nelson. Os Rodrigues s\u00e3o uma fam\u00edlia de jornalistas, escritores e artistas.","robots":{"index":"index","follow":"follow","max-snippet":"max-snippet:-1","max-image-preview":"max-image-preview:large","max-video-preview":"max-video-preview:-1"},"canonical":"https:\/\/www.itaucultural.org.br\/ocupacao\/nelson-rodrigues\/rodrigadas\/","og_locale":"pt_BR","og_type":"article","og_title":"Rodrigadas - Ocupa\u00e7\u00e3o Nelson Rodrigues","og_description":"\u00c9 dif\u00edcil exagerar a influ\u00eancia do ambiente familiar sobre Nelson. Os Rodrigues s\u00e3o uma fam\u00edlia de jornalistas, escritores e artistas.","og_url":"https:\/\/www.itaucultural.org.br\/ocupacao\/nelson-rodrigues\/rodrigadas\/","og_site_name":"Ocupa\u00e7\u00e3o","article_modified_time":"2021-12-17T12:48:09+00:00","og_image":[{"width":830,"height":578,"url":"https:\/\/www.itaucultural.org.br\/ocupacao\/wp-content\/uploads\/2012\/10\/Familia-Rodrigues-e1349289246896.jpg","type":"image\/jpeg"}],"twitter_card":"summary_large_image","schema":{"@context":"https:\/\/schema.org","@graph":[{"@type":"WebPage","@id":"https:\/\/www.itaucultural.org.br\/ocupacao\/nelson-rodrigues\/rodrigadas\/","url":"https:\/\/www.itaucultural.org.br\/ocupacao\/nelson-rodrigues\/rodrigadas\/","name":"Rodrigadas - Ocupa\u00e7\u00e3o Nelson Rodrigues","isPartOf":{"@id":"https:\/\/www.itaucultural.org.br\/ocupacao\/en\/#website"},"primaryImageOfPage":{"@id":"https:\/\/www.itaucultural.org.br\/ocupacao\/nelson-rodrigues\/rodrigadas\/#primaryimage"},"image":{"@id":"https:\/\/www.itaucultural.org.br\/ocupacao\/nelson-rodrigues\/rodrigadas\/#primaryimage"},"thumbnailUrl":"https:\/\/ocupacao.icnetworks.org\/ocupacao\/wp-content\/uploads\/2012\/10\/Familia-Rodrigues-e1349289246896.jpg","datePublished":"2016-08-20T01:15:02+00:00","dateModified":"2021-12-17T12:48:09+00:00","description":"\u00c9 dif\u00edcil exagerar a influ\u00eancia do ambiente familiar sobre Nelson. Os Rodrigues s\u00e3o uma fam\u00edlia de jornalistas, escritores e artistas.","breadcrumb":{"@id":"https:\/\/www.itaucultural.org.br\/ocupacao\/nelson-rodrigues\/rodrigadas\/#breadcrumb"},"inLanguage":"pt-BR","potentialAction":[{"@type":"ReadAction","target":["https:\/\/www.itaucultural.org.br\/ocupacao\/nelson-rodrigues\/rodrigadas\/"]}]},{"@type":"ImageObject","inLanguage":"pt-BR","@id":"https:\/\/www.itaucultural.org.br\/ocupacao\/nelson-rodrigues\/rodrigadas\/#primaryimage","url":"https:\/\/ocupacao.icnetworks.org\/ocupacao\/wp-content\/uploads\/2012\/10\/Familia-Rodrigues-e1349289246896.jpg","contentUrl":"https:\/\/ocupacao.icnetworks.org\/ocupacao\/wp-content\/uploads\/2012\/10\/Familia-Rodrigues-e1349289246896.jpg","width":830,"height":578,"caption":"Fotografia da Fam\u00edlia Rodrigues"},{"@type":"BreadcrumbList","@id":"https:\/\/www.itaucultural.org.br\/ocupacao\/nelson-rodrigues\/rodrigadas\/#breadcrumb","itemListElement":[{"@type":"ListItem","position":1,"name":"In\u00edcio","item":"https:\/\/www.itaucultural.org.br\/ocupacao\/en\/"},{"@type":"ListItem","position":2,"name":"Nelson Rodrigues","item":"https:\/\/ocupacao.icnetworks.org\/ocupacao\/nelson-rodrigues\/"},{"@type":"ListItem","position":3,"name":"Rodrigadas"}]},{"@type":"WebSite","@id":"https:\/\/www.itaucultural.org.br\/ocupacao\/en\/#website","url":"https:\/\/www.itaucultural.org.br\/ocupacao\/en\/","name":"Ocupa\u00e7\u00e3o","description":"S\u00f3 mais um site WordPress","potentialAction":[{"@type":"SearchAction","target":{"@type":"EntryPoint","urlTemplate":"https:\/\/www.itaucultural.org.br\/ocupacao\/en\/?s={search_term_string}"},"query-input":{"@type":"PropertyValueSpecification","valueRequired":true,"valueName":"search_term_string"}}],"inLanguage":"pt-BR"}]}},"_links":{"self":[{"href":"https:\/\/ocupacao.icnetworks.org\/ocupacao\/wp-json\/wp\/v2\/pages\/9298","targetHints":{"allow":["GET"]}}],"collection":[{"href":"https:\/\/ocupacao.icnetworks.org\/ocupacao\/wp-json\/wp\/v2\/pages"}],"about":[{"href":"https:\/\/ocupacao.icnetworks.org\/ocupacao\/wp-json\/wp\/v2\/types\/page"}],"author":[{"embeddable":true,"href":"https:\/\/ocupacao.icnetworks.org\/ocupacao\/wp-json\/wp\/v2\/users\/1"}],"replies":[{"embeddable":true,"href":"https:\/\/ocupacao.icnetworks.org\/ocupacao\/wp-json\/wp\/v2\/comments?post=9298"}],"version-history":[{"count":1,"href":"https:\/\/ocupacao.icnetworks.org\/ocupacao\/wp-json\/wp\/v2\/pages\/9298\/revisions"}],"predecessor-version":[{"id":16132,"href":"https:\/\/ocupacao.icnetworks.org\/ocupacao\/wp-json\/wp\/v2\/pages\/9298\/revisions\/16132"}],"up":[{"embeddable":true,"href":"https:\/\/ocupacao.icnetworks.org\/ocupacao\/wp-json\/wp\/v2\/pages\/9285"}],"wp:featuredmedia":[{"embeddable":true,"href":"https:\/\/ocupacao.icnetworks.org\/ocupacao\/wp-json\/wp\/v2\/media\/9316"}],"wp:attachment":[{"href":"https:\/\/ocupacao.icnetworks.org\/ocupacao\/wp-json\/wp\/v2\/media?parent=9298"}],"curies":[{"name":"wp","href":"https:\/\/api.w.org\/{rel}","templated":true}]}}