
{"id":9317,"date":"2016-08-19T22:17:14","date_gmt":"2016-08-20T01:17:14","guid":{"rendered":"http:\/\/qa.ocupacao.itau.nuova2.com\/ocupacao\/nelson-rodrigues\/pitanga-brava\/"},"modified":"2021-12-17T09:36:42","modified_gmt":"2021-12-17T12:36:42","slug":"pitanga-brava","status":"publish","type":"page","link":"https:\/\/ocupacao.icnetworks.org\/ocupacao\/nelson-rodrigues\/pitanga-brava\/","title":{"rendered":"Pitanga Brava"},"content":{"rendered":"","protected":false},"excerpt":{"rendered":"","protected":false},"author":1,"featured_media":0,"parent":9285,"menu_order":4,"comment_status":"closed","ping_status":"closed","template":"","meta":{"footnotes":""},"class_list":["post-9317","page","type-page","status-publish","hentry","temas-infancia","areas-cinema","areas-literatura","areas-teatro"],"yoast_head":"<!-- This site is optimized with the Yoast SEO plugin v27.4 - https:\/\/yoast.com\/product\/yoast-seo-wordpress\/ -->\n<title>Pitanga Brava - Ocupa\u00e7\u00e3o Nelson Rodrigues<\/title>\n<meta name=\"description\" content=\"Quanto do Recife restou em Nelson Rodrigues? Quanto da alma pernambucana? E o que \u00e9, nele, a marca da viv\u00eancia carioca?\" \/>\n<meta name=\"robots\" content=\"index, follow, max-snippet:-1, max-image-preview:large, max-video-preview:-1\" \/>\n<link rel=\"canonical\" href=\"https:\/\/www.itaucultural.org.br\/ocupacao\/nelson-rodrigues\/pitanga-brava\/\" \/>\n<meta property=\"og:locale\" content=\"pt_BR\" \/>\n<meta property=\"og:type\" content=\"article\" \/>\n<meta property=\"og:title\" content=\"Pitanga Brava - Ocupa\u00e7\u00e3o Nelson Rodrigues\" \/>\n<meta property=\"og:description\" content=\"Quanto do Recife restou em Nelson Rodrigues? Quanto da alma pernambucana? E o que \u00e9, nele, a marca da viv\u00eancia carioca?\" \/>\n<meta property=\"og:url\" content=\"https:\/\/www.itaucultural.org.br\/ocupacao\/nelson-rodrigues\/pitanga-brava\/\" \/>\n<meta property=\"og:site_name\" content=\"Ocupa\u00e7\u00e3o\" \/>\n<meta property=\"article:modified_time\" content=\"2021-12-17T12:36:42+00:00\" \/>\n<meta name=\"twitter:card\" content=\"summary_large_image\" \/>\n<script type=\"application\/ld+json\" class=\"yoast-schema-graph\">{\"@context\":\"https:\\\/\\\/schema.org\",\"@graph\":[{\"@type\":\"WebPage\",\"@id\":\"https:\\\/\\\/www.itaucultural.org.br\\\/ocupacao\\\/nelson-rodrigues\\\/pitanga-brava\\\/\",\"url\":\"https:\\\/\\\/www.itaucultural.org.br\\\/ocupacao\\\/nelson-rodrigues\\\/pitanga-brava\\\/\",\"name\":\"Pitanga Brava - Ocupa\u00e7\u00e3o Nelson Rodrigues\",\"isPartOf\":{\"@id\":\"https:\\\/\\\/www.itaucultural.org.br\\\/ocupacao\\\/en\\\/#website\"},\"datePublished\":\"2016-08-20T01:17:14+00:00\",\"dateModified\":\"2021-12-17T12:36:42+00:00\",\"description\":\"Quanto do Recife restou em Nelson Rodrigues? Quanto da alma pernambucana? E o que \u00e9, nele, a marca da viv\u00eancia carioca?\",\"breadcrumb\":{\"@id\":\"https:\\\/\\\/www.itaucultural.org.br\\\/ocupacao\\\/nelson-rodrigues\\\/pitanga-brava\\\/#breadcrumb\"},\"inLanguage\":\"pt-BR\",\"potentialAction\":[{\"@type\":\"ReadAction\",\"target\":[\"https:\\\/\\\/www.itaucultural.org.br\\\/ocupacao\\\/nelson-rodrigues\\\/pitanga-brava\\\/\"]}]},{\"@type\":\"BreadcrumbList\",\"@id\":\"https:\\\/\\\/www.itaucultural.org.br\\\/ocupacao\\\/nelson-rodrigues\\\/pitanga-brava\\\/#breadcrumb\",\"itemListElement\":[{\"@type\":\"ListItem\",\"position\":1,\"name\":\"In\u00edcio\",\"item\":\"https:\\\/\\\/www.itaucultural.org.br\\\/ocupacao\\\/en\\\/\"},{\"@type\":\"ListItem\",\"position\":2,\"name\":\"Nelson Rodrigues\",\"item\":\"https:\\\/\\\/ocupacao.icnetworks.org\\\/ocupacao\\\/nelson-rodrigues\\\/\"},{\"@type\":\"ListItem\",\"position\":3,\"name\":\"Pitanga Brava\"}]},{\"@type\":\"WebSite\",\"@id\":\"https:\\\/\\\/www.itaucultural.org.br\\\/ocupacao\\\/en\\\/#website\",\"url\":\"https:\\\/\\\/www.itaucultural.org.br\\\/ocupacao\\\/en\\\/\",\"name\":\"Ocupa\u00e7\u00e3o\",\"description\":\"S\u00f3 mais um site WordPress\",\"potentialAction\":[{\"@type\":\"SearchAction\",\"target\":{\"@type\":\"EntryPoint\",\"urlTemplate\":\"https:\\\/\\\/www.itaucultural.org.br\\\/ocupacao\\\/en\\\/?s={search_term_string}\"},\"query-input\":{\"@type\":\"PropertyValueSpecification\",\"valueRequired\":true,\"valueName\":\"search_term_string\"}}],\"inLanguage\":\"pt-BR\"}]}<\/script>\n<!-- \/ Yoast SEO plugin. -->","yoast_head_json":{"title":"Pitanga Brava - Ocupa\u00e7\u00e3o Nelson Rodrigues","description":"Quanto do Recife restou em Nelson Rodrigues? Quanto da alma pernambucana? E o que \u00e9, nele, a marca da viv\u00eancia carioca?","robots":{"index":"index","follow":"follow","max-snippet":"max-snippet:-1","max-image-preview":"max-image-preview:large","max-video-preview":"max-video-preview:-1"},"canonical":"https:\/\/www.itaucultural.org.br\/ocupacao\/nelson-rodrigues\/pitanga-brava\/","og_locale":"pt_BR","og_type":"article","og_title":"Pitanga Brava - Ocupa\u00e7\u00e3o Nelson Rodrigues","og_description":"Quanto do Recife restou em Nelson Rodrigues? Quanto da alma pernambucana? E o que \u00e9, nele, a marca da viv\u00eancia carioca?","og_url":"https:\/\/www.itaucultural.org.br\/ocupacao\/nelson-rodrigues\/pitanga-brava\/","og_site_name":"Ocupa\u00e7\u00e3o","article_modified_time":"2021-12-17T12:36:42+00:00","twitter_card":"summary_large_image","schema":{"@context":"https:\/\/schema.org","@graph":[{"@type":"WebPage","@id":"https:\/\/www.itaucultural.org.br\/ocupacao\/nelson-rodrigues\/pitanga-brava\/","url":"https:\/\/www.itaucultural.org.br\/ocupacao\/nelson-rodrigues\/pitanga-brava\/","name":"Pitanga Brava - Ocupa\u00e7\u00e3o Nelson Rodrigues","isPartOf":{"@id":"https:\/\/www.itaucultural.org.br\/ocupacao\/en\/#website"},"datePublished":"2016-08-20T01:17:14+00:00","dateModified":"2021-12-17T12:36:42+00:00","description":"Quanto do Recife restou em Nelson Rodrigues? Quanto da alma pernambucana? E o que \u00e9, nele, a marca da viv\u00eancia carioca?","breadcrumb":{"@id":"https:\/\/www.itaucultural.org.br\/ocupacao\/nelson-rodrigues\/pitanga-brava\/#breadcrumb"},"inLanguage":"pt-BR","potentialAction":[{"@type":"ReadAction","target":["https:\/\/www.itaucultural.org.br\/ocupacao\/nelson-rodrigues\/pitanga-brava\/"]}]},{"@type":"BreadcrumbList","@id":"https:\/\/www.itaucultural.org.br\/ocupacao\/nelson-rodrigues\/pitanga-brava\/#breadcrumb","itemListElement":[{"@type":"ListItem","position":1,"name":"In\u00edcio","item":"https:\/\/www.itaucultural.org.br\/ocupacao\/en\/"},{"@type":"ListItem","position":2,"name":"Nelson Rodrigues","item":"https:\/\/ocupacao.icnetworks.org\/ocupacao\/nelson-rodrigues\/"},{"@type":"ListItem","position":3,"name":"Pitanga Brava"}]},{"@type":"WebSite","@id":"https:\/\/www.itaucultural.org.br\/ocupacao\/en\/#website","url":"https:\/\/www.itaucultural.org.br\/ocupacao\/en\/","name":"Ocupa\u00e7\u00e3o","description":"S\u00f3 mais um site WordPress","potentialAction":[{"@type":"SearchAction","target":{"@type":"EntryPoint","urlTemplate":"https:\/\/www.itaucultural.org.br\/ocupacao\/en\/?s={search_term_string}"},"query-input":{"@type":"PropertyValueSpecification","valueRequired":true,"valueName":"search_term_string"}}],"inLanguage":"pt-BR"}]}},"_links":{"self":[{"href":"https:\/\/ocupacao.icnetworks.org\/ocupacao\/wp-json\/wp\/v2\/pages\/9317","targetHints":{"allow":["GET"]}}],"collection":[{"href":"https:\/\/ocupacao.icnetworks.org\/ocupacao\/wp-json\/wp\/v2\/pages"}],"about":[{"href":"https:\/\/ocupacao.icnetworks.org\/ocupacao\/wp-json\/wp\/v2\/types\/page"}],"author":[{"embeddable":true,"href":"https:\/\/ocupacao.icnetworks.org\/ocupacao\/wp-json\/wp\/v2\/users\/1"}],"replies":[{"embeddable":true,"href":"https:\/\/ocupacao.icnetworks.org\/ocupacao\/wp-json\/wp\/v2\/comments?post=9317"}],"version-history":[{"count":2,"href":"https:\/\/ocupacao.icnetworks.org\/ocupacao\/wp-json\/wp\/v2\/pages\/9317\/revisions"}],"predecessor-version":[{"id":16587,"href":"https:\/\/ocupacao.icnetworks.org\/ocupacao\/wp-json\/wp\/v2\/pages\/9317\/revisions\/16587"}],"up":[{"embeddable":true,"href":"https:\/\/ocupacao.icnetworks.org\/ocupacao\/wp-json\/wp\/v2\/pages\/9285"}],"wp:attachment":[{"href":"https:\/\/ocupacao.icnetworks.org\/ocupacao\/wp-json\/wp\/v2\/media?parent=9317"}],"curies":[{"name":"wp","href":"https:\/\/api.w.org\/{rel}","templated":true}]}}