
{"id":9338,"date":"2016-08-19T22:20:16","date_gmt":"2016-08-20T01:20:16","guid":{"rendered":"http:\/\/qa.ocupacao.itau.nuova2.com\/ocupacao\/nelson-rodrigues\/polemica-como-principio\/"},"modified":"2021-12-16T10:12:23","modified_gmt":"2021-12-16T13:12:23","slug":"polemica-como-principio","status":"publish","type":"page","link":"https:\/\/ocupacao.icnetworks.org\/ocupacao\/nelson-rodrigues\/polemica-como-principio\/","title":{"rendered":"Pol\u00eamica como Princ\u00edpio"},"content":{"rendered":"","protected":false},"excerpt":{"rendered":"","protected":false},"author":1,"featured_media":9341,"parent":9285,"menu_order":9,"comment_status":"closed","ping_status":"closed","template":"","meta":{"footnotes":""},"class_list":["post-9338","page","type-page","status-publish","has-post-thumbnail","hentry","temas-ditadura-militar","areas-literatura","areas-teatro"],"yoast_head":"<!-- This site is optimized with the Yoast SEO plugin v27.4 - https:\/\/yoast.com\/product\/yoast-seo-wordpress\/ -->\n<title>Pol\u00eamica como Princ\u00edpio - Ocupa\u00e7\u00e3o Nelson Rodrigues<\/title>\n<meta name=\"description\" content=\"Contundente, pol\u00eamico, combativo \u2013 as pe\u00e7as de Nelson Rodrigues agradaram \u00e0 esquerda e \u00e0 direita. Esta se\u00e7\u00e3o explora sua posi\u00e7\u00e3o pol\u00edtica.\" \/>\n<meta name=\"robots\" content=\"index, follow, max-snippet:-1, max-image-preview:large, max-video-preview:-1\" \/>\n<link rel=\"canonical\" href=\"https:\/\/www.itaucultural.org.br\/ocupacao\/nelson-rodrigues\/polemica-como-principio\/\" \/>\n<meta property=\"og:locale\" content=\"pt_BR\" \/>\n<meta property=\"og:type\" content=\"article\" \/>\n<meta property=\"og:title\" content=\"Pol\u00eamica como Princ\u00edpio - Ocupa\u00e7\u00e3o Nelson Rodrigues\" \/>\n<meta property=\"og:description\" content=\"Contundente, pol\u00eamico, combativo \u2013 as pe\u00e7as de Nelson Rodrigues agradaram \u00e0 esquerda e \u00e0 direita. Esta se\u00e7\u00e3o explora sua posi\u00e7\u00e3o pol\u00edtica.\" \/>\n<meta property=\"og:url\" content=\"https:\/\/www.itaucultural.org.br\/ocupacao\/nelson-rodrigues\/polemica-como-principio\/\" \/>\n<meta property=\"og:site_name\" content=\"Ocupa\u00e7\u00e3o\" \/>\n<meta property=\"article:modified_time\" content=\"2021-12-16T13:12:23+00:00\" \/>\n<meta property=\"og:image\" content=\"https:\/\/www.itaucultural.org.br\/ocupacao\/wp-content\/uploads\/2012\/10\/nelson_entrevista-e1349289722363.jpg\" \/>\n\t<meta property=\"og:image:width\" content=\"830\" \/>\n\t<meta property=\"og:image:height\" content=\"535\" \/>\n\t<meta property=\"og:image:type\" content=\"image\/jpeg\" \/>\n<meta name=\"twitter:card\" content=\"summary_large_image\" \/>\n<script type=\"application\/ld+json\" class=\"yoast-schema-graph\">{\"@context\":\"https:\\\/\\\/schema.org\",\"@graph\":[{\"@type\":\"WebPage\",\"@id\":\"https:\\\/\\\/www.itaucultural.org.br\\\/ocupacao\\\/nelson-rodrigues\\\/polemica-como-principio\\\/\",\"url\":\"https:\\\/\\\/www.itaucultural.org.br\\\/ocupacao\\\/nelson-rodrigues\\\/polemica-como-principio\\\/\",\"name\":\"Pol\u00eamica como Princ\u00edpio - Ocupa\u00e7\u00e3o Nelson Rodrigues\",\"isPartOf\":{\"@id\":\"https:\\\/\\\/www.itaucultural.org.br\\\/ocupacao\\\/en\\\/#website\"},\"primaryImageOfPage\":{\"@id\":\"https:\\\/\\\/www.itaucultural.org.br\\\/ocupacao\\\/nelson-rodrigues\\\/polemica-como-principio\\\/#primaryimage\"},\"image\":{\"@id\":\"https:\\\/\\\/www.itaucultural.org.br\\\/ocupacao\\\/nelson-rodrigues\\\/polemica-como-principio\\\/#primaryimage\"},\"thumbnailUrl\":\"https:\\\/\\\/ocupacao.icnetworks.org\\\/ocupacao\\\/wp-content\\\/uploads\\\/2012\\\/10\\\/nelson_entrevista-e1349289722363.jpg\",\"datePublished\":\"2016-08-20T01:20:16+00:00\",\"dateModified\":\"2021-12-16T13:12:23+00:00\",\"description\":\"Contundente, pol\u00eamico, combativo \u2013 as pe\u00e7as de Nelson Rodrigues agradaram \u00e0 esquerda e \u00e0 direita. Esta se\u00e7\u00e3o explora sua posi\u00e7\u00e3o pol\u00edtica.\",\"breadcrumb\":{\"@id\":\"https:\\\/\\\/www.itaucultural.org.br\\\/ocupacao\\\/nelson-rodrigues\\\/polemica-como-principio\\\/#breadcrumb\"},\"inLanguage\":\"pt-BR\",\"potentialAction\":[{\"@type\":\"ReadAction\",\"target\":[\"https:\\\/\\\/www.itaucultural.org.br\\\/ocupacao\\\/nelson-rodrigues\\\/polemica-como-principio\\\/\"]}]},{\"@type\":\"ImageObject\",\"inLanguage\":\"pt-BR\",\"@id\":\"https:\\\/\\\/www.itaucultural.org.br\\\/ocupacao\\\/nelson-rodrigues\\\/polemica-como-principio\\\/#primaryimage\",\"url\":\"https:\\\/\\\/ocupacao.icnetworks.org\\\/ocupacao\\\/wp-content\\\/uploads\\\/2012\\\/10\\\/nelson_entrevista-e1349289722363.jpg\",\"contentUrl\":\"https:\\\/\\\/ocupacao.icnetworks.org\\\/ocupacao\\\/wp-content\\\/uploads\\\/2012\\\/10\\\/nelson_entrevista-e1349289722363.jpg\",\"width\":830,\"height\":535,\"caption\":\"Nelson Rodrigues em entrevista no Teatro Popular do Sesi, 1979\"},{\"@type\":\"BreadcrumbList\",\"@id\":\"https:\\\/\\\/www.itaucultural.org.br\\\/ocupacao\\\/nelson-rodrigues\\\/polemica-como-principio\\\/#breadcrumb\",\"itemListElement\":[{\"@type\":\"ListItem\",\"position\":1,\"name\":\"In\u00edcio\",\"item\":\"https:\\\/\\\/www.itaucultural.org.br\\\/ocupacao\\\/en\\\/\"},{\"@type\":\"ListItem\",\"position\":2,\"name\":\"Nelson Rodrigues\",\"item\":\"https:\\\/\\\/ocupacao.icnetworks.org\\\/ocupacao\\\/nelson-rodrigues\\\/\"},{\"@type\":\"ListItem\",\"position\":3,\"name\":\"Pol\u00eamica como Princ\u00edpio\"}]},{\"@type\":\"WebSite\",\"@id\":\"https:\\\/\\\/www.itaucultural.org.br\\\/ocupacao\\\/en\\\/#website\",\"url\":\"https:\\\/\\\/www.itaucultural.org.br\\\/ocupacao\\\/en\\\/\",\"name\":\"Ocupa\u00e7\u00e3o\",\"description\":\"S\u00f3 mais um site WordPress\",\"potentialAction\":[{\"@type\":\"SearchAction\",\"target\":{\"@type\":\"EntryPoint\",\"urlTemplate\":\"https:\\\/\\\/www.itaucultural.org.br\\\/ocupacao\\\/en\\\/?s={search_term_string}\"},\"query-input\":{\"@type\":\"PropertyValueSpecification\",\"valueRequired\":true,\"valueName\":\"search_term_string\"}}],\"inLanguage\":\"pt-BR\"}]}<\/script>\n<!-- \/ Yoast SEO plugin. -->","yoast_head_json":{"title":"Pol\u00eamica como Princ\u00edpio - Ocupa\u00e7\u00e3o Nelson Rodrigues","description":"Contundente, pol\u00eamico, combativo \u2013 as pe\u00e7as de Nelson Rodrigues agradaram \u00e0 esquerda e \u00e0 direita. Esta se\u00e7\u00e3o explora sua posi\u00e7\u00e3o pol\u00edtica.","robots":{"index":"index","follow":"follow","max-snippet":"max-snippet:-1","max-image-preview":"max-image-preview:large","max-video-preview":"max-video-preview:-1"},"canonical":"https:\/\/www.itaucultural.org.br\/ocupacao\/nelson-rodrigues\/polemica-como-principio\/","og_locale":"pt_BR","og_type":"article","og_title":"Pol\u00eamica como Princ\u00edpio - Ocupa\u00e7\u00e3o Nelson Rodrigues","og_description":"Contundente, pol\u00eamico, combativo \u2013 as pe\u00e7as de Nelson Rodrigues agradaram \u00e0 esquerda e \u00e0 direita. Esta se\u00e7\u00e3o explora sua posi\u00e7\u00e3o pol\u00edtica.","og_url":"https:\/\/www.itaucultural.org.br\/ocupacao\/nelson-rodrigues\/polemica-como-principio\/","og_site_name":"Ocupa\u00e7\u00e3o","article_modified_time":"2021-12-16T13:12:23+00:00","og_image":[{"width":830,"height":535,"url":"https:\/\/www.itaucultural.org.br\/ocupacao\/wp-content\/uploads\/2012\/10\/nelson_entrevista-e1349289722363.jpg","type":"image\/jpeg"}],"twitter_card":"summary_large_image","schema":{"@context":"https:\/\/schema.org","@graph":[{"@type":"WebPage","@id":"https:\/\/www.itaucultural.org.br\/ocupacao\/nelson-rodrigues\/polemica-como-principio\/","url":"https:\/\/www.itaucultural.org.br\/ocupacao\/nelson-rodrigues\/polemica-como-principio\/","name":"Pol\u00eamica como Princ\u00edpio - Ocupa\u00e7\u00e3o Nelson Rodrigues","isPartOf":{"@id":"https:\/\/www.itaucultural.org.br\/ocupacao\/en\/#website"},"primaryImageOfPage":{"@id":"https:\/\/www.itaucultural.org.br\/ocupacao\/nelson-rodrigues\/polemica-como-principio\/#primaryimage"},"image":{"@id":"https:\/\/www.itaucultural.org.br\/ocupacao\/nelson-rodrigues\/polemica-como-principio\/#primaryimage"},"thumbnailUrl":"https:\/\/ocupacao.icnetworks.org\/ocupacao\/wp-content\/uploads\/2012\/10\/nelson_entrevista-e1349289722363.jpg","datePublished":"2016-08-20T01:20:16+00:00","dateModified":"2021-12-16T13:12:23+00:00","description":"Contundente, pol\u00eamico, combativo \u2013 as pe\u00e7as de Nelson Rodrigues agradaram \u00e0 esquerda e \u00e0 direita. Esta se\u00e7\u00e3o explora sua posi\u00e7\u00e3o pol\u00edtica.","breadcrumb":{"@id":"https:\/\/www.itaucultural.org.br\/ocupacao\/nelson-rodrigues\/polemica-como-principio\/#breadcrumb"},"inLanguage":"pt-BR","potentialAction":[{"@type":"ReadAction","target":["https:\/\/www.itaucultural.org.br\/ocupacao\/nelson-rodrigues\/polemica-como-principio\/"]}]},{"@type":"ImageObject","inLanguage":"pt-BR","@id":"https:\/\/www.itaucultural.org.br\/ocupacao\/nelson-rodrigues\/polemica-como-principio\/#primaryimage","url":"https:\/\/ocupacao.icnetworks.org\/ocupacao\/wp-content\/uploads\/2012\/10\/nelson_entrevista-e1349289722363.jpg","contentUrl":"https:\/\/ocupacao.icnetworks.org\/ocupacao\/wp-content\/uploads\/2012\/10\/nelson_entrevista-e1349289722363.jpg","width":830,"height":535,"caption":"Nelson Rodrigues em entrevista no Teatro Popular do Sesi, 1979"},{"@type":"BreadcrumbList","@id":"https:\/\/www.itaucultural.org.br\/ocupacao\/nelson-rodrigues\/polemica-como-principio\/#breadcrumb","itemListElement":[{"@type":"ListItem","position":1,"name":"In\u00edcio","item":"https:\/\/www.itaucultural.org.br\/ocupacao\/en\/"},{"@type":"ListItem","position":2,"name":"Nelson Rodrigues","item":"https:\/\/ocupacao.icnetworks.org\/ocupacao\/nelson-rodrigues\/"},{"@type":"ListItem","position":3,"name":"Pol\u00eamica como Princ\u00edpio"}]},{"@type":"WebSite","@id":"https:\/\/www.itaucultural.org.br\/ocupacao\/en\/#website","url":"https:\/\/www.itaucultural.org.br\/ocupacao\/en\/","name":"Ocupa\u00e7\u00e3o","description":"S\u00f3 mais um site WordPress","potentialAction":[{"@type":"SearchAction","target":{"@type":"EntryPoint","urlTemplate":"https:\/\/www.itaucultural.org.br\/ocupacao\/en\/?s={search_term_string}"},"query-input":{"@type":"PropertyValueSpecification","valueRequired":true,"valueName":"search_term_string"}}],"inLanguage":"pt-BR"}]}},"_links":{"self":[{"href":"https:\/\/ocupacao.icnetworks.org\/ocupacao\/wp-json\/wp\/v2\/pages\/9338","targetHints":{"allow":["GET"]}}],"collection":[{"href":"https:\/\/ocupacao.icnetworks.org\/ocupacao\/wp-json\/wp\/v2\/pages"}],"about":[{"href":"https:\/\/ocupacao.icnetworks.org\/ocupacao\/wp-json\/wp\/v2\/types\/page"}],"author":[{"embeddable":true,"href":"https:\/\/ocupacao.icnetworks.org\/ocupacao\/wp-json\/wp\/v2\/users\/1"}],"replies":[{"embeddable":true,"href":"https:\/\/ocupacao.icnetworks.org\/ocupacao\/wp-json\/wp\/v2\/comments?post=9338"}],"version-history":[{"count":2,"href":"https:\/\/ocupacao.icnetworks.org\/ocupacao\/wp-json\/wp\/v2\/pages\/9338\/revisions"}],"predecessor-version":[{"id":18670,"href":"https:\/\/ocupacao.icnetworks.org\/ocupacao\/wp-json\/wp\/v2\/pages\/9338\/revisions\/18670"}],"up":[{"embeddable":true,"href":"https:\/\/ocupacao.icnetworks.org\/ocupacao\/wp-json\/wp\/v2\/pages\/9285"}],"wp:featuredmedia":[{"embeddable":true,"href":"https:\/\/ocupacao.icnetworks.org\/ocupacao\/wp-json\/wp\/v2\/media\/9341"}],"wp:attachment":[{"href":"https:\/\/ocupacao.icnetworks.org\/ocupacao\/wp-json\/wp\/v2\/media?parent=9338"}],"curies":[{"name":"wp","href":"https:\/\/api.w.org\/{rel}","templated":true}]}}